{"id":6541,"date":"2022-07-29T13:33:15","date_gmt":"2022-07-29T11:33:15","guid":{"rendered":"https:\/\/www.griffbereit-rucksack.de\/?page_id=6541"},"modified":"2025-03-07T15:33:44","modified_gmt":"2025-03-07T14:33:44","slug":"passwort-vergessen","status":"publish","type":"page","link":"https:\/\/www.griffbereit-rucksack.de\/tr\/passwort-vergessen\/","title":{"rendered":"\u015eifremi unuttum"},"content":{"rendered":"<div id=\"lost-password-form\" class=\"widecolumn\">\n    <p>\n        E-posta adresinizi veya kullan\u0131c\u0131 ad\u0131n\u0131z\u0131 girin ve size yeni bir \u015fifre se\u00e7mek i\u00e7in kullanabilece\u011finiz bir ba\u011flant\u0131 g\u00f6nderelim.    <\/p>\n\n    \n    <form id=\"lostpasswordform\" action=\"https:\/\/www.griffbereit-rucksack.de\/wp-login.php?action=lostpassword\" method=\"post\">\n        <p class=\"form-row bs_lpf-field\">\n            <label for=\"user_login\">E-posta veya Kullan\u0131c\u0131 Ad\u0131<\/label>\n            <input type=\"text\" name=\"user_login\" id=\"user_login\" value=\"\">\n        <\/p>\n\n        <p class=\"lostpassword-submit\">\n            <input type=\"submit\" name=\"submit\" class=\"lostpassword-button\"\n                   value=\"\u015eifre S\u0131f\u0131rlama\"\/>\n        <\/p>\n    <\/form>\n<\/div>","protected":false},"excerpt":{"rendered":"<div class=\"entry-summary\">\n<div class=\"link-more\"><a href=\"https:\/\/www.griffbereit-rucksack.de\/tr\/passwort-vergessen\/\" class=\"more-link\">Okumaya devam edin<span class=\"screen-reader-text\"> \"\u015eifremi unuttum\"<\/span>...<\/a><\/div>\n<\/div>\n<div class=\"link-more\"><a href=\"https:\/\/www.griffbereit-rucksack.de\/tr\/passwort-vergessen\/\" class=\"more-link\">Okumaya devam edin<span class=\"screen-reader-text\"> \"\u015eifremi unuttum\"<\/span>...<\/a><\/div>","protected":false},"author":5,"featured_media":0,"parent":0,"menu_order":0,"comment_status":"closed","ping_status":"closed","template":"","meta":{"_acf_changed":false,"footnotes":""},"class_list":["post-6541","page","type-page","status-publish","hentry","entry"],"acf":[],"_links":{"self":[{"href":"https:\/\/www.griffbereit-rucksack.de\/tr\/wp-json\/wp\/v2\/pages\/6541","targetHints":{"allow":["GET"]}}],"collection":[{"href":"https:\/\/www.griffbereit-rucksack.de\/tr\/wp-json\/wp\/v2\/pages"}],"about":[{"href":"https:\/\/www.griffbereit-rucksack.de\/tr\/wp-json\/wp\/v2\/types\/page"}],"author":[{"embeddable":true,"href":"https:\/\/www.griffbereit-rucksack.de\/tr\/wp-json\/wp\/v2\/users\/5"}],"replies":[{"embeddable":true,"href":"https:\/\/www.griffbereit-rucksack.de\/tr\/wp-json\/wp\/v2\/comments?post=6541"}],"version-history":[{"count":0,"href":"https:\/\/www.griffbereit-rucksack.de\/tr\/wp-json\/wp\/v2\/pages\/6541\/revisions"}],"wp:attachment":[{"href":"https:\/\/www.griffbereit-rucksack.de\/tr\/wp-json\/wp\/v2\/media?parent=6541"}],"curies":[{"name":"wp","href":"https:\/\/api.w.org\/{rel}","templated":true}]}}