{"id":652,"date":"2019-09-12T16:22:39","date_gmt":"2019-09-12T14:22:39","guid":{"rendered":"https:\/\/www.griffbereit-rucksack.de\/?page_id=652"},"modified":"2020-08-19T15:16:18","modified_gmt":"2020-08-19T13:16:18","slug":"standorte-rucksack-kita","status":"publish","type":"page","link":"https:\/\/www.griffbereit-rucksack.de\/tr\/rucksack-kita\/standorte-rucksack-kita\/","title":{"rendered":"Konumlar Rucksack KiTa"},"content":{"rendered":"<h2>\n\t\tKonumlar\n\t<\/h2>\n\t<p>\u00dclke \u00e7ap\u0131nda Rucksack KiTa'yi bulun.<\/p>\n<p>A\u015fa\u011f\u0131daki konumlarda \u015funlar\u0131 bulabilirsiniz <em>Rucksack KiTa<\/em> Zaten. <strong>Daha fazla kat\u0131l\u0131ma a\u00e7\u0131\u011f\u0131z.<\/strong><\/p>\n<ul>\n<li>Baden-W\u00fcrttemberg<\/li>\n<li>Bavyera<\/li>\n<li>Berlin<\/li>\n<li>Brandenburg<\/li>\n<li>Mecklenburg-Bat\u0131 Pomeranya<\/li>\n<li>A\u015fa\u011f\u0131 Saksonya<\/li>\n<li>Kuzey Ren-Vestfalya<\/li>\n<li>Yukar\u0131 Avusturya<\/li>\n<li>Rhineland-Palatinate<\/li>\n<li>Saksonya<\/li>\n<\/ul>","protected":false},"excerpt":{"rendered":"<div class=\"entry-summary\">\n<div class=\"entry-summary\">\nRucksack KiTa a\u015fa\u011f\u0131daki federal eyaletlerde temsil edilmektedir.\n<\/div>\n<div class=\"link-more\"><a href=\"https:\/\/www.griffbereit-rucksack.de\/tr\/rucksack-kita\/standorte-rucksack-kita\/\" class=\"more-link\">Okumaya devam edin<span class=\"screen-reader-text\"> \"Konumlar Rucksack KiTa\"<\/span>...<\/a><\/div>\n<\/div>\n<div class=\"link-more\"><a href=\"https:\/\/www.griffbereit-rucksack.de\/tr\/rucksack-kita\/standorte-rucksack-kita\/\" class=\"more-link\">Okumaya devam edin<span class=\"screen-reader-text\"> \"Konumlar Rucksack KiTa\"<\/span>...<\/a><\/div>","protected":false},"author":1,"featured_media":0,"parent":623,"menu_order":0,"comment_status":"closed","ping_status":"closed","template":"","meta":{"_acf_changed":false,"footnotes":""},"class_list":["post-652","page","type-page","status-publish","hentry","entry"],"acf":[],"_links":{"self":[{"href":"https:\/\/www.griffbereit-rucksack.de\/tr\/wp-json\/wp\/v2\/pages\/652","targetHints":{"allow":["GET"]}}],"collection":[{"href":"https:\/\/www.griffbereit-rucksack.de\/tr\/wp-json\/wp\/v2\/pages"}],"about":[{"href":"https:\/\/www.griffbereit-rucksack.de\/tr\/wp-json\/wp\/v2\/types\/page"}],"author":[{"embeddable":true,"href":"https:\/\/www.griffbereit-rucksack.de\/tr\/wp-json\/wp\/v2\/users\/1"}],"replies":[{"embeddable":true,"href":"https:\/\/www.griffbereit-rucksack.de\/tr\/wp-json\/wp\/v2\/comments?post=652"}],"version-history":[{"count":0,"href":"https:\/\/www.griffbereit-rucksack.de\/tr\/wp-json\/wp\/v2\/pages\/652\/revisions"}],"up":[{"embeddable":true,"href":"https:\/\/www.griffbereit-rucksack.de\/tr\/wp-json\/wp\/v2\/pages\/623"}],"wp:attachment":[{"href":"https:\/\/www.griffbereit-rucksack.de\/tr\/wp-json\/wp\/v2\/media?parent=652"}],"curies":[{"name":"wp","href":"https:\/\/api.w.org\/{rel}","templated":true}]}}