{"id":648,"date":"2019-09-12T16:20:07","date_gmt":"2019-09-12T14:20:07","guid":{"rendered":"https:\/\/www.griffbereit-rucksack.de\/?page_id=648"},"modified":"2023-08-08T11:20:00","modified_gmt":"2023-08-08T09:20:00","slug":"wirkung-rucksack-kita","status":"publish","type":"page","link":"https:\/\/www.griffbereit-rucksack.de\/tr\/rucksack-kita\/wirkung-rucksack-kita\/","title":{"rendered":"Etki Rucksack KiTa"},"content":{"rendered":"<h4><strong>Kat\u0131lan ebeveynler\/aileler<\/strong><\/h4>\r\n<p><strong>Rucksack KiTa'den ne elde edebilirim?<\/strong><\/p>\r\n<ul>\r\n<li>Haftal\u0131k <em>Rucksack KiTa-<\/em>Ebeveyn grubu<\/li>\r\n<li>Benzer d\u00fc\u015f\u00fcnen insanlarla ileti\u015fim\/al\u0131\u015fveri\u015f<\/li>\r\n<li>\u00c7ok dilli <em>Rucksack KiTa<\/em>-Malzeme<\/li>\r\n<li>Varsa, ebeveyn refakat\u00e7isi olarak yeterlilik<\/li>\r\n<\/ul>\r\n<p><strong>Rucksack KiTa'yi ne g\u00fc\u00e7lendirir\/y\u00fckseltir?<\/strong><\/p>\r\n<ul>\r\n<li>E\u011fitim, yeti\u015ftirme, sa\u011fl\u0131k vb. konulara ili\u015fkin bilgi ve yeterlilikler<\/li>\r\n<li>Kendi g\u00fc\u00e7l\u00fc y\u00f6nlerine odaklanma yoluyla \u00f6zg\u00fcven<\/li>\r\n<li>Diyalo\u011fa girme iste\u011fi ve KiTa'da hareket etme yetkinli\u011fi<\/li>\r\n<li>Ebeveyn-\u00e7ocuk etkile\u015fimi ve ortak dan\u0131\u015fma s\u00fcresi<\/li>\r\n<li>Kendi \u00e7ocuklar\u0131n\u0131 te\u015fvik etme motivasyonu (\u00f6rn. dil)<\/li>\r\n<li>Sosyal ve g\u00fcnd\u00fcz bak\u0131m hayat\u0131na kat\u0131l\u0131m<\/li>\r\n<li>Kendi dil becerilerini ve yeterliliklerini derinle\u015ftirmek ve payla\u015fmak i\u00e7in motivasyon, \u00f6rne\u011fin bir ebeveyn refakat\u00e7isi olarak<\/li>\r\n<\/ul>\r\n<p><strong>Bu durum birlikteli\u011fimizi nas\u0131l de\u011fi\u015ftirir?<\/strong><\/p>\r\n<ul>\r\n<li>Ebeveynler\/aileler sosyal hayata ve e\u011fitim yerlerine entegre edilir ve aktif olarak kat\u0131l\u0131rlar<\/li>\r\n<li>Ger\u00e7ek toplumsal kat\u0131l\u0131m i\u00e7in ailelerin potansiyelinin tan\u0131nmas\u0131<\/li>\r\n<li>K\u00fclt\u00fcrel \u00e7e\u015fitlili\u011fin potansiyeli ve f\u0131rsatlar\u0131 g\u00f6r\u00fcn\u00fcr hale geliyor - ger\u00e7ek de\u011fi\u015fim i\u00e7in<\/li>\r\n<li>Kat\u0131l\u0131m\u0131n g\u00fc\u00e7lendirilmesi<\/li>\r\n<li>Ebeveynler\/aileler ve kurum aras\u0131nda ger\u00e7ek yeti\u015ftirme ve e\u011fitim ortakl\u0131klar\u0131<\/li>\r\n<\/ul>\r\n<p>&nbsp;<\/p>\r\n\t<h4><strong>Kat\u0131lan \u00e7ocuklar<br \/>\r\n<\/strong><\/h4>\r\n<p><strong>Rucksack KiTa'den ne elde edebilirim?<\/strong><\/p>\r\n<ul>\r\n<li>Haftal\u0131k <em>Rucksack KiTa<\/em>-Grup<\/li>\r\n<li>Ya\u015fa uygun materyaller (\u00e7ok dilli), \u00f6rne\u011fin sesli kitaplar, \u00e7ocuk kitaplar\u0131<\/li>\r\n<li>E\u011fitim personeli ve ebeveynler\/aileler taraf\u0131ndan g\u00fcnd\u00fcz bak\u0131m merkezinde ve evde paralel destek<\/li>\r\n<\/ul>\r\n<p><strong>Rucksack KiTa'yi ne g\u00fc\u00e7lendirir\/y\u00fckseltir?<\/strong><\/p>\r\n<ul>\r\n<li>Aile dil(ler)inde ve Almanca'da g\u00fc\u00e7lendirilmi\u015f dil becerileri<\/li>\r\n<li>Genel dil yetkinli\u011fi, \u00f6rne\u011fin daha geni\u015f kelime da\u011farc\u0131\u011f\u0131<\/li>\r\n<li>Olumlu genel geli\u015fim (\u00f6rn. duygusal, motor vb.)<\/li>\r\n<li>Daha tan\u0131d\u0131k ve yo\u011fun ebeveyn-\u00e7ocuk etkile\u015fimi<\/li>\r\n<li>Materyalden\/yap\u0131mdan keyif alma<\/li>\r\n<li>Daha sonra okula daha kolay ge\u00e7i\u015f ve daha iyi okul sonu\u00e7lar\u0131<\/li>\r\n<li>Potansiyel olarak \u00e7ok dillilik konusunda fark\u0131ndal\u0131k<\/li>\r\n<li>E\u011fitime ba\u015far\u0131l\u0131 kat\u0131l\u0131m i\u00e7in f\u0131rsat<\/li>\r\n<\/ul>\r\n<p><strong>Bu durum birlikteli\u011fimizi nas\u0131l de\u011fi\u015ftirir?<\/strong><\/p>\r\n<ul>\r\n<li>E\u011fitimde t\u00fcm \u00e7ocuklar i\u00e7in daha fazla f\u0131rsat e\u015fitli\u011fi<\/li>\r\n<li>\u00c7ok dillili\u011fin \u00e7ocuklar i\u00e7in bir kaynak ve potansiyel olarak toplumsal kabul\u00fc<\/li>\r\n<\/ul>\r\n<p>&nbsp;<\/p>\r\n\t<h4><strong>\u00d6nde gelen ebeveyn rehberleri<\/strong><\/h4>\r\n<p><strong>Rucksack KiTa'den ne elde edebilirim?<\/strong><\/p>\r\n<ul>\r\n<li><em>Rucksack KiTa<\/em>-E\u011fitim, e\u015flik etme ve yans\u0131tma<\/li>\r\n<li>\u00c7ok dilli program materyalleri<\/li>\r\n<li>Eylem \u00f6nerileri ve uygulamaya y\u00f6nelik fikirler\/\u00f6neriler i\u00e7eren bir konseptin sa\u011flanmas\u0131<\/li>\r\n<li>Ba\u011f\u0131ms\u0131z planlama \u00f6zg\u00fcrl\u00fc\u011f\u00fc<\/li>\r\n<li>\u00c7er\u00e7eve ko\u015fullar\u0131 dahilinde y\u00fcksek esneklik<\/li>\r\n<\/ul>\r\n<strong>Rucksack KiTa'yi g\u00fc\u00e7lendiren\/y\u00fckselten \u015fey<br \/>\r\n<\/strong>\r\n<ul>\r\n<li>Yeti\u015fkin e\u011fitimi ve \u00e7ocuk geli\u015fiminin yan\u0131 s\u0131ra \u00e7ok dillilik ve \u00e7e\u015fitlilik alanlar\u0131nda bilgi<\/li>\r\n<li>Aile ve kurum aras\u0131nda bir arabulucu olarak sorumluluk ve ba\u011f\u0131ms\u0131zl\u0131k<\/li>\r\n<li>\u00d6zg\u00fcven, pratik<\/li>\r\n<li>Ba\u011f\u0131ms\u0131z planlama \u00f6zg\u00fcrl\u00fc\u011f\u00fc<\/li>\r\n<li>\u00c7er\u00e7eve ko\u015fullar\u0131 dahilinde y\u00fcksek esneklik<\/li>\r\n<\/ul>\r\n<p><strong>Bu durum birlikteli\u011fimizi nas\u0131l de\u011fi\u015ftirir?<\/strong><\/p>\r\n<ul>\r\n<li>Pedagojik \u00e7al\u0131\u015fma alan\u0131na ilk ad\u0131mlar<\/li>\r\n<li>KiTas daha da geli\u015fiyor - daha \u00e7e\u015fitlilik odakl\u0131 ya\u015fama, hareket etme ve \u00e7al\u0131\u015fma (\u00e7e\u015fitlilik odakl\u0131) y\u00f6n\u00fcnde.<\/li>\r\n<li>Ba\u011f\u0131ms\u0131zl\u0131k<\/li>\r\n<li>Ki\u015finin kendi faaliyet alan\u0131n\u0131 geni\u015fletme veya proaktif ileri e\u011fitim i\u00e7in motivasyon<\/li>\r\n<\/ul>\r\n\t<h4><strong>Pedagojik personel<br \/>\r\n<\/strong><\/h4>\r\n<p><strong>Rucksack KiTa'den ne elde edebilirim?<\/strong><\/p>\r\n<ul>\r\n<li><em>Griffbereit<\/em>-E\u011fitim, e\u015flik etme ve yans\u0131tma<\/li>\r\n<li><em>Rucksack KiTa<\/em>-E\u011fitim, rehberlik ve g\u00f6zetimAlmanca paralel destek deste\u011fi \u2192 Pedagojik personel i\u00e7in program materyali<a href=\"#_ftn1\" name=\"_ftnref1\">[1]<\/a><\/li>\r\n<\/ul>\r\n<p><strong>Rucksack KiTa'yi ne g\u00fc\u00e7lendirir\/y\u00fckseltir?<\/strong><\/p>\r\n<ul>\r\n<li>Rehber ilke \"E\u011fitim ortakl\u0131\u011f\u0131\"<\/li>\r\n<li>\u00c7e\u015fitlilik bilinciyle hareket etme ve \u00e7ok dillilik konusunda bilgi ve daha y\u00fcksek duyarl\u0131l\u0131k<\/li>\r\n<li>KiTa'n\u0131n g\u00fcnl\u00fck ya\u015fam\u0131n\u0131 buna g\u00f6re \u015fekillendirme \u00f6zg\u00fcrl\u00fc\u011f\u00fc<\/li>\r\n<li>Dil e\u011fitimi ve tan\u0131t\u0131m\u0131n\u0131 hedefli bir \u015fekilde kullanma motivasyonu<\/li>\r\n<li>G\u00fcnl\u00fck \u00e7al\u0131\u015fma hayat\u0131nda daha az stres, daha fazla \u00f6zg\u00fcven<\/li>\r\n<\/ul>\r\n<p><strong>Bu durum birlikteli\u011fimizi nas\u0131l de\u011fi\u015ftirir?<\/strong><\/p>\r\n<ul>\r\n<li>Yeni e\u011fitim kavramlar\u0131 ortaya \u00e7\u0131k\u0131yor: \u00e7e\u015fitlilik odakl\u0131 ve \u00e7ok dillili\u011fi te\u015fvik eden<\/li>\r\n<li>E\u011fitim g\u00f6\u00e7e duyarl\u0131, \u00e7e\u015fitlilik bilincine sahip ve \u00e7ok dillili\u011fi te\u015fvik eder<\/li>\r\n<li>Bu e\u011fitim toplumun yol g\u00f6sterici ilkesi haline gelir ve her d\u00fczeyde a\u00e7\u0131k, \u00e7e\u015fitlilik i\u00e7eren bir topluma yol a\u00e7ar.<\/li>\r\n<\/ul>\r\n<p>&nbsp;<\/p>\r\n<p><a href=\"#_ftnref1\" name=\"_ftn1\">[1]<\/a> Kuzey Ren-Vestfalya'daki g\u00fcnd\u00fcz bak\u0131m merkezlerinde ve ilk\u00f6\u011fretim sekt\u00f6r\u00fcndeki okullarda 0 ila 10 ya\u015f aras\u0131 \u00e7ocuklar i\u00e7in 2016 y\u0131l\u0131nda yay\u0131nlanan e\u011fitim ilkeleri ile mutab\u0131k kal\u0131nm\u0131\u015ft\u0131r: <a href=\"https:\/\/www.mfkjks.nrw\/sites\/default\/files\/asset\/document\/bildungsgrundsaetze_januar_2016.pdf\">https:\/\/www.mfkjks.nrw\/sites\/default\/files\/asset\/document\/bildungsgrundsaetze_januar_2016.pdf<\/a> (04.05.2016 tarihi itibariyle).<\/p>\r\n<p>&nbsp;<\/p>\r\n\t<h4><strong>Kat\u0131lan e\u011fitim kurumu<br \/>\r\n<\/strong><\/h4>\r\n<p><strong>Rucksack KiTa'den ne elde edebilirim?<\/strong><\/p>\r\n<ul>\r\n<li>Haftal\u0131k <em>Rucksack KiTa<\/em>-Grup<\/li>\r\n<li>Nitelikli ebeveyn rehberleri<\/li>\r\n<li>E\u011fitim, e\u015flik ve yans\u0131tma<\/li>\r\n<li>Tesisin, \u00f6rne\u011fin \u00e7e\u015fitlili\u011fe duyarl\u0131 oyun malzemeleri, kitaplar, resimler ve \u00e7ocuklar\u0131n kullanabilece\u011fi t\u00fcm dillerde dil ve \u00f6\u011frenmeyi te\u015fvik edici bir ortam i\u00e7in fikir ve \u00f6nerilerle donat\u0131lmas\u0131.<\/li>\r\n<\/ul>\r\n<p><strong>Rucksack KiTa'yi ne g\u00fc\u00e7lendirir\/y\u00fckseltir?<\/strong><\/p>\r\n<ul>\r\n<li>Farkl\u0131l\u0131klara duyarl\u0131 eylem yakla\u015f\u0131mlar\u0131 ve bunlar\u0131n yerle\u015fik uygulamalar\u0131 hakk\u0131nda uygulamaya y\u00f6nelik bilgi<\/li>\r\n<li>KiTa'n\u0131n g\u00fcnl\u00fck ya\u015fam\u0131 i\u00e7in uluslararas\u0131 ge\u00e7mi\u015fe sahip ailelerden gelen girdilere a\u00e7\u0131kl\u0131k<\/li>\r\n<li>Uluslararas\u0131 aile ge\u00e7mi\u015fine sahip ebeveynlerle etkile\u015fim<\/li>\r\n<li>Ebeveynlerin kabul\u00fc = \"ebeveynlik uzmanlar\u0131\"<\/li>\r\n<li>Yasal gerekliliklerin yerine getirilmesi (\u00f6rne\u011fin NRW KiBiz i\u00e7in bkz.)<\/li>\r\n<li>\u00c7ok dillili\u011fin potansiyel olarak ele al\u0131nmas\u0131<\/li>\r\n<li>\u0130leri e\u011fitim i\u00e7in daha iyi haz\u0131rl\u0131k, \u00e7ocuklar i\u00e7in daha iyi e\u011fitim f\u0131rsatlar\u0131<\/li>\r\n<\/ul>\r\n<p><strong>Bu durum birlikteli\u011fimizi nas\u0131l de\u011fi\u015ftirir?<\/strong><\/p>\r\n<ul>\r\n<li>\r\n<ul>\r\n<li>E\u011fitim zinciri boyunca ebeveynler\/aileler ile e\u011fitim ortakl\u0131\u011f\u0131n\u0131n g\u00fc\u00e7lendirilmesi<\/li>\r\n<li>E\u011fitim kurumlar\u0131, erken \u00e7ocukluk sekt\u00f6r\u00fcnde g\u00f6\u00e7e duyarl\u0131 ve \u00e7e\u015fitlilik odakl\u0131 bir \u015fekilde a\u00e7\u0131lmaktad\u0131r<a href=\"#_ftn1\" name=\"_ftnref1\">[1]<\/a><\/li>\r\n<\/ul>\r\n<\/li>\r\n<\/ul>\r\n<p>&nbsp;<\/p>\r\n<p><a href=\"#_ftnref1\" name=\"_ftn1\">[1]<\/a> <a href=\"http:\/\/publi.lvr.de\/publi\/PDF\/750-Gemeinsam-Verschieden.pdf\">http:\/\/publi.lvr.de\/publi\/PDF\/750-Gemeinsam-Verschieden.pdf<\/a>, s. 9 (04.05.2016 tarihi itibariyle).<\/p>","protected":false},"excerpt":{"rendered":"<div class=\"entry-summary\">\n<div class=\"entry-summary\">\nBurada a\u015fa\u011f\u0131daki hedef gruplar \u00fczerindeki etkiyi bulacaks\u0131n\u0131z: Ebeveynler\/aileler, ebeveyn rehberleri, e\u011fitim uzmanlar\u0131, \u00e7ocuklar ve e\u011fitim kurumlar\u0131.\n<\/div>\n<div class=\"link-more\"><a href=\"https:\/\/www.griffbereit-rucksack.de\/tr\/rucksack-kita\/wirkung-rucksack-kita\/\" class=\"more-link\">Okumaya devam edin<span class=\"screen-reader-text\"> \"Effect Rucksack KiTa\"<\/span>...<\/a><\/div>\n<\/div>\n<div class=\"link-more\"><a href=\"https:\/\/www.griffbereit-rucksack.de\/tr\/rucksack-kita\/wirkung-rucksack-kita\/\" class=\"more-link\">Okumaya devam edin<span class=\"screen-reader-text\"> \"Effect Rucksack KiTa\"<\/span>...<\/a><\/div>","protected":false},"author":1,"featured_media":0,"parent":623,"menu_order":0,"comment_status":"closed","ping_status":"closed","template":"","meta":{"_acf_changed":false,"footnotes":""},"class_list":["post-648","page","type-page","status-publish","hentry","entry"],"acf":[],"_links":{"self":[{"href":"https:\/\/www.griffbereit-rucksack.de\/tr\/wp-json\/wp\/v2\/pages\/648","targetHints":{"allow":["GET"]}}],"collection":[{"href":"https:\/\/www.griffbereit-rucksack.de\/tr\/wp-json\/wp\/v2\/pages"}],"about":[{"href":"https:\/\/www.griffbereit-rucksack.de\/tr\/wp-json\/wp\/v2\/types\/page"}],"author":[{"embeddable":true,"href":"https:\/\/www.griffbereit-rucksack.de\/tr\/wp-json\/wp\/v2\/users\/1"}],"replies":[{"embeddable":true,"href":"https:\/\/www.griffbereit-rucksack.de\/tr\/wp-json\/wp\/v2\/comments?post=648"}],"version-history":[{"count":0,"href":"https:\/\/www.griffbereit-rucksack.de\/tr\/wp-json\/wp\/v2\/pages\/648\/revisions"}],"up":[{"embeddable":true,"href":"https:\/\/www.griffbereit-rucksack.de\/tr\/wp-json\/wp\/v2\/pages\/623"}],"wp:attachment":[{"href":"https:\/\/www.griffbereit-rucksack.de\/tr\/wp-json\/wp\/v2\/media?parent=648"}],"curies":[{"name":"wp","href":"https:\/\/api.w.org\/{rel}","templated":true}]}}