{"id":637,"date":"2019-09-12T15:06:35","date_gmt":"2019-09-12T13:06:35","guid":{"rendered":"https:\/\/www.griffbereit-rucksack.de\/?page_id=637"},"modified":"2021-04-27T12:28:57","modified_gmt":"2021-04-27T10:28:57","slug":"bildungsansaetze-rucksack-kita","status":"publish","type":"page","link":"https:\/\/www.griffbereit-rucksack.de\/tr\/rucksack-kita\/bildungsansaetze-rucksack-kita\/","title":{"rendered":"E\u011fitim yakla\u015f\u0131mlar\u0131 Rucksack KiTa"},"content":{"rendered":"<h2>\n\t\t\"E\u011fitim \u00e7ocuklar\u0131m\u0131za verebilece\u011fimiz en b\u00fcy\u00fck hediyedir.\" (Cat Stevens)\n\t<\/h2>\n\t<p>Hedefi <em>Rucksack KiTa <\/em>\u00e7ocuk dil e\u011fitimidir - genel ve \u00e7ok dilli, her zaman sistematik ve g\u00fcnl\u00fck hayata entegre. \u00c7\u00fcnk\u00fc bu, \u00e7ocuklar\u0131n dilsel geli\u015fimini \u00f6zel bir derecede destekler.<\/p>\n\n<ul>\n<li>genel \u00e7ocuk geli\u015fiminin desteklenmesi<\/li>\n<li>Ebeveynlerin\/ailelerin kat\u0131l\u0131m\u0131n\u0131n g\u00fc\u00e7lendirilmesi<\/li>\n<li>E\u011fitim ve \u00e7ocuk yeti\u015ftirme ortakl\u0131\u011f\u0131n\u0131n geli\u015ftirilmesi ve geni\u015fletilmesi<\/li>\n<li>E\u011fitim kurumunun \u00e7e\u015fitlilik odakl\u0131 ve g\u00f6\u00e7-sosyal a\u00e7\u0131l\u0131m\u0131<\/li>\n<\/ul>\n<p>Program, kat\u0131l\u0131m ve sorumluluk aktar\u0131m\u0131 (g\u00fc\u00e7lendirme) fikrine dayanmaktad\u0131r: T\u00fcm akt\u00f6rler \"kendi alanlar\u0131nda\" uzman olarak hareket ederler. \u0130htiya\u00e7lar\u0131na ve yeterliliklerine \u00f6zel olarak uyarlanm\u0131\u015f materyaller, e\u011fitimler, bilgiler, teklifler vb. al\u0131rlar ve bunlar\u0131 g\u00fcnl\u00fck ya\u015famlar\u0131nda ve kendi dillerinde aktif olarak ve kendi sorumluluklar\u0131nda uygularlar.<\/p>\n\t<p>Akdedilen e\u011fitim ve yeti\u015ftirme ortakl\u0131\u011f\u0131 anlam\u0131nda, a\u015fa\u011f\u0131daki i\u015flevler <em>Rucksack KiTa<\/em> Sadece \u00e7ok boyutlu: Ebeveynler\/aileler gruplar\u0131nda konular\u0131 ve etkinlikleri denerler ve bunlar\u0131 evde \u00e7ocuklar\u0131yla birlikte aile dillerinde derinle\u015ftirirler. Ayn\u0131 zamanda - bununla e\u015fg\u00fcd\u00fcml\u00fc olarak - KiTa, g\u00fcnl\u00fck ya\u015fama entegre edilmi\u015f teklifler arac\u0131l\u0131\u011f\u0131yla \u00e7ocuklar\u0131n (\u00e7ok dilli) dil e\u011fitimini destekler. De\u011ferli bir potansiyel, \u00e7\u00fcnk\u00fc:<\/p>\n\n<em>Rucksack KiTa<\/em> \u00ae dil e\u011fitiminden \u00e7ok daha fazlas\u0131!<br \/>\nProgram, \u00e7ocuklar\u0131n dil e\u011fitimi ve yeti\u015ftirilmesini aile e\u011fitimi kavram\u0131yla ili\u015fkilendirmekte ve e\u011fitim kurumunun \u00e7e\u015fitlilik odakl\u0131 ve g\u00f6\u00e7 toplumu geli\u015fimini desteklemektedir: e\u011fitim sistemindeki f\u0131rsat e\u015fitsizli\u011fine, d\u0131\u015flanmaya ve \u00f6nyarg\u0131ya kar\u015f\u0131 uzun vadeli bir yat\u0131r\u0131m.","protected":false},"excerpt":{"rendered":"<div class=\"entry-summary\">\n<div class=\"entry-summary\">\nRucksack KiTa kat\u0131l\u0131m ve g\u00fc\u00e7lendirme fikrine dayan\u0131r. T\u00fcm akt\u00f6rler \"kendi alanlar\u0131nda\" uzman olarak g\u00f6r\u00fcl\u00fcr ve ele al\u0131n\u0131r.\n<\/div>\n<div class=\"link-more\"><a href=\"https:\/\/www.griffbereit-rucksack.de\/tr\/rucksack-kita\/bildungsansaetze-rucksack-kita\/\" class=\"more-link\">Okumaya devam edin<span class=\"screen-reader-text\"> \"E\u011fitim yakla\u015f\u0131mlar\u0131 Rucksack KiTa\"<\/span>...<\/a><\/div>\n<\/div>\n<div class=\"link-more\"><a href=\"https:\/\/www.griffbereit-rucksack.de\/tr\/rucksack-kita\/bildungsansaetze-rucksack-kita\/\" class=\"more-link\">Okumaya devam edin<span class=\"screen-reader-text\"> \"E\u011fitim yakla\u015f\u0131mlar\u0131 Rucksack KiTa\"<\/span>...<\/a><\/div>","protected":false},"author":1,"featured_media":0,"parent":623,"menu_order":3,"comment_status":"closed","ping_status":"closed","template":"","meta":{"_acf_changed":false,"footnotes":""},"class_list":["post-637","page","type-page","status-publish","hentry","entry"],"acf":[],"_links":{"self":[{"href":"https:\/\/www.griffbereit-rucksack.de\/tr\/wp-json\/wp\/v2\/pages\/637","targetHints":{"allow":["GET"]}}],"collection":[{"href":"https:\/\/www.griffbereit-rucksack.de\/tr\/wp-json\/wp\/v2\/pages"}],"about":[{"href":"https:\/\/www.griffbereit-rucksack.de\/tr\/wp-json\/wp\/v2\/types\/page"}],"author":[{"embeddable":true,"href":"https:\/\/www.griffbereit-rucksack.de\/tr\/wp-json\/wp\/v2\/users\/1"}],"replies":[{"embeddable":true,"href":"https:\/\/www.griffbereit-rucksack.de\/tr\/wp-json\/wp\/v2\/comments?post=637"}],"version-history":[{"count":0,"href":"https:\/\/www.griffbereit-rucksack.de\/tr\/wp-json\/wp\/v2\/pages\/637\/revisions"}],"up":[{"embeddable":true,"href":"https:\/\/www.griffbereit-rucksack.de\/tr\/wp-json\/wp\/v2\/pages\/623"}],"wp:attachment":[{"href":"https:\/\/www.griffbereit-rucksack.de\/tr\/wp-json\/wp\/v2\/media?parent=637"}],"curies":[{"name":"wp","href":"https:\/\/api.w.org\/{rel}","templated":true}]}}