{"id":629,"date":"2019-09-12T14:56:35","date_gmt":"2019-09-12T12:56:35","guid":{"rendered":"https:\/\/www.griffbereit-rucksack.de\/?page_id=629"},"modified":"2023-07-17T16:23:49","modified_gmt":"2023-07-17T14:23:49","slug":"rucksack-kita-zielgruppen","status":"publish","type":"page","link":"https:\/\/www.griffbereit-rucksack.de\/tr\/rucksack-kita-zielgruppen\/","title":{"rendered":"Hedef gruplar Rucksack KiTa"},"content":{"rendered":"<p><strong>Ebeveynler veya aileler<\/strong><\/p>\n<p>Ebeveynlere\/ailelere, k\u00f6ken dillerinin\/ailelerinin dillerinin desteklenmesinde uzman olarak yakla\u015f\u0131l\u0131r - g\u00fc\u00e7l\u00fc y\u00f6nlerine odaklan\u0131l\u0131r. Buna ek olarak, \u00e7ocuklar\u0131 i\u00e7in tesisteki e\u011fitim uzman\u0131ndan \u00e7ok daha fazla konu\u015fma s\u00fcresine sahip olabilirler. Ebeveynler\/aileler etkile\u015fimli olarak y\u00fcksek sesle okumay\u0131 \u00f6\u011frenmi\u015flerse ve \u00f6rne\u011fin \u00e7ocuklar\u0131n\u0131 b\u00f6yle bir hikaye hakk\u0131nda d\u00fc\u015f\u00fcnmeye ve konu\u015fmaya ya da hikayeleri ba\u015fkalar\u0131na anlatmaya te\u015fvik ediyorlarsa, dikkat s\u00fcresi h\u0131zla artabilir ve \u00e7ocuk bu ba\u011flamda bir hafta i\u00e7inde g\u00fcnd\u00fcz bak\u0131m merkezindekinden \u00e7ok daha fazla konu\u015fabilir. \u00c7ocuk ayr\u0131ca g\u00fcnl\u00fck olarak yuvadaki deneyimleri hakk\u0131nda hikayeler anlatmaya te\u015fvik edilirse, bunun ana dilin geli\u015fimi \u00fczerinde \u00e7ok olumlu bir etkisi olacakt\u0131r.<\/p>\n<p><strong>\u00c7ocuklar<\/strong><\/p>\n<p>Dil, ya\u015fam boyu \u00f6\u011frenme ve daha sonra e\u011fitim kurumlar\u0131nda ba\u015far\u0131 i\u00e7in en \u00f6nemli anahtar yeterliliklerden biridir. \u00d6zellikle dil geli\u015fiminin ba\u015f\u0131nda olan ve \u00e7ok dilli olarak b\u00fcy\u00fcyen \u00e7ocuklar i\u00e7in erken dil e\u011fitimi ve dil yeterliliklerinin ebeveynler\/aileler ve e\u011fitimciler taraf\u0131ndan desteklenmesi b\u00fcy\u00fck \u00f6nem ta\u015f\u0131maktad\u0131r. Bu nedenle dil geli\u015fiminin merkezi bir e\u011fitim g\u00f6revi olarak desteklenmesine ilk\u00f6\u011fretim sekt\u00f6r\u00fcnde hakl\u0131 olarak y\u00fcksek bir \u00f6ncelik verilmektedir. Son y\u0131llarda elde edilen yeni bilimsel bulgular ve pratik deneyimler, \u00e7ocuklar\u0131n dil geli\u015fimini destekleyen \u015feyin her \u015feyden \u00f6nce g\u00fcnl\u00fck ya\u015fama entegre edilmi\u015f sistematik dil e\u011fitimi oldu\u011funu g\u00f6stermektedir.<\/p>\n<p><strong>Ebeveyn k\u0131lavuzlar\u0131<\/strong><\/p>\n<p>Ebeveyn rehberleri <em>S\u0131rt \u00c7antas\u0131 Grubu<\/em> Ebeveynlerin\/ailelerin. M\u00fcmk\u00fcnse, bu ki\u015fi g\u00fcnd\u00fcz bak\u0131m evinden uluslararas\u0131 aile ge\u00e7mi\u015fi olan \u00e7ok dilli bir ki\u015fi olmal\u0131 veya bu g\u00f6revi uluslararas\u0131 aile ge\u00e7mi\u015fi olan bir profesyonel \u00fcstlenmelidir (\u00f6\u011frenciler, ebeveyn iznindeki profesyoneller, dil destek personeli vb.)<\/p>\n<p>Bunun avantajlar\u0131 a\u00e7\u0131kt\u0131r: K\u0131smen benzer bir aile durumuna sahip olan ve ayn\u0131 dili konu\u015fan ki\u015filer daha \u00e7abuk s\u0131rda\u015f olarak g\u00f6r\u00fcl\u00fcr ve b\u00f6ylece e\u011fitim kurumu ile ebeveyn evi aras\u0131nda daha kolay bir arabuluculuk rol\u00fc, bir \"k\u00f6pr\u00fc i\u015flevi\" \u00fcstlenebilirler. Bu ki\u015fi, Almanca'n\u0131n yan\u0131 s\u0131ra kat\u0131l\u0131mc\u0131lar\u0131n ana dil(ler)ini veya aile dil(ler)ini iyi bilmelidir. Ebeveyn rehberli\u011fi genellikle serbest \u00e7al\u0131\u015fanlar veya kurumlardan serbest b\u0131rak\u0131lan pedagojik personel taraf\u0131ndan y\u00fcr\u00fct\u00fcl\u00fcr. Bu ki\u015filer e\u011fitmenler (koordinat\u00f6rler) taraf\u0131ndan desteklenmektedir.<a href=\"#_ftn1\" name=\"_ftnref1\">[1]<\/a> e\u011fitilmi\u015f ve e\u015flik edilmi\u015ftir. Bu ama\u00e7la kapsaml\u0131 konular\u0131 i\u00e7eren yeterlilik tedbirleri planlanmaktad\u0131r. Bu e\u011fitim kurslar\u0131 elbette sahadaki ihtiya\u00e7lara g\u00f6re d\u00fczenlenmektedir. Kural olarak, a\u015fa\u011f\u0131daki konularda yeterlilikler sunulmaktad\u0131r:<\/p>\n<ul>\n<li>E\u011fitim ve \u00f6\u011fretimde g\u00f6\u00e7e duyarl\u0131 duyarl\u0131l\u0131k\/\u00e7e\u015fitlili\u011fe duyarl\u0131 eylem<\/li>\n<li>\u0130leti\u015fim ve \u00e7at\u0131\u015fma y\u00f6netimi<\/li>\n<li>Grup liderli\u011fi ve tart\u0131\u015fma y\u00f6ntemleri<\/li>\n<li>Program\u0131n pratikte uygulanmas\u0131 <em>Rucksack KiTa<\/em><\/li>\n<li>Grup tasar\u0131m\u0131<\/li>\n<li>Etkinlikler ve oyunlar<\/li>\n<li>\u00c7ocuklar\u0131 g\u00f6zlemleyin ve motive edin<\/li>\n<li>Ebeveynin kendi kendine e\u011fitimi veya kendi kendine yard\u0131m i\u00e7in yard\u0131m<\/li>\n<li>Dil e\u011fitimi, dil geli\u015fimi ve dil edinimi<\/li>\n<li>\u00c7ok Dillilik<\/li>\n<li>Matematiksel \u00f6nc\u00fcl becerilerin te\u015fvik edilmesi<\/li>\n<li>Okuryazarl\u0131k e\u011fitimi<\/li>\n<li>Ba\u011flanman\u0131n \u00e7ocuk geli\u015fimi i\u00e7in \u00f6nemi<\/li>\n<li>Yeni y\u00fcr\u00fcmeye ba\u015flayan ve\/veya okul \u00f6ncesi \u00e7ocuklar\u0131n geli\u015fimi<\/li>\n<li>Sa\u011fl\u0131k<\/li>\n<li>Medya e\u011fitimi<\/li>\n<li>Dinleraras\u0131 diyalog<\/li>\n<\/ul>\n<p><a href=\"#_ftnref1\" name=\"_ftn1\">[1]<\/a> E\u011fitmenler, e\u011fitimsel ve k\u00fclt\u00fcrleraras\u0131 a\u00e7\u0131dan \u00f6n yeterlili\u011fe sahip, \u00e7ok dillili\u011fin teori ve pratik \u00e7al\u0131\u015fmalar\u0131nda yetkin ve uluslararas\u0131 aile ge\u00e7mi\u015fine sahip ki\u015filerle \u00e7al\u0131\u015fma konusunda deneyimli ve bilgili profesyonellerdir.<\/p>\n\t<p><strong>Pedagojik personel<\/strong><\/p>\n<p>Pedagoji uzmanlar\u0131, \u00e7ocuk bak\u0131m\u0131, e\u011fitimi ve b\u00fct\u00fcnsel destek gibi temel g\u00f6revlerinin yan\u0131 s\u0131ra, ya\u015fam d\u00fcnyalar\u0131n\u0131 ve \u00e7e\u015fitlili\u011fi alg\u0131lay\u0131p anlamal\u0131 ve kapsay\u0131c\u0131l\u0131\u011f\u0131 te\u015fvik etmeli, ebeveynler\/aileler ve bak\u0131c\u0131larla e\u011fitim ortakl\u0131klar\u0131 kurmal\u0131, ge\u00e7i\u015fleri desteklemeli, kurumu ve ekibi geli\u015ftirmeli ve a\u011flarda i\u015fbirli\u011fi yapmal\u0131d\u0131r.<a href=\"#_ftn2\" name=\"_ftnref2\">[2]<\/a>. Bu g\u00f6revler \u00f6zellikle a\u015fa\u011f\u0131dakilere kar\u015f\u0131l\u0131k gelir <em>S\u0131rt \u00c7antas\u0131<\/em>Tek tarafl\u0131l\u0131\u011fa ve d\u0131\u015flanmaya aktif bir \u015fekilde kar\u015f\u0131 koyan, \u00e7e\u015fitlili\u011fe duyarl\u0131 e\u011fitim ve yeti\u015ftirme ilkeleri. Pedagojik personele bu s\u00fcre\u00e7lerde ve \u00e7ocuklar\u0131n (\u00e7ok dilli) g\u00fcnl\u00fck entegre e\u011fitimi i\u00e7in hedefe y\u00f6nelik destek sunulmaktad\u0131r. Bu zorlu s\u00fcre\u00e7te, pedagoji uzmanlar\u0131 a\u015fa\u011f\u0131dakiler kapsam\u0131nda desteklenmektedir <em>Rucksack KiTa<\/em> program liderleri taraf\u0131ndan tavsiye edilir ve onlara e\u015flik edilir. Di\u011fer kat\u0131l\u0131mc\u0131larla her zaman ileti\u015fim halindedirler.<\/p>\n<p><strong>E\u011fitim kurumlar\u0131<\/strong><\/p>\n<p><em>Rucksack KiTa<\/em> E\u011fitim kurumlar\u0131n\u0131n g\u00f6\u00e7 toplumuna da a\u00e7\u0131labilmeleri ve e\u011fitim kurumunun yan\u0131 s\u0131ra b\u00f6lgede ve hatta il veya il\u00e7ede b\u00fcy\u00fck de\u011fi\u015fiklikler yaratabilecek s\u00fcre\u00e7leri ba\u015flatabilmeleri i\u00e7in e\u011fitim kurumlar\u0131nda ger\u00e7ekle\u015ftirilen bir programd\u0131r. E\u011fitim kurumu, ikinci dilin paralel olarak te\u015fvik edilmesinde sorumlu bir \u015fekilde yer almaktad\u0131r. G\u00fcnd\u00fcz bak\u0131mevi, g\u00fcnl\u00fck ya\u015fama entegre edilmi\u015f dil e\u011fitimi konseptiyle anne\/baba program\u0131n\u0131 koordine eder. Ebeveynlere\/ailelere, program\u0131n yap\u0131land\u0131r\u0131lm\u0131\u015f aktar\u0131m\u0131 yoluyla \u00e7ocuklar\u0131n\u0131n geli\u015fimini hedefli bir \u015fekilde ele almalar\u0131na yard\u0131mc\u0131 olunur. <em>Rucksack KiTa<\/em> \u00f6zellikle uluslararas\u0131 aile ge\u00e7mi\u015fine sahip ebeveynler\/aileler i\u00e7in genellikle bir temas noktas\u0131 olan g\u00fcnd\u00fcz bak\u0131m merkezleri veya aile merkezleri i\u00e7in uygundur.<\/p>\n<p><a href=\"#_ftnref2\" name=\"_ftn2\">[2]<\/a>\u00a0\u00a0 Cf. L\u00e4nder\u00fcbergreifender Lehrplan Erzieher\/Erzieherin:<\/p>\n<p>http:\/\/www.berufsbildung.nrw.de\/cms\/upload\/fs\/download\/sozial\/laenderuebergr-lp-erzieher.pdf (30.07.2019 tarihi itibar\u0131yla).<\/p>","protected":false},"excerpt":{"rendered":"<div class=\"entry-summary\">\n<div class=\"entry-summary\">\nHedef gruplar ebeveynler\/aileler, ebeveyn bak\u0131c\u0131lar\u0131, e\u011fitim uzmanlar\u0131, \u00e7ocuklar ve e\u011fitim kurumlar\u0131d\u0131r.\n<\/div>\n<div class=\"link-more\"><a href=\"https:\/\/www.griffbereit-rucksack.de\/tr\/rucksack-kita-zielgruppen\/\" class=\"more-link\">Okumaya devam edin<span class=\"screen-reader-text\"> \"Hedef gruplar Rucksack KiTa\"<\/span>...<\/a><\/div>\n<\/div>\n<div class=\"link-more\"><a href=\"https:\/\/www.griffbereit-rucksack.de\/tr\/rucksack-kita-zielgruppen\/\" class=\"more-link\">Okumaya devam edin<span class=\"screen-reader-text\"> \"Hedef gruplar Rucksack KiTa\"<\/span>...<\/a><\/div>","protected":false},"author":1,"featured_media":0,"parent":0,"menu_order":4,"comment_status":"closed","ping_status":"closed","template":"","meta":{"_acf_changed":false,"footnotes":""},"class_list":["post-629","page","type-page","status-publish","hentry","entry"],"acf":[],"_links":{"self":[{"href":"https:\/\/www.griffbereit-rucksack.de\/tr\/wp-json\/wp\/v2\/pages\/629","targetHints":{"allow":["GET"]}}],"collection":[{"href":"https:\/\/www.griffbereit-rucksack.de\/tr\/wp-json\/wp\/v2\/pages"}],"about":[{"href":"https:\/\/www.griffbereit-rucksack.de\/tr\/wp-json\/wp\/v2\/types\/page"}],"author":[{"embeddable":true,"href":"https:\/\/www.griffbereit-rucksack.de\/tr\/wp-json\/wp\/v2\/users\/1"}],"replies":[{"embeddable":true,"href":"https:\/\/www.griffbereit-rucksack.de\/tr\/wp-json\/wp\/v2\/comments?post=629"}],"version-history":[{"count":0,"href":"https:\/\/www.griffbereit-rucksack.de\/tr\/wp-json\/wp\/v2\/pages\/629\/revisions"}],"wp:attachment":[{"href":"https:\/\/www.griffbereit-rucksack.de\/tr\/wp-json\/wp\/v2\/media?parent=629"}],"curies":[{"name":"wp","href":"https:\/\/api.w.org\/{rel}","templated":true}]}}