{"id":623,"date":"2019-09-12T14:47:37","date_gmt":"2019-09-12T12:47:37","guid":{"rendered":"https:\/\/www.griffbereit-rucksack.de\/?page_id=623"},"modified":"2023-08-08T11:17:12","modified_gmt":"2023-08-08T09:17:12","slug":"rucksack-kita","status":"publish","type":"page","link":"https:\/\/www.griffbereit-rucksack.de\/tr\/rucksack-kita\/","title":{"rendered":"Rucksack KiTa"},"content":{"rendered":"<h2><strong>Rucksack KiTa'ye Ho\u015f Geldiniz<\/strong><\/h2>\n<p><strong>Birlikte dil e\u011fitimini desteklemek - \u00e7ok dilli ve g\u00fcnl\u00fck ya\u015fama entegre<\/strong><\/p>\n\t<p><strong><em>Rucksack KiTa <\/em><\/strong>Uluslararas\u0131 bir aile ge\u00e7mi\u015fine sahip d\u00f6rt ila alt\u0131 ya\u015f aras\u0131 anaokulu \u00e7ocuklar\u0131, ebeveynleri \/ aileleri ve e\u011fitim kurumlar\u0131 i\u00e7in bir dil ve e\u011fitim program\u0131d\u0131r. Odak noktas\u0131, g\u00fcnl\u00fck ya\u015fama entegre edilmi\u015f genel ve \u00e7ok dilli dil e\u011fitimidir.<\/p>\n<p>Nas\u0131l <em>Griffbereit<\/em> ayr\u0131ca geliyor <em>Rucksack KiTa <\/em>Hollanda'dan. Kuzey Ren-Vestfalya'da 1999 y\u0131l\u0131ndan bu yana ba\u015far\u0131yla uygulanmakta, de\u011ferlendirilmekte ve s\u00fcrekli geli\u015ftirilmektedir. Bu arada program \u00fclke \u00e7ap\u0131nda ve Avusturya'da y\u00fcr\u00fct\u00fclmektedir. Di\u011fer Avrupa \u00fclkelerinden gelen talepler de artmaktad\u0131r.<\/p>\n<p>Program\u0131n sorumlular\u0131 \u015funlard\u0131r <em>Ulusal Koordinasyon Merkezleri<\/em> (LaKo). Bu kurulu\u015flar 2013 y\u0131l\u0131ndan bu yana uygulamaya y\u00f6n vermekte ve e\u015flik etmektedir.<\/p>\n\t\t\t<a href=\"https:\/\/www.griffbereit-rucksack.de\/tr\/angebot-rucksack-kita\/\" target=\"_self\" role=\"button\" rel=\"noopener\">\n\t\t\t\t\t\t\tTEKL\u0130F\n\t\t\t<\/a>\n\t\t\t<a href=\"https:\/\/www.griffbereit-rucksack.de\/tr\/ablauf-rucksack-kita\/\" target=\"_self\" role=\"button\" rel=\"noopener\">\n\t\t\t\t\t\t\tG\u00dcNCEL\n\t\t\t<\/a>\n\t\t\t<a href=\"https:\/\/www.griffbereit-rucksack.de\/tr\/zielgruppen-rucksack-kita\/\" target=\"_self\" role=\"button\" rel=\"noopener\">\n\t\t\t\t\t\t\tHEDEF GRUPLAR\n\t\t\t<\/a>\n\t<iframe width=\"560\" height=\"315\" src=\"https:\/\/www.youtube.com\/embed\/QwJytRMI-qw\" frameborder=\"0\" allow=\"accelerometer; autoplay; clipboard-write; encrypted-media; gyroscope; picture-in-picture\" allowfullscreen><\/iframe>\n\t<p><a href=\"https:\/\/www.youtube.com\/watch?v=Vq5MeFEWRw8\" target=\"_blank\" rel=\"noopener\">Videonun uzun versiyonu i\u00e7in buraya t\u0131klay\u0131n<\/a><\/p>\n<p><em>Rucksack KiTa <\/em>KiTa resmi \u00f6\u011frenme yeri ile gayri resmi e\u011fitim ve destek teklifleri aras\u0131ndaki aray\u00fczde yer almaktad\u0131r. Program, \u00e7ocuk g\u00fcnd\u00fcz bak\u0131m merkezinde veya bir aile merkezinde ger\u00e7ekle\u015ftirilir. Bu ayn\u0131 zamanda program\u0131n uygulanmas\u0131 i\u00e7in temel bir ko\u015fuldur. Ebeveynler\/aileler ve g\u00fcnd\u00fcz bak\u0131m merkezi, her iki taraf\u0131n da uzun vadede fayda sa\u011flayaca\u011f\u0131 bir e\u011fitim ortakl\u0131\u011f\u0131 kurar.<\/p>\n<p><strong>E\u011fitim kurumu kendisini g\u00f6\u00e7 ve \u00e7e\u015fitlili\u011fe a\u00e7ma f\u0131rsat\u0131na sahiptir.<\/strong><\/p>","protected":false},"excerpt":{"rendered":"<div class=\"entry-summary\">\n<div class=\"entry-summary\">\nRucksack KiTa'ye ho\u015f geldiniz Dil e\u011fitimi - \u00e7ok dilli ve g\u00fcnl\u00fck hayata entegre Rucksack KiTa bir dil ve e\u011fitim program\u0131d\u0131r...\n<\/div>\n<div class=\"link-more\"><a href=\"https:\/\/www.griffbereit-rucksack.de\/tr\/rucksack-kita\/\" class=\"more-link\">Okumaya devam edin<span class=\"screen-reader-text\"> \"Rucksack KiTa\"<\/span>...<\/a><\/div>\n<\/div>\n<div class=\"link-more\"><a href=\"https:\/\/www.griffbereit-rucksack.de\/tr\/rucksack-kita\/\" class=\"more-link\">Okumaya devam edin<span class=\"screen-reader-text\"> \"Rucksack KiTa\"<\/span>...<\/a><\/div>","protected":false},"author":1,"featured_media":0,"parent":0,"menu_order":0,"comment_status":"closed","ping_status":"closed","template":"templates\/subpages.php","meta":{"_acf_changed":false,"footnotes":""},"class_list":["post-623","page","type-page","status-publish","hentry","entry"],"acf":[],"_links":{"self":[{"href":"https:\/\/www.griffbereit-rucksack.de\/tr\/wp-json\/wp\/v2\/pages\/623","targetHints":{"allow":["GET"]}}],"collection":[{"href":"https:\/\/www.griffbereit-rucksack.de\/tr\/wp-json\/wp\/v2\/pages"}],"about":[{"href":"https:\/\/www.griffbereit-rucksack.de\/tr\/wp-json\/wp\/v2\/types\/page"}],"author":[{"embeddable":true,"href":"https:\/\/www.griffbereit-rucksack.de\/tr\/wp-json\/wp\/v2\/users\/1"}],"replies":[{"embeddable":true,"href":"https:\/\/www.griffbereit-rucksack.de\/tr\/wp-json\/wp\/v2\/comments?post=623"}],"version-history":[{"count":0,"href":"https:\/\/www.griffbereit-rucksack.de\/tr\/wp-json\/wp\/v2\/pages\/623\/revisions"}],"wp:attachment":[{"href":"https:\/\/www.griffbereit-rucksack.de\/tr\/wp-json\/wp\/v2\/media?parent=623"}],"curies":[{"name":"wp","href":"https:\/\/api.w.org\/{rel}","templated":true}]}}