{"id":541,"date":"2019-09-06T14:46:03","date_gmt":"2019-09-06T12:46:03","guid":{"rendered":"https:\/\/www.griffbereit-rucksack.de\/?page_id=541"},"modified":"2021-07-08T10:04:27","modified_gmt":"2021-07-08T08:04:27","slug":"umsetzung-griffbereit","status":"publish","type":"page","link":"https:\/\/www.griffbereit-rucksack.de\/tr\/griffbereit\/umsetzung-griffbereit\/","title":{"rendered":"D\u00f6n\u00fc\u015f\u00fcm Griffbereit"},"content":{"rendered":"<h2>\n\t\tD\u00f6n\u00fc\u015f\u00fcm Griffbereit\n\t<\/h2>\n\t\n\t<p>Uygulanmas\u0131 <em>Griffbereit<\/em> NRW'de 2013 y\u0131l\u0131ndan bu yana Eyalet \u00c7ap\u0131nda Koordinasyon Ofisi (LaKo) taraf\u0131ndan y\u00f6netilmekte ve desteklenmektedir.<\/p>\n<p>2017 y\u0131l\u0131ndan bu yana <em>LaKo<\/em> Ayr\u0131ca Auridis Stiftung gGmbH taraf\u0131ndan desteklenen \u00fclke \u00e7ap\u0131ndaki transfer. Bu arada, halihaz\u0131rda daha fazla <strong>470 <em>Griffbereit<\/em>-Gruplar<\/strong>. Program di\u011fer Avrupa \u00fclkelerinde de ba\u015far\u0131yla uygulanmaktad\u0131r.<\/p>\n<strong>\u00c7er\u00e7eve ko\u015fullar\u0131<br>\n<\/strong>A\u015fa\u011f\u0131dakiler i\u00e7in uygun bir yerle\u015fim se\u00e7ene\u011fi<em> Griffbereit<\/em> Uluslararas\u0131 aile ge\u00e7mi\u015fine sahip ebeveynler\/aileler i\u00e7in bir irtibat noktas\u0131 olan aile merkezleri veya e\u011fitim kurumlar\u0131d\u0131r, \u00f6rne\u011fin Almanca\/ebeveyn entegrasyon kurslar\u0131 sa\u011flay\u0131c\u0131lar\u0131, k\u00f6pr\u00fc teklifleri gibi. Buna ek olarak, m\u00fclteci deneyimi olan aileler i\u00e7in a\u00e7\u0131k konaklama teklifleri de m\u00fcmk\u00fcnd\u00fcr.\n<p>Eyalette hen\u00fcz bir Eyalet koordinasyon ofisi veya yerel bir koordinasyon ofisi yoksa, ilgili sa\u011flay\u0131c\u0131lar (program sa\u011flay\u0131c\u0131lar) a\u015fa\u011f\u0131daki kurumlarla bir i\u015fbirli\u011fi anla\u015fmas\u0131 imzalar<em> LaKo<\/em> NRW. Daha sonra da <em>Griffbereit<\/em>-Materyal paketi PDF dosyas\u0131 olarak \u00fccretsiz.<\/p>\n\t\t\t<a href=\"https:\/\/www.griffbereit-rucksack.de\/tr\/griffbereit-material\/\" target=\"_self\" role=\"button\" rel=\"noopener\">\n\t\t\t\t\t\t\tGriffbereit malzemesine genel bak\u0131\u015f\n\t\t\t<\/a>\n\t<p>Anla\u015fma ile t\u00fcm program sa\u011flay\u0131c\u0131lar program\u0131n kalite standartlar\u0131na uymay\u0131 ve bunlar\u0131 her d\u00fczeyde sa\u011flamay\u0131 taahh\u00fct eder. Yerel sa\u011flay\u0131c\u0131, program\u0131n uygulanmas\u0131n\u0131n yan\u0131 s\u0131ra ebeveyn rehberlerinin e\u011fitimini, \u00fccretlerini ve rehberli\u011fini finanse eder.<\/p>\n<p>ZfTI'de bulunan federal transfer ekibi, di\u011fer ofisler ve ajanslarla da i\u015fbirli\u011fi i\u00e7inde program\u0131 \u00fclke \u00e7ap\u0131nda koordine eder ve\/veya e\u015flik eder ve bilgilendirme etkinlikleri ve e\u011fitimler sunar. Federal transfer ekibi ayn\u0131 zamanda s\u00fcrekli profesyonel destekten de sorumludur. Ama\u00e7, program\u0131n uyguland\u0131\u011f\u0131 her eyalette eyalet koordinasyon ofisleri kurarak sahadaki \u00e7al\u0131\u015fmalara hedefe y\u00f6nelik destek sa\u011flamakt\u0131r.<\/p>\n\t\t\t<a href=\"https:\/\/www.griffbereit-rucksack.de\/tr\/organisatorisches-griffbereit\/\" target=\"_self\" role=\"button\" rel=\"noopener\">\n\t\t\t\t\t\t\tGenel bak\u0131\u015f Organizasyonel konular\n\t\t\t<\/a>","protected":false},"excerpt":{"rendered":"<div class=\"entry-summary\">\n<div class=\"entry-summary\">\nKuzey Ren-Vestfalya'daki uygulama 2013 y\u0131l\u0131ndan bu yana Eyalet Koordinasyon Ofisi (LaKo) taraf\u0131ndan kontrol edilmekte ve e\u015flik edilmektedir.\n<\/div>\n<div class=\"link-more\"><a href=\"https:\/\/www.griffbereit-rucksack.de\/tr\/griffbereit\/umsetzung-griffbereit\/\" class=\"more-link\">Okumaya devam edin<span class=\"screen-reader-text\"> \"Realisation Griffbereit\"<\/span>...<\/a><\/div>\n<\/div>\n<div class=\"link-more\"><a href=\"https:\/\/www.griffbereit-rucksack.de\/tr\/griffbereit\/umsetzung-griffbereit\/\" class=\"more-link\">Okumaya devam edin<span class=\"screen-reader-text\"> \"Realisation Griffbereit\"<\/span>...<\/a><\/div>","protected":false},"author":1,"featured_media":0,"parent":530,"menu_order":0,"comment_status":"closed","ping_status":"closed","template":"","meta":{"_acf_changed":false,"footnotes":""},"class_list":["post-541","page","type-page","status-publish","hentry","entry"],"acf":[],"_links":{"self":[{"href":"https:\/\/www.griffbereit-rucksack.de\/tr\/wp-json\/wp\/v2\/pages\/541","targetHints":{"allow":["GET"]}}],"collection":[{"href":"https:\/\/www.griffbereit-rucksack.de\/tr\/wp-json\/wp\/v2\/pages"}],"about":[{"href":"https:\/\/www.griffbereit-rucksack.de\/tr\/wp-json\/wp\/v2\/types\/page"}],"author":[{"embeddable":true,"href":"https:\/\/www.griffbereit-rucksack.de\/tr\/wp-json\/wp\/v2\/users\/1"}],"replies":[{"embeddable":true,"href":"https:\/\/www.griffbereit-rucksack.de\/tr\/wp-json\/wp\/v2\/comments?post=541"}],"version-history":[{"count":0,"href":"https:\/\/www.griffbereit-rucksack.de\/tr\/wp-json\/wp\/v2\/pages\/541\/revisions"}],"up":[{"embeddable":true,"href":"https:\/\/www.griffbereit-rucksack.de\/tr\/wp-json\/wp\/v2\/pages\/530"}],"wp:attachment":[{"href":"https:\/\/www.griffbereit-rucksack.de\/tr\/wp-json\/wp\/v2\/media?parent=541"}],"curies":[{"name":"wp","href":"https:\/\/api.w.org\/{rel}","templated":true}]}}