{"id":4283,"date":"2021-07-26T10:32:38","date_gmt":"2021-07-26T08:32:38","guid":{"rendered":"https:\/\/www.griffbereit-rucksack.de\/?page_id=4283"},"modified":"2023-09-04T11:48:29","modified_gmt":"2023-09-04T09:48:29","slug":"empowerment","status":"publish","type":"page","link":"https:\/\/www.griffbereit-rucksack.de\/tr\/empowerment\/","title":{"rendered":"G\u00fc\u00e7lendirme"},"content":{"rendered":"<h3>G\u00fc\u00e7lendirme nedir?<\/h3>\n<p>\"G\u00fc\u00e7lendirme\" konusundaki \u00f6zel metin \u015fu anda d\u00fczenlenmektedir ve yak\u0131nda eklenecektir.<\/p>","protected":false},"excerpt":{"rendered":"<div class=\"entry-summary\">\n<div class=\"entry-summary\">\nG\u00fc\u00e7lendirme nedir? \"G\u00fc\u00e7lendirme\" \u00fczerine uzmanla\u015fm\u0131\u015f metin \u015fu anda d\u00fczenlenmektedir ve yak\u0131nda eklenecektir.\n<\/div>\n<div class=\"link-more\"><a href=\"https:\/\/www.griffbereit-rucksack.de\/tr\/empowerment\/\" class=\"more-link\">Okumaya devam edin<span class=\"screen-reader-text\"> \"G\u00fc\u00e7lendirme\"<\/span>...<\/a><\/div>\n<\/div>\n<div class=\"link-more\"><a href=\"https:\/\/www.griffbereit-rucksack.de\/tr\/empowerment\/\" class=\"more-link\">Okumaya devam edin<span class=\"screen-reader-text\"> \"G\u00fc\u00e7lendirme\"<\/span>...<\/a><\/div>","protected":false},"author":1,"featured_media":0,"parent":0,"menu_order":0,"comment_status":"closed","ping_status":"closed","template":"","meta":{"_acf_changed":false,"footnotes":""},"class_list":["post-4283","page","type-page","status-publish","hentry","entry"],"acf":[],"_links":{"self":[{"href":"https:\/\/www.griffbereit-rucksack.de\/tr\/wp-json\/wp\/v2\/pages\/4283","targetHints":{"allow":["GET"]}}],"collection":[{"href":"https:\/\/www.griffbereit-rucksack.de\/tr\/wp-json\/wp\/v2\/pages"}],"about":[{"href":"https:\/\/www.griffbereit-rucksack.de\/tr\/wp-json\/wp\/v2\/types\/page"}],"author":[{"embeddable":true,"href":"https:\/\/www.griffbereit-rucksack.de\/tr\/wp-json\/wp\/v2\/users\/1"}],"replies":[{"embeddable":true,"href":"https:\/\/www.griffbereit-rucksack.de\/tr\/wp-json\/wp\/v2\/comments?post=4283"}],"version-history":[{"count":0,"href":"https:\/\/www.griffbereit-rucksack.de\/tr\/wp-json\/wp\/v2\/pages\/4283\/revisions"}],"wp:attachment":[{"href":"https:\/\/www.griffbereit-rucksack.de\/tr\/wp-json\/wp\/v2\/media?parent=4283"}],"curies":[{"name":"wp","href":"https:\/\/api.w.org\/{rel}","templated":true}]}}