{"id":2776,"date":"2020-08-17T17:01:46","date_gmt":"2020-08-17T15:01:46","guid":{"rendered":"https:\/\/www.griffbereit-rucksack.de\/?page_id=2776"},"modified":"2025-11-19T11:16:23","modified_gmt":"2025-11-19T10:16:23","slug":"rucksack-kita-material","status":"publish","type":"page","link":"https:\/\/www.griffbereit-rucksack.de\/tr\/rucksack-kita-material\/","title":{"rendered":"Rucksack KiTa malzeme"},"content":{"rendered":"<h2>\n\t\t\tBir bak\u0131\u015fta malzemeler\t<\/h2>\n\t\t\t\t\t<a href=\"#\"  id=\"fl-accordion--label-0\" tabindex=\"0\" aria-controls=\"fl-accordion--panel-0\">Genel malzemeler ve notlar<\/a>\n\t\t\t\t\t\t\t\t\t\t\t<a href=\"#\" id=\"fl-accordion--icon-0\"  tabindex=\"0\"><i title=\"Geni\u015flet\">Geni\u015flet<\/i><\/a>\n\t\t\t\t\t<ul>\n<li><a href=\"http:\/\/www.griffbereit-rucksack.de\/tr\/weiterfuehrende-programminformationen\/\">Aileler i\u00e7in okuma ipu\u00e7lar\u0131<\/a><\/li>\n<\/ul>\n\t\t\t\t\t<a href=\"#\"  id=\"fl-accordion--label-1\" tabindex=\"0\" aria-controls=\"fl-accordion--panel-1\">ESD I: At\u0131k ve ambalaj<\/a>\n\t\t\t\t\t\t\t\t\t\t\t<a href=\"#\" id=\"fl-accordion--icon-1\"  tabindex=\"0\"><i title=\"Geni\u015flet\">Geni\u015flet<\/i><\/a>\n\t\t\t\t\t<ul>\n<li><a href=\"https:\/\/www.griffbereit-rucksack.de\/tr\/weiterfuehrende-programminformationen\/\">Daha fazla okuma<\/a><\/li>\n<\/ul>\n\t\t\t\t\t<a href=\"#\"  id=\"fl-accordion--label-2\" tabindex=\"0\" aria-controls=\"fl-accordion--panel-2\">\u00c7SD II: Al\u0131\u015fveri\u015f ve t\u00fcketim<\/a>\n\t\t\t\t\t\t\t\t\t\t\t<a href=\"#\" id=\"fl-accordion--icon-2\"  tabindex=\"0\"><i title=\"Geni\u015flet\">Geni\u015flet<\/i><\/a>\n\t\t\t\t\t<a href=\"#\"  id=\"fl-accordion--label-3\" tabindex=\"0\" aria-controls=\"fl-accordion--panel-3\">Grup<\/a>\n\t\t\t\t\t\t\t\t\t\t\t<a href=\"#\" id=\"fl-accordion--icon-3\"  tabindex=\"0\"><i title=\"Geni\u015flet\">Geni\u015flet<\/i><\/a>\n\t\t\t\t\t<a href=\"#\"  id=\"fl-accordion--label-4\" tabindex=\"0\" aria-controls=\"fl-accordion--panel-4\">\u00c7ocuk haklar\u0131 ve kat\u0131l\u0131m\u0131<\/a>\n\t\t\t\t\t\t\t\t\t\t\t<a href=\"#\" id=\"fl-accordion--icon-4\"  tabindex=\"0\"><i title=\"Geni\u015flet\">Geni\u015flet<\/i><\/a>\n\t\t\t\t\t<p>Hier k\u00f6nnen die Karten zu den Kinderrechten in den folgenden erweiterten Sprachen heruntergeladen werden:<\/p>\n<ol>\n<li><a href=\"https:\/\/www.griffbereit-rucksack.de\/wp-content\/uploads\/2025\/03\/Albanisch_Kinderrechte_Karten.pdf\" target=\"_blank\" rel=\"noopener\">Albanisch<\/a><\/li>\n<li><a href=\"https:\/\/www.griffbereit-rucksack.de\/wp-content\/uploads\/2025\/03\/Bulgarisch_Kinderrechte_Karten.pdf\" target=\"_blank\" rel=\"noopener\">Bulgarisch<\/a><\/li>\n<li><a href=\"https:\/\/www.griffbereit-rucksack.de\/wp-content\/uploads\/2025\/03\/Englisch_Kinderrechte_Karten.pdf\" target=\"_blank\" rel=\"noopener\">Englisch<\/a><\/li>\n<li><a href=\"https:\/\/www.griffbereit-rucksack.de\/wp-content\/uploads\/2025\/03\/Fasi_Kinderrechte_Karten.pdf\" target=\"_blank\" rel=\"noopener\">Fasi<\/a><\/li>\n<li><a href=\"https:\/\/www.griffbereit-rucksack.de\/wp-content\/uploads\/2025\/03\/Franzoesisch_Kinderrechte_Karten.pdf\" target=\"_blank\" rel=\"noopener\">Franz\u00f6sisch<\/a><\/li>\n<li><a href=\"https:\/\/www.griffbereit-rucksack.de\/wp-content\/uploads\/2025\/03\/Grichisch_Kinderrechte_Karten.pdf\" target=\"_blank\" rel=\"noopener\">Griechisch<\/a><\/li>\n<li><a href=\"https:\/\/www.griffbereit-rucksack.de\/wp-content\/uploads\/2025\/03\/Kroatisch_Kinderrechte_Karten.pdf\" target=\"_blank\" rel=\"noopener\">Kroatisch<\/a><\/li>\n<li><a href=\"https:\/\/www.griffbereit-rucksack.de\/wp-content\/uploads\/2025\/03\/Serbisch_Kinderrechte_Karten.pdf\" target=\"_blank\" rel=\"noopener\">Serbisch<\/a><\/li>\n<li><a href=\"https:\/\/www.griffbereit-rucksack.de\/wp-content\/uploads\/2025\/03\/Ukrainisch_Kinderrechte_Karten.pdf\" target=\"_blank\" rel=\"noopener\">Ukrainisch<\/a><\/li>\n<\/ol>\n<p>Die hier aufgef\u00fchrten Sprachen befinden sich immer an Position 6 innerhalb der Datei.<\/p>\n\t\t\t\t\t<a href=\"#\"  id=\"fl-accordion--label-5\" tabindex=\"0\" aria-controls=\"fl-accordion--panel-5\">Beden ve duyular<\/a>\n\t\t\t\t\t\t\t\t\t\t\t<a href=\"#\" id=\"fl-accordion--icon-5\"  tabindex=\"0\"><i title=\"Geni\u015flet\">Geni\u015flet<\/i><\/a>\n\t\t\t\t\t<a href=\"#\"  id=\"fl-accordion--label-6\" tabindex=\"0\" aria-controls=\"fl-accordion--panel-6\">Okuryazarl\u0131k<\/a>\n\t\t\t\t\t\t\t\t\t\t\t<a href=\"#\" id=\"fl-accordion--icon-6\"  tabindex=\"0\"><i title=\"Geni\u015flet\">Geni\u015flet<\/i><\/a>\n\t\t\t\t\t<a href=\"#\"  id=\"fl-accordion--label-7\" tabindex=\"0\" aria-controls=\"fl-accordion--panel-7\">Yiyecek ve i\u00e7ecek<\/a>\n\t\t\t\t\t\t\t\t\t\t\t<a href=\"#\" id=\"fl-accordion--icon-7\"  tabindex=\"0\"><i title=\"Geni\u015flet\">Geni\u015flet<\/i><\/a>\n\t\t\t\t\t<a href=\"#\"  id=\"fl-accordion--label-8\" tabindex=\"0\" aria-controls=\"fl-accordion--panel-8\">Mevsimler<\/a>\n\t\t\t\t\t\t\t\t\t\t\t<a href=\"#\" id=\"fl-accordion--icon-8\"  tabindex=\"0\"><i title=\"Geni\u015flet\">Geni\u015flet<\/i><\/a>\n\t\t\t\t\t<p>Hangi mantarlar\u0131 yemek g\u00fcvenli, hangilerini de\u011fil? Farkl\u0131 mantar t\u00fcrleri bu listede yer almaktad\u0131r <a href=\"https:\/\/www.pilzfinder.de\/gift.html\">Sayfa<\/a> bulmak i\u00e7in.<\/p>\n<p><a href=\"https:\/\/www.duda.news\/wissen\/zugvoegel-machen-sich-auf-in-den-sueden\/\">G\u00f6\u00e7men ku\u015flar hakk\u0131nda bilgi<\/a>Stolzenbach, Kathy (2018): G\u00f6\u00e7men ku\u015flar g\u00fcneye y\u00f6neliyor. URL: <a href=\"https:\/\/www.duda.news\/wissen\/zugvoegel-machen-sich-auf-in-den-sueden\/\">https:\/\/www.duda.news\/wissen\/zugvoegel-machen-sich-auf-in-den-sueden\/<\/a> (Son eri\u015fim tarihi 18\/03\/2024)<\/p>\n<hr \/>\n<p><strong>Haf\u0131za oyunu talimatlar\u0131<\/strong><\/p>\n<ul>\n<li>Oyun kartlar\u0131 kar\u0131\u015ft\u0131r\u0131l\u0131r ve y\u00fcz\u00fc a\u015fa\u011f\u0131 bakacak \u015fekilde masaya yerle\u015ftirilir.<\/li>\n<li>En gen\u00e7 oyuncu ba\u015flar.<\/li>\n<li>Herhangi iki kart a\u00e7\u0131l\u0131r ve kar\u015f\u0131la\u015ft\u0131r\u0131l\u0131r.<\/li>\n<li>Resimler ayn\u0131ysa, kartlar sizde kal\u0131r ve bir tur daha atars\u0131n\u0131z.<\/li>\n<li>Resimler farkl\u0131ysa, y\u00fczleri a\u015fa\u011f\u0131 bakacak \u015fekilde geri konur ve saat y\u00f6n\u00fcnde bir sonraki ki\u015finin s\u0131ras\u0131 gelir.<\/li>\n<li>Kazanan, en \u00e7ok \u00e7ifti bulan ki\u015fidir.<\/li>\n<\/ul>\n<hr \/>\n<p>&nbsp;<\/p>\n\t\t\t\t\t<a href=\"#\"  id=\"fl-accordion--label-9\" tabindex=\"0\" aria-controls=\"fl-accordion--panel-9\">Hareket<\/a>\n\t\t\t\t\t\t\t\t\t\t\t<a href=\"#\" id=\"fl-accordion--icon-9\"  tabindex=\"0\"><i title=\"Geni\u015flet\">Geni\u015flet<\/i><\/a>\n\t\t\t\t\t<p><strong>Etkinlikler i\u00e7in malzemeler<\/strong><\/p>\n<ul>\n<li><a href=\"https:\/\/www.kinderturnstiftung-nds.de\/neue-online-version-der-wohnzimmer-safari\">A\u015fa\u011f\u0131 Saksonya \u00c7ocuk Jimnastik Vakf\u0131 taraf\u0131ndan d\u00fczenlenen \"Oturma Odas\u0131 Safarisi\" i\u00e7in talimatlar<\/a><\/li>\n<li>Buz dans\u0131 (durma dans\u0131): \u015eark\u0131 \u00f6nerisi \u00f6rn. <a href=\"https:\/\/www.youtube.com\/watch?v=SWwXHRdDGi4\">\"Lichterkinder dans \u015fark\u0131s\u0131n\u0131 durdur\"<\/a><\/li>\n<\/ul>\n<p>&nbsp;<\/p>\n<p><strong>Daha fazla bilgi<\/strong><\/p>\n<p>Hannover tesisindeki Rucksack KiTa projesinin bir par\u00e7as\u0131 olarak \"Bewegung! Bewegung!\" \u015fark\u0131s\u0131 olu\u015fturuldu. \u015eark\u0131y\u0131 dinleyebilirsiniz <a href=\"https:\/\/www.youtube.com\/watch?v=JBY9BcECyDQ\">Burada<\/a>\u00a0Ara.<\/p>\n<p>\u00c7ocu\u011funuzla birlikte hareket oyunlar\u0131 oynamak i\u00e7in fikirler mi ar\u0131yorsunuz? \u0130\u00e7inde <a href=\"https:\/\/nextcloud.awo-hannover.de\/index.php\/s\/wTnnigXSa2g3TSJ\">bu film<\/a> \"Bewegung!\" \u015fark\u0131s\u0131 i\u00e7in Bewegung!\" \u015fark\u0131s\u0131 i\u00e7in bir\u00e7ok hareket \u00f6nerisi bulacaks\u0131n\u0131z.<\/p>\n<p>Aile i\u00e7in egzersiz ve egzersiz oyunlar\u0131 hakk\u0131nda daha fazla fikir i\u00e7in <a href=\"https:\/\/www.3f-fitforfamily.de\/wissen#BewegungsideenFamilien\">A\u015fa\u011f\u0131 Saksonya \u00c7ocuk Jimnastik Vakf\u0131.<\/a><\/p>\n<p><a href=\"https:\/\/www.kindergesundheit-info.de\/themen\/entwicklung\/entwicklungsschritte\/motorische-entwicklung\/infografik-bewegungsmotorik\/\">\u0130\u015fte<\/a> 'da 6 ya\u015f\u0131na kadar olan \u00e7ocuklarda hareketlili\u011fin geli\u015fimi hakk\u0131nda bilgi bulabilirsiniz.<\/p>\n<p>\u00c7ocuklar\u0131n 6 ya\u015f\u0131na kadar el ve parmak becerilerinin geli\u015fimine ili\u015fkin bilgiler \u015fu adreste bulunabilir <a href=\"https:\/\/www.kindergesundheit-info.de\/fileadmin\/user_upload\/kindergesundheit-info.de\/Infografiken\/Infografiken_als_PDF\/Motorische-Entwicklung_Hand-Fingerfertigkeit_BZgA_kindergesundheit-info.pdf\">Burada<\/a>.<\/p>\n\t\t\t\t\t<a href=\"#\"  id=\"fl-accordion--label-10\" tabindex=\"0\" aria-controls=\"fl-accordion--panel-10\">Duygular<\/a>\n\t\t\t\t\t\t\t\t\t\t\t<a href=\"#\" id=\"fl-accordion--icon-10\"  tabindex=\"0\"><i title=\"Geni\u015flet\">Geni\u015flet<\/i><\/a>\n\t\t\t\t\t<a href=\"#\"  id=\"fl-accordion--label-11\" tabindex=\"0\" aria-controls=\"fl-accordion--panel-11\">Hayvanlar<\/a>\n\t\t\t\t\t\t\t\t\t\t\t<a href=\"#\" id=\"fl-accordion--icon-11\"  tabindex=\"0\"><i title=\"Geni\u015flet\">Geni\u015flet<\/i><\/a>\n\t\t\t\t\t<a href=\"#\"  id=\"fl-accordion--label-12\" tabindex=\"0\" aria-controls=\"fl-accordion--panel-12\">Yolda<\/a>\n\t\t\t\t\t\t\t\t\t\t\t<a href=\"#\" id=\"fl-accordion--icon-12\"  tabindex=\"0\"><i title=\"Geni\u015flet\">Geni\u015flet<\/i><\/a>\n\t\t\t\t\t<p><a href=\"https:\/\/www.kinderweltreise.de\/lexikon\/k\/kontinente-einfach-erklaert\/\">https:\/\/www.kinderweltreise.de\/lexikon\/k\/kontinente-einfach-erklaert\/<\/a><\/p>\n<p>&nbsp;<\/p>\n<hr class=\"wm-divider type-dashed\/dotted\/double-line\/line\/whitespace\" style=\"margin-bottom:0px;margin-top:0px;\" \/>\n<p>&nbsp;<\/p>\n<p><strong>Haf\u0131za oyunu talimatlar\u0131<\/strong><\/p>\n<ul>\n<li>Oyun kartlar\u0131 kar\u0131\u015ft\u0131r\u0131l\u0131r ve y\u00fcz\u00fc a\u015fa\u011f\u0131 bakacak \u015fekilde masaya yerle\u015ftirilir.<\/li>\n<li>En gen\u00e7 oyuncu ba\u015flar.<\/li>\n<li>Herhangi iki kart a\u00e7\u0131l\u0131r ve kar\u015f\u0131la\u015ft\u0131r\u0131l\u0131r.<\/li>\n<li>Resimler ayn\u0131ysa, kartlar sizde kal\u0131r ve bir tur daha atars\u0131n\u0131z.<\/li>\n<li>Resimler farkl\u0131ysa, y\u00fczleri a\u015fa\u011f\u0131 bakacak \u015fekilde geri konur ve saat y\u00f6n\u00fcnde bir sonraki ki\u015finin s\u0131ras\u0131 gelir.<\/li>\n<li>Kazanan, en \u00e7ok \u00e7ifti bulan ki\u015fidir.<\/li>\n<\/ul>\n<hr \/>\n<strong data-start=\"105\" data-end=\"177\">Ich packe meinen Koffer\/Rucksack &#8211; Spielanleitung<\/strong>\n<strong data-start=\"179\" data-end=\"203\">1. Das brauchen Sie:<\/strong>\n<ul data-start=\"206\" data-end=\"287\">\n<li data-start=\"206\" data-end=\"253\">\nMindestens <strong data-start=\"219\" data-end=\"250\">2 Spieler*innen<\/strong>.\n<\/li>\n<li data-start=\"254\" data-end=\"287\">\nSie brauchen <strong data-start=\"269\" data-end=\"286\">keine weiteren Materialien<\/strong>.\n<\/li>\n<\/ul>\n<strong data-start=\"289\" data-end=\"311\">2. So spielen Sie:<\/strong>\n<ul data-start=\"313\" data-end=\"942\">\n<li data-start=\"313\" data-end=\"488\">\nEine Person beginnt und sagt:<br data-start=\"345\" data-end=\"348\" \/><strong data-start=\"351\" data-end=\"399\">\u201eIch packe meinen Rucksack und nehme mit: &#8230;&#8220;<\/strong><br data-start=\"399\" data-end=\"402\" \/>Dann nennt die Person <strong data-start=\"427\" data-end=\"447\">einen Gegenstand<\/strong>.<br data-start=\"448\" data-end=\"451\" \/>Beispiel: <strong data-start=\"464\" data-end=\"488\">\u201e&#8230; eine Zahnb\u00fcrste.&#8220;<\/strong>\n<\/li>\n<li data-start=\"490\" data-end=\"736\">\nDie n\u00e4chste Person wiederholt den Satz <strong data-start=\"532\" data-end=\"541\">genau<\/strong> und sagt den <strong data-start=\"555\" data-end=\"578\">gleichen Gegenstand<\/strong>.<br data-start=\"579\" data-end=\"582\" \/>Danach nennt diese Person <strong data-start=\"611\" data-end=\"637\">einen neuen Gegenstand<\/strong>.<br data-start=\"638\" data-end=\"641\" \/>Beispiel:<br data-start=\"653\" data-end=\"656\" \/><strong data-start=\"659\" data-end=\"736\">\u201eIch packe meinen Rucksack und nehme mit: eine Zahnb\u00fcrste und eine Hose.&#8220;<\/strong>\n<\/li>\n<li data-start=\"738\" data-end=\"875\">\nDie dritte Person wiederholt <strong data-start=\"770\" data-end=\"819\">alle Gegenst\u00e4nde in der richtigen Reihenfolge<\/strong>.<br data-start=\"820\" data-end=\"823\" \/>Dann sagt sie <strong data-start=\"840\" data-end=\"869\">einen weiteren Gegenstand<\/strong> dazu.\n<\/li>\n<li data-start=\"877\" data-end=\"942\">\nSo geht es immer weiter.<br data-start=\"904\" data-end=\"907\" \/>Die Liste wird <strong data-start=\"925\" data-end=\"941\">immer l\u00e4nger<\/strong>.\n<\/li>\n<\/ul>\n\t\t\t\t\t<a href=\"#\"  id=\"fl-accordion--label-13\" tabindex=\"0\" aria-controls=\"fl-accordion--panel-13\">Aile<\/a>\n\t\t\t\t\t\t\t\t\t\t\t<a href=\"#\" id=\"fl-accordion--icon-13\"  tabindex=\"0\"><i title=\"Geni\u015flet\">Geni\u015flet<\/i><\/a>\n\t\t\t\t\t<p>Kimemo-Memoryspiel der Bundeszentrale f\u00fcr politische Bildung: <a href=\"http:\/\/www.bpb.de\/shop\/lernen\/spiele\/201965\/kimemo\">http:\/\/www.bpb.de\/shop\/lernen\/spiele\/201965\/kimemo<\/a>.<\/p>","protected":false},"excerpt":{"rendered":"<div class=\"entry-summary\">\n<div class=\"entry-summary\">\nBir bak\u0131\u015fta malzemeler Genel malzemeler ve ipu\u00e7lar\u0131 Geni\u015fletin Aileler i\u00e7in okuma ipu\u00e7lar\u0131 ESD I: At\u0131k ve ambalaj Geni\u015fletin Di\u011fer okumalar...\n<\/div>\n<div class=\"link-more\"><a href=\"https:\/\/www.griffbereit-rucksack.de\/tr\/rucksack-kita-material\/\" class=\"more-link\">Okumaya devam edin<span class=\"screen-reader-text\"> \"Rucksack KiTa malzeme\"<\/span>...<\/a><\/div>\n<\/div>\n<div class=\"link-more\"><a href=\"https:\/\/www.griffbereit-rucksack.de\/tr\/rucksack-kita-material\/\" class=\"more-link\">Okumaya devam edin<span class=\"screen-reader-text\"> \"Rucksack KiTa malzeme\"<\/span>...<\/a><\/div>","protected":false},"author":1,"featured_media":0,"parent":0,"menu_order":0,"comment_status":"closed","ping_status":"closed","template":"","meta":{"_acf_changed":false,"footnotes":""},"class_list":["post-2776","page","type-page","status-publish","hentry","entry"],"acf":[],"_links":{"self":[{"href":"https:\/\/www.griffbereit-rucksack.de\/tr\/wp-json\/wp\/v2\/pages\/2776","targetHints":{"allow":["GET"]}}],"collection":[{"href":"https:\/\/www.griffbereit-rucksack.de\/tr\/wp-json\/wp\/v2\/pages"}],"about":[{"href":"https:\/\/www.griffbereit-rucksack.de\/tr\/wp-json\/wp\/v2\/types\/page"}],"author":[{"embeddable":true,"href":"https:\/\/www.griffbereit-rucksack.de\/tr\/wp-json\/wp\/v2\/users\/1"}],"replies":[{"embeddable":true,"href":"https:\/\/www.griffbereit-rucksack.de\/tr\/wp-json\/wp\/v2\/comments?post=2776"}],"version-history":[{"count":0,"href":"https:\/\/www.griffbereit-rucksack.de\/tr\/wp-json\/wp\/v2\/pages\/2776\/revisions"}],"wp:attachment":[{"href":"https:\/\/www.griffbereit-rucksack.de\/tr\/wp-json\/wp\/v2\/media?parent=2776"}],"curies":[{"name":"wp","href":"https:\/\/api.w.org\/{rel}","templated":true}]}}