{"id":2757,"date":"2020-08-17T16:30:22","date_gmt":"2020-08-17T14:30:22","guid":{"rendered":"https:\/\/www.griffbereit-rucksack.de\/?page_id=2757"},"modified":"2023-07-17T16:09:52","modified_gmt":"2023-07-17T14:09:52","slug":"qualifizierung-zur-elternbegleiterin-fuer-rucksack-kita","status":"publish","type":"page","link":"https:\/\/www.griffbereit-rucksack.de\/tr\/qualifizierung-zur-elternbegleiterin-fuer-rucksack-kita\/","title":{"rendered":"Rucksack KiTa i\u00e7in ebeveyn refakat\u00e7isi olarak yeterlilik"},"content":{"rendered":"<h2>\n\t\tEbeveyn rehberleri i\u00e7in yeterlilik ve ileri e\u011fitim\n\t<\/h2>\n\t<p>Ebeveyn rehberleri, program ba\u015flamadan \u00f6nce sorumlu koordinat\u00f6rler taraf\u0131ndan faaliyetleri i\u00e7in haz\u0131rlan\u0131r. Program\u0131n y\u00fcksek kalitede uygulanmas\u0131n\u0131 sa\u011flamak i\u00e7in <em>Rucksack KiTa<\/em>-Grubun ba\u015far\u0131s\u0131n\u0131 g\u00fcvence alt\u0131na almak amac\u0131yla, ebeveyn rehberleri i\u00e7in ilave e\u011fitim kurslar\u0131 tasarlanm\u0131\u015f ve s\u00fcrekli olarak sunulmaktad\u0131r.<\/p>\n<ol>\n<li><strong> Bu <em>Rucksack KiTa<\/em>-e\u011fitim<\/strong><br \/>\n\u00e7ok \u00e7e\u015fitlidir ve g\u00fc\u00e7l\u00fc bir \u015fekilde sahadaki ilgili ihtiya\u00e7lara y\u00f6neliktir. Kural olarak, \u00f6rne\u011fin a\u015fa\u011f\u0131daki konularda yeterlilikler sunulmaktad\u0131r:<\/li>\n<\/ol>\n<ul>\n<li>Programa ve materyallerine giri\u015f<\/li>\n<li>Ebeveyn refakat\u00e7isi rol\u00fcne giri\u015f (rol yeterlili\u011fi, rol al\u0131\u015ft\u0131rmas\u0131, rol yans\u0131mas\u0131)\n<ul>\n<li>Moderasyon ve sunum teknikleri<\/li>\n<li>Grup i\u00e7inde sohbet<\/li>\n<li>Yeti\u015fkin e\u011fitimi didakti\u011fi ve metodolojisi<\/li>\n<\/ul>\n<\/li>\n<li>E\u011fitim ve \u00f6\u011fretimde g\u00f6\u00e7e duyarl\u0131 duyarl\u0131l\u0131k\/\u00e7e\u015fitlili\u011fe duyarl\u0131 eylem<\/li>\n<li>Dil geli\u015fimi ve \u00e7ok dillilik<\/li>\n<li>Ailelerle i\u015fbirli\u011fi<\/li>\n<li>Okuryazarl\u0131k e\u011fitimi<\/li>\n<li>\u00c7ocuklu\u011fun geli\u015fimsel psikolojisi<\/li>\n<li>Sa\u011fl\u0131k<\/li>\n<li>Cinsel e\u011fitim<\/li>\n<li>Medya e\u011fitimi<\/li>\n<\/ul>\n\t<p><strong>2) \u00c7al\u0131\u015fmalar\u0131 etkileyen di\u011fer konular <em>Rucksack KiTa<\/em>-destek grubu:<\/strong><\/p>\n<ul>\n<li>G\u00fc\u00e7lendirme ve kat\u0131l\u0131m<\/li>\n<li>Dil ve hareket<\/li>\n<li>\u00c7ok dilli e\u011fitim<\/li>\n<li>E\u011fitim fikirleri ve stilleri<\/li>\n<li>Y\u00fcksek sesle okuma teknikleri<\/li>\n<li>Ba\u011flanman\u0131n \u00e7ocuk geli\u015fimi i\u00e7in \u00f6nemi<\/li>\n<li>Yeni y\u00fcr\u00fcmeye ba\u015flayan ve\/veya okul \u00f6ncesi \u00e7ocuklar\u0131n geli\u015fimi<\/li>\n<li>\u00d6nc\u00fc becerilerin desteklenmesi (\u00f6rne\u011fin fen bilimlerinde)<\/li>\n<li>Etkinlikler ve oyunlar<\/li>\n<li>\u00c7ocuklar\u0131 g\u00f6zlemleyin ve motive edin<\/li>\n<li>Dinleraras\u0131 diyalog<\/li>\n<li>Ebeveynlerin\/ailelerin sorular\u0131ndan ortaya \u00e7\u0131kan konular<\/li>\n<\/ul>\n<p><strong>\u00a0<\/strong><\/p>","protected":false},"excerpt":{"rendered":"<div class=\"entry-summary\">\n<div class=\"entry-summary\">\nEbeveyn mentorlar\u0131 i\u00e7in yeterlilik ve ileri e\u011fitim Ebeveyn mentorlar\u0131 program ba\u015flamadan \u00f6nce sorumlu koordinat\u00f6rler taraf\u0131ndan faaliyetleri i\u00e7in haz\u0131rlan\u0131r....\n<\/div>\n<div class=\"link-more\"><a href=\"https:\/\/www.griffbereit-rucksack.de\/tr\/qualifizierung-zur-elternbegleiterin-fuer-rucksack-kita\/\" class=\"more-link\">Okumaya devam edin<span class=\"screen-reader-text\"> \"Rucksack KiTa i\u00e7in ebeveyn dan\u0131\u015fman\u0131 olarak yeterlilik\"<\/span>...<\/a><\/div>\n<\/div>\n<div class=\"link-more\"><a href=\"https:\/\/www.griffbereit-rucksack.de\/tr\/qualifizierung-zur-elternbegleiterin-fuer-rucksack-kita\/\" class=\"more-link\">Okumaya devam edin<span class=\"screen-reader-text\"> \"Rucksack KiTa i\u00e7in ebeveyn dan\u0131\u015fman\u0131 olarak yeterlilik\"<\/span>...<\/a><\/div>","protected":false},"author":1,"featured_media":0,"parent":0,"menu_order":0,"comment_status":"closed","ping_status":"closed","template":"","meta":{"_acf_changed":false,"footnotes":""},"class_list":["post-2757","page","type-page","status-publish","hentry","entry"],"acf":[],"_links":{"self":[{"href":"https:\/\/www.griffbereit-rucksack.de\/tr\/wp-json\/wp\/v2\/pages\/2757","targetHints":{"allow":["GET"]}}],"collection":[{"href":"https:\/\/www.griffbereit-rucksack.de\/tr\/wp-json\/wp\/v2\/pages"}],"about":[{"href":"https:\/\/www.griffbereit-rucksack.de\/tr\/wp-json\/wp\/v2\/types\/page"}],"author":[{"embeddable":true,"href":"https:\/\/www.griffbereit-rucksack.de\/tr\/wp-json\/wp\/v2\/users\/1"}],"replies":[{"embeddable":true,"href":"https:\/\/www.griffbereit-rucksack.de\/tr\/wp-json\/wp\/v2\/comments?post=2757"}],"version-history":[{"count":0,"href":"https:\/\/www.griffbereit-rucksack.de\/tr\/wp-json\/wp\/v2\/pages\/2757\/revisions"}],"wp:attachment":[{"href":"https:\/\/www.griffbereit-rucksack.de\/tr\/wp-json\/wp\/v2\/media?parent=2757"}],"curies":[{"name":"wp","href":"https:\/\/api.w.org\/{rel}","templated":true}]}}