{"id":2748,"date":"2020-08-17T16:08:53","date_gmt":"2020-08-17T14:08:53","guid":{"rendered":"https:\/\/www.griffbereit-rucksack.de\/?page_id=2748"},"modified":"2020-09-15T12:47:01","modified_gmt":"2020-09-15T10:47:01","slug":"ablauf-rucksack-kita","status":"publish","type":"page","link":"https:\/\/www.griffbereit-rucksack.de\/tr\/ablauf-rucksack-kita\/","title":{"rendered":"Prosed\u00fcr Rucksack KiTa"},"content":{"rendered":"<h2>\n\t\tRucksack KiTa nas\u0131l \u00e7al\u0131\u015f\u0131r?\n\t<\/h2>\n\t<p>Ebeveynler\/aileler <strong>9 ay boyunca haftal\u0131k<\/strong> (en az bir KiTa y\u0131l\u0131) <em>Rucksack KiTa<\/em>-Grup her zaman \u00e7ocu\u011fun devam etti\u011fi g\u00fcnd\u00fcz bak\u0131m merkezinde toplan\u0131r. Grup her zaman \u00e7ocu\u011fun devam etti\u011fi g\u00fcnd\u00fcz bak\u0131m merkezinde toplan\u0131r veya bu merkezle ba\u011flant\u0131l\u0131d\u0131r.<\/p>\n<p><strong>\u0130\u00e7in karakteristik <em>Rucksack KiTa-<\/em>Ebeveyn gruplar\u0131:<\/strong><\/p>\n<ul>\n<li>Ortak faaliyetler nitelikli ebeveyn rehberleri taraf\u0131ndan y\u00f6netilmektedir.<\/li>\n<\/ul>\n\t<ul>\n<li>Kat\u0131l\u0131mc\u0131 ebeveynler\/aileler, evde \u00e7ocuklar\u0131yla birlikte aile dil(ler)inde etkinlikleri tekrarlar ve derinle\u015ftirir.<\/li>\n<li>Ebeveyn grubu ve anaokulu, e\u011fitim \u00e7al\u0131\u015fmalar\u0131n\u0131 temalara g\u00f6re ve \u00e7ok dillili\u011fi dikkate alarak koordine etmektedir.<\/li>\n<li>\u00d6zel olarak geli\u015ftirilmi\u015ftir <em>Rucksack KiTa<\/em>-Materyaller, ebeveynlere\/ailelere \u00e7ocuklar\u0131yla birlikte aile i\u00e7inde yapacaklar\u0131 g\u00fcnl\u00fck faaliyetler i\u00e7in te\u015fvik sa\u011flar.<\/li>\n<\/ul>","protected":false},"excerpt":{"rendered":"<div class=\"entry-summary\">\n<div class=\"entry-summary\">\nRucksack KiTa nas\u0131l \u00e7al\u0131\u015f\u0131r? Ebeveynler\/aileler 9 ay boyunca (en az bir kre\u015f y\u0131l\u0131) her hafta Rucksack KiTa ebeveyn grubuna kat\u0131l\u0131rlar.\n<\/div>\n<div class=\"link-more\"><a href=\"https:\/\/www.griffbereit-rucksack.de\/tr\/ablauf-rucksack-kita\/\" class=\"more-link\">Okumaya devam edin<span class=\"screen-reader-text\"> \"Prosed\u00fcr Rucksack KiTa\"<\/span>...<\/a><\/div>\n<\/div>\n<div class=\"link-more\"><a href=\"https:\/\/www.griffbereit-rucksack.de\/tr\/ablauf-rucksack-kita\/\" class=\"more-link\">Okumaya devam edin<span class=\"screen-reader-text\"> \"Prosed\u00fcr Rucksack KiTa\"<\/span>...<\/a><\/div>","protected":false},"author":1,"featured_media":0,"parent":0,"menu_order":0,"comment_status":"closed","ping_status":"closed","template":"","meta":{"_acf_changed":false,"footnotes":""},"class_list":["post-2748","page","type-page","status-publish","hentry","entry"],"acf":[],"_links":{"self":[{"href":"https:\/\/www.griffbereit-rucksack.de\/tr\/wp-json\/wp\/v2\/pages\/2748","targetHints":{"allow":["GET"]}}],"collection":[{"href":"https:\/\/www.griffbereit-rucksack.de\/tr\/wp-json\/wp\/v2\/pages"}],"about":[{"href":"https:\/\/www.griffbereit-rucksack.de\/tr\/wp-json\/wp\/v2\/types\/page"}],"author":[{"embeddable":true,"href":"https:\/\/www.griffbereit-rucksack.de\/tr\/wp-json\/wp\/v2\/users\/1"}],"replies":[{"embeddable":true,"href":"https:\/\/www.griffbereit-rucksack.de\/tr\/wp-json\/wp\/v2\/comments?post=2748"}],"version-history":[{"count":0,"href":"https:\/\/www.griffbereit-rucksack.de\/tr\/wp-json\/wp\/v2\/pages\/2748\/revisions"}],"wp:attachment":[{"href":"https:\/\/www.griffbereit-rucksack.de\/tr\/wp-json\/wp\/v2\/media?parent=2748"}],"curies":[{"name":"wp","href":"https:\/\/api.w.org\/{rel}","templated":true}]}}