{"id":2745,"date":"2020-08-17T16:03:43","date_gmt":"2020-08-17T14:03:43","guid":{"rendered":"https:\/\/www.griffbereit-rucksack.de\/?page_id=2745"},"modified":"2020-09-15T12:46:15","modified_gmt":"2020-09-15T10:46:15","slug":"angebot-rucksack-kita","status":"publish","type":"page","link":"https:\/\/www.griffbereit-rucksack.de\/tr\/angebot-rucksack-kita\/","title":{"rendered":"Teklif Rucksack KiTa"},"content":{"rendered":"<h2>\n\t\tRucksack KiTa ne i\u015fe yarar?\n\t<\/h2>\n\t<p><em>Rucksack KiTa<\/em> \"v\u00fccut\", \"g\u00fcnd\u00fcz bak\u0131m merkezi\" ve \"aile\" gibi g\u00fcnl\u00fck konular\u0131 kullanarak \u00e7ocuklar\u0131n genel ve dilsel e\u011fitimini te\u015fvik eder. Bu e\u011fitim <a href=\"https:\/\/www.griffbereit-rucksack.de\/tr\/mehrsprachigkeit\/\">\u00c7ok Dillilik<\/a> \u00c7ocuklar\u0131n potansiyeli, ebeveynlerin\/ailenin ve g\u00fcnd\u00fcz bak\u0131m merkezinin birlikte g\u00fc\u00e7lendirmesi gereken bir potansiyel olarak ele al\u0131nmaktad\u0131r.<\/p>\n<p><strong>Kat\u0131l\u0131mc\u0131 ebeveynler\/aileler kat\u0131l\u0131m i\u00e7in te\u015fvik edilir ve \u00e7ocuklar\u0131n\u0131n e\u011fitimi ve aile dil(ler)ini \u00f6\u011frenmeleri i\u00e7in uzman olarak aktif bir \u015fekilde yakla\u015f\u0131l\u0131r. E\u011fitim uzmanlar\u0131 Almanca dilini te\u015fvik etmekten sorumludur.<\/strong><\/p>\n\t<p><em>Rucksack KiTa<\/em> ayn\u0131 zamanda bir aile e\u011fitim program\u0131d\u0131r. S\u00f6zde <em>Rucksack KiTa<\/em>-Ebeveyn gruplar\u0131nda aileler, \u00e7ocuklar\u0131n\u0131n genel ve dilsel geli\u015fimini nas\u0131l g\u00fc\u00e7lendireceklerini derinlemesine \u00f6\u011frenirler. \u00d6zel nitelikli, \u00e7ok dilli ebeveyn rehberleri taraf\u0131ndan desteklenirler.<\/p>","protected":false},"excerpt":{"rendered":"<div class=\"entry-summary\">\n<div class=\"entry-summary\">\nRucksack KiTa ne yapar? Rucksack KiTa, \u00e7ocuklar\u0131n genel ve dil e\u011fitimini g\u00fcnl\u00fck konular\u0131 kullanarak te\u015fvik eder...\n<\/div>\n<div class=\"link-more\"><a href=\"https:\/\/www.griffbereit-rucksack.de\/tr\/angebot-rucksack-kita\/\" class=\"more-link\">Okumaya devam edin<span class=\"screen-reader-text\"> \"Teklif Rucksack KiTa\"<\/span>...<\/a><\/div>\n<\/div>\n<div class=\"link-more\"><a href=\"https:\/\/www.griffbereit-rucksack.de\/tr\/angebot-rucksack-kita\/\" class=\"more-link\">Okumaya devam edin<span class=\"screen-reader-text\"> \"Teklif Rucksack KiTa\"<\/span>...<\/a><\/div>","protected":false},"author":1,"featured_media":0,"parent":0,"menu_order":0,"comment_status":"closed","ping_status":"closed","template":"","meta":{"_acf_changed":false,"footnotes":""},"class_list":["post-2745","page","type-page","status-publish","hentry","entry"],"acf":[],"_links":{"self":[{"href":"https:\/\/www.griffbereit-rucksack.de\/tr\/wp-json\/wp\/v2\/pages\/2745","targetHints":{"allow":["GET"]}}],"collection":[{"href":"https:\/\/www.griffbereit-rucksack.de\/tr\/wp-json\/wp\/v2\/pages"}],"about":[{"href":"https:\/\/www.griffbereit-rucksack.de\/tr\/wp-json\/wp\/v2\/types\/page"}],"author":[{"embeddable":true,"href":"https:\/\/www.griffbereit-rucksack.de\/tr\/wp-json\/wp\/v2\/users\/1"}],"replies":[{"embeddable":true,"href":"https:\/\/www.griffbereit-rucksack.de\/tr\/wp-json\/wp\/v2\/comments?post=2745"}],"version-history":[{"count":0,"href":"https:\/\/www.griffbereit-rucksack.de\/tr\/wp-json\/wp\/v2\/pages\/2745\/revisions"}],"wp:attachment":[{"href":"https:\/\/www.griffbereit-rucksack.de\/tr\/wp-json\/wp\/v2\/media?parent=2745"}],"curies":[{"name":"wp","href":"https:\/\/api.w.org\/{rel}","templated":true}]}}