{"id":2705,"date":"2020-08-13T14:11:09","date_gmt":"2020-08-13T12:11:09","guid":{"rendered":"https:\/\/www.griffbereit-rucksack.de\/?page_id=2705"},"modified":"2023-07-17T16:14:20","modified_gmt":"2023-07-17T14:14:20","slug":"organisatorisches-griffbereit","status":"publish","type":"page","link":"https:\/\/www.griffbereit-rucksack.de\/tr\/organisatorisches-griffbereit\/","title":{"rendered":"Organizasyonel Griffbereit"},"content":{"rendered":"<p><strong>\u00d6nemli noktalar <em>Griffbereit<\/em>-Grup:<\/strong><\/p>\n<ul>\n<li>Etkinlik t\u00fcr\u00fc: \u00e7ok dilli ebeveyn-\u00e7ocuk etkinlikleri<\/li>\n<li>\u00c7ocuklar\u0131n ya\u015f\u0131: 1 ila 3 ya\u015f aras\u0131<\/li>\n<li>Kat\u0131l\u0131mc\u0131 say\u0131s\u0131: grup ba\u015f\u0131na en fazla 8 ebeveyn\/aile<\/li>\n<li>Rotasyon: d\u00fczenli olarak haftada 1 kez (aileler aras\u0131nda ihtiya\u00e7 olmas\u0131 halinde daha s\u0131k da ger\u00e7ekle\u015febilir)<\/li>\n<li>S\u00fcre: yakla\u015f\u0131k 1 y\u0131l<\/li>\n<li>Liderlik: \u0130deal olarak 2, ancak ebeveyn refakat\u00e7isi rol\u00fcnde en az 1 ki\u015fi.<\/li>\n<\/ul>\n<strong><br \/>\nEbeveyn rehberlerinin rol\u00fc:<\/strong>\n<p>Ebeveyn rehberlerin dilsel yeterlili\u011fine dikkat etmek \u00f6nemlidir. \u00c7ift personel durumunda, ikinci rehberin \u00e7ok dilli olmas\u0131 ve ikinci dil olarak Almancaya hakim olmas\u0131 halinde, iki ebeveyn rehberinden biri tek dilli Almanca olabilir. Ebeveyn rehberleri b\u00f6ylece grupta \u00e7ok dillili\u011fin tutarl\u0131 ve g\u00fcvenilir bir \u015fekilde kullan\u0131lmas\u0131n\u0131 da sa\u011flar.<\/p>\n<p>\u00c7ok dillilik, g\u00f6\u00e7e duyarl\u0131 i\u015fbirli\u011fi ve a\u00e7\u0131k i\u015fbirli\u011fi, ebeveyn rehberlerinin ebeveynlere\/ailelere y\u00f6nelik olarak da \u00f6rnekledi\u011fi niteliklerdir. Ebeveyn rehberleri taraf\u0131ndan program\u0131n tasar\u0131m\u0131 arac\u0131l\u0131\u011f\u0131yla \u00fcretilen d\u00fcrt\u00fcler <em>Griffbereit-<\/em>Gruplar e\u011flenceli aktiviteler, \u015fark\u0131lar ve \u00f6nerilerle haz\u0131rlan\u0131r, ebeveynlere\/ailelere \u00e7ocuklar\u0131yla etkile\u015fim kurmak ve aile i\u00e7indeki ili\u015fkiyi g\u00fc\u00e7lendirmek i\u00e7in yeni fikirler ve g\u00fcvenlik sa\u011flar.<\/p>\n\t<strong>Ebeveyn rehberlerinin yeterlili\u011fi:<br \/>\n<\/strong>Ebeveyn rehberleri, program ba\u015flamadan \u00f6nce faaliyetleri i\u00e7in haz\u0131rlan\u0131r (program\u0131n konsepti, hedefleri ve i\u00e7eri\u011fi). <em>Griffbereit<\/em>-Program<a href=\"#_ftn1\" name=\"_ftnref1\">[1]<\/a>). Projenin uygulanmas\u0131nda y\u00fcksek kaliteyi sa\u011flamak i\u00e7in <em>Griffbereit<\/em>-Grubun ba\u015far\u0131s\u0131n\u0131 sa\u011flamak i\u00e7in, ebeveyn rehberlerinin s\u00fcrekli bir e\u011fitim program\u0131na eri\u015fimi olmal\u0131d\u0131r.\n\t\t\t<a href=\"https:\/\/www.griffbereit-rucksack.de\/tr\/qualifizierung-zur-elternbegleiterin-fuer-griffbereit\/\" target=\"_self\" role=\"button\" rel=\"noopener\">\n\t\t\t\t\t\t\tEbeveyn refakat\u00e7isi olarak yeterlilik\n\t\t\t<\/a>\n\t<strong>Ebeveyn rehberlerinin organizasyonu:<\/strong><br \/>\nDaha fazla e\u011fitime ek olarak, ebeveyn rehberlerinin d\u00fczenli olarak desteklenmesi ve dan\u0131\u015fmanl\u0131k hizmeti almas\u0131, fikir al\u0131\u015fveri\u015fi, d\u00fc\u015f\u00fcnme, de\u011ferlendirme ve grup \u00e7al\u0131\u015fmas\u0131n\u0131n haz\u0131rlanmas\u0131 ve takibi i\u00e7in gereklidir. Programa e\u015flik eden rehberlik ve yeterlilik, ebeveyn rehberlerinin ihtiya\u00e7lar\u0131na g\u00f6re uyarlan\u0131r. Program\u0131n uygulanmaya ba\u015flamas\u0131ndan sonra, t\u00fcm akt\u00f6rlerle d\u00fczenli de\u011fi\u015fim ve yans\u0131tma toplant\u0131lar\u0131 yap\u0131lmal\u0131d\u0131r (yakla\u015f\u0131k 6 haftada bir).\n<strong>Organizasyon Program Koordinat\u00f6r\u00fc:<\/strong><br \/>\nGruba rehberlik eden ki\u015fi, program\u0131n tan\u0131t\u0131m\u0131n\u0131, hitap ve kompozisyon rehberli\u011fini \u00fcstlenir. <em>Griffbereit<\/em>-Grup, grubun koordinasyonundan, tesisin e\u011fitim personeli ile ileti\u015fim ve isti\u015fareden, ebeveyn rehberlerinin y\u00f6nlendirilmesinden ve ebeveyn rehberlerinin ve e\u011fitim personelinin e\u011fitiminden sorumludur.\n\t<p><a href=\"#_ftnref1\" name=\"_ftn1\">[1]<\/a> Di\u011fer odak noktalar\u0131 \u015funlard\u0131r: Ebeveyn refakat\u00e7isi olarak rol <em>Griffbereit<\/em>-materyaller, pratik uygulama, yans\u0131tma, e\u011fitim konular\u0131, ebeveyn ak\u015famlar\u0131n\u0131n organizasyonu vb.<\/p>","protected":false},"excerpt":{"rendered":"<div class=\"entry-summary\">\n<div class=\"entry-summary\">\n\u00d6nemli noktalar Griffbereit grubu: Etkinlik t\u00fcr\u00fc: \u00e7ok dilli ebeveyn-\u00e7ocuk etkinlikleri \u00c7ocuklar\u0131n ya\u015f\u0131: 1 ila 3 ya\u015f aras\u0131 Kat\u0131l\u0131mc\u0131 say\u0131s\u0131: en fazla...\n<\/div>\n<div class=\"link-more\"><a href=\"https:\/\/www.griffbereit-rucksack.de\/tr\/organisatorisches-griffbereit\/\" class=\"more-link\">Okumaya devam edin<span class=\"screen-reader-text\"> \"Organizasyonel Griffbereit\"<\/span>...<\/a><\/div>\n<\/div>\n<div class=\"link-more\"><a href=\"https:\/\/www.griffbereit-rucksack.de\/tr\/organisatorisches-griffbereit\/\" class=\"more-link\">Okumaya devam edin<span class=\"screen-reader-text\"> \"Organizasyonel Griffbereit\"<\/span>...<\/a><\/div>","protected":false},"author":1,"featured_media":0,"parent":0,"menu_order":0,"comment_status":"closed","ping_status":"closed","template":"","meta":{"_acf_changed":false,"footnotes":""},"class_list":["post-2705","page","type-page","status-publish","hentry","entry"],"acf":[],"_links":{"self":[{"href":"https:\/\/www.griffbereit-rucksack.de\/tr\/wp-json\/wp\/v2\/pages\/2705","targetHints":{"allow":["GET"]}}],"collection":[{"href":"https:\/\/www.griffbereit-rucksack.de\/tr\/wp-json\/wp\/v2\/pages"}],"about":[{"href":"https:\/\/www.griffbereit-rucksack.de\/tr\/wp-json\/wp\/v2\/types\/page"}],"author":[{"embeddable":true,"href":"https:\/\/www.griffbereit-rucksack.de\/tr\/wp-json\/wp\/v2\/users\/1"}],"replies":[{"embeddable":true,"href":"https:\/\/www.griffbereit-rucksack.de\/tr\/wp-json\/wp\/v2\/comments?post=2705"}],"version-history":[{"count":0,"href":"https:\/\/www.griffbereit-rucksack.de\/tr\/wp-json\/wp\/v2\/pages\/2705\/revisions"}],"wp:attachment":[{"href":"https:\/\/www.griffbereit-rucksack.de\/tr\/wp-json\/wp\/v2\/media?parent=2705"}],"curies":[{"name":"wp","href":"https:\/\/api.w.org\/{rel}","templated":true}]}}