{"id":2700,"date":"2020-08-13T13:05:34","date_gmt":"2020-08-13T11:05:34","guid":{"rendered":"https:\/\/www.griffbereit-rucksack.de\/?page_id=2700"},"modified":"2020-08-17T17:00:32","modified_gmt":"2020-08-17T15:00:32","slug":"griffbereit-material","status":"publish","type":"page","link":"https:\/\/www.griffbereit-rucksack.de\/tr\/griffbereit-material\/","title":{"rendered":"Griffbereit malzeme"},"content":{"rendered":"<h2>\n\t\tBir bak\u0131\u015fta Griffbereit malzemeleri\n\t<\/h2>\n\t<p>Komple paket \u015funlardan olu\u015fur:<\/p>\n<ul>\n<li><strong><em>Griffbereit<\/em><\/strong><strong>-Ebeveynlik materyalleri:<\/strong> 64 yap\u0131 ta\u015f\u0131 (ya\u015fa ve geli\u015fime uygun aktiviteler ve oyun \u00f6nerileri \u015feklinde) ebeveynlerin\/ailelerin gruptaki ve evdeki \u00e7ocuklarla \u00e7e\u015fitli aile dillerinde \u00e7al\u0131\u015fmalar\u0131 i\u00e7in. Ebeveyn materyalleri Arnavut\u00e7a, Arap\u00e7a, Bulgarca, Dari, Almanca, \u0130ngilizce, Fars\u00e7a, Frans\u0131zca, Yunanca, \u0130branice, \u0130talyanca, H\u0131rvat\u00e7a, K\u00fcrt\u00e7e, Hollandaca, Pe\u015ftuca, Leh\u00e7e, Romence, Rus\u00e7a, S\u0131rp\u00e7a, \u0130spanyolca, \u00c7e\u00e7ence, T\u00fcrk\u00e7e ve Vietnamca dillerinde mevcuttur.<\/li>\n<li><strong>Ebeveyn rehberleri i\u00e7in el kitab\u0131:<\/strong> K\u0131lavuz i\u00e7in <em>Griffbereit<\/em>-Ebeveyn rehberleri i\u00e7in e\u011fitim kursu, \u00e7ocuklarla \u00e7al\u0131\u015fmaya haz\u0131rl\u0131k ve giri\u015f i\u00e7in bir temel te\u015fkil eder. <em>Griffbereit<\/em>-Program. Pratik uygulama hakk\u0131nda bilgi verir, ebeveyn rehberlerinin rol\u00fcn\u00fc a\u00e7\u0131klar, uygulama ko\u015fullar\u0131 ve halkla ili\u015fkiler \u00e7al\u0131\u015fmalar\u0131 i\u00e7in materyaller sa\u011flar, vb. Bir ebeveyn rehberinin nas\u0131l tasarlanaca\u011f\u0131na dair \u00f6rnekler g\u00f6sterir. <em>Griffbereit<\/em>-Ve ilgili kurumlarda yans\u0131tma ve tematik veli ak\u015famlar\u0131 konusunda tavsiyelerde bulunur.<\/li>\n<\/ul>\n\t<ul>\n<li><strong>Tamamlay\u0131c\u0131 materyaller<\/strong> \u00e7ok dilli \u00e7al\u0131\u015fmalar\u0131n hedefe y\u00f6nelik planlanmas\u0131 ve haz\u0131rlanmas\u0131 i\u00e7in <em>Griffbereit<\/em>-Grup.<\/li>\n<\/ul>\n<p>Materyaller 64 haftal\u0131k bir d\u00f6nem i\u00e7in tasarlanm\u0131\u015f olup, 1-31. mod\u00fcller daha \u00e7ok yakla\u015f\u0131k iki ya\u015f\u0131na kadar olan k\u00fc\u00e7\u00fck \u00e7ocuklara, 32-64. mod\u00fcller ise daha \u00e7ok iki ya\u015f\u0131ndan b\u00fcy\u00fck \u00e7ocuklara y\u00f6neliktir. Materyaller s\u00fcrekli olarak daha da geli\u015ftirilmekte ve g\u00f6\u00e7 toplumu ve \u00e7e\u015fitlili\u011findeki geli\u015fmelere g\u00f6re ek \u00e7eviriler eklenmektedir.<\/p>\n<p><strong>Tematik \u00f6nerilere ra\u011fmen program a\u00e7\u0131k ve esnektir. Uygulama, farkl\u0131 pedagojik kavramlar ve g\u00fcnl\u00fck entegre dil e\u011fitimi ile uyumludur.<\/strong>.<\/p>","protected":false},"excerpt":{"rendered":"<div class=\"entry-summary\">\n<div class=\"entry-summary\">\nBir bak\u0131\u015fta Griffbereit materyalleri Komple paket \u015funlardan olu\u015fur: Griffbereit ebeveyn materyalleri: 64 yap\u0131 ta\u015f\u0131 (ya\u015fa ve geli\u015fime uygun aktiviteler \u015feklinde...\n<\/div>\n<div class=\"link-more\"><a href=\"https:\/\/www.griffbereit-rucksack.de\/tr\/griffbereit-material\/\" class=\"more-link\">Okumaya devam edin<span class=\"screen-reader-text\"> \"Griffbereit malzeme\"<\/span>...<\/a><\/div>\n<\/div>\n<div class=\"link-more\"><a href=\"https:\/\/www.griffbereit-rucksack.de\/tr\/griffbereit-material\/\" class=\"more-link\">Okumaya devam edin<span class=\"screen-reader-text\"> \"Griffbereit malzeme\"<\/span>...<\/a><\/div>","protected":false},"author":1,"featured_media":0,"parent":0,"menu_order":0,"comment_status":"closed","ping_status":"closed","template":"","meta":{"_acf_changed":false,"footnotes":""},"class_list":["post-2700","page","type-page","status-publish","hentry","entry"],"acf":[],"_links":{"self":[{"href":"https:\/\/www.griffbereit-rucksack.de\/tr\/wp-json\/wp\/v2\/pages\/2700","targetHints":{"allow":["GET"]}}],"collection":[{"href":"https:\/\/www.griffbereit-rucksack.de\/tr\/wp-json\/wp\/v2\/pages"}],"about":[{"href":"https:\/\/www.griffbereit-rucksack.de\/tr\/wp-json\/wp\/v2\/types\/page"}],"author":[{"embeddable":true,"href":"https:\/\/www.griffbereit-rucksack.de\/tr\/wp-json\/wp\/v2\/users\/1"}],"replies":[{"embeddable":true,"href":"https:\/\/www.griffbereit-rucksack.de\/tr\/wp-json\/wp\/v2\/comments?post=2700"}],"version-history":[{"count":0,"href":"https:\/\/www.griffbereit-rucksack.de\/tr\/wp-json\/wp\/v2\/pages\/2700\/revisions"}],"wp:attachment":[{"href":"https:\/\/www.griffbereit-rucksack.de\/tr\/wp-json\/wp\/v2\/media?parent=2700"}],"curies":[{"name":"wp","href":"https:\/\/api.w.org\/{rel}","templated":true}]}}