{"id":2695,"date":"2020-08-13T12:55:54","date_gmt":"2020-08-13T10:55:54","guid":{"rendered":"https:\/\/www.griffbereit-rucksack.de\/?page_id=2695"},"modified":"2023-07-17T16:15:52","modified_gmt":"2023-07-17T14:15:52","slug":"qualifizierung-zur-elternbegleiterin-fuer-griffbereit","status":"publish","type":"page","link":"https:\/\/www.griffbereit-rucksack.de\/tr\/qualifizierung-zur-elternbegleiterin-fuer-griffbereit\/","title":{"rendered":"Griffbereit i\u00e7in ebeveyn refakat\u00e7isi olarak yeterlilik"},"content":{"rendered":"<h2>\n\t\tEbeveyn rehberleri i\u00e7in yeterlilik ve ileri e\u011fitim\n\t<\/h2>\n\t<p>Ebeveyn rehberleri, program ba\u015flamadan \u00f6nce faaliyetleri i\u00e7in haz\u0131rlan\u0131r (program\u0131n konsepti, ama\u00e7lar\u0131 ve i\u00e7eri\u011fi <em>Griffbereit<\/em><a href=\"#_ftn1\" name=\"_ftnref1\">[1]<\/a>). Y\u00fcksek kalitede bir uygulama sa\u011flamak i\u00e7in <em>Griffbereit<\/em>-Grubun ba\u015far\u0131s\u0131n\u0131 g\u00fcvence alt\u0131na almak amac\u0131yla, ebeveyn rehberleri i\u00e7in ilave e\u011fitim kurslar\u0131 tasarlanm\u0131\u015f ve s\u00fcrekli olarak sunulmaktad\u0131r.<\/p>\n<ol>\n<li><strong> Bu <em>Griffbereit<\/em>-e\u011fitim<\/strong><br \/>\n\u00e7ok \u00e7e\u015fitlidir ve g\u00fc\u00e7l\u00fc bir \u015fekilde sahadaki ilgili ihtiya\u00e7lara y\u00f6neliktir. Kural olarak, \u00f6rne\u011fin a\u015fa\u011f\u0131daki konularda yeterlilikler sunulmaktad\u0131r:<\/li>\n<\/ol>\n<ul>\n<li>Programa ve materyallerine giri\u015f<\/li>\n<li>Ebeveyn refakat\u00e7isi rol\u00fcne giri\u015f (rol yeterlili\u011fi, rol al\u0131\u015ft\u0131rmas\u0131, rol yans\u0131mas\u0131)\n<ul>\n<li>Moderasyon ve sunum teknikleri<\/li>\n<li>Grup i\u00e7inde sohbet<\/li>\n<li>Yeti\u015fkin e\u011fitimi didakti\u011fi ve metodolojisi<\/li>\n<\/ul>\n<\/li>\n<li>E\u011fitim ve \u00f6\u011fretimde \u00e7e\u015fitlilik odakl\u0131 duyarl\u0131l\u0131k\/\u00e7e\u015fitlilik bilin\u00e7li eylem<\/li>\n<li>Dil geli\u015fimi ve \u00e7ok dillilik<\/li>\n<li>Ailelerle i\u015fbirli\u011fi<\/li>\n<li>Okuryazarl\u0131k e\u011fitimi<\/li>\n<li>\u00c7ocuklu\u011fun geli\u015fimsel psikolojisi<\/li>\n<li>Sa\u011fl\u0131k<\/li>\n<li>Cinsel e\u011fitim<\/li>\n<li>Medya e\u011fitimi<\/li>\n<\/ul>\n<p><a href=\"#_ftnref1\" name=\"_ftn1\">[1]<\/a> Di\u011fer odak noktalar\u0131 ebeveyn e\u011fitmeni olarak rol, Griffbereit materyalleri, pratik uygulama, yans\u0131ma: Ebeveyn e\u011fitmeni olarak rol, Griffbereit materyalleri, pratik uygulama, yans\u0131tma, e\u011fitim konular\u0131, ebeveyn ak\u015famlar\u0131n\u0131n organizasyonu vb.<\/p>\n<p>&nbsp;<\/p>\n\t<p><strong>2) \u00c7al\u0131\u015fmalar\u0131 etkileyen di\u011fer konular <em>Griffbereit<\/em>-destek grubu:<\/strong><\/p>\n<ul>\n<li>G\u00fc\u00e7lendirme ve kat\u0131l\u0131m<\/li>\n<li>Dil ve hareket<\/li>\n<li>\u00c7ok dilli e\u011fitim<\/li>\n<li>E\u011fitim fikirleri ve stilleri<\/li>\n<li>Y\u00fcksek sesle okuma teknikleri<\/li>\n<li>Ba\u011flanman\u0131n \u00e7ocuk geli\u015fimi i\u00e7in \u00f6nemi<\/li>\n<li>Yeni y\u00fcr\u00fcmeye ba\u015flayan ve\/veya okul \u00f6ncesi \u00e7ocuklar\u0131n geli\u015fimi<\/li>\n<li>\u00d6nc\u00fc becerilerin desteklenmesi (\u00f6rne\u011fin fen bilimlerinde)<\/li>\n<li>Etkinlikler ve oyunlar<\/li>\n<li>\u00c7ocuklar\u0131 g\u00f6zlemleyin ve motive edin<\/li>\n<li>Dinleraras\u0131 diyalog<\/li>\n<li>Ebeveynlerin\/ailelerin sorular\u0131ndan ortaya \u00e7\u0131kan konular<\/li>\n<\/ul>","protected":false},"excerpt":{"rendered":"<div class=\"entry-summary\">\n<div class=\"entry-summary\">\nEbeveyn rehberleri i\u00e7in yeterlilik ve ileri e\u011fitim Ebeveyn rehberleri, program ba\u015flamadan \u00f6nce faaliyetleri i\u00e7in haz\u0131rlan\u0131rlar (konsept, hedefler ve i\u00e7erik...\n<\/div>\n<div class=\"link-more\"><a href=\"https:\/\/www.griffbereit-rucksack.de\/tr\/qualifizierung-zur-elternbegleiterin-fuer-griffbereit\/\" class=\"more-link\">Okumaya devam edin<span class=\"screen-reader-text\"> \"Griffbereit i\u00e7in ebeveynlik refakat\u00e7isi olarak yeterlilik\".<\/span>...<\/a><\/div>\n<\/div>\n<div class=\"link-more\"><a href=\"https:\/\/www.griffbereit-rucksack.de\/tr\/qualifizierung-zur-elternbegleiterin-fuer-griffbereit\/\" class=\"more-link\">Okumaya devam edin<span class=\"screen-reader-text\"> \"Griffbereit i\u00e7in ebeveynlik refakat\u00e7isi olarak yeterlilik\".<\/span>...<\/a><\/div>","protected":false},"author":1,"featured_media":0,"parent":0,"menu_order":0,"comment_status":"closed","ping_status":"closed","template":"","meta":{"_acf_changed":false,"footnotes":""},"class_list":["post-2695","page","type-page","status-publish","hentry","entry"],"acf":[],"_links":{"self":[{"href":"https:\/\/www.griffbereit-rucksack.de\/tr\/wp-json\/wp\/v2\/pages\/2695","targetHints":{"allow":["GET"]}}],"collection":[{"href":"https:\/\/www.griffbereit-rucksack.de\/tr\/wp-json\/wp\/v2\/pages"}],"about":[{"href":"https:\/\/www.griffbereit-rucksack.de\/tr\/wp-json\/wp\/v2\/types\/page"}],"author":[{"embeddable":true,"href":"https:\/\/www.griffbereit-rucksack.de\/tr\/wp-json\/wp\/v2\/users\/1"}],"replies":[{"embeddable":true,"href":"https:\/\/www.griffbereit-rucksack.de\/tr\/wp-json\/wp\/v2\/comments?post=2695"}],"version-history":[{"count":0,"href":"https:\/\/www.griffbereit-rucksack.de\/tr\/wp-json\/wp\/v2\/pages\/2695\/revisions"}],"wp:attachment":[{"href":"https:\/\/www.griffbereit-rucksack.de\/tr\/wp-json\/wp\/v2\/media?parent=2695"}],"curies":[{"name":"wp","href":"https:\/\/api.w.org\/{rel}","templated":true}]}}