{"id":2665,"date":"2020-08-12T15:40:26","date_gmt":"2020-08-12T13:40:26","guid":{"rendered":"https:\/\/www.griffbereit-rucksack.de\/?page_id=2665"},"modified":"2020-09-15T12:44:55","modified_gmt":"2020-09-15T10:44:55","slug":"ablauf-griffbereit","status":"publish","type":"page","link":"https:\/\/www.griffbereit-rucksack.de\/tr\/ablauf-griffbereit\/","title":{"rendered":"Prosed\u00fcr Griffbereit"},"content":{"rendered":"<h2>\n\t\tGriffbereit nas\u0131l \u00e7al\u0131\u015f\u0131r?\n\t<\/h2>\n\t<p>Ebeveynler ve \u00e7ocuklar yakla\u015f\u0131k olarak <strong>1 y\u0131l boyunca d\u00fczenli olarak haftada 1 kez (aileler aras\u0131nda ihtiya\u00e7 olmas\u0131 halinde daha s\u0131k da ger\u00e7ekle\u015ftirilebilir) <\/strong>en <em>Griffbereit<\/em>-grup. Program, \u00f6rne\u011fin kre\u015flerde, aile merkezlerinde veya aileler i\u00e7in temas noktas\u0131 olan di\u011fer e\u011fitim kurumlar\u0131nda sunulmaktad\u0131r.<\/p>\n\t<p><strong>\u0130\u00e7in karakteristik <em>Griffbereit<\/em>-gruplar:<\/strong><\/p>\n<ul>\n<li>Ebeveyn-\u00e7ocuk etkile\u015fimi (oyun, \u015fark\u0131, el i\u015fi vb.) \u00f6zel nitelikli ebeveyn rehberleri taraf\u0131ndan y\u00f6netilmektedir.<\/li>\n<li>\u0130\u00e7inde <em>Griffbereit<\/em>-Bir grupta her zaman iki veya daha fazla dil konu\u015fulur: Almanca VE kat\u0131l\u0131mc\u0131lar\u0131n aile dili\/dilleri.<\/li>\n<\/ul>\n<p>\u00d6zel olarak geli\u015ftirilmi\u015ftir <em>Griffbereit<\/em>-Materyaller, ebeveynlere\/ailelere, ailedeki \u00e7ocuklar\u0131yla birlikte \u00e7e\u015fitli oyun ve dil etkinlikleri i\u00e7in ya\u015fa ve geli\u015fime uygun uyar\u0131mlar sunar.<\/p>","protected":false},"excerpt":{"rendered":"<div class=\"entry-summary\">\n<div class=\"entry-summary\">\nGriffbereit nas\u0131l \u00e7al\u0131\u015f\u0131r? Ebeveynler ve \u00e7ocuklar yakla\u015f\u0131k 1 y\u0131l boyunca haftada bir kez d\u00fczenli derslere kat\u0131l\u0131rlar (ayr\u0131ca...\n<\/div>\n<div class=\"link-more\"><a href=\"https:\/\/www.griffbereit-rucksack.de\/tr\/ablauf-griffbereit\/\" class=\"more-link\">Okumaya devam edin<span class=\"screen-reader-text\"> \"Prosed\u00fcr Griffbereit\"<\/span>...<\/a><\/div>\n<\/div>\n<div class=\"link-more\"><a href=\"https:\/\/www.griffbereit-rucksack.de\/tr\/ablauf-griffbereit\/\" class=\"more-link\">Okumaya devam edin<span class=\"screen-reader-text\"> \"Prosed\u00fcr Griffbereit\"<\/span>...<\/a><\/div>","protected":false},"author":1,"featured_media":0,"parent":0,"menu_order":0,"comment_status":"closed","ping_status":"closed","template":"","meta":{"_acf_changed":false,"footnotes":""},"class_list":["post-2665","page","type-page","status-publish","hentry","entry"],"acf":[],"_links":{"self":[{"href":"https:\/\/www.griffbereit-rucksack.de\/tr\/wp-json\/wp\/v2\/pages\/2665","targetHints":{"allow":["GET"]}}],"collection":[{"href":"https:\/\/www.griffbereit-rucksack.de\/tr\/wp-json\/wp\/v2\/pages"}],"about":[{"href":"https:\/\/www.griffbereit-rucksack.de\/tr\/wp-json\/wp\/v2\/types\/page"}],"author":[{"embeddable":true,"href":"https:\/\/www.griffbereit-rucksack.de\/tr\/wp-json\/wp\/v2\/users\/1"}],"replies":[{"embeddable":true,"href":"https:\/\/www.griffbereit-rucksack.de\/tr\/wp-json\/wp\/v2\/comments?post=2665"}],"version-history":[{"count":0,"href":"https:\/\/www.griffbereit-rucksack.de\/tr\/wp-json\/wp\/v2\/pages\/2665\/revisions"}],"wp:attachment":[{"href":"https:\/\/www.griffbereit-rucksack.de\/tr\/wp-json\/wp\/v2\/media?parent=2665"}],"curies":[{"name":"wp","href":"https:\/\/api.w.org\/{rel}","templated":true}]}}