{"id":2658,"date":"2020-08-12T14:02:49","date_gmt":"2020-08-12T12:02:49","guid":{"rendered":"https:\/\/www.griffbereit-rucksack.de\/?page_id=2658"},"modified":"2021-07-06T12:45:07","modified_gmt":"2021-07-06T10:45:07","slug":"angebot-griffbereit","status":"publish","type":"page","link":"https:\/\/www.griffbereit-rucksack.de\/tr\/angebot-griffbereit\/","title":{"rendered":"Teklif Griffbereit"},"content":{"rendered":"<h2>\n\t\tGriffbereit ne i\u015fe yarar?\n\t<\/h2>\n\t<p><em>Griffbereit<\/em> Ebeveynlerle\/ailelerle birlikte aile dillerinde ve Almanca olarak oyun oynamak, \u015fark\u0131 s\u00f6ylemek veya resim yapmak gibi yeni y\u00fcr\u00fcmeye ba\u015flayan \u00e7ocuklara uygun etkinlikler yoluyla erken \u00e7ocukluk geli\u015fimini te\u015fvik eder. Bu, dil becerilerinin kazan\u0131lmas\u0131 i\u00e7in \u00f6nemli bir temel olu\u015fturur.<\/p>\n<p><strong>Bunu yaparken, program ebeveynleri\/aileleri, birinci dildeki rol modelleri olduklar\u0131 ve g\u00fcnl\u00fck ya\u015famda \u00e7ocuklar\u0131yla en yak\u0131n ili\u015fkiye sahip olduklar\u0131 i\u00e7in akt\u00f6rlerin kendileri olmalar\u0131 i\u00e7in g\u00fc\u00e7lendirir.<\/strong><\/p>\n\t<p>S\u00f6zde <em>Griffbereit<\/em>Ebeveyn-\u00f6\u011fretmen gruplar\u0131nda, \u00e7ocuklar\u0131n\u0131n genel ve dilsel geli\u015fimini nas\u0131l g\u00fc\u00e7lendireceklerini \u00f6\u011frenirler. E\u011fitimli, \u00e7o\u011funlukla \u00e7ok dilli ebeveyn rehberleri taraf\u0131ndan desteklenirler.<\/p>\n<p>Uluslararas\u0131 bir aile ge\u00e7mi\u015fi olan ve olmayan k\u00fc\u00e7\u00fck \u00e7ocuklar b\u00f6ylece \u00e7ok erken ya\u015fta Almanca ve di\u011fer dillerle temas kurarlar. Bu sayede <em>Griffbereit<\/em> olas\u0131l\u0131\u011f\u0131 <a href=\"https:\/\/www.griffbereit-rucksack.de\/tr\/mehrsprachigkeit\/\"><strong>\u00c7ok Dillilik<\/strong><strong> \u00e7ocuklar\u0131n bir potansiyeli olarak<\/strong><\/a> almak i\u00e7in.<\/p>\n<p>&nbsp;<\/p>","protected":false},"excerpt":{"rendered":"<div class=\"entry-summary\">\n<div class=\"entry-summary\">\nGriffbereit ne yapar? Griffbereit, ebeveynler\/aileler ile birlikte oyun oynama, oyun oynama gibi y\u00fcr\u00fcmeye ba\u015flayan \u00e7ocuk odakl\u0131 etkinlikler yoluyla erken \u00e7ocukluk geli\u015fimini te\u015fvik eder...\n<\/div>\n<div class=\"link-more\"><a href=\"https:\/\/www.griffbereit-rucksack.de\/tr\/angebot-griffbereit\/\" class=\"more-link\">Okumaya devam edin<span class=\"screen-reader-text\"> \"Teklif Griffbereit\"<\/span>...<\/a><\/div>\n<\/div>\n<div class=\"link-more\"><a href=\"https:\/\/www.griffbereit-rucksack.de\/tr\/angebot-griffbereit\/\" class=\"more-link\">Okumaya devam edin<span class=\"screen-reader-text\"> \"Teklif Griffbereit\"<\/span>...<\/a><\/div>","protected":false},"author":1,"featured_media":0,"parent":0,"menu_order":0,"comment_status":"closed","ping_status":"closed","template":"","meta":{"_acf_changed":false,"footnotes":""},"class_list":["post-2658","page","type-page","status-publish","hentry","entry"],"acf":[],"_links":{"self":[{"href":"https:\/\/www.griffbereit-rucksack.de\/tr\/wp-json\/wp\/v2\/pages\/2658","targetHints":{"allow":["GET"]}}],"collection":[{"href":"https:\/\/www.griffbereit-rucksack.de\/tr\/wp-json\/wp\/v2\/pages"}],"about":[{"href":"https:\/\/www.griffbereit-rucksack.de\/tr\/wp-json\/wp\/v2\/types\/page"}],"author":[{"embeddable":true,"href":"https:\/\/www.griffbereit-rucksack.de\/tr\/wp-json\/wp\/v2\/users\/1"}],"replies":[{"embeddable":true,"href":"https:\/\/www.griffbereit-rucksack.de\/tr\/wp-json\/wp\/v2\/comments?post=2658"}],"version-history":[{"count":0,"href":"https:\/\/www.griffbereit-rucksack.de\/tr\/wp-json\/wp\/v2\/pages\/2658\/revisions"}],"wp:attachment":[{"href":"https:\/\/www.griffbereit-rucksack.de\/tr\/wp-json\/wp\/v2\/media?parent=2658"}],"curies":[{"name":"wp","href":"https:\/\/api.w.org\/{rel}","templated":true}]}}