{"id":2366,"date":"2020-03-02T13:32:29","date_gmt":"2020-03-02T12:32:29","guid":{"rendered":"https:\/\/www.griffbereit-rucksack.de\/?page_id=2366"},"modified":"2023-07-17T16:16:56","modified_gmt":"2023-07-17T14:16:56","slug":"mitmachen","status":"publish","type":"page","link":"https:\/\/www.griffbereit-rucksack.de\/tr\/mitmachen\/","title":{"rendered":"Kat\u0131lmak"},"content":{"rendered":"<h3><strong><u>(E\u011fitim) kurumu<\/u><\/strong><\/h3>\n<p><em>Neden kat\u0131lmal\u0131y\u0131m? <\/em><\/p>\n<p><em>Griffbereit<\/em> ve <em>Rucksack KiTa<\/em> (e\u011fitim) kurumlar\u0131nda ger\u00e7ekle\u015fen programlard\u0131r. Bu b\u00fcy\u00fck bir f\u0131rsatt\u0131r: bir yandan aileler ve (e\u011fitim) kurumlar\u0131 aras\u0131ndaki e\u011fitim ortakl\u0131\u011f\u0131n\u0131, her iki taraf\u0131n da uzun vadede faydalanabilece\u011fi yetkinlik ortakl\u0131klar\u0131 anlam\u0131nda g\u00fc\u00e7lendirebilir. \u00d6te yandan, (e\u011fitim) kurumlar\u0131 da \u00e7e\u015fitlilik ve \u00e7ok dillilik ba\u011flam\u0131nda a\u00e7\u0131labilir. Bu a\u00e7\u0131kl\u0131k, e\u011fitim kurumunuzda b\u00fcy\u00fck de\u011fi\u015fikliklere yol a\u00e7abilecek s\u00fcre\u00e7leri ba\u015flatabilir.<\/p>\n<p><strong>Bir (e\u011fitim) kurumu olarak kat\u0131lmak ister misiniz ve <em>Griffbereit resp. Rucksack KiTa <\/em>Kendin mi yapacaks\u0131n?<\/strong><\/p>\n<p>Koordinasyon Merkezi Bulucu size bu konuda yard\u0131mc\u0131 olacakt\u0131r.<\/p>\n<p>\u0130lgili (e\u011fitim) bir kurum olarak sizden sorumlu koordinasyon ofisi ile ileti\u015fime ge\u00e7menizi kolayla\u015ft\u0131rmak i\u00e7in a\u015fa\u011f\u0131daki arama i\u015flevini olu\u015fturduk.<\/p>\n<p>Bu kadar basit:<\/p>\n<p>Sizden sorumlu koordinasyon ofisini bulmak i\u00e7in e\u011fitim kurumunuzun bulundu\u011fu belediyenin posta kodunu girmeniz yeterlidir.<\/p>\n        <form class=\"bs_search-form\" action=\"\/tr\/state\/\" method=\"get\" data-trp-original-action=\"\/state\/\">\n            <select required class=\"bs_state_field\" name=\"bss\">\n                <option value>Eyalet<\/option>\n                <option value='1'>Baden-W\u00fcrttemberg<\/option><option value='2'>Bavyera<\/option><option value='3'>Berlin<\/option><option value='4'>Brandenburg<\/option><option value='5'>Bremen<\/option><option value='6'>Hamburg<\/option><option value='7'>Hesse<\/option><option value='8'>Mecklenburg-Bat\u0131 Pomeranya<\/option><option value='9'>A\u015fa\u011f\u0131 Saksonya<\/option><option value='10'>Kuzey Ren-Vestfalya<\/option><option value='11'>Rhineland-Palatinate<\/option><option value='12'>Saarland<\/option><option value='13'>Saksonya<\/option><option value='14'>Saksonya-Anhalt<\/option><option value='15'>Schleswig-Holstein<\/option><option value='16'>Th\u00fcringen<\/option>            <\/select>\n            <select required class=\"bs_program_field\" name=\"bsp\">\n                <option value>Program<\/option>\n                <option value='206'>griffbereitMINI<\/option><option value='121'>Griffbereit<\/option><option value='122'>Rucksack KiTa<\/option>            <\/select>\n            <input type=\"hidden\" name=\"bsg\" class=\"bs_searchgroup\" value=\"2\">\n            <input type=\"submit\" value=\"Bul\">\n        <input type=\"hidden\" name=\"trp-form-language\" value=\"tr\"\/><\/form>\n        \n\t<h3><strong><u>Ebeveynler\/Aileler<\/u><\/strong><\/h3>\n<p><em>Neden kat\u0131lmal\u0131y\u0131m? <\/em><\/p>\n<p>Di\u011fer ebeveynler\/aileler ve g\u00fcnd\u00fcz bak\u0131m merkezinin e\u011fitim personeli ile birlikte, \u00e7ocuklar\u0131n\u0131z\u0131n dilsel ve genel geli\u015fimlerini oyun yoluyla nas\u0131l g\u00fc\u00e7lendirebilece\u011finizi \u00f6\u011freneceksiniz. \u00c7ok dillili\u011fin te\u015fvik edilmesine \u00f6zel \u00f6nem verilmektedir. Bu, aile dil(ler)ini g\u00fc\u00e7lendirmeyi ve di\u011fer dilleri tan\u0131may\u0131 i\u00e7erir.<\/p>\n<p><strong>Griffbereit veya Rucksack KiTa grubunu nerede bulabilirim?<\/strong><\/p>\n<p><strong>Bir aile olarak kat\u0131lmak istiyorsunuz ve bir <em>Griffbereit resp. Rucksack KiTa grubu<\/em>?<\/strong><\/p>\n<p>Grup Bulucu size yard\u0131mc\u0131 olacakt\u0131r.<\/p>\n<p>Sadece birka\u00e7 t\u0131klamayla, \u00e7evrimi\u00e7i teklif size a\u015fa\u011f\u0131dakiler hakk\u0131nda bilgi sa\u011flar <em>Griffbereit<\/em> ve\/veya <em>Rucksack KiTa<\/em> B\u00f6lgenizdeki e\u011fitim kurumlar\u0131.<\/p>\n<p>Bu kadar basit:<\/p>\n<p>Listede veya haritada istedi\u011finiz tesisin \u00fczerine t\u0131klad\u0131\u011f\u0131n\u0131zda ayr\u0131nt\u0131l\u0131 bilgiler g\u00f6r\u00fcnt\u00fclenecektir.<\/p>\n        <form class=\"bs_search-form\" action=\"\/tr\/state\/\" method=\"get\" data-trp-original-action=\"\/state\/\">\n            <select required class=\"bs_state_field\" name=\"bss\">\n                <option value>Eyalet<\/option>\n                <option value='1'>Baden-W\u00fcrttemberg<\/option><option value='2'>Bavyera<\/option><option value='3'>Berlin<\/option><option value='4'>Brandenburg<\/option><option value='5'>Bremen<\/option><option value='6'>Hamburg<\/option><option value='7'>Hesse<\/option><option value='8'>Mecklenburg-Bat\u0131 Pomeranya<\/option><option value='9'>A\u015fa\u011f\u0131 Saksonya<\/option><option value='10'>Kuzey Ren-Vestfalya<\/option><option value='11'>Rhineland-Palatinate<\/option><option value='12'>Saarland<\/option><option value='13'>Saksonya<\/option><option value='14'>Saksonya-Anhalt<\/option><option value='15'>Schleswig-Holstein<\/option><option value='16'>Th\u00fcringen<\/option>            <\/select>\n            <select required class=\"bs_program_field\" name=\"bsp\">\n                <option value>Program<\/option>\n                <option value='206'>griffbereitMINI<\/option><option value='121'>Griffbereit<\/option><option value='122'>Rucksack KiTa<\/option>            <\/select>\n            <input type=\"hidden\" name=\"bsg\" class=\"bs_searchgroup\" value=\"1\">\n            <input type=\"submit\" value=\"Bul\">\n        <input type=\"hidden\" name=\"trp-form-language\" value=\"tr\"\/><\/form>\n        \n\t<h3><strong><u>Belediye<\/u><\/strong><\/h3>\n<p><em>Neden kat\u0131lmal\u0131y\u0131m? <\/em><\/p>\n<p>Programlar <em>Griffbereit<\/em> ve <em>Rucksack KiTa<\/em> dil e\u011fitiminin ve aile e\u011fitiminin te\u015fvik edilmesine ve ayn\u0131 zamanda (e\u011fitim) kurumlar\u0131n\u0131n \u00e7e\u015fitlilik odakl\u0131 ve g\u00f6\u00e7-sosyal a\u00e7\u0131l\u0131m\u0131na odaklanan yenilik\u00e7i ve ulusal d\u00fczeyde ba\u015far\u0131l\u0131 programlard\u0131r. E\u011fitimde t\u00fcm \u00e7ocuklar i\u00e7in f\u0131rsat e\u015fitli\u011fi sa\u011flamak amac\u0131yla, \u00e7ocuklar e\u011fitim hayatlar\u0131na m\u00fcmk\u00fcn olan en iyi \u015fekilde haz\u0131rlanmakta ve onlara e\u015flik edilmektedir. Ayn\u0131 zamanda ebeveynler\/aileler de bu ortak yolda aktif hale getirilir.<\/p>\n<p>Buna ek olarak, programlar g\u00fc\u00e7l\u00fc bir sosyo-mekansal y\u00f6nelime (sosyal alanda a\u011f olu\u015fturma) sahiptir, hedef gruplara g\u00f6re farkl\u0131la\u015ft\u0131r\u0131lm\u0131\u015ft\u0131r ve tan\u0131nm\u0131\u015f akademisyenler taraf\u0131ndan profesyonel olarak e\u015flik edilmi\u015f, de\u011ferlendirilmi\u015f ve onaylanm\u0131\u015ft\u0131r. Sosyal ger\u00e7eklere g\u00f6re daha fazla geli\u015ftirme ve uyarlama \u00e7al\u0131\u015fmalar\u0131 devam etmektedir. Bu \u015fekilde programlar, erken e\u011fitimin ve (e\u011fitim) kurumlar\u0131 ile aileler aras\u0131ndaki e\u011fitim ortakl\u0131\u011f\u0131n\u0131n do\u011fal olarak \u00e7e\u015fitlilik bilincine sahip, \u00e7ok dilli, k\u00fclt\u00fcrel olarak duyarl\u0131 ve g\u00f6\u00e7 toplumuna a\u00e7\u0131k oldu\u011fu bir topluma do\u011fru de\u011fi\u015fim s\u00fcre\u00e7lerini ba\u015flatmay\u0131 ama\u00e7lamaktad\u0131r.<\/p>\n<p><strong>Belediye olarak kat\u0131lmak ister misiniz ve <em>Griffbereit resp. Rucksack KiTa <\/em>e\u011fitim kurumlar\u0131n\u0131zla i\u015fbirli\u011fi i\u00e7inde mi?<\/strong><\/p>\n<p>Eyalet Koordinasyon Ofisi Bulucu bu konuda size yard\u0131mc\u0131 olacakt\u0131r.<\/p>\n<p>\u0130lgili bir belediye olarak sizden sorumlu eyalet koordinasyon ofisine ula\u015fman\u0131z\u0131 kolayla\u015ft\u0131rmak i\u00e7in a\u015fa\u011f\u0131daki arama i\u015flevini olu\u015fturduk.<\/p>\n<p>Bu kadar basit:<\/p>\n<p>Sizden sorumlu eyalet koordinasyon ofisini bulmak i\u00e7in belediyenizin posta kodunu girmeniz yeterlidir.<\/p>\n        <form class=\"bs_search-form\" action=\"\/tr\/state\/\" method=\"get\" data-trp-original-action=\"\/state\/\">\n            <select required class=\"bs_state_field\" name=\"bss\">\n                <option value>Eyalet<\/option>\n                <option value='1'>Baden-W\u00fcrttemberg<\/option><option value='2'>Bavyera<\/option><option value='3'>Berlin<\/option><option value='4'>Brandenburg<\/option><option value='5'>Bremen<\/option><option value='6'>Hamburg<\/option><option value='7'>Hesse<\/option><option value='8'>Mecklenburg-Bat\u0131 Pomeranya<\/option><option value='9'>A\u015fa\u011f\u0131 Saksonya<\/option><option value='10'>Kuzey Ren-Vestfalya<\/option><option value='11'>Rhineland-Palatinate<\/option><option value='12'>Saarland<\/option><option value='13'>Saksonya<\/option><option value='14'>Saksonya-Anhalt<\/option><option value='15'>Schleswig-Holstein<\/option><option value='16'>Th\u00fcringen<\/option>            <\/select>\n            <select required class=\"bs_program_field\" name=\"bsp\">\n                <option value>Program<\/option>\n                <option value='206'>griffbereitMINI<\/option><option value='121'>Griffbereit<\/option><option value='122'>Rucksack KiTa<\/option>            <\/select>\n            <input type=\"hidden\" name=\"bsg\" class=\"bs_searchgroup\" value=\"2\">\n            <input type=\"submit\" value=\"Bul\">\n        <input type=\"hidden\" name=\"trp-form-language\" value=\"tr\"\/><\/form>\n        \n\t<h3><strong><u>Ebeveyn refakat\u00e7isi<\/u><\/strong><\/h3>\n<p>Neden kat\u0131lmal\u0131y\u0131m?<\/p>\n<p>Ebeveyn refakat\u00e7ileri, Avrupa Birli\u011fi'nin <em>Griffbereit <\/em>ve <em>Rucksack KiTa<\/em> programlar\u0131 \u00e7ok \u00f6nemli bir rol oynamaktad\u0131r. Griffbereit veya Rucksack KiTa gruplar\u0131na liderlik ederler ve grupta \u00e7ok dillili\u011fin tutarl\u0131 ve g\u00fcvenilir bir \u015fekilde kullan\u0131lmas\u0131n\u0131 sa\u011flarlar.<\/p>\n<p>\u00c7ok dillilik, \u00e7e\u015fitlilik odakl\u0131 i\u015fbirli\u011fi ve a\u00e7\u0131k fikirlilik, ebeveyn rehberleri olarak sizlerin ebeveynlere\/ailelere de \u00f6rnek g\u00f6sterdi\u011finiz niteliklerdir.  Tasar\u0131m yoluyla yaratt\u0131\u011f\u0131n\u0131z d\u00fcrt\u00fcler sayesinde <em>Griffbereit<\/em> Sayg\u0131lar. <em>Rucksack KiTa<\/em>-Bu \u015fekilde, ebeveynler\/aileler \u00e7ocuklar\u0131yla etkile\u015fim kurmak ve aile i\u00e7indeki ili\u015fkileri g\u00fc\u00e7lendirmek i\u00e7in yeni fikirler ve g\u00fcvence elde ederler.<\/p>\n<p>Bu etkinlik ayn\u0131 zamanda pedagojik \u00e7al\u0131\u015fma alan\u0131na bir giri\u015f olabilir...<\/p>\n<p><strong>Ebeveyn refakat\u00e7isi olarak yer almak ister misiniz? <em>Griffbereit resp. Rucksack KiTa <\/em>Ger\u00e7ekle\u015ftirmek mi?<\/strong><\/p>\n<p>Koordinasyon Merkezi Bulucu size bu konuda yard\u0131mc\u0131 olacakt\u0131r.<\/p>\n<p>\u0130lgilenen bir veli refakat\u00e7isi olarak sizden sorumlu koordinasyon ofisi ile ileti\u015fime ge\u00e7menizi kolayla\u015ft\u0131rmak i\u00e7in a\u015fa\u011f\u0131daki arama i\u015flevini olu\u015fturduk.<\/p>\n<p>Bu kadar basit:<\/p>\n<p>Sizden sorumlu koordinasyon ofisini bulmak i\u00e7in ya\u015fad\u0131\u011f\u0131n\u0131z belediyenin posta kodunu girmeniz yeterlidir.<\/p>\n        <form class=\"bs_search-form\" action=\"\/tr\/state\/\" method=\"get\" data-trp-original-action=\"\/state\/\">\n            <select required class=\"bs_state_field\" name=\"bss\">\n                <option value>Eyalet<\/option>\n                <option value='1'>Baden-W\u00fcrttemberg<\/option><option value='2'>Bavyera<\/option><option value='3'>Berlin<\/option><option value='4'>Brandenburg<\/option><option value='5'>Bremen<\/option><option value='6'>Hamburg<\/option><option value='7'>Hesse<\/option><option value='8'>Mecklenburg-Bat\u0131 Pomeranya<\/option><option value='9'>A\u015fa\u011f\u0131 Saksonya<\/option><option value='10'>Kuzey Ren-Vestfalya<\/option><option value='11'>Rhineland-Palatinate<\/option><option value='12'>Saarland<\/option><option value='13'>Saksonya<\/option><option value='14'>Saksonya-Anhalt<\/option><option value='15'>Schleswig-Holstein<\/option><option value='16'>Th\u00fcringen<\/option>            <\/select>\n            <select required class=\"bs_program_field\" name=\"bsp\">\n                <option value>Program<\/option>\n                <option value='206'>griffbereitMINI<\/option><option value='121'>Griffbereit<\/option><option value='122'>Rucksack KiTa<\/option>            <\/select>\n            <input type=\"hidden\" name=\"bsg\" class=\"bs_searchgroup\" value=\"2\">\n            <input type=\"submit\" value=\"Bul\">\n        <input type=\"hidden\" name=\"trp-form-language\" value=\"tr\"\/><\/form>","protected":false},"excerpt":{"rendered":"<div class=\"entry-summary\">\n<div class=\"entry-summary\">\n(E\u011fitim) kurumu Neden kat\u0131lmal\u0131y\u0131m? Griffbereit ve Rucksack KiTa (e\u011fitim) kurumlar\u0131nda ger\u00e7ekle\u015ftirilen programlard\u0131r. Bu programlar...\n<\/div>\n<div class=\"link-more\"><a href=\"https:\/\/www.griffbereit-rucksack.de\/tr\/mitmachen\/\" class=\"more-link\">Okumaya devam edin<span class=\"screen-reader-text\"> \"Kat\u0131l\u0131n\"<\/span>...<\/a><\/div>\n<\/div>\n<div class=\"link-more\"><a href=\"https:\/\/www.griffbereit-rucksack.de\/tr\/mitmachen\/\" class=\"more-link\">Okumaya devam edin<span class=\"screen-reader-text\"> \"Kat\u0131l\u0131n\"<\/span>...<\/a><\/div>","protected":false},"author":1,"featured_media":0,"parent":0,"menu_order":0,"comment_status":"closed","ping_status":"closed","template":"","meta":{"_acf_changed":false,"footnotes":""},"class_list":["post-2366","page","type-page","status-publish","hentry","entry"],"acf":[],"_links":{"self":[{"href":"https:\/\/www.griffbereit-rucksack.de\/tr\/wp-json\/wp\/v2\/pages\/2366","targetHints":{"allow":["GET"]}}],"collection":[{"href":"https:\/\/www.griffbereit-rucksack.de\/tr\/wp-json\/wp\/v2\/pages"}],"about":[{"href":"https:\/\/www.griffbereit-rucksack.de\/tr\/wp-json\/wp\/v2\/types\/page"}],"author":[{"embeddable":true,"href":"https:\/\/www.griffbereit-rucksack.de\/tr\/wp-json\/wp\/v2\/users\/1"}],"replies":[{"embeddable":true,"href":"https:\/\/www.griffbereit-rucksack.de\/tr\/wp-json\/wp\/v2\/comments?post=2366"}],"version-history":[{"count":0,"href":"https:\/\/www.griffbereit-rucksack.de\/tr\/wp-json\/wp\/v2\/pages\/2366\/revisions"}],"wp:attachment":[{"href":"https:\/\/www.griffbereit-rucksack.de\/tr\/wp-json\/wp\/v2\/media?parent=2366"}],"curies":[{"name":"wp","href":"https:\/\/api.w.org\/{rel}","templated":true}]}}