{"id":2281,"date":"2020-01-31T19:42:49","date_gmt":"2020-01-31T18:42:49","guid":{"rendered":"https:\/\/www.griffbereit-rucksack.de\/?page_id=2281"},"modified":"2024-05-07T09:27:53","modified_gmt":"2024-05-07T07:27:53","slug":"impressum","status":"publish","type":"page","link":"https:\/\/www.griffbereit-rucksack.de\/tr\/impressum\/","title":{"rendered":"K\u00fcnye"},"content":{"rendered":"<p><strong>TMG Madde 5 uyar\u0131nca bilgiler<\/strong><\/p>\nBu web sayfalar\u0131n\u0131n yay\u0131nc\u0131s\u0131:<br \/>\nT\u00fcrkiye \u00c7al\u0131\u015fmalar\u0131 ve Entegrasyon Ara\u015ft\u0131rmalar\u0131 Vakf\u0131 Merkezi<br \/>\nAltendorfer Str. 3<br \/>\n45127 Essen\nTemsilci:<br \/>\nSerap G\u00fcler, Andreas Bl\u00e4tte, Dirk Halm\n<strong>\u0130leti\u015fim<\/strong><br \/>\nTelefon: +49 (0) 201 31 98-0<br \/>\nFaks: +49 (0) 201 31 98-333<br \/>\nE-posta: zfti@zfti.de\n<strong>Sicil ve sicil numaras\u0131<\/strong><br \/>\nVak\u0131f sicili, sicil numaras\u0131 21.13-St.934<br \/>\nKDV KIMLI\u011eI:<br \/>\nUmsatzsteuergesetz \u00a727 a uyar\u0131nca sat\u0131\u015f vergisi kimlik numaras\u0131:<br \/>\nDE 223459103<br \/>\nDenetim makam\u0131:<br \/>\nD\u00fcsseldorf B\u00f6lge Y\u00f6netimi<br \/>\nRStV \u00a7 55 paragraf 2 uyar\u0131nca i\u00e7erikten sorumludur:<br \/>\nHac\u0131 Halil Uslucan Vakf\u0131 T\u00fcrkiye \u00c7al\u0131\u015fmalar\u0131 ve Entegrasyon Ara\u015ft\u0131rmalar\u0131 Merkezi<br \/>\nAltendorfer Str. 3<br \/>\n45127 Essen\n<strong>Web sitesinin koordinasyonu ve bak\u0131m\u0131<\/strong><br \/>\nT\u00fcrkiye \u00c7al\u0131\u015fmalar\u0131 ve Entegrasyon Ara\u015ft\u0131rmalar\u0131 Vakf\u0131 Merkezi<br \/>\nAltendorfer Sokak 3<br \/>\n45127 Essen<br \/>\nAlmanya<br \/>\nTel: 0201-3198-0<br \/>\nE-posta: zfti@zfti.de<br \/>\nWeb sitesi: www. zfti.de\n<p>&nbsp;<\/p>\n<p><strong>Sorumluluk Reddi<\/strong><\/p>\n<p>\u0130\u00e7indekiler i\u00e7in sorumluluk<\/p>\n<p>Sayfalar\u0131m\u0131z\u0131n i\u00e7eri\u011fi azami \u00f6zen g\u00f6sterilerek olu\u015fturulmu\u015ftur. Ancak, i\u00e7eri\u011fin do\u011frulu\u011fu, eksiksizli\u011fi ve g\u00fcncelli\u011fi konusunda herhangi bir sorumluluk kabul edemeyiz. Bir hizmet sa\u011flay\u0131c\u0131 olarak, Alman Telemedya Yasas\u0131 (TMG) Madde 7 (1) uyar\u0131nca genel mevzuata uygun olarak bu sayfalardaki kendi i\u00e7eri\u011fimizden sorumluyuz. Bununla birlikte, TMG \u00a7\u00a7 8 ila 10 uyar\u0131nca, bir hizmet sa\u011flay\u0131c\u0131 olarak iletilen veya depolanan \u00fc\u00e7\u00fcnc\u00fc taraf bilgilerini izlemek veya yasa d\u0131\u015f\u0131 faaliyetlere i\u015faret eden durumlar\u0131 ara\u015ft\u0131rmak zorunda de\u011filiz. Genel yasalar uyar\u0131nca bilgilerin kullan\u0131m\u0131n\u0131 kald\u0131rma veya engelleme y\u00fck\u00fcml\u00fcl\u00fckleri bundan etkilenmez. Ancak, bu konudaki sorumluluk sadece somut bir yasa ihlalinin \u00f6\u011frenildi\u011fi andan itibaren m\u00fcmk\u00fcnd\u00fcr. \u0130lgili ihlallerden haberdar olursak, bu i\u00e7eri\u011fi derhal kald\u0131raca\u011f\u0131z.<\/p>\n<p>Ba\u011flant\u0131lar i\u00e7in sorumluluk<\/p>\n<p>Teklifimiz, i\u00e7erikleri \u00fczerinde hi\u00e7bir etkimiz olmayan \u00fc\u00e7\u00fcnc\u00fc taraflar\u0131n harici web sitelerine ba\u011flant\u0131lar i\u00e7ermektedir. Bu nedenle, bu harici i\u00e7erikler i\u00e7in herhangi bir sorumluluk kabul edemeyiz. Ba\u011flant\u0131l\u0131 sayfalar\u0131n i\u00e7eri\u011finden her zaman sayfalar\u0131n ilgili sa\u011flay\u0131c\u0131s\u0131 veya operat\u00f6r\u00fc sorumludur. Ba\u011flant\u0131 verilen sayfalar, ba\u011flant\u0131 verildi\u011fi s\u0131rada olas\u0131 yasal ihlallere kar\u015f\u0131 kontrol edilmi\u015ftir. Ba\u011flant\u0131 verildi\u011fi s\u0131rada yasa d\u0131\u015f\u0131 i\u00e7erikler tespit edilememi\u015ftir. Ancak, yasal bir ihlalin somut g\u00f6stergeleri olmadan ba\u011flant\u0131l\u0131 sayfalar\u0131n i\u00e7eri\u011finin s\u00fcrekli olarak izlenmesi makul de\u011fildir. Herhangi bir yasa ihlalinden haberdar olursak, bu t\u00fcr ba\u011flant\u0131lar\u0131 derhal kald\u0131raca\u011f\u0131z.<\/p>\n<p>Telif Hakk\u0131<\/p>\n<p>Bu sayfalarda site operat\u00f6rleri taraf\u0131ndan olu\u015fturulan i\u00e7erik ve eserler Alman telif hakk\u0131 yasas\u0131na tabidir. \u00c7o\u011faltma, i\u015fleme, da\u011f\u0131t\u0131m ve telif hakk\u0131 yasas\u0131n\u0131n s\u0131n\u0131rlar\u0131 d\u0131\u015f\u0131ndaki her t\u00fcrl\u00fc kullan\u0131m, ilgili yazar\u0131n veya yarat\u0131c\u0131n\u0131n yaz\u0131l\u0131 onay\u0131n\u0131 gerektirir. Bu sitenin indirilmesine ve kopyalanmas\u0131na yaln\u0131zca \u00f6zel, ticari olmayan kullan\u0131m i\u00e7in izin verilir. Bu sitedeki i\u00e7erik operat\u00f6r taraf\u0131ndan olu\u015fturulmad\u0131\u011f\u0131 s\u00fcrece, \u00fc\u00e7\u00fcnc\u00fc taraflar\u0131n telif haklar\u0131na sayg\u0131 g\u00f6sterilir. \u00d6zellikle, \u00fc\u00e7\u00fcnc\u00fc taraf i\u00e7eri\u011fi bu \u015fekilde i\u015faretlenmi\u015ftir. Yine de bir telif hakk\u0131 ihlalinden haberdar olursan\u0131z, l\u00fctfen bizi uygun \u015fekilde bilgilendirin. Herhangi bir ihlalden haberdar olursak, bu t\u00fcr i\u00e7eri\u011fi derhal kald\u0131raca\u011f\u0131z.<\/p>\n<p>E-posta ve ileti\u015fim formu arac\u0131l\u0131\u011f\u0131yla ileti\u015fim<\/p>\nSSL \u015fifrelemesine ra\u011fmen internet \u00fczerinden veri aktar\u0131m\u0131nda (\u00f6rne\u011fin e-posta ve ileti\u015fim formu arac\u0131l\u0131\u011f\u0131yla ileti\u015fimde) g\u00fcvenlik a\u00e7\u0131klar\u0131 olabilece\u011fini belirtmek isteriz. Verilerin \u00fc\u00e7\u00fcnc\u00fc taraflar\u0131n eri\u015fimine kar\u015f\u0131 tam olarak korunmas\u0131 m\u00fcmk\u00fcn de\u011fildir. \u0130leti\u015fim formu arac\u0131l\u0131\u011f\u0131yla sizden bir e-posta veya mesaj al\u0131rsak, e-posta ile yan\u0131t verme hakk\u0131m\u0131z oldu\u011funu varsayar\u0131z. Aksi takdirde, sizi a\u00e7\u0131k\u00e7a ba\u015fka bir ileti\u015fim \u015fekline y\u00f6nlendirmeliyiz.<br \/>\nK\u00fcnye y\u00fck\u00fcml\u00fcl\u00fc\u011f\u00fc kapsam\u0131nda yay\u0131nlanan ileti\u015fim verilerinin \u00fc\u00e7\u00fcnc\u00fc \u015fah\u0131slar taraf\u0131ndan a\u00e7\u0131k\u00e7a talep edilmeyen reklam ve bilgi materyallerinin g\u00f6nderilmesi i\u00e7in kullan\u0131lmas\u0131 burada a\u00e7\u0131k\u00e7a yasaklanm\u0131\u015ft\u0131r. Sayfalar\u0131n operat\u00f6rleri, \u00f6rne\u011fin spam postalar arac\u0131l\u0131\u011f\u0131yla istenmeyen reklam bilgilerinin g\u00f6nderilmesi durumunda yasal i\u015flem yapma hakk\u0131n\u0131 a\u00e7\u0131k\u00e7a sakl\u0131 tutar.\n<p>&nbsp;<\/p>","protected":false},"excerpt":{"rendered":"<div class=\"entry-summary\">\n<div class=\"entry-summary\">\nTMG \u00a7 5 uyar\u0131nca bilgiler Bu web sitesinin yay\u0131nc\u0131s\u0131: Foundation Centre for Turkish Studies and Integration Research Altendorfer Str. 3 45127...\n<\/div>\n<div class=\"link-more\"><a href=\"https:\/\/www.griffbereit-rucksack.de\/tr\/impressum\/\" class=\"more-link\">Okumaya devam edin<span class=\"screen-reader-text\"> \"Imprint\"<\/span>...<\/a><\/div>\n<\/div>\n<div class=\"link-more\"><a href=\"https:\/\/www.griffbereit-rucksack.de\/tr\/impressum\/\" class=\"more-link\">Okumaya devam edin<span class=\"screen-reader-text\"> \"Imprint\"<\/span>...<\/a><\/div>","protected":false},"author":1,"featured_media":0,"parent":0,"menu_order":0,"comment_status":"closed","ping_status":"closed","template":"","meta":{"_acf_changed":false,"footnotes":""},"class_list":["post-2281","page","type-page","status-publish","hentry","entry"],"acf":[],"_links":{"self":[{"href":"https:\/\/www.griffbereit-rucksack.de\/tr\/wp-json\/wp\/v2\/pages\/2281","targetHints":{"allow":["GET"]}}],"collection":[{"href":"https:\/\/www.griffbereit-rucksack.de\/tr\/wp-json\/wp\/v2\/pages"}],"about":[{"href":"https:\/\/www.griffbereit-rucksack.de\/tr\/wp-json\/wp\/v2\/types\/page"}],"author":[{"embeddable":true,"href":"https:\/\/www.griffbereit-rucksack.de\/tr\/wp-json\/wp\/v2\/users\/1"}],"replies":[{"embeddable":true,"href":"https:\/\/www.griffbereit-rucksack.de\/tr\/wp-json\/wp\/v2\/comments?post=2281"}],"version-history":[{"count":0,"href":"https:\/\/www.griffbereit-rucksack.de\/tr\/wp-json\/wp\/v2\/pages\/2281\/revisions"}],"wp:attachment":[{"href":"https:\/\/www.griffbereit-rucksack.de\/tr\/wp-json\/wp\/v2\/media?parent=2281"}],"curies":[{"name":"wp","href":"https:\/\/api.w.org\/{rel}","templated":true}]}}