{"id":2251,"date":"2020-01-13T11:31:06","date_gmt":"2020-01-13T10:31:06","guid":{"rendered":"https:\/\/www.griffbereit-rucksack.de\/?page_id=2251"},"modified":"2021-04-27T12:36:37","modified_gmt":"2021-04-27T10:36:37","slug":"vision-mission","status":"publish","type":"page","link":"https:\/\/www.griffbereit-rucksack.de\/tr\/ueber-uns\/vision-mission\/","title":{"rendered":"Vizyon ve Misyon"},"content":{"rendered":"<p><em>Griffbereit<\/em> ve <em>Rucksack KiTa<\/em>: \u00c7e\u015fitlilik bilincine sahip ve \u00e7ok dilli erken e\u011fitim programlar\u0131 ve ailelerle i\u015fbirli\u011fi.<\/p>\n\n<p>Programlar ile <em>Griffbereit<\/em> ve <em>Rucksack KiTa<\/em> Erken \u00e7ocukluk e\u011fitiminin ve (e\u011fitim) kurumlar\u0131 ile aileler aras\u0131ndaki e\u011fitim ortakl\u0131\u011f\u0131n\u0131n do\u011fal olarak \u00e7e\u015fitlilik bilincine sahip, \u00e7ok dilli ve g\u00f6\u00e7 toplumuna a\u00e7\u0131k oldu\u011fu bir toplumu savunuyoruz.<\/p>\n\n<p>Yukar\u0131da belirtilen vizyon ve buna uygun hedefler ile programlar\u0131m\u0131z aras\u0131nda ba\u011flant\u0131 kuruyoruz <em>Griffbereit<\/em> ve <em>Rucksack KiTa<\/em> \u00c7ok dilli e\u011fitim yakla\u015f\u0131m\u0131n\u0131 \u00e7e\u015fitlili\u011fe duyarl\u0131 aile e\u011fitimi kavram\u0131yla birle\u015ftirerek aileler ve (e\u011fitim) kurumlar\u0131 aras\u0131ndaki e\u011fitim ortakl\u0131\u011f\u0131n\u0131, her iki taraf\u0131n da uzun vadede fayda sa\u011flayaca\u011f\u0131 yetkinlik ortakl\u0131klar\u0131 anlam\u0131nda g\u00fc\u00e7lendirir. Ayr\u0131ca programlar, (e\u011fitim) kurumlar\u0131n\u0131 \u00e7e\u015fitlilik odakl\u0131 ve g\u00f6\u00e7-sosyal a\u00e7\u0131l\u0131mlar\u0131nda desteklemektedir.<\/p>","protected":false},"excerpt":{"rendered":"<div class=\"entry-summary\">\n<div class=\"entry-summary\">\nGriffbereit ve Rucksack KiTa: \u00c7e\u015fitlilik bilincine sahip ve \u00e7ok dilli erken e\u011fitim ve ailelerle i\u015fbirli\u011fi programlar\u0131. \u0130le...\n<\/div>\n<div class=\"link-more\"><a href=\"https:\/\/www.griffbereit-rucksack.de\/tr\/ueber-uns\/vision-mission\/\" class=\"more-link\">Okumaya devam edin<span class=\"screen-reader-text\"> \"Vizyon ve Misyon\"<\/span>...<\/a><\/div>\n<\/div>\n<div class=\"link-more\"><a href=\"https:\/\/www.griffbereit-rucksack.de\/tr\/ueber-uns\/vision-mission\/\" class=\"more-link\">Okumaya devam edin<span class=\"screen-reader-text\"> \"Vizyon ve Misyon\"<\/span>...<\/a><\/div>","protected":false},"author":1,"featured_media":0,"parent":2249,"menu_order":0,"comment_status":"closed","ping_status":"closed","template":"","meta":{"_acf_changed":false,"footnotes":""},"class_list":["post-2251","page","type-page","status-publish","hentry","entry"],"acf":[],"_links":{"self":[{"href":"https:\/\/www.griffbereit-rucksack.de\/tr\/wp-json\/wp\/v2\/pages\/2251","targetHints":{"allow":["GET"]}}],"collection":[{"href":"https:\/\/www.griffbereit-rucksack.de\/tr\/wp-json\/wp\/v2\/pages"}],"about":[{"href":"https:\/\/www.griffbereit-rucksack.de\/tr\/wp-json\/wp\/v2\/types\/page"}],"author":[{"embeddable":true,"href":"https:\/\/www.griffbereit-rucksack.de\/tr\/wp-json\/wp\/v2\/users\/1"}],"replies":[{"embeddable":true,"href":"https:\/\/www.griffbereit-rucksack.de\/tr\/wp-json\/wp\/v2\/comments?post=2251"}],"version-history":[{"count":0,"href":"https:\/\/www.griffbereit-rucksack.de\/tr\/wp-json\/wp\/v2\/pages\/2251\/revisions"}],"up":[{"embeddable":true,"href":"https:\/\/www.griffbereit-rucksack.de\/tr\/wp-json\/wp\/v2\/pages\/2249"}],"wp:attachment":[{"href":"https:\/\/www.griffbereit-rucksack.de\/tr\/wp-json\/wp\/v2\/media?parent=2251"}],"curies":[{"name":"wp","href":"https:\/\/api.w.org\/{rel}","templated":true}]}}