{"id":2244,"date":"2020-01-13T11:11:41","date_gmt":"2020-01-13T10:11:41","guid":{"rendered":"https:\/\/www.griffbereit-rucksack.de\/?page_id=2244"},"modified":"2021-06-14T14:59:18","modified_gmt":"2021-06-14T12:59:18","slug":"lako","status":"publish","type":"page","link":"https:\/\/www.griffbereit-rucksack.de\/tr\/ueber-uns\/lako\/","title":{"rendered":"LaKo"},"content":{"rendered":"<p>Eyalet \u00e7ap\u0131ndaki Koordinasyon Ofisleri (LaKo), Kuzey Ren Vestfalya'daki (KI) Yerel Entegrasyon Merkezlerine kendi kurulu\u015f ve geli\u015fim s\u00fcre\u00e7lerinde yerinde dan\u0131\u015fmanl\u0131k yapar ve onlar\u0131 destekler.<\/p>\n<p>Yeterlilik ve ileri e\u011fitim \u00f6nlemleri sa\u011flar ve uzmanla\u015fm\u0131\u015f bilim dallar\u0131yla i\u015fbirli\u011finin yan\u0131 s\u0131ra eyalet d\u00fczeyinde e\u011fitim ve entegrasyon \u00e7al\u0131\u015fmalar\u0131nda ilgili akt\u00f6rlerle i\u015fbirli\u011fi ve a\u011f kurmay\u0131 organize eder. LaKo, CI'lar ile eyalet h\u00fck\u00fcmeti aras\u0131nda bir ba\u011flant\u0131 g\u00f6revi g\u00f6r\u00fcr.<\/p>\n<p>Eylem alanlar\u0131 biyografi-e\u015flik eden e\u011fitim zinciri boyunca y\u00f6nlendirilir ve entegrasyonu kesitsel bir g\u00f6rev olarak anlar.<\/p>\n<p>Programlar <em>Griffbereit<\/em> ve <em>Rucksack KiTa<\/em> Kuzey Ren-Vestfalya'daki Belediye Entegrasyon Merkezleri (KI) NRW'de ve \u00fclke \u00e7ap\u0131nda ba\u015far\u0131yla uygulanmakta ve Eyalet Koordinasyon Ofisleri (LaKo) taraf\u0131ndan desteklenmektedir<a href=\"#_ftn1\" name=\"_ftnref1\">[1]<\/a> Koordineli.<\/p>\n<p>&nbsp;<\/p>\n<p><a href=\"#_ftnref1\" name=\"_ftn1\">[1]<\/a> 2013 y\u0131l\u0131ndan bu yana, G\u00f6\u00e7men Ailelerden Gelen \u00c7ocuk ve Gen\u00e7lerin Te\u015fvik Edilmesi B\u00f6lgesel Ofislerinin (RAA) halef kurulu\u015fu olarak g\u00f6rev yapmaktad\u0131r.<\/p>","protected":false},"excerpt":{"rendered":"<div class=\"entry-summary\">\n<div class=\"entry-summary\">\nEyalet \u00e7ap\u0131ndaki Koordinasyon Ofisleri (LaKo), Kuzey Ren-Vestfalya'daki (KI) Belediye Entegrasyon Merkezlerine bireysel geli\u015fimlerinde dan\u0131\u015fmanl\u0131k yapar ve onlar\u0131 destekler...\n<\/div>\n<div class=\"link-more\"><a href=\"https:\/\/www.griffbereit-rucksack.de\/tr\/ueber-uns\/lako\/\" class=\"more-link\">Okumaya devam edin<span class=\"screen-reader-text\"> \"LaKo\"<\/span>...<\/a><\/div>\n<\/div>\n<div class=\"link-more\"><a href=\"https:\/\/www.griffbereit-rucksack.de\/tr\/ueber-uns\/lako\/\" class=\"more-link\">Okumaya devam edin<span class=\"screen-reader-text\"> \"LaKo\"<\/span>...<\/a><\/div>","protected":false},"author":1,"featured_media":0,"parent":2249,"menu_order":0,"comment_status":"closed","ping_status":"closed","template":"","meta":{"_acf_changed":false,"footnotes":""},"class_list":["post-2244","page","type-page","status-publish","hentry","entry"],"acf":[],"_links":{"self":[{"href":"https:\/\/www.griffbereit-rucksack.de\/tr\/wp-json\/wp\/v2\/pages\/2244","targetHints":{"allow":["GET"]}}],"collection":[{"href":"https:\/\/www.griffbereit-rucksack.de\/tr\/wp-json\/wp\/v2\/pages"}],"about":[{"href":"https:\/\/www.griffbereit-rucksack.de\/tr\/wp-json\/wp\/v2\/types\/page"}],"author":[{"embeddable":true,"href":"https:\/\/www.griffbereit-rucksack.de\/tr\/wp-json\/wp\/v2\/users\/1"}],"replies":[{"embeddable":true,"href":"https:\/\/www.griffbereit-rucksack.de\/tr\/wp-json\/wp\/v2\/comments?post=2244"}],"version-history":[{"count":0,"href":"https:\/\/www.griffbereit-rucksack.de\/tr\/wp-json\/wp\/v2\/pages\/2244\/revisions"}],"up":[{"embeddable":true,"href":"https:\/\/www.griffbereit-rucksack.de\/tr\/wp-json\/wp\/v2\/pages\/2249"}],"wp:attachment":[{"href":"https:\/\/www.griffbereit-rucksack.de\/tr\/wp-json\/wp\/v2\/media?parent=2244"}],"curies":[{"name":"wp","href":"https:\/\/api.w.org\/{rel}","templated":true}]}}