{"id":2136,"date":"2020-01-04T18:42:17","date_gmt":"2020-01-04T17:42:17","guid":{"rendered":"https:\/\/www.griffbereit-rucksack.de\/veranstaltungen\/"},"modified":"2021-08-02T20:03:15","modified_gmt":"2021-08-02T18:03:15","slug":"veranstaltungen","status":"publish","type":"page","link":"https:\/\/www.griffbereit-rucksack.de\/tr\/veranstaltungen\/","title":{"rendered":"Etkinlikler"},"content":{"rendered":"<p>\u0130\u00c7\u0130NDEK\u0130LER<\/p>","protected":false},"excerpt":{"rendered":"<div class=\"entry-summary\">\n<div class=\"entry-summary\">\n\u0130\u00c7\u0130NDEK\u0130LER\n<\/div>\n<div class=\"link-more\"><a href=\"https:\/\/www.griffbereit-rucksack.de\/tr\/veranstaltungen\/\" class=\"more-link\">Okumaya devam edin<span class=\"screen-reader-text\"> \"Etkinlikler\"<\/span>...<\/a><\/div>\n<\/div>\n<div class=\"link-more\"><a href=\"https:\/\/www.griffbereit-rucksack.de\/tr\/veranstaltungen\/\" class=\"more-link\">Okumaya devam edin<span class=\"screen-reader-text\"> \"Etkinlikler\"<\/span>...<\/a><\/div>","protected":false},"author":1,"featured_media":0,"parent":0,"menu_order":0,"comment_status":"closed","ping_status":"open","template":"templates\/with-sidebar.php","meta":{"_acf_changed":false,"footnotes":""},"class_list":["post-2136","page","type-page","status-publish","hentry","entry"],"acf":[],"_links":{"self":[{"href":"https:\/\/www.griffbereit-rucksack.de\/tr\/wp-json\/wp\/v2\/pages\/2136","targetHints":{"allow":["GET"]}}],"collection":[{"href":"https:\/\/www.griffbereit-rucksack.de\/tr\/wp-json\/wp\/v2\/pages"}],"about":[{"href":"https:\/\/www.griffbereit-rucksack.de\/tr\/wp-json\/wp\/v2\/types\/page"}],"author":[{"embeddable":true,"href":"https:\/\/www.griffbereit-rucksack.de\/tr\/wp-json\/wp\/v2\/users\/1"}],"replies":[{"embeddable":true,"href":"https:\/\/www.griffbereit-rucksack.de\/tr\/wp-json\/wp\/v2\/comments?post=2136"}],"version-history":[{"count":0,"href":"https:\/\/www.griffbereit-rucksack.de\/tr\/wp-json\/wp\/v2\/pages\/2136\/revisions"}],"wp:attachment":[{"href":"https:\/\/www.griffbereit-rucksack.de\/tr\/wp-json\/wp\/v2\/media?parent=2136"}],"curies":[{"name":"wp","href":"https:\/\/api.w.org\/{rel}","templated":true}]}}