{"id":1882,"date":"2016-02-28T12:56:03","date_gmt":"2016-02-28T11:56:03","guid":{"rendered":"http:\/\/themedemos.webmandesign.eu\/polyclinic\/?page_id=1882"},"modified":"2025-12-26T10:34:11","modified_gmt":"2025-12-26T09:34:11","slug":"homepage-modern","status":"publish","type":"page","link":"https:\/\/www.griffbereit-rucksack.de\/tr\/","title":{"rendered":"Ana sayfa - modern"},"content":{"rendered":"<p>Ho\u015f geldiniz <strong>griffbereitMINI<\/strong>, <strong>Griffbereit <\/strong>ve <strong>Rucksack KiTa<\/strong><\/p>\n<a href=\"\/tr\/griffbereit\/\" class=\"wm-button color-info size-large button\"><span class=\"icon-griffbereit\" aria-hidden=\"true\"> <\/span>Griffbereit<\/a><a href=\"\/tr\/griffbereitmini\/\" class=\"wm-button size-large button\"><span class=\"icon-griffbereit\" aria-hidden=\"true\"> <\/span>griffbereitMINI<\/a><a href=\"\/tr\/rucksack-kita\/\" class=\"wm-button size-large button\"><span class=\"icon-child\" aria-hidden=\"true\"> <\/span>Rucksack KiTa<\/a>\n\t<strong>\u00dc\u00e7 program, tek hedef:<br \/>\n<\/strong><strong>E\u011fitime kat\u0131l\u0131m\u0131n art\u0131r\u0131lmas\u0131 - en ba\u015f\u0131ndan itibaren.<\/strong>\n<p>Ana sayfas\u0131na ho\u015f geldiniz <strong><em>griffbereitMINI, Griffbereit<\/em><\/strong> ve <strong><em>Rucksack KiTa<\/em><\/strong> - \u00c7e\u015fitlilik i\u00e7eren toplumumuzun en gen\u00e7 \u00fcyeleri ve bir\u00e7o\u011fu uluslararas\u0131 bir aile ge\u00e7mi\u015fine sahip olan ebeveynleri\/aileleri i\u00e7in kendini kan\u0131tlam\u0131\u015f iki dil ve e\u011fitim program\u0131.<\/p>\n<p>&nbsp;<\/p>\n\t<p><strong>T\u00fcm programlar SSS videosunda daha ayr\u0131nt\u0131l\u0131 olarak a\u00e7\u0131klanm\u0131\u015ft\u0131r:<\/strong><\/p>\n<p><iframe title=\"Griffbereit ve Rucksack KiTa programlar\u0131 i\u00e7in SSS\" width=\"1160\" height=\"653\" src=\"https:\/\/www.youtube.com\/embed\/kyKOWuKUlzI?feature=oembed\" frameborder=\"0\" allow=\"accelerometer; autoplay; clipboard-write; encrypted-media; gyroscope; picture-in-picture; web-share\" referrerpolicy=\"strict-origin-when-cross-origin\" allowfullscreen><\/iframe><\/p>\n\t<strong>griffbereitMINI<\/strong> e\u011fitim kat\u0131l\u0131m\u0131n\u0131 en ba\u015f\u0131ndan itibaren peki\u015ftirir.<br \/>\n\n<p><strong>Griffbereit <\/strong>uluslararas\u0131 aile ge\u00e7mi\u015fi olan ve olmayan ailelere ve bir ila \u00fc\u00e7 ya\u015f aras\u0131ndaki \u00e7ocuklar\u0131na y\u00f6nelik bir aile e\u011fitim program\u0131d\u0131r.<\/p>\n<p><strong>Rucksack KiTa<\/strong> uluslararas\u0131 aile ge\u00e7mi\u015fi olan ebeveynlere\/ailelere ve onlar\u0131n d\u00f6rt ila alt\u0131 ya\u015f aras\u0131ndaki \u00e7ocuklar\u0131na y\u00f6neliktir.<\/p>\n<p>&nbsp;<\/p>\n\t<p><strong>FUMA Fachstelle Gender &amp; Diversit\u00e4t NRW ile materyallerin geli\u015ftirilmesinde kesi\u015fimsel de\u011ferlendirmeler i\u00e7in bir ortak olarak r\u00f6portaj:<\/strong><\/p>\n<p><iframe title=\"\u00c7ocuk \u00e7e\u015fitlili\u011fi\" width=\"1160\" height=\"653\" src=\"https:\/\/www.youtube.com\/embed\/vzAiEq6pqpw?feature=oembed\" frameborder=\"0\" allow=\"accelerometer; autoplay; clipboard-write; encrypted-media; gyroscope; picture-in-picture; web-share\" referrerpolicy=\"strict-origin-when-cross-origin\" allowfullscreen><\/iframe><\/p>\n<p>&nbsp;<\/p>\n<p>&nbsp;<\/p>\n<p>&nbsp;<\/p>\n\t<h2>Etkinlikler<\/h2>\n\t<h2>Haberler<\/h2>\n\t<h2>Programlar\u0131m\u0131za kat\u0131l\u0131n <strong>griffbereitMINI, Griffbereit <\/strong>ve <strong>Rucksack KiTa <\/strong>Bir par\u00e7as\u0131!<strong><br \/>\n<\/strong><\/h2>\n<p>Sizi griffbereitMINI, Griffbereit ve Rucksack KiTa programlar\u0131m\u0131za kat\u0131lmaya davet ediyoruz.<\/p>\n<p>\u0130ster ilgili veya halihaz\u0131rda kat\u0131l\u0131mc\u0131 bir aile, ebeveyn refakat\u00e7isi, e\u011fitim uzman\u0131 veya program koordinat\u00f6r\u00fc olarak: <strong>Bunun bir par\u00e7as\u0131 olman\u0131z ne g\u00fczel!<\/strong><\/p>\n\t<div id='gallery-1' class='gallery galleryid-1882 gallery-columns-3 gallery-size-thumbnail'><figure class='gallery-item'>\n\t\t\t<div class='gallery-icon landscape'>\n\t\t\t\t<img decoding=\"async\" width=\"744\" height=\"418\" src=\"https:\/\/www.griffbereit-rucksack.de\/wp-content\/uploads\/2020\/01\/mit_kindern_singen-744x418.png\" class=\"attachment-thumbnail size-thumbnail\" alt=\"\" \/>\n\t\t\t<\/div><\/figure><figure class='gallery-item'>\n\t\t\t<div class='gallery-icon landscape'>\n\t\t\t\t<img decoding=\"async\" width=\"744\" height=\"418\" src=\"https:\/\/www.griffbereit-rucksack.de\/wp-content\/uploads\/2020\/01\/kinder_lernen_aus_einem_buch-744x418.png\" class=\"attachment-thumbnail size-thumbnail\" alt=\"\" \/>\n\t\t\t<\/div><\/figure><figure class='gallery-item'>\n\t\t\t<div class='gallery-icon landscape'>\n\t\t\t\t<img decoding=\"async\" width=\"744\" height=\"418\" src=\"https:\/\/www.griffbereit-rucksack.de\/wp-content\/uploads\/2020\/01\/mutter_lernt_mit_kind_-744x418.png\" class=\"attachment-thumbnail size-thumbnail\" alt=\"\u00c7ocu\u011fuyla birlikte \u00f6\u011frenen anne\" \/>\n\t\t\t<\/div><\/figure>\n\t\t<\/div>\n\n\t<h2>T\u00fcm programlar\u0131n hedef gruplar\u0131<\/h2>\n<p>\u0130\u00e7in <strong>griffbereitMINI, Griffbereit<\/strong> ve <strong>Rucksack KiTa<\/strong> a\u015fa\u011f\u0131daki be\u015f hedef grubu tan\u0131mlad\u0131k:<\/p>\n<div class=\"wm-content-module wm-posts-wrap clearfix wm-content-module-singular\"><div class=\"wm-content-module-item wm-content-module-item-326 wm-iconbox-module has-color has-background\"><div class=\"wm-content-module-element wm-html-element image image-container font-icon\" style=\"background-color: #ffffff\"><span class=\"icon-users\" aria-hidden=\"true\" style=\"color: #f28902\"><\/span><span class=\"screen-reader-text\">Ebeveynler\/Aileler<\/span><\/div><div class=\"wm-content-module-element wm-html-element title\"><h3>Ebeveynler\/Aileler<\/h3><\/div><div class=\"wm-content-module-element wm-html-element content\"><p>Ebeveynler\/aileler, g\u00fc\u00e7l\u00fc y\u00f6nlerine y\u00f6nelik olarak kendi aile dil(ler)inin geli\u015ftirilmesinde uzman olarak ele al\u0131n\u0131r.<\/p>\n<\/div><\/div><\/div><div class=\"wm-content-module wm-posts-wrap clearfix wm-content-module-singular\"><div class=\"wm-content-module-item wm-content-module-item-324 wm-iconbox-module has-color has-background\"><div class=\"wm-content-module-element wm-html-element image image-container font-icon\" style=\"background-color: #ffffff\"><span class=\"icon-child\" aria-hidden=\"true\" style=\"color: #e88717\"><\/span><span class=\"screen-reader-text\">\u00c7ocuklar<\/span><\/div><div class=\"wm-content-module-element wm-html-element title\"><h3>\u00c7ocuklar<\/h3><\/div><div class=\"wm-content-module-element wm-html-element content\"><p>\u00c7ocuklar i\u00e7in dil, ya\u015fam boyu \u00f6\u011frenme ve daha sonraki ba\u015far\u0131 i\u00e7in en \u00f6nemli anahtar yeterliliklerden biridir.<\/p>\n<\/div><\/div><\/div><div class=\"wm-content-module wm-posts-wrap clearfix wm-content-module-singular\"><div class=\"wm-content-module-item wm-content-module-item-325 wm-iconbox-module has-color has-background\"><div class=\"wm-content-module-element wm-html-element image image-container font-icon\" style=\"background-color: #ffffff\"><span class=\"icon-users-3\" aria-hidden=\"true\" style=\"color: #d97c02\"><\/span><span class=\"screen-reader-text\">Ebeveyn k\u0131lavuzlar\u0131<\/span><\/div><div class=\"wm-content-module-element wm-html-element title\"><h3>Ebeveyn k\u0131lavuzlar\u0131<\/h3><\/div><div class=\"wm-content-module-element wm-html-element content\"><p>Ebeveyn rehberleri, kat\u0131l\u0131mc\u0131lar\u0131n ana dil(ler)ini veya aile dil(ler)ini ve Almanca'y\u0131 iyi derecede bilmektedir.<\/p>\n<\/div><\/div><\/div><div class=\"wm-content-module wm-posts-wrap clearfix wm-content-module-singular\"><div class=\"wm-content-module-item wm-content-module-item-1440 wm-iconbox-module has-color has-background\"><div class=\"wm-content-module-element wm-html-element image image-container font-icon\" style=\"background-color: #ffffff\"><span class=\"icon-users-1\" aria-hidden=\"true\" style=\"color: #f79102\"><\/span><span class=\"screen-reader-text\">Pedagojik personel<\/span><\/div><div class=\"wm-content-module-element wm-html-element title\"><h3>Pedagojik personel<\/h3><\/div><div class=\"wm-content-module-element wm-html-element content\"><p>Pedagoji uzmanlar\u0131n\u0131n temel g\u00f6revleri \u00e7ocuk bak\u0131m\u0131, e\u011fitimi, yeti\u015ftirilmesi ve b\u00fct\u00fcnsel destektir.<\/p>\n<\/div><\/div><\/div><div class=\"wm-content-module wm-posts-wrap clearfix wm-content-module-singular\"><div class=\"wm-content-module-item wm-content-module-item-1441 wm-iconbox-module has-color has-background\"><div class=\"wm-content-module-element wm-html-element image image-container font-icon\" style=\"background-color: #ffffff\"><span class=\"icon-commerical-building\" aria-hidden=\"true\" style=\"color: #e88717\"><\/span><span class=\"screen-reader-text\">E\u011fitim kurumlar\u0131<\/span><\/div><div class=\"wm-content-module-element wm-html-element title\"><h3>E\u011fitim kurumlar\u0131<\/h3><\/div><div class=\"wm-content-module-element wm-html-element content\"><p>Programlar, g\u00f6\u00e7 toplumuna da a\u00e7\u0131labilmeleri ve s\u00fcre\u00e7leri ba\u015flatabilmeleri i\u00e7in e\u011fitim kurumlar\u0131nda ger\u00e7ekle\u015ftirilmektedir.<\/p>\n<\/div><\/div><\/div><div class=\"wm-content-module wm-posts-wrap clearfix\"><div class=\"wm-content-module-container wm-items-container with-margin\" data-columns=\"3\" data-time=\"0\" data-layout-mode=\"masonry\"><div class=\"wm-row\"><div class=\"wm-content-module-item wm-content-module-item-1372 has-post-thumbnail wm-column width-1-3 with-margin\"><div class=\"wm-content-module-element wm-html-element image image-container featured-image\"><a href=\"https:\/\/www.griffbereit-rucksack.de\/tr\/mehrsprachigkeit-2\/\" target=\"_self\"><img decoding=\"async\" width=\"744\" height=\"418\" src=\"https:\/\/www.griffbereit-rucksack.de\/wp-content\/uploads\/2020\/01\/mit_kindern_singen-744x418.png\" class=\"attachment-thumbnail size-thumbnail wp-post-image\" alt=\"\" title=\"sing_with_children\" \/><\/a><\/div><div class=\"wm-content-module-element wm-html-element title\"><h2><a href=\"https:\/\/www.griffbereit-rucksack.de\/tr\/mehrsprachigkeit-2\/\" target=\"_self\">\u00c7ok Dillilik<\/a><\/h2><\/div><div class=\"wm-content-module-element wm-html-element content\"><p>\u00c7ok dillilik, bir ki\u015finin birden fazla dili konu\u015fabilmesi veya anlayabilmesi anlam\u0131na gelir. Programlar\u0131m\u0131zla bunu te\u015fvik etmek istiyoruz.<\/p>\n<\/div><\/div><div class=\"wm-content-module-item wm-content-module-item-1371 has-post-thumbnail wm-column width-1-3 with-margin alt\"><div class=\"wm-content-module-element wm-html-element image image-container featured-image\"><a href=\"https:\/\/www.griffbereit-rucksack.de\/tr\/diversitaet-2\/\" target=\"_self\"><img decoding=\"async\" width=\"744\" height=\"418\" src=\"https:\/\/www.griffbereit-rucksack.de\/wp-content\/uploads\/2020\/01\/kinder_lernen_aus_einem_buch-744x418.png\" class=\"attachment-thumbnail size-thumbnail wp-post-image\" alt=\"\" title=\"\u00e7ocuklar_bir_kitaptan_\u00f6\u011freniyor\" \/><\/a><\/div><div class=\"wm-content-module-element wm-html-element title\"><h2><a href=\"https:\/\/www.griffbereit-rucksack.de\/tr\/diversitaet-2\/\" target=\"_self\">\u00c7e\u015fitlilik<\/a><\/h2><\/div><div class=\"wm-content-module-element wm-html-element content\"><p>\u00c7e\u015fitlilik, sosyoloji ve sosyal psikolojide, \u0130ngilizce konu\u015fulan \u00fclkelerde kullan\u0131lan \u00e7e\u015fitlilik terimine benzer \u015fekilde Almanca konu\u015fulan \u00fclkelerde kullan\u0131lan bir kavramd\u0131r.<\/p>\n<\/div><\/div><div class=\"wm-content-module-item wm-content-module-item-1370 has-post-thumbnail wm-column width-1-3 with-margin last\"><div class=\"wm-content-module-element wm-html-element image image-container featured-image\"><a href=\"https:\/\/www.griffbereit-rucksack.de\/tr\/empowerment-2\/\" target=\"_self\"><img decoding=\"async\" width=\"744\" height=\"418\" src=\"https:\/\/www.griffbereit-rucksack.de\/wp-content\/uploads\/2020\/01\/mutter_lernt_mit_kind_-744x418.png\" class=\"attachment-thumbnail size-thumbnail wp-post-image\" alt=\"\u00c7ocu\u011fuyla birlikte \u00f6\u011frenen anne\" title=\"anne_\u00e7ocu\u011fu_ile_\u00f6\u011frenir_\" \/><\/a><\/div><div class=\"wm-content-module-element wm-html-element title\"><h2><a href=\"https:\/\/www.griffbereit-rucksack.de\/tr\/empowerment-2\/\" target=\"_self\">G\u00fc\u00e7lendirme<\/a><\/h2><\/div><div class=\"wm-content-module-element wm-html-element content\"><div>\n<p>\u0130nsanlar kendi g\u00fc\u00e7l\u00fc y\u00f6nlerini ke\u015ffetmeye ve geli\u015ftirmeye te\u015fvik edilir. Mevcut kaynaklar\u0131n\u0131 tan\u0131malar\u0131 ve kullanmalar\u0131 i\u00e7in.<\/p>\n<\/div>\n<\/div><\/div><\/div><\/div><\/div><div class=\"wm-content-module wm-posts-wrap clearfix wm-content-module-singular\"><div class=\"wm-content-module-item wm-content-module-item-1975 wm-iconbox-module has-background\"><div class=\"wm-content-module-element wm-html-element image image-container font-icon\" style=\"background-color: #f06c0e\"><span class=\"icon-location\" aria-hidden=\"true\"><\/span><span class=\"screen-reader-text\">Federal eyaletler<\/span><\/div><div class=\"wm-content-module-element wm-html-element title\"><h2>Federal eyaletler<\/h2><\/div><div class=\"wm-content-module-element wm-html-element content\"><p class=\"h1\">9<\/p>\n<p class=\"uppercase\"><strong>Federal eyaletler<\/strong><\/p>\n<p>Griffbereit ve Rucksack KiTa programlar\u0131 \u00e7e\u015fitli illerde y\u00fcr\u00fct\u00fclmektedir.<\/p>\n<\/div><\/div><\/div><div class=\"wm-content-module wm-posts-wrap clearfix wm-content-module-singular\"><div class=\"wm-content-module-item wm-content-module-item-1979 wm-iconbox-module has-background\"><div class=\"wm-content-module-element wm-html-element image image-container font-icon\" style=\"background-color: #f06c0e\"><span class=\"icon-users\" aria-hidden=\"true\"><\/span><span class=\"screen-reader-text\">Aileler<\/span><\/div><div class=\"wm-content-module-element wm-html-element title\"><h2>Aileler<\/h2><\/div><div class=\"wm-content-module-element wm-html-element content\"><p class=\"h1\">[bs-grkita-families-count]<\/p>\n<p class=\"uppercase\"><strong>Aileler<\/strong><\/p>\n<p>Programlar\u0131m\u0131za her ge\u00e7en g\u00fcn daha fazla aile kat\u0131l\u0131yor.<\/p>\n<\/div><\/div><\/div><div class=\"wm-content-module wm-posts-wrap clearfix wm-content-module-singular\"><div class=\"wm-content-module-item wm-content-module-item-1981 wm-iconbox-module has-background\"><div class=\"wm-content-module-element wm-html-element image image-container font-icon\" style=\"background-color: #f06c0e\"><span class=\"icon-users-3\" aria-hidden=\"true\"><\/span><span class=\"screen-reader-text\">Ebeveyn k\u0131lavuzlar\u0131<\/span><\/div><div class=\"wm-content-module-element wm-html-element title\"><h2>Ebeveyn k\u0131lavuzlar\u0131<\/h2><\/div><div class=\"wm-content-module-element wm-html-element content\"><p class=\"h1\">[bs-grkita-parentcomp-count]<\/p>\n<p class=\"uppercase\"><strong>Ebeveyn k\u0131lavuzlar\u0131<\/strong><\/p>\n<p>E\u011fitimli ebeveyn rehberleri bir\u00e7ok aileye e\u015flik etmektedir.<\/p>\n<\/div><\/div><\/div><div class=\"wm-content-module wm-posts-wrap clearfix wm-content-module-singular\"><div class=\"wm-content-module-item wm-content-module-item-1983 wm-iconbox-module has-background\"><div class=\"wm-content-module-element wm-html-element image image-container font-icon\" style=\"background-color: #f06c0e\"><span class=\"icon-commerical-building\" aria-hidden=\"true\"><\/span><span class=\"screen-reader-text\">E\u011fitim kurumlar\u0131\/kurulu\u015flar\u0131<\/span><\/div><div class=\"wm-content-module-element wm-html-element title\"><h2>E\u011fitim kurumlar\u0131\/kurulu\u015flar\u0131<\/h2><\/div><div class=\"wm-content-module-element wm-html-element content\"><p class=\"h1\">[bs-grkita-locations-count]<\/p>\n<p class=\"uppercase\"><strong>E\u011fitim kurumlar\u0131\/ KURUMLAR<\/strong><\/p>\n<p>Programlar bir\u00e7ok e\u011fitim kurumunda mevcuttur.<\/p>\n<\/div><\/div><\/div>\n\t<h2><strong>Bu i\u015fe dahil olanlar ne diyor?<\/strong><\/h2>\n\u0130ki program\u0131m\u0131z hakk\u0131nda ne d\u00fc\u015f\u00fcn\u00fcyorsunuz? Programlar\u0131m\u0131zdan biri i\u00e7in herhangi bir yorumunuz, dile\u011finiz veya \u00f6neriniz var m\u0131?<br \/>\nveya herhangi bir sorunuz varsa, l\u00fctfen bizimle ileti\u015fime ge\u00e7mekten \u00e7ekinmeyin.\u00a0 <a href=\"https:\/\/www.griffbereit-rucksack.de\/tr\/kontakt\/\">\u0130leti\u015fim sayfas\u0131<\/a>.\n<div class=\"wm-testimonials wm-posts-wrap clearfix\"><div class=\"wm-testimonials-container wm-items-container with-margin\" data-columns=\"3\" data-time=\"0\"><div class=\"wm-row\"><article class=\"wm-testimonials-item wm-testimonials-item-71 wm-column width-1-3 with-margin testimonial_category-patients\"><h3 class=\"screen-reader-text\">Julia Weber<\/h3><blockquote class=\"wm-testimonials-element wm-html-element content\"><p>Almanya'ya vard\u0131ktan sonra Almanya'ya geldi\u011fimi hissettim. <strong>Rucksack KiTa program\u0131<\/strong> kat\u0131ld\u0131.<\/p>\n<\/blockquote><cite class=\"wm-testimonials-element wm-html-element source\"><span class=\"wm-testimonials-element wm-html-element author\">Unna'dan heterojen bir Rucksack KiTa grubundan kat\u0131l\u0131mc\u0131<\/span><\/cite><\/article><article class=\"wm-testimonials-item wm-testimonials-item-1954 wm-column width-1-3 with-margin alt testimonial_category-patients\"><h3 class=\"screen-reader-text\">Unna'dan heterojen bir Rucksack KiTa grubundan kat\u0131l\u0131mc\u0131<\/h3><blockquote class=\"wm-testimonials-element wm-html-element content\"><p>arac\u0131l\u0131\u011f\u0131yla <strong>Rucksack KiTa<\/strong>-Program sayesinde kendimi motive olmu\u015f ve desteklenmi\u015f hissettim. \"Alpha\" (okuma yazma kursu) dil kursuna ba\u015far\u0131yla kat\u0131ld\u0131m ve \u015fimdi de e\u011fitimcilerle fikir al\u0131\u015fveri\u015finde bulunmaya ve Rucksack KiTa grubundaki di\u011fer annelerin \u00f6n\u00fcnde okumaya cesaret ediyorum. Harika bir atmosferimiz, harika bir ebeveyn kolayla\u015ft\u0131r\u0131c\u0131m\u0131z ve grubumuz i\u00e7inde harika bir g\u00fcven ili\u015fkimiz var.<\/p>\n<\/blockquote><cite class=\"wm-testimonials-element wm-html-element source\"><span class=\"wm-testimonials-element wm-html-element author\">Unna'dan heterojen bir Rucksack KiTa grubundan kat\u0131l\u0131mc\u0131<\/span><\/cite><\/article><article class=\"wm-testimonials-item wm-testimonials-item-69 wm-column width-1-3 with-margin last testimonial_category-patients has-thumbnail\"><h3 class=\"screen-reader-text\">Poliklinik tan\u0131m\u0131<\/h3><blockquote class=\"wm-testimonials-element wm-html-element content\"><p>Program\u0131n bir par\u00e7as\u0131 olmak benim i\u00e7in bir onur ve zevk. <strong>Griffbereit<\/strong> olmak. \u00c7ocuklar \u00e7ok h\u0131zl\u0131 \u00f6\u011freniyor ve ilerlemeyi \u015fekillendirmeye yard\u0131mc\u0131 olmak bana ilham veriyor.<\/p>\n<\/blockquote><cite class=\"wm-testimonials-element wm-html-element source\"><span class=\"wm-testimonials-element wm-html-element image image-container\"><img decoding=\"async\" width=\"448\" height=\"448\" src=\"https:\/\/www.griffbereit-rucksack.de\/wp-content\/uploads\/2015\/10\/baby-on-the-way-0-448x448.jpg\" class=\"attachment-polyclinic-square size-polyclinic-square wp-post-image\" alt=\"Eri\u015filebilirlik i\u00e7in g\u00f6rselin alt a\u00e7\u0131klamas\u0131 gereklidir\" title=\"SAMPLE\/_baby-on-the-way-0\" srcset=\"https:\/\/www.griffbereit-rucksack.de\/wp-content\/uploads\/2015\/10\/baby-on-the-way-0-448x448.jpg 448w, https:\/\/www.griffbereit-rucksack.de\/wp-content\/uploads\/2015\/10\/baby-on-the-way-0-50x50.jpg 50w\" sizes=\"(max-width: 448px) 100vw, 448px\" \/><\/span><span class=\"wm-testimonials-element wm-html-element author\">Mari Ulenberg (ebeveyn refakat\u00e7isi)<\/span><\/cite><\/article><\/div><\/div><\/div>","protected":false},"excerpt":{"rendered":"<div class=\"entry-summary\">\n<div class=\"entry-summary\">\nGriffbereit program\u0131n\u0131n bir par\u00e7as\u0131 olmak benim i\u00e7in bir onur ve zevk. \u00c7ocuklar \u00e7ok \u015fey \u00f6\u011freniyor...\n<\/div>\n<\/div>","protected":false},"author":1,"featured_media":0,"parent":0,"menu_order":1,"comment_status":"closed","ping_status":"closed","template":"templates\/no-title.php","meta":{"_acf_changed":false,"footnotes":""},"class_list":["post-1882","page","type-page","status-publish","hentry","entry"],"acf":[],"_links":{"self":[{"href":"https:\/\/www.griffbereit-rucksack.de\/tr\/wp-json\/wp\/v2\/pages\/1882","targetHints":{"allow":["GET"]}}],"collection":[{"href":"https:\/\/www.griffbereit-rucksack.de\/tr\/wp-json\/wp\/v2\/pages"}],"about":[{"href":"https:\/\/www.griffbereit-rucksack.de\/tr\/wp-json\/wp\/v2\/types\/page"}],"author":[{"embeddable":true,"href":"https:\/\/www.griffbereit-rucksack.de\/tr\/wp-json\/wp\/v2\/users\/1"}],"replies":[{"embeddable":true,"href":"https:\/\/www.griffbereit-rucksack.de\/tr\/wp-json\/wp\/v2\/comments?post=1882"}],"version-history":[{"count":3,"href":"https:\/\/www.griffbereit-rucksack.de\/tr\/wp-json\/wp\/v2\/pages\/1882\/revisions"}],"predecessor-version":[{"id":15734,"href":"https:\/\/www.griffbereit-rucksack.de\/tr\/wp-json\/wp\/v2\/pages\/1882\/revisions\/15734"}],"wp:attachment":[{"href":"https:\/\/www.griffbereit-rucksack.de\/tr\/wp-json\/wp\/v2\/media?parent=1882"}],"curies":[{"name":"wp","href":"https:\/\/api.w.org\/{rel}","templated":true}]}}