{"id":14558,"date":"2024-08-13T13:59:28","date_gmt":"2024-08-13T11:59:28","guid":{"rendered":"https:\/\/www.griffbereit-rucksack.de\/?page_id=14558"},"modified":"2024-08-13T15:51:54","modified_gmt":"2024-08-13T13:51:54","slug":"qualitaetsstandards","status":"publish","type":"page","link":"https:\/\/www.griffbereit-rucksack.de\/tr\/qualitaetsstandards\/","title":{"rendered":"Kalite standartlar\u0131"},"content":{"rendered":"<img decoding=\"async\" src=\"https:\/\/www.griffbereit-rucksack.de\/wp-content\/plugins\/bb-plugin\/img\/pixel.png\" alt=\"\" itemprop=\"image\" onerror=\"this.style.display='none'\"  \/>\n\t<p><img decoding=\"async\" src=\"https:\/\/www.griffbereit-rucksack.de\/wp-content\/uploads\/2024\/03\/griffbereitmini_cirlce.png\" alt=\"\" width=\"100\" height=\"100\" \/><img decoding=\"async\" src=\"https:\/\/www.griffbereit-rucksack.de\/wp-content\/uploads\/2024\/03\/griffbereit_cirlce.png\" alt=\"\" width=\"100\" height=\"100\" \/><img decoding=\"async\" src=\"https:\/\/www.griffbereit-rucksack.de\/wp-content\/uploads\/2024\/03\/rucksackkita_cirlce.png\" alt=\"\" width=\"100\" height=\"100\" \/><\/p>\n<p><strong>Kalite standartlar\u0131 <em>griffbereitMINI, Griffbereit<\/em> ve <em>Rucksack KiTa<\/em><\/strong><\/p>\n<p>&nbsp;<\/p>\n<p><u>S\u00fcrekli dil e\u011fitimi <\/u><\/p>\n<ul>\n<li>\u00c7ok dillilik (Almanca dahil t\u00fcm aile dillerinin desteklenmesi)<\/li>\n<li>Uzmanl\u0131k ve kaynak y\u00f6nelimi<\/li>\n<li>T\u00fcm payda\u015flar\u0131n dil geli\u015fimi ve dil e\u011fitimi s\u00fcre\u00e7lerine duyarl\u0131 hale getirilmesi<\/li>\n<li>G\u00fcnl\u00fck entegre dil eylem y\u00f6nelimi<\/li>\n<li>Durumsal yakla\u015f\u0131ma y\u00f6nelim<\/li>\n<\/ul>\n<p><u>Ailelerin e\u015fit kat\u0131l\u0131m\u0131, e\u011fitimi ve g\u00fc\u00e7lendirilmesi<\/u><\/p>\n<ul>\n<li>Kat\u0131l\u0131m ve dahil olma<\/li>\n<li>Kaynak ve yetkinlik odakl\u0131l\u0131k<\/li>\n<li>Bilgilendirme ve dan\u0131\u015fmanl\u0131k, yeterlilik<\/li>\n<li>E\u011fitim ve \u00f6\u011fretim ortakl\u0131klar\u0131<\/li>\n<\/ul>\n<p><u>G\u00f6\u00e7 toplumuna a\u00e7\u0131lma ve ilgili kurumlar\u0131n \u00e7e\u015fitlilik odakl\u0131 geli\u015fimi<\/u><\/p>\n<ul>\n<li>\u00c7e\u015fitlili\u011fin, kaynaklar\u0131n ve yetkinliklerin takdir edilmesi ve tan\u0131nmas\u0131<\/li>\n<li>E\u011fitim ve \u00f6\u011fretimde \u00f6nyarg\u0131lar\u0131 yans\u0131t\u0131c\u0131 eylem<\/li>\n<li>Ayr\u0131mc\u0131l\u0131\u011f\u0131 ele\u015ftiren e\u011fitim \u00e7al\u0131\u015fmalar\u0131<\/li>\n<li>Sosyal alan y\u00f6nelimi<\/li>\n<li>Kurumun i\u00e7eriye ve d\u0131\u015far\u0131ya a\u00e7\u0131lmas\u0131<\/li>\n<\/ul>\n<p><em>Her bir oyuncu i\u00e7in ilgili noktalar \u00e7al\u0131\u015fma materyallerinde daha ayr\u0131nt\u0131l\u0131 olarak a\u00e7\u0131klanm\u0131\u015ft\u0131r<\/em><em> ve hedefler ve g\u00f6stergeler form\u00fcle edilir. Programlar, a\u015fa\u011f\u0131daki ama\u00e7lar do\u011frultusunda geli\u015ftirilir<\/em><em> kalite standartlar\u0131 y\u0131ll\u0131k olarak de\u011ferlendirilmektedir.<\/em><\/p>\n<em>Kalite standartlar\u0131n\u0131 buradan indirebilirsiniz: <a href=\"https:\/\/www.griffbereit-rucksack.de\/wp-content\/uploads\/2024\/08\/Qualitaetsstandards_griffbereitMINI_Griffbereit_und_Rucksack_KiTa.pdf\">Kalite_standartlar\u0131_griffbereitMINI_Griffbereit_ve_s\u0131rt_\u00e7antas\u0131_g\u00fcnl\u00fck_bak\u0131m_merkezi<\/a><br \/>\n<\/em>","protected":false},"excerpt":{"rendered":"<div class=\"entry-summary\">\n<div class=\"entry-summary\">\nQualit\u00e4tsstandards griffbereitMINI, Griffbereit und Rucksack KiTa &nbsp; Durchg\u00e4ngige Sprachbildung Mehrsprachigkeit (F\u00f6rderung aller Familiensprachen inklusive der deutschen Sprache) Kompetenz-&hellip;\n<\/div>\n<div class=\"link-more\"><a href=\"https:\/\/www.griffbereit-rucksack.de\/tr\/qualitaetsstandards\/\" class=\"more-link\">Okumaya devam edin<span class=\"screen-reader-text\"> &ldquo;Qualit\u00e4tsstandards&rdquo;<\/span>...<\/a><\/div>\n<\/div>\n<div class=\"link-more\"><a href=\"https:\/\/www.griffbereit-rucksack.de\/tr\/qualitaetsstandards\/\" class=\"more-link\">Okumaya devam edin<span class=\"screen-reader-text\"> &ldquo;Qualit\u00e4tsstandards&rdquo;<\/span>...<\/a><\/div>","protected":false},"author":272,"featured_media":0,"parent":0,"menu_order":0,"comment_status":"closed","ping_status":"closed","template":"","meta":{"_acf_changed":false,"footnotes":""},"class_list":["post-14558","page","type-page","status-publish","hentry","entry"],"acf":[],"_links":{"self":[{"href":"https:\/\/www.griffbereit-rucksack.de\/tr\/wp-json\/wp\/v2\/pages\/14558","targetHints":{"allow":["GET"]}}],"collection":[{"href":"https:\/\/www.griffbereit-rucksack.de\/tr\/wp-json\/wp\/v2\/pages"}],"about":[{"href":"https:\/\/www.griffbereit-rucksack.de\/tr\/wp-json\/wp\/v2\/types\/page"}],"author":[{"embeddable":true,"href":"https:\/\/www.griffbereit-rucksack.de\/tr\/wp-json\/wp\/v2\/users\/272"}],"replies":[{"embeddable":true,"href":"https:\/\/www.griffbereit-rucksack.de\/tr\/wp-json\/wp\/v2\/comments?post=14558"}],"version-history":[{"count":0,"href":"https:\/\/www.griffbereit-rucksack.de\/tr\/wp-json\/wp\/v2\/pages\/14558\/revisions"}],"wp:attachment":[{"href":"https:\/\/www.griffbereit-rucksack.de\/tr\/wp-json\/wp\/v2\/media?parent=14558"}],"curies":[{"name":"wp","href":"https:\/\/api.w.org\/{rel}","templated":true}]}}