{"id":12019,"date":"2023-05-03T12:03:07","date_gmt":"2023-05-03T10:03:07","guid":{"rendered":"https:\/\/www.griffbereit-rucksack.de\/?page_id=12019"},"modified":"2023-05-03T13:26:54","modified_gmt":"2023-05-03T11:26:54","slug":"umsetzung-griffbereitmini","status":"publish","type":"page","link":"https:\/\/www.griffbereit-rucksack.de\/tr\/griffbereitmini\/umsetzung-griffbereitmini\/","title":{"rendered":"D\u00f6n\u00fc\u015f\u00fcm griffbereitMINI"},"content":{"rendered":"<h2>\n\t\tD\u00f6n\u00fc\u015f\u00fcm griffbereitMINI\n\t<\/h2>\n\t<p>g'nin uygulanmas\u0131<em>resif haz\u0131rMINI<\/em> Dortmund ve Kuzey Ren-Vestfalya'n\u0131n Coesfeld ve Wesel il\u00e7elerindeki pilot a\u015faman\u0131n ard\u0131ndan 2022'den itibaren \u00c7ocuk, Gen\u00e7lik, Aile, E\u015fitlik, M\u00fclteciler ve Entegrasyon Bakanl\u0131\u011f\u0131 (MKJFGFI) ve T\u00fcrkiye Ara\u015ft\u0131rmalar Merkezi ve Entegrasyon Vakf\u0131 (ZfTI) taraf\u0131ndan y\u00f6nlendirilecek ve e\u015flik edilecektir.<\/p>\n<p>2023 y\u0131l\u0131ndan bu yana <em>NDTI<\/em> Ayr\u0131ca Auridis Stiftung gGmbH taraf\u0131ndan desteklenen \u00fclke \u00e7ap\u0131ndaki transfer.<\/p>\n<strong>\u00c7er\u00e7eve ko\u015fullar\u0131<br \/>\n<\/strong>A\u015fa\u011f\u0131dakiler i\u00e7in uygun bir yerle\u015fim se\u00e7ene\u011fi<em> griffbereitMINI<\/em> aile merkezleri veya uluslararas\u0131 aile ge\u00e7mi\u015fi olan *ebeveynler\/*aileler i\u00e7in temas noktas\u0131 olan di\u011fer e\u011fitim kurumlar\u0131, \u00f6rne\u011fin Almanca\/ebeveyn entegrasyon kurslar\u0131, k\u00f6pr\u00fc teklifleri sa\u011flay\u0131c\u0131lar\u0131. Ayr\u0131ca program, hamilelik dan\u0131\u015fma merkezleri, ebelerin muayenehaneleri, \u00e7ocuk doktorlar\u0131n\u0131n muayenehaneleri ve m\u00fclteci deneyimi olan aileler i\u00e7in konaklama yerleri gibi ayn\u0131 ya\u015ftaki ailelerin ziyaret etti\u011fi yerlerde de m\u00fcmk\u00fcnd\u00fcr.\n<p>\u00dclkede hen\u00fcz bir Arazi koordinasyon ofisi veya yerel bir koordinasyon ofisi yoksa, ilgili kurulu\u015flar (program uygulay\u0131c\u0131 kurumlar) bir kullan\u0131c\u0131 s\u00f6zle\u015fmesi imzalar. Daha sonra bu kurulu\u015flar <em>griffbereitMINI<\/em>-Materyal paketi PDF veya Excel dosyas\u0131 olarak \u00fccretsiz.<\/p>\n\t\t\t<a href=\"https:\/\/www.griffbereit-rucksack.de\/tr\/griffbereitmini-material\/\" target=\"_self\" role=\"button\" rel=\"noopener\">\n\t\t\t\t\t\t\tgriffbereitMINI malzemesine genel bak\u0131\u015f\n\t\t\t<\/a>\n\t<p>Anla\u015fma ile t\u00fcm program sa\u011flay\u0131c\u0131lar program\u0131n kalite standartlar\u0131na uymay\u0131 ve bunlar\u0131 her d\u00fczeyde sa\u011flamay\u0131 taahh\u00fct eder. Yerel sa\u011flay\u0131c\u0131, program\u0131n uygulanmas\u0131n\u0131n yan\u0131 s\u0131ra ebeveyn rehberlerinin e\u011fitimini, \u00fccretlerini ve rehberli\u011fini finanse eder.<\/p>\n<p>ZfTI'de bulunan federal transfer ekibi, di\u011fer ofisler ve ajanslarla da i\u015fbirli\u011fi i\u00e7inde program\u0131 \u00fclke \u00e7ap\u0131nda koordine eder ve\/veya e\u015flik eder ve bilgilendirme etkinlikleri ve e\u011fitimler sunar. Federal transfer ekibi ayn\u0131 zamanda s\u00fcrekli profesyonel destekten de sorumludur. Ama\u00e7, program\u0131n uyguland\u0131\u011f\u0131 her eyalette eyalet koordinasyon ofisleri kurarak sahadaki \u00e7al\u0131\u015fmalara hedefe y\u00f6nelik destek sa\u011flamakt\u0131r.<\/p>\n\t\t\t<a href=\"https:\/\/www.griffbereit-rucksack.de\/tr\/organisatorisches-griffbereitmini\/\" target=\"_self\" role=\"button\" rel=\"noopener\">\n\t\t\t\t\t\t\tGenel bak\u0131\u015f Organizasyonel konular\n\t\t\t<\/a>","protected":false},"excerpt":{"rendered":"<div class=\"entry-summary\">\n<div class=\"entry-summary\">\nDortmund ve Kuzey Ren Vestfalya'n\u0131n Coesfeld ve Wesel il\u00e7elerindeki pilot a\u015famadan sonra, griffbereitMINI'nin uygulanmas\u0131 2022 y\u0131l\u0131ndan itibaren \u00c7ocuk, Gen\u00e7lik, Aile, E\u015fitlik, U\u00e7u\u015f ve Entegrasyon Bakanl\u0131\u011f\u0131 (MKJFGFI) ve T\u00fcrkiye Ara\u015ft\u0131rmalar Merkezi ve Entegrasyon Vakf\u0131 (ZfTI) taraf\u0131ndan y\u00f6nlendirilecek ve e\u015flik edilecektir.\n<\/div>\n<div class=\"link-more\"><a href=\"https:\/\/www.griffbereit-rucksack.de\/tr\/griffbereitmini\/umsetzung-griffbereitmini\/\" class=\"more-link\">Okumaya devam edin<span class=\"screen-reader-text\"> \"Ger\u00e7ekle\u015ftirme griffbereitMINI\"<\/span>...<\/a><\/div>\n<\/div>\n<div class=\"link-more\"><a href=\"https:\/\/www.griffbereit-rucksack.de\/tr\/griffbereitmini\/umsetzung-griffbereitmini\/\" class=\"more-link\">Okumaya devam edin<span class=\"screen-reader-text\"> \"Ger\u00e7ekle\u015ftirme griffbereitMINI\"<\/span>...<\/a><\/div>","protected":false},"author":1,"featured_media":0,"parent":12016,"menu_order":0,"comment_status":"closed","ping_status":"closed","template":"","meta":{"_acf_changed":false,"footnotes":""},"class_list":["post-12019","page","type-page","status-publish","hentry","entry"],"acf":[],"_links":{"self":[{"href":"https:\/\/www.griffbereit-rucksack.de\/tr\/wp-json\/wp\/v2\/pages\/12019","targetHints":{"allow":["GET"]}}],"collection":[{"href":"https:\/\/www.griffbereit-rucksack.de\/tr\/wp-json\/wp\/v2\/pages"}],"about":[{"href":"https:\/\/www.griffbereit-rucksack.de\/tr\/wp-json\/wp\/v2\/types\/page"}],"author":[{"embeddable":true,"href":"https:\/\/www.griffbereit-rucksack.de\/tr\/wp-json\/wp\/v2\/users\/1"}],"replies":[{"embeddable":true,"href":"https:\/\/www.griffbereit-rucksack.de\/tr\/wp-json\/wp\/v2\/comments?post=12019"}],"version-history":[{"count":0,"href":"https:\/\/www.griffbereit-rucksack.de\/tr\/wp-json\/wp\/v2\/pages\/12019\/revisions"}],"up":[{"embeddable":true,"href":"https:\/\/www.griffbereit-rucksack.de\/tr\/wp-json\/wp\/v2\/pages\/12016"}],"wp:attachment":[{"href":"https:\/\/www.griffbereit-rucksack.de\/tr\/wp-json\/wp\/v2\/media?parent=12019"}],"curies":[{"name":"wp","href":"https:\/\/api.w.org\/{rel}","templated":true}]}}