{"id":12017,"date":"2023-05-03T12:03:20","date_gmt":"2023-05-03T10:03:20","guid":{"rendered":"https:\/\/www.griffbereit-rucksack.de\/?page_id=12017"},"modified":"2023-05-03T12:18:12","modified_gmt":"2023-05-03T10:18:12","slug":"bildungsansaetze-griffbereitmini","status":"publish","type":"page","link":"https:\/\/www.griffbereit-rucksack.de\/tr\/griffbereitmini\/bildungsansaetze-griffbereitmini\/","title":{"rendered":"E\u011fitim yakla\u015f\u0131mlar\u0131 griffbereitMINI"},"content":{"rendered":"<h2>\"E\u011fitim \u00e7ocuklar\u0131m\u0131za verebilece\u011fimiz en b\u00fcy\u00fck hediyedir.\" (Cat Stevens)<\/h2>\r\n<p>G'nin hedefi<em>resif haz\u0131rMINI <\/em>erken dil ve aile e\u011fitimi yoluyla sa\u011flam bir \u00e7ok dillili\u011fin temelini atmakt\u0131r. Bu, Avrupa Birli\u011fi'nin 2002 y\u0131l\u0131ndan bu yana s\u00fcrd\u00fcrd\u00fc\u011f\u00fc bir hedeftir:<\/p>\r\n<p>Avrupa Konseyi'ne g\u00f6re, en az iki farkl\u0131 dilin te\u015fvik edilmesi erken \u00e7ocukluk d\u00f6neminde ba\u015flamal\u0131d\u0131r. Uzun vadede ama\u00e7, t\u00fcm vatanda\u015flar aile dillerine ek olarak en az iki dil hakk\u0131nda pratik bilgiye sahip olana kadar bireysel \u00e7ok dillili\u011fi te\u015fvik etmektir.<a href=\"#_ftn1\" name=\"_ftnref1\">[1]<\/a>. Kar\u015f\u0131l\u0131\u011f\u0131n\u0131 veren bir yat\u0131r\u0131m, \u00e7\u00fcnk\u00fc:<\/p>\r\n<p><strong>\"Her yeni dil, d\u00fcnyaya yeni bir bak\u0131\u015f a\u00e7\u0131s\u0131 kazand\u0131ran ve ki\u015finin hayata bak\u0131\u015f\u0131n\u0131 geni\u015fleten a\u00e7\u0131k bir pencere gibidir.\"<\/strong> <em>(Frank Harris)<\/em><\/p>\r\n<p><a href=\"#_ftnref1\" name=\"_ftn1\">[1]<\/a> Barselona Avrupa Konseyi, 15 ve 16 Mart 2002, Ba\u015fkanl\u0131k Kararlar\u0131, B\u00f6l\u00fcm I, 43.1.<\/p>\r\n<p>Ailelerin beraberinde getirdi\u011fi t\u00fcm diller, her ne pahas\u0131na olursa olsun te\u015fvik edilmesi gereken muazzam bir sosyal potansiyel olu\u015fturmaktad\u0131r. Ayn\u0131 \u015fekilde, Almanca dilinin te\u015fvik edilmesi de belirleyici bir rol oynamaktad\u0131r: Almanca, toplumun ve e\u011fitim kurumlar\u0131n\u0131n dilidir ve bu nedenle entegrasyon ve sosyal ba\u015far\u0131 i\u00e7in \u00f6n ko\u015fuldur.<\/p>\r\n<p><strong><em>griffbereitMINI<\/em> Griffbereit'den \u00f6nce ula\u015f\u0131r!<\/strong><br \/>Program, kre\u015fler, aile merkezleri vb. yerlerin yan\u0131 s\u0131ra hamilelik dan\u0131\u015fma merkezleri, ebe muayenehaneleri gibi \u00e7ocuk ya\u015ftaki aileler i\u00e7in de \u00f6nemli olan yerlerde y\u00fcr\u00fct\u00fclmektedir. Bu \u015fekilde aileler \u00e7ok erken ya\u015fta e\u011fitim sistemiyle tan\u0131\u015fmakta ve \u00e7ocuklar en ba\u015f\u0131ndan itibaren \u00e7e\u015fitlili\u011fi, toplumu ve farkl\u0131l\u0131\u011f\u0131 bir zenginlik olarak deneyimlemektedir. Burada *ebeveynler\/*aileler ile kurulan e\u011fitim ortakl\u0131\u011f\u0131, e\u011fitim kurumlar\u0131n\u0131n \u00e7e\u015fitlilik odakl\u0131 a\u00e7\u0131lmas\u0131n\u0131 desteklemektedir: \u00d6nyarg\u0131 ve d\u0131\u015flanmaya kar\u015f\u0131 \u00f6nc\u00fc k\u00f6\u015fe ta\u015flar\u0131.","protected":false},"excerpt":{"rendered":"<div class=\"entry-summary\">\n<div class=\"entry-summary\">\ngriffbereitMINI'nin amac\u0131, erken dil ve aile e\u011fitimi yoluyla sa\u011flam bir \u00e7ok dillili\u011fin temelini atmakt\u0131r.\n<\/div>\n<div class=\"link-more\"><a href=\"https:\/\/www.griffbereit-rucksack.de\/tr\/griffbereitmini\/bildungsansaetze-griffbereitmini\/\" class=\"more-link\">Okumaya devam edin<span class=\"screen-reader-text\"> \"E\u011fitim yakla\u015f\u0131mlar\u0131 griffbereitMINI\"<\/span>...<\/a><\/div>\n<\/div>\n<div class=\"link-more\"><a href=\"https:\/\/www.griffbereit-rucksack.de\/tr\/griffbereitmini\/bildungsansaetze-griffbereitmini\/\" class=\"more-link\">Okumaya devam edin<span class=\"screen-reader-text\"> \"E\u011fitim yakla\u015f\u0131mlar\u0131 griffbereitMINI\"<\/span>...<\/a><\/div>","protected":false},"author":1,"featured_media":0,"parent":12016,"menu_order":0,"comment_status":"closed","ping_status":"closed","template":"","meta":{"_acf_changed":false,"footnotes":""},"class_list":["post-12017","page","type-page","status-publish","hentry","entry"],"acf":[],"_links":{"self":[{"href":"https:\/\/www.griffbereit-rucksack.de\/tr\/wp-json\/wp\/v2\/pages\/12017","targetHints":{"allow":["GET"]}}],"collection":[{"href":"https:\/\/www.griffbereit-rucksack.de\/tr\/wp-json\/wp\/v2\/pages"}],"about":[{"href":"https:\/\/www.griffbereit-rucksack.de\/tr\/wp-json\/wp\/v2\/types\/page"}],"author":[{"embeddable":true,"href":"https:\/\/www.griffbereit-rucksack.de\/tr\/wp-json\/wp\/v2\/users\/1"}],"replies":[{"embeddable":true,"href":"https:\/\/www.griffbereit-rucksack.de\/tr\/wp-json\/wp\/v2\/comments?post=12017"}],"version-history":[{"count":0,"href":"https:\/\/www.griffbereit-rucksack.de\/tr\/wp-json\/wp\/v2\/pages\/12017\/revisions"}],"up":[{"embeddable":true,"href":"https:\/\/www.griffbereit-rucksack.de\/tr\/wp-json\/wp\/v2\/pages\/12016"}],"wp:attachment":[{"href":"https:\/\/www.griffbereit-rucksack.de\/tr\/wp-json\/wp\/v2\/media?parent=12017"}],"curies":[{"name":"wp","href":"https:\/\/api.w.org\/{rel}","templated":true}]}}