{"id":12016,"date":"2023-05-03T12:00:59","date_gmt":"2023-05-03T10:00:59","guid":{"rendered":"https:\/\/www.griffbereit-rucksack.de\/?page_id=12016"},"modified":"2024-01-25T19:43:46","modified_gmt":"2024-01-25T18:43:46","slug":"griffbereitmini","status":"publish","type":"page","link":"https:\/\/www.griffbereit-rucksack.de\/tr\/griffbereitmini\/","title":{"rendered":"griffbereitMINI"},"content":{"rendered":"<h2><strong>Ho\u015f geldiniz <em>griffbereitMINI<\/em><\/strong><\/h2>\n<p><strong>En ba\u015f\u0131ndan itibaren her g\u00fcn entegre dil e\u011fitimi<\/strong><\/p>\n\t<em><strong>griffbereitMINI<\/strong><\/em> ya\u015famlar\u0131n\u0131n ilk y\u0131l\u0131nda \u00e7ocuklar\u0131 olan aileler i\u00e7in bir dil e\u011fitim program\u0131d\u0131r. Bir Griffbereit grubuna ge\u00e7i\u015f e\u015flik eder.<br \/>\nDortmund'daki aile ofisleri personelinin do\u011fum vesilesiyle yap\u0131lan ho\u015f geldin ziyaretlerinden edindi\u011fi deneyim, ziyaretler ile Griffbereit gibi *ailelere y\u00f6nelik hizmetler aras\u0131ndaki s\u00fcrenin \u00e7ok uzun oldu\u011funu ve bu nedenle hizmetlerin her zaman istenildi\u011fi gibi kabul edilmedi\u011fini g\u00f6stermi\u015ftir. Bu da, di\u011fer \u015feylerin yan\u0131 s\u0131ra, \u00e7ocuklar\u0131 ve ailelerini desteklemek i\u00e7in de\u011ferli geli\u015fim zaman\u0131n\u0131n kaybedildi\u011fi anlam\u0131na geliyordu.<br \/>\nAilelere g\u00fcnl\u00fck ya\u015fama entegre edilmi\u015f s\u00fcrekli dil e\u011fitimi anlam\u0131nda bir program\u0131 hemen sunabilmek i\u00e7in, ya\u015famlar\u0131n\u0131n ilk y\u0131l\u0131nda \u00e7ocuklar\u0131 olan ebeveynlere y\u00f6nelik bir program geli\u015ftirme fikri ortaya \u00e7\u0131kt\u0131. Kavramsalla\u015ft\u0131rma s\u0131ras\u0131nda, Almanya'da bu ya\u015ftaki k\u00fc\u00e7\u00fck \u00e7ocuklar i\u00e7in \u00e7ok dillili\u011fe de\u011fer verme ba\u011flam\u0131nda dil e\u011fitimine odaklanan bir program\u0131n bulunmamas\u0131 da b\u00fcy\u00fck \u00f6nem ta\u015f\u0131yordu.\n\t\t\t<a href=\"https:\/\/www.griffbereit-rucksack.de\/tr\/angebot-griffbereitmini\/\" target=\"_self\" role=\"button\" rel=\"noopener\">\n\t\t\t\t\t\t\tTEKL\u0130F\n\t\t\t<\/a>\n\t\t\t<a href=\"https:\/\/www.griffbereit-rucksack.de\/tr\/ablauf-griffbereitmini\/\" target=\"_self\" role=\"button\" rel=\"noopener\">\n\t\t\t\t\t\t\tG\u00dcNCEL\n\t\t\t<\/a>\n\t\t\t<a href=\"https:\/\/www.griffbereit-rucksack.de\/tr\/zielgruppen-griffbereitmini\/\" target=\"_self\" role=\"button\" rel=\"noopener\">\n\t\t\t\t\t\t\tHEDEF GRUPLAR\n\t\t\t<\/a>\n\t<iframe title=\"GriffbereitMINI G\u00f6r\u00fcnt\u00fc filmi\" width=\"1160\" height=\"653\" src=\"https:\/\/www.youtube.com\/embed\/qIj17JW7U6k?feature=oembed\" frameborder=\"0\" allow=\"accelerometer; autoplay; clipboard-write; encrypted-media; gyroscope; picture-in-picture; web-share\" allowfullscreen><\/iframe>\n\t<p>Program g\u00fcnd\u00fcz bak\u0131m merkezlerinde, aile merkezlerinde, aile e\u011fitim merkezlerinde ve gebelik dan\u0131\u015fma merkezleri veya ebe muayenehaneleri gibi di\u011fer yerlerde sunulmaktad\u0131r. Bu sayede *aileler \u00e7ocuklar\u0131n\u0131n ya\u015fad\u0131\u011f\u0131 ve \u00f6\u011frendi\u011fi yerleri erken bir a\u015famada tan\u0131ma ve \u015fekillendirilmesine aktif olarak kat\u0131lma f\u0131rsat\u0131 bulmaktad\u0131r.<\/p>\n<p><strong><em>griffbereitMINI<\/em><\/strong><strong> g\u00fcnd\u00fcz bak\u0131m\u0131na giri\u015f seviyesi teklifi olarak da hizmet edebilir.<\/strong><\/p>","protected":false},"excerpt":{"rendered":"<div class=\"entry-summary\">\n<div class=\"entry-summary\">\ngriffbereitMINI'ye ho\u015f geldiniz En ba\u015f\u0131ndan itibaren her g\u00fcn entegre dil e\u011fitimi griffbereitMINI, ilkokul \u00e7a\u011f\u0131nda \u00e7ocuklar\u0131 olan aileler i\u00e7in bir dil e\u011fitim program\u0131d\u0131r...\n<\/div>\n<div class=\"link-more\"><a href=\"https:\/\/www.griffbereit-rucksack.de\/tr\/griffbereitmini\/\" class=\"more-link\">Okumaya devam edin<span class=\"screen-reader-text\"> \"griffbereitMINI\"<\/span>...<\/a><\/div>\n<\/div>\n<div class=\"link-more\"><a href=\"https:\/\/www.griffbereit-rucksack.de\/tr\/griffbereitmini\/\" class=\"more-link\">Okumaya devam edin<span class=\"screen-reader-text\"> \"griffbereitMINI\"<\/span>...<\/a><\/div>","protected":false},"author":1,"featured_media":0,"parent":0,"menu_order":0,"comment_status":"closed","ping_status":"closed","template":"templates\/subpages.php","meta":{"_acf_changed":false,"footnotes":""},"class_list":["post-12016","page","type-page","status-publish","hentry","entry"],"acf":[],"_links":{"self":[{"href":"https:\/\/www.griffbereit-rucksack.de\/tr\/wp-json\/wp\/v2\/pages\/12016","targetHints":{"allow":["GET"]}}],"collection":[{"href":"https:\/\/www.griffbereit-rucksack.de\/tr\/wp-json\/wp\/v2\/pages"}],"about":[{"href":"https:\/\/www.griffbereit-rucksack.de\/tr\/wp-json\/wp\/v2\/types\/page"}],"author":[{"embeddable":true,"href":"https:\/\/www.griffbereit-rucksack.de\/tr\/wp-json\/wp\/v2\/users\/1"}],"replies":[{"embeddable":true,"href":"https:\/\/www.griffbereit-rucksack.de\/tr\/wp-json\/wp\/v2\/comments?post=12016"}],"version-history":[{"count":0,"href":"https:\/\/www.griffbereit-rucksack.de\/tr\/wp-json\/wp\/v2\/pages\/12016\/revisions"}],"wp:attachment":[{"href":"https:\/\/www.griffbereit-rucksack.de\/tr\/wp-json\/wp\/v2\/media?parent=12016"}],"curies":[{"name":"wp","href":"https:\/\/api.w.org\/{rel}","templated":true}]}}