{"id":648,"date":"2019-09-12T16:20:07","date_gmt":"2019-09-12T14:20:07","guid":{"rendered":"https:\/\/www.griffbereit-rucksack.de\/?page_id=648"},"modified":"2023-08-08T11:20:00","modified_gmt":"2023-08-08T09:20:00","slug":"wirkung-rucksack-kita","status":"publish","type":"page","link":"https:\/\/www.griffbereit-rucksack.de\/it\/rucksack-kita\/wirkung-rucksack-kita\/","title":{"rendered":"Effetto Rucksack KiTa"},"content":{"rendered":"<h4><strong>Genitori\/famiglie partecipanti<\/strong><\/h4>\r\n<p><strong>Cosa ottengo da Rucksack KiTa?<\/strong><\/p>\r\n<ul>\r\n<li>Settimanale <em>Rucksack KiTa-<\/em>Gruppo di genitori<\/li>\r\n<li>Contatto\/scambio con persone che la pensano allo stesso modo<\/li>\r\n<li>Multilingue <em>Rucksack KiTa<\/em>-Materiale<\/li>\r\n<li>Qualifica di consulente genitoriale, se applicabile<\/li>\r\n<\/ul>\r\n<p><strong>Cosa rafforza\/rinforza la Rucksack KiTa?<\/strong><\/p>\r\n<ul>\r\n<li>Conoscenze e competenze in materia di istruzione, educazione, salute, ecc.<\/li>\r\n<li>Fiducia in se stesso, concentrandosi sui propri punti di forza.<\/li>\r\n<li>Disponibilit\u00e0 a impegnarsi nel dialogo e competenza ad agire nel KiTa<\/li>\r\n<li>Interazione genitore-bambino e tempo di consultazione congiunta<\/li>\r\n<li>Motivazione a sostenere i propri figli (ad esempio, il linguaggio)<\/li>\r\n<li>Partecipazione alla vita sociale e al centro diurno<\/li>\r\n<li>Motivazione ad approfondire e condividere le proprie abilit\u00e0 e competenze linguistiche, ad esempio come consulente genitoriale.<\/li>\r\n<\/ul>\r\n<p><strong>Come cambia il modo in cui lavoriamo insieme?<\/strong><\/p>\r\n<ul>\r\n<li>I genitori\/famiglie sono integrati e coinvolti attivamente nella vita sociale e nei centri educativi.<\/li>\r\n<li>Potenziale der Familien werden anerkannt &#8211; f\u00fcr echte gesellschaftliche Teilhabe<\/li>\r\n<li>Potenziale und Chancen kultureller Vielfalt werden sichtbar &#8211; f\u00fcr echten Wandel<\/li>\r\n<li>Rafforzare la partecipazione<\/li>\r\n<li>Autentici partenariati educativi tra i genitori\/famiglie e l'istituto.<\/li>\r\n<\/ul>\r\n<p>&nbsp;<\/p>\r\n\t<h4><strong>Bambini partecipanti<br \/>\r\n<\/strong><\/h4>\r\n<p><strong>Cosa ottengo da Rucksack KiTa?<\/strong><\/p>\r\n<ul>\r\n<li>Settimanale <em>Rucksack KiTa<\/em>-Gruppo<\/li>\r\n<li>Materiali adatti all'et\u00e0 (multilingue), ad esempio audiolibri, libri per bambini.<\/li>\r\n<li>Sostegno parallelo da parte di professionisti dell'educazione e genitori\/familiari nell'asilo nido e a casa.<\/li>\r\n<\/ul>\r\n<p><strong>Cosa rafforza\/rinforza la Rucksack KiTa?<\/strong><\/p>\r\n<ul>\r\n<li>Rafforzamento delle competenze linguistiche nella lingua o nelle lingue della famiglia e in tedesco.<\/li>\r\n<li>Competenza linguistica generale, ad esempio un vocabolario pi\u00f9 ampio.<\/li>\r\n<li>Sviluppo generale positivo (ad esempio, emotivo, motorio, ecc.).<\/li>\r\n<li>Interazione genitore-bambino pi\u00f9 familiare e intensa<\/li>\r\n<li>Piacere del materiale\/fare<\/li>\r\n<li>Transizione pi\u00f9 facile alla scuola successiva e migliori risultati scolastici<\/li>\r\n<li>Consapevolezza del multilinguismo come potenziale<\/li>\r\n<li>Opportunit\u00e0 di partecipare con successo all'istruzione<\/li>\r\n<\/ul>\r\n<p><strong>Come cambia il modo in cui lavoriamo insieme?<\/strong><\/p>\r\n<ul>\r\n<li>Pi\u00f9 pari opportunit\u00e0 per tutti i bambini per quanto riguarda l'istruzione<\/li>\r\n<li>Accettazione sociale del multilinguismo come risorsa e potenziale per i bambini<\/li>\r\n<\/ul>\r\n<p>&nbsp;<\/p>\r\n\t<h4><strong>Consulenti genitori leader<\/strong><\/h4>\r\n<p><strong>Cosa ottengo da Rucksack KiTa?<\/strong><\/p>\r\n<ul>\r\n<li><em>Rucksack KiTa<\/em>-Formazione, supporto e riflessione<\/li>\r\n<li>Materiale del programma multilingue<\/li>\r\n<li>Fornitura di un concetto con raccomandazioni per l'azione e idee\/suggerimenti per la pratica.<\/li>\r\n<li>Libert\u00e0 di pianificazione autonoma<\/li>\r\n<li>Elevata flessibilit\u00e0 all'interno delle condizioni quadro<\/li>\r\n<\/ul>\r\n<strong>Che cosa rafforza\/rinforza Rucksack KiTa<br \/>\r\n<\/strong>\r\n<ul>\r\n<li>Conoscenze nelle aree dell'educazione degli adulti e dello sviluppo infantile, nonch\u00e9 del multilinguismo e della diversit\u00e0.<\/li>\r\n<li>Responsabilit\u00e0 e indipendenza come mediatore tra la famiglia e l'istituzione.<\/li>\r\n<li>Fiducia in se stessi, pratica<\/li>\r\n<li>Libert\u00e0 di pianificazione autonoma<\/li>\r\n<li>Elevata flessibilit\u00e0 all'interno delle condizioni quadro<\/li>\r\n<\/ul>\r\n<p><strong>Come cambia il modo in cui lavoriamo insieme?<\/strong><\/p>\r\n<ul>\r\n<li>Primi passi nel campo del lavoro pedagogico<\/li>\r\n<li>I KiTas si stanno sviluppando ulteriormente - verso una vita, un'azione e un lavoro pi\u00f9 orientati alla diversit\u00e0 (orientamento alla diversit\u00e0)<\/li>\r\n<li>Indipendenza<\/li>\r\n<li>Motivazione ad ampliare il proprio campo di attivit\u00e0 o a perseguire in modo proattivo un'ulteriore formazione.<\/li>\r\n<\/ul>\r\n\t<h4><strong>Professionisti dell'educazione<br \/>\r\n<\/strong><\/h4>\r\n<p><strong>Cosa ottengo da Rucksack KiTa?<\/strong><\/p>\r\n<ul>\r\n<li><em>Griffbereit<\/em>-Formazione, supporto e riflessione<\/li>\r\n<li><em>Rucksack KiTa<\/em>-Formazione, assistenza e supervisioneSupporto per l'assistenza parallela in tedesco \u2192 Materiale del programma per i professionisti dell'istruzione<a href=\"#_ftn1\" name=\"_ftnref1\">[1]<\/a><\/li>\r\n<\/ul>\r\n<p><strong>Cosa rafforza\/rinforza la Rucksack KiTa?<\/strong><\/p>\r\n<ul>\r\n<li>Leitmotiv \u201eErziehungs- und Bildungspartnerschaft&#8220;<\/li>\r\n<li>Conoscenza e maggiore consapevolezza del comportamento consapevole della diversit\u00e0 e del multilinguismo.<\/li>\r\n<li>Libert\u00e0 di organizzare la routine giornaliera dell'asilo nido di conseguenza<\/li>\r\n<li>Motivazione a utilizzare l'educazione e l'assistenza linguistica in modo mirato.<\/li>\r\n<li>Meno stress, pi\u00f9 fiducia in se stessi nella vita lavorativa di tutti i giorni<\/li>\r\n<\/ul>\r\n<p><strong>Come cambia il modo in cui lavoriamo insieme?<\/strong><\/p>\r\n<ul>\r\n<li>Stanno emergendo nuovi concetti educativi: orientati alla diversit\u00e0 e alla promozione del multilinguismo.<\/li>\r\n<li>L'istruzione \u00e8 sensibile alla migrazione, attenta alla diversit\u00e0 e promuove il multilinguismo.<\/li>\r\n<li>Questa educazione diventa un modello sociale e porta a una societ\u00e0 aperta e diversificata a tutti i livelli.<\/li>\r\n<\/ul>\r\n<p>&nbsp;<\/p>\r\n<p><a href=\"#_ftnref1\" name=\"_ftn1\">[1]<\/a> In linea con i principi educativi per i bambini da 0 a 10 anni negli asili nido e nelle scuole primarie della Renania Settentrionale-Vestfalia, pubblicati nel 2016: <a href=\"https:\/\/www.mfkjks.nrw\/sites\/default\/files\/asset\/document\/bildungsgrundsaetze_januar_2016.pdf\">https:\/\/www.mfkjks.nrw\/sites\/default\/files\/asset\/document\/bildungsgrundsaetze_januar_2016.pdf<\/a> (al 04\/05\/2016).<\/p>\r\n<p>&nbsp;<\/p>\r\n\t<h4><strong>Istituzione educativa partecipante<br \/>\r\n<\/strong><\/h4>\r\n<p><strong>Cosa ottengo da Rucksack KiTa?<\/strong><\/p>\r\n<ul>\r\n<li>Settimanale <em>Rucksack KiTa<\/em>-Gruppo<\/li>\r\n<li>Consulenti genitori qualificati<\/li>\r\n<li>Formazione, supporto e riflessione<\/li>\r\n<li>Equipaggiare la struttura, ad esempio con materiali di gioco, libri e immagini attenti alla diversit\u00e0, nonch\u00e9 idee e suggerimenti per un ambiente stimolante dal punto di vista linguistico e dell'apprendimento in tutte le lingue a disposizione dei bambini.<\/li>\r\n<\/ul>\r\n<p><strong>Cosa rafforza\/rinforza la Rucksack KiTa?<\/strong><\/p>\r\n<ul>\r\n<li>Conoscenza pratica degli approcci attenti alla diversit\u00e0 e della loro implementazione consolidata.<\/li>\r\n<li>Apertura ai contributi delle famiglie con una storia internazionale per la vita quotidiana dell'asilo nido<\/li>\r\n<li>Interazione con i genitori con una storia familiare internazionale<\/li>\r\n<li>Akzeptanz Eltern = \u201eErziehungsexperten&#8220;<\/li>\r\n<li>Adempimento dei requisiti legali (vedere ad esempio per NRW KiBiz)<\/li>\r\n<li>Realizzare il potenziale del multilinguismo<\/li>\r\n<li>Migliore preparazione all'istruzione superiore, migliori opportunit\u00e0 educative per i bambini.<\/li>\r\n<\/ul>\r\n<p><strong>Come cambia il modo in cui lavoriamo insieme?<\/strong><\/p>\r\n<ul>\r\n<li>\r\n<ul>\r\n<li>Rafforzare il partenariato educativo con i genitori\/famiglie lungo la catena educativa.<\/li>\r\n<li>Le istituzioni educative si aprono in modo sensibile alla migrazione e orientato alla diversit\u00e0 fin dalla pi\u00f9 tenera et\u00e0.<a href=\"#_ftn1\" name=\"_ftnref1\">[1]<\/a><\/li>\r\n<\/ul>\r\n<\/li>\r\n<\/ul>\r\n<p>&nbsp;<\/p>\r\n<p><a href=\"#_ftnref1\" name=\"_ftn1\">[1]<\/a> <a href=\"http:\/\/publi.lvr.de\/publi\/PDF\/750-Gemeinsam-Verschieden.pdf\">http:\/\/publi.lvr.de\/publi\/PDF\/750-Gemeinsam-Verschieden.pdf<\/a>, pag. 9 (al 04\/05\/2016).<\/p>","protected":false},"excerpt":{"rendered":"<div class=\"entry-summary\">\n<div class=\"entry-summary\">\nQui trover\u00e0 l'impatto sui seguenti gruppi target: Genitori\/famiglie, consulenti genitoriali, professionisti dell'educazione, bambini e istituzioni educative.\n<\/div>\n<div class=\"link-more\"><a href=\"https:\/\/www.griffbereit-rucksack.de\/it\/rucksack-kita\/wirkung-rucksack-kita\/\" class=\"more-link\">Continua a leggere<span class=\"screen-reader-text\"> &ldquo;Wirkung Rucksack KiTa&rdquo;<\/span>...<\/a><\/div>\n<\/div>\n<div class=\"link-more\"><a href=\"https:\/\/www.griffbereit-rucksack.de\/it\/rucksack-kita\/wirkung-rucksack-kita\/\" class=\"more-link\">Continua a leggere<span class=\"screen-reader-text\"> &ldquo;Wirkung Rucksack KiTa&rdquo;<\/span>...<\/a><\/div>","protected":false},"author":1,"featured_media":0,"parent":623,"menu_order":0,"comment_status":"closed","ping_status":"closed","template":"","meta":{"_acf_changed":false,"footnotes":""},"class_list":["post-648","page","type-page","status-publish","hentry","entry"],"acf":[],"_links":{"self":[{"href":"https:\/\/www.griffbereit-rucksack.de\/it\/wp-json\/wp\/v2\/pages\/648","targetHints":{"allow":["GET"]}}],"collection":[{"href":"https:\/\/www.griffbereit-rucksack.de\/it\/wp-json\/wp\/v2\/pages"}],"about":[{"href":"https:\/\/www.griffbereit-rucksack.de\/it\/wp-json\/wp\/v2\/types\/page"}],"author":[{"embeddable":true,"href":"https:\/\/www.griffbereit-rucksack.de\/it\/wp-json\/wp\/v2\/users\/1"}],"replies":[{"embeddable":true,"href":"https:\/\/www.griffbereit-rucksack.de\/it\/wp-json\/wp\/v2\/comments?post=648"}],"version-history":[{"count":0,"href":"https:\/\/www.griffbereit-rucksack.de\/it\/wp-json\/wp\/v2\/pages\/648\/revisions"}],"up":[{"embeddable":true,"href":"https:\/\/www.griffbereit-rucksack.de\/it\/wp-json\/wp\/v2\/pages\/623"}],"wp:attachment":[{"href":"https:\/\/www.griffbereit-rucksack.de\/it\/wp-json\/wp\/v2\/media?parent=648"}],"curies":[{"name":"wp","href":"https:\/\/api.w.org\/{rel}","templated":true}]}}