{"id":629,"date":"2019-09-12T14:56:35","date_gmt":"2019-09-12T12:56:35","guid":{"rendered":"https:\/\/www.griffbereit-rucksack.de\/?page_id=629"},"modified":"2023-07-17T16:23:49","modified_gmt":"2023-07-17T14:23:49","slug":"rucksack-kita-zielgruppen","status":"publish","type":"page","link":"https:\/\/www.griffbereit-rucksack.de\/it\/rucksack-kita-zielgruppen\/","title":{"rendered":"Gruppi target Rucksack KiTa"},"content":{"rendered":"<p><strong>Genitori o famiglie<\/strong><\/p>\n<p>I genitori\/familiari vengono avvicinati come esperti nella promozione della lingua o delle lingue domestiche\/familiari, orientati ai loro punti di forza. Inoltre, potenzialmente hanno a disposizione molto pi\u00f9 tempo per parlare con i loro figli rispetto allo specialista educativo del centro. Se i genitori\/familiari hanno imparato a leggere ad alta voce in modo interattivo e, per esempio, incoraggiano il bambino a pensare e a parlare di una storia o lo incoraggiano a raccontare le storie, la quantit\u00e0 di tempo disponibile pu\u00f2 moltiplicarsi rapidamente e il bambino pu\u00f2 parlare molto di pi\u00f9 in questo contesto in una settimana rispetto all'asilo nido. Se il bambino viene anche incoraggiato a parlare quotidianamente delle esperienze e delle avventure vissute all'asilo, questo avr\u00e0 un effetto molto positivo sullo sviluppo della prima lingua.<\/p>\n<p><strong>Bambini<\/strong><\/p>\n<p>Il linguaggio \u00e8 una delle competenze chiave pi\u00f9 importanti per l'apprendimento permanente e il successivo successo nelle istituzioni educative. Soprattutto per i bambini all'inizio del loro sviluppo linguistico e per i bambini che crescono multilingue, l'educazione linguistica precoce e il sostegno delle competenze linguistiche da parte di genitori\/famiglie ed educatori sono di importanza cruciale. La promozione dello sviluppo linguistico come compito educativo centrale ha quindi giustamente un'alta priorit\u00e0 nell'istruzione primaria. Le nuove scoperte scientifiche e l'esperienza pratica acquisita negli ultimi anni dimostrano che \u00e8 soprattutto l'educazione linguistica sistematica integrata nella vita quotidiana a promuovere lo sviluppo linguistico dei bambini.<\/p>\n<p><strong>Consulenti per i genitori<\/strong><\/p>\n<p>I consulenti per i genitori guidano il <em>Gruppo zaino<\/em> dei genitori\/famiglie. Se possibile, dovrebbe essere una persona multilingue con una storia familiare internazionale dell'asilo stesso, oppure il compito dovrebbe essere assunto da un professionista con una storia familiare internazionale (studenti, professionisti in congedo parentale, personale di supporto linguistico, ecc.)<\/p>\n<p>Die Vorteile liegen auf der Hand: Personen, die teilweise eine \u00e4hnliche Familiensituation innehaben und die gleiche Sprache sprechen, werden schneller als Vertrauenspersonen angesehen und k\u00f6nnen somit leichter eine vermittelnde Rolle, eine \u201eBr\u00fcckenfunktion&#8220; zwischen Bildungsinstitution und Elternhaus einnehmen. Diese Person sollte sowohl gute Kenntnisse in der\/den Erstsprache(n) bzw. Familiensprache(n) der Teilnehmer*innen als auch in Deutsch haben. In der Regel f\u00fchren Honorarkr\u00e4fte die Elternbegleitung durch oder freigestelltes p\u00e4dagogisches Personal aus den Einrichtungen. Sie werden von sogenannten Anleiter*innen (Koordinatoren)<a href=\"#_ftn1\" name=\"_ftnref1\">[1]<\/a> formati e sostenuti. A tal fine, sono previste misure di qualificazione che coprono un'ampia gamma di argomenti. Questi programmi di formazione sono ovviamente adattati alle esigenze locali. Di norma, la formazione viene offerta sui seguenti argomenti:<\/p>\n<ul>\n<li>Sensibilizzazione alla migrazione\/azione consapevole della diversit\u00e0 nell'educazione e nell'istruzione<\/li>\n<li>Comunicazione e gestione dei conflitti<\/li>\n<li>Metodi di leadership di gruppo e di dialogo<\/li>\n<li>Attuazione pratica del programma <em>Rucksack KiTa<\/em><\/li>\n<li>Organizzazione del gruppo<\/li>\n<li>Attivit\u00e0 e giochi<\/li>\n<li>Osservare e motivare i bambini<\/li>\n<li>Autoformazione dei genitori o aiuto per l'auto-aiuto<\/li>\n<li>Educazione linguistica, sviluppo linguistico e acquisizione linguistica<\/li>\n<li>Multilinguismo<\/li>\n<li>Promozione delle competenze matematiche preliminari<\/li>\n<li>Educazione all'alfabetizzazione<\/li>\n<li>L'importanza dell'attaccamento per lo sviluppo del bambino<\/li>\n<li>Lo sviluppo dei bambini piccoli e\/o in et\u00e0 prescolare<\/li>\n<li>Salute<\/li>\n<li>Educazione ai media<\/li>\n<li>Dialogo interreligioso<\/li>\n<\/ul>\n<p><a href=\"#_ftnref1\" name=\"_ftn1\">[1]<\/a> Gli istruttori sono professionisti pre-qualificati in pedagogia e diversit\u00e0, hanno competenze nella teoria e nel lavoro pratico del multilinguismo e hanno esperienza e conoscenza del lavoro con persone con una storia familiare internazionale.<\/p>\n\t<p><strong>Professionisti dell'educazione<\/strong><\/p>\n<p>Oltre ai loro compiti principali, come la cura dei bambini, l'istruzione, l'educazione e il supporto olistico, i professionisti dell'educazione devono anche riconoscere e comprendere gli ambienti di vita e la diversit\u00e0 e promuovere l'inclusione, dare forma a partenariati educativi con genitori\/famiglie e assistenti, sostenere le transizioni, sviluppare istituzioni ed \u00e9quipe e cooperare nelle reti.<a href=\"#_ftn2\" name=\"_ftnref2\">[2]<\/a>. Questi compiti, in particolare, corrispondono alla <em>Zaino<\/em>principi di educazione e di istruzione attenti alla diversit\u00e0, che contrastano attivamente i pregiudizi e l'emarginazione. Ai professionisti dell'educazione viene offerto un supporto mirato in questi processi, nonch\u00e9 per l'educazione (multilingue) dei bambini integrata nella vita quotidiana. In questo processo impegnativo, i professionisti dell'educazione sono supportati nell'ambito di <em>Rucksack KiTa<\/em> sono consigliati e sostenuti dai responsabili del programma. Sono sempre in dialogo con gli altri partecipanti.<\/p>\n<p><strong>Istituzioni educative<\/strong><\/p>\n<p><em>Rucksack KiTa<\/em> \u00e8 un programma che si svolge nelle istituzioni scolastiche, affinch\u00e9 possano aprirsi alla societ\u00e0 della migrazione e avviare processi che possono portare a cambiamenti importanti nell'istituzione scolastica stessa, ma anche nel distretto o addirittura nella citt\u00e0 o nella contea. L'istituzione educativa \u00e8 coinvolta responsabilmente nella promozione parallela della seconda lingua. L'asilo nido coordina il programma per madri\/padri con il suo concetto di educazione linguistica integrata nella vita quotidiana. I genitori\/famiglie sono aiutati a concentrarsi sullo sviluppo dei loro figli attraverso una comunicazione strutturata del programma. <em>Rucksack KiTa<\/em> \u00e8 particolarmente adatto agli asili nido o ai centri per le famiglie, che di solito sono un punto di contatto per i genitori\/famiglie con una storia familiare internazionale.<\/p>\n<p><a href=\"#_ftnref2\" name=\"_ftn2\">[2]<\/a>\u00a0\u00a0 Cfr. il curriculum transnazionale per insegnanti di scuola materna:<\/p>\n<p>http:\/\/www.berufsbildung.nrw.de\/cms\/upload\/fs\/download\/sozial\/laenderuebergr-lp-erzieher.pdf (al 30\/07\/2019).<\/p>","protected":false},"excerpt":{"rendered":"<div class=\"entry-summary\">\n<div class=\"entry-summary\">\nZielgruppen sind Eltern\/Familien, Eltern-begleiter*innen, P\u00e4dagogische Fachkr\u00e4fte, Kinder und Bildungseinrichtungen.\n<\/div>\n<div class=\"link-more\"><a href=\"https:\/\/www.griffbereit-rucksack.de\/it\/rucksack-kita-zielgruppen\/\" class=\"more-link\">Continua a leggere<span class=\"screen-reader-text\"> &ldquo;Zielgruppen Rucksack KiTa&rdquo;<\/span>...<\/a><\/div>\n<\/div>\n<div class=\"link-more\"><a href=\"https:\/\/www.griffbereit-rucksack.de\/it\/rucksack-kita-zielgruppen\/\" class=\"more-link\">Continua a leggere<span class=\"screen-reader-text\"> &ldquo;Zielgruppen Rucksack KiTa&rdquo;<\/span>...<\/a><\/div>","protected":false},"author":1,"featured_media":0,"parent":0,"menu_order":4,"comment_status":"closed","ping_status":"closed","template":"","meta":{"_acf_changed":false,"footnotes":""},"class_list":["post-629","page","type-page","status-publish","hentry","entry"],"acf":[],"_links":{"self":[{"href":"https:\/\/www.griffbereit-rucksack.de\/it\/wp-json\/wp\/v2\/pages\/629","targetHints":{"allow":["GET"]}}],"collection":[{"href":"https:\/\/www.griffbereit-rucksack.de\/it\/wp-json\/wp\/v2\/pages"}],"about":[{"href":"https:\/\/www.griffbereit-rucksack.de\/it\/wp-json\/wp\/v2\/types\/page"}],"author":[{"embeddable":true,"href":"https:\/\/www.griffbereit-rucksack.de\/it\/wp-json\/wp\/v2\/users\/1"}],"replies":[{"embeddable":true,"href":"https:\/\/www.griffbereit-rucksack.de\/it\/wp-json\/wp\/v2\/comments?post=629"}],"version-history":[{"count":0,"href":"https:\/\/www.griffbereit-rucksack.de\/it\/wp-json\/wp\/v2\/pages\/629\/revisions"}],"wp:attachment":[{"href":"https:\/\/www.griffbereit-rucksack.de\/it\/wp-json\/wp\/v2\/media?parent=629"}],"curies":[{"name":"wp","href":"https:\/\/api.w.org\/{rel}","templated":true}]}}