{"id":623,"date":"2019-09-12T14:47:37","date_gmt":"2019-09-12T12:47:37","guid":{"rendered":"https:\/\/www.griffbereit-rucksack.de\/?page_id=623"},"modified":"2023-08-08T11:17:12","modified_gmt":"2023-08-08T09:17:12","slug":"rucksack-kita","status":"publish","type":"page","link":"https:\/\/www.griffbereit-rucksack.de\/it\/rucksack-kita\/","title":{"rendered":"Rucksack KiTa"},"content":{"rendered":"<h2><strong>Benvenuto a Rucksack KiTa<\/strong><\/h2>\n<p><strong>Sprachbildung gemeinsam tragen &#8211; mehrsprachig und alltagsintegriert<\/strong><\/p>\n\t<p><strong><em>Rucksack KiTa <\/em><\/strong>\u00e8 un programma linguistico ed educativo per i bambini KiTa di et\u00e0 compresa tra i quattro e i sei anni con una storia familiare internazionale, nonch\u00e9 per i loro genitori\/familiari e l'istituzione scolastica. Il programma si concentra sull'educazione linguistica generale e multilingue integrata nella vita quotidiana.<\/p>\n<p>Come <em>Griffbereit<\/em> anche da <em>Rucksack KiTa <\/em>dai Paesi Bassi. Il programma \u00e8 stato implementato con successo, valutato e continuamente sviluppato in NRW dal 1999. Il programma \u00e8 ora in corso a livello nazionale e in Austria. Anche le richieste da altri Paesi europei sono in aumento.<\/p>\n<p>Responsabili del programma sono i <em>Centri di coordinamento a livello nazionale<\/em> (LaKo). Gestiscono e supportano l'implementazione dal 2013.<\/p>\n\t\t\t<a href=\"https:\/\/www.griffbereit-rucksack.de\/it\/angebot-rucksack-kita\/\" target=\"_self\" role=\"button\" rel=\"noopener\">\n\t\t\t\t\t\t\tOFFERTA\n\t\t\t<\/a>\n\t\t\t<a href=\"https:\/\/www.griffbereit-rucksack.de\/it\/ablauf-rucksack-kita\/\" target=\"_self\" role=\"button\" rel=\"noopener\">\n\t\t\t\t\t\t\tPROCESSO\n\t\t\t<\/a>\n\t\t\t<a href=\"https:\/\/www.griffbereit-rucksack.de\/it\/zielgruppen-rucksack-kita\/\" target=\"_self\" role=\"button\" rel=\"noopener\">\n\t\t\t\t\t\t\tGRUPPI TARGET\n\t\t\t<\/a>\n\t<iframe width=\"560\" height=\"315\" src=\"https:\/\/www.youtube.com\/embed\/QwJytRMI-qw\" frameborder=\"0\" allow=\"accelerometer; autoplay; clipboard-write; encrypted-media; gyroscope; picture-in-picture\" allowfullscreen><\/iframe>\n\t<p><a href=\"https:\/\/www.youtube.com\/watch?v=Vq5MeFEWRw8\" target=\"_blank\" rel=\"noopener\">Clicchi qui per la versione lunga del video<\/a><\/p>\n<p><em>Rucksack KiTa <\/em>si trova all'interfaccia tra il luogo di apprendimento formale dell'asilo nido e le offerte educative e di supporto informali. Il programma si svolge nell'asilo nido o in un centro familiare. Questo \u00e8 anche un requisito fondamentale per l'attuazione del programma. I genitori\/famiglie e l'asilo nido stabiliscono un partenariato educativo da cui entrambe le parti traggono beneficio a lungo termine.<\/p>\n<p><strong>L'istituzione educativa ha l'opportunit\u00e0 di aprirsi alla migrazione e alla diversit\u00e0.<\/strong><\/p>","protected":false},"excerpt":{"rendered":"<div class=\"entry-summary\">\n<div class=\"entry-summary\">\nWillkommen bei Rucksack KiTa Sprachbildung gemeinsam tragen &#8211; mehrsprachig und alltagsintegriert Rucksack KiTa ist ein Sprach- und Bildungsprogramm&hellip;\n<\/div>\n<div class=\"link-more\"><a href=\"https:\/\/www.griffbereit-rucksack.de\/it\/rucksack-kita\/\" class=\"more-link\">Continua a leggere<span class=\"screen-reader-text\"> &ldquo;Rucksack KiTa&rdquo;<\/span>...<\/a><\/div>\n<\/div>\n<div class=\"link-more\"><a href=\"https:\/\/www.griffbereit-rucksack.de\/it\/rucksack-kita\/\" class=\"more-link\">Continua a leggere<span class=\"screen-reader-text\"> &ldquo;Rucksack KiTa&rdquo;<\/span>...<\/a><\/div>","protected":false},"author":1,"featured_media":0,"parent":0,"menu_order":0,"comment_status":"closed","ping_status":"closed","template":"templates\/subpages.php","meta":{"_acf_changed":false,"footnotes":""},"class_list":["post-623","page","type-page","status-publish","hentry","entry"],"acf":[],"_links":{"self":[{"href":"https:\/\/www.griffbereit-rucksack.de\/it\/wp-json\/wp\/v2\/pages\/623","targetHints":{"allow":["GET"]}}],"collection":[{"href":"https:\/\/www.griffbereit-rucksack.de\/it\/wp-json\/wp\/v2\/pages"}],"about":[{"href":"https:\/\/www.griffbereit-rucksack.de\/it\/wp-json\/wp\/v2\/types\/page"}],"author":[{"embeddable":true,"href":"https:\/\/www.griffbereit-rucksack.de\/it\/wp-json\/wp\/v2\/users\/1"}],"replies":[{"embeddable":true,"href":"https:\/\/www.griffbereit-rucksack.de\/it\/wp-json\/wp\/v2\/comments?post=623"}],"version-history":[{"count":0,"href":"https:\/\/www.griffbereit-rucksack.de\/it\/wp-json\/wp\/v2\/pages\/623\/revisions"}],"wp:attachment":[{"href":"https:\/\/www.griffbereit-rucksack.de\/it\/wp-json\/wp\/v2\/media?parent=623"}],"curies":[{"name":"wp","href":"https:\/\/api.w.org\/{rel}","templated":true}]}}