{"id":538,"date":"2019-09-06T14:40:49","date_gmt":"2019-09-06T12:40:49","guid":{"rendered":"https:\/\/www.griffbereit-rucksack.de\/?page_id=538"},"modified":"2023-03-21T16:12:58","modified_gmt":"2023-03-21T15:12:58","slug":"bildungsansaetze-griffbereit","status":"publish","type":"page","link":"https:\/\/www.griffbereit-rucksack.de\/it\/griffbereit\/bildungsansaetze-griffbereit\/","title":{"rendered":"Approcci educativi Griffbereit"},"content":{"rendered":"<h2>\n\t\t\u201eBildung ist das h\u00f6chste Gut, dass wir unseren Kindern schenken k\u00f6nnen.&#8220; (Cat Stevens)\n\t<\/h2>\n\t<p>Obiettivo di <em>Griffbereit <\/em>\u00e8 creare le basi per un solido multilinguismo attraverso un'educazione linguistica e familiare precoce. Questo \u00e8 un obiettivo che l'Unione Europea persegue dal 2002:<\/p>\n<p>Secondo il Consiglio europeo, almeno due lingue aggiuntive dovrebbero essere promosse fin dalla prima infanzia. A lungo termine, l'obiettivo \u00e8 quello di promuovere il multilinguismo individuale fino a quando tutti i cittadini avranno una conoscenza pratica di almeno due lingue, oltre a quella della propria famiglia.<a href=\"#_ftn1\" name=\"_ftnref1\">[1]<\/a>. Un investimento che ripaga, perch\u00e9:<\/p>\n<p><strong>\"Ogni nuova lingua \u00e8 come una finestra aperta che offre una nuova visione del mondo e amplia la nostra visione della vita\".<\/strong> <em>(Frank Harris)<\/em><\/p>\n<p><a href=\"#_ftnref1\" name=\"_ftn1\">[1]<\/a> Consiglio europeo di Barcellona, 15 e 16 marzo 2002, Conclusioni della Presidenza, Parte I, 43.1.<\/p>\n\t<p>Tutte le lingue che le famiglie portano con s\u00e9 rappresentano un enorme potenziale sociale che deve essere promosso ad ogni costo. Anche la promozione della lingua tedesca gioca un ruolo decisivo: il tedesco \u00e8 la lingua della societ\u00e0 e delle istituzioni educative e quindi il prerequisito per l'integrazione e il successo sociale.<\/p>\n<strong><em>Griffbereit<\/em> ha effetto prima che il KiTa!<\/strong><br \/>\nIl programma si svolge nelle strutture per l'infanzia, nei centri per le famiglie, ecc. In questo modo, le famiglie vengono introdotte al sistema educativo in et\u00e0 molto precoce e i bambini sperimentano la variet\u00e0, la comunit\u00e0 e la diversit\u00e0 come arricchimento fin dall'inizio. La partnership educativa stabilita in questo caso con i genitori\/famiglie sostiene l'apertura delle istituzioni educative orientata alla diversit\u00e0: Pionieri contro i pregiudizi e l'emarginazione.","protected":false},"excerpt":{"rendered":"<div class=\"entry-summary\">\n<div class=\"entry-summary\">\nL'obiettivo del programma Griffbereit \u00e8 formare le basi per un solido multilinguismo.\n<\/div>\n<div class=\"link-more\"><a href=\"https:\/\/www.griffbereit-rucksack.de\/it\/griffbereit\/bildungsansaetze-griffbereit\/\" class=\"more-link\">Continua a leggere<span class=\"screen-reader-text\"> &ldquo;Bildungsans\u00e4tze Griffbereit&rdquo;<\/span>...<\/a><\/div>\n<\/div>\n<div class=\"link-more\"><a href=\"https:\/\/www.griffbereit-rucksack.de\/it\/griffbereit\/bildungsansaetze-griffbereit\/\" class=\"more-link\">Continua a leggere<span class=\"screen-reader-text\"> &ldquo;Bildungsans\u00e4tze Griffbereit&rdquo;<\/span>...<\/a><\/div>","protected":false},"author":1,"featured_media":0,"parent":530,"menu_order":0,"comment_status":"closed","ping_status":"closed","template":"","meta":{"_acf_changed":false,"footnotes":""},"class_list":["post-538","page","type-page","status-publish","hentry","entry"],"acf":[],"_links":{"self":[{"href":"https:\/\/www.griffbereit-rucksack.de\/it\/wp-json\/wp\/v2\/pages\/538","targetHints":{"allow":["GET"]}}],"collection":[{"href":"https:\/\/www.griffbereit-rucksack.de\/it\/wp-json\/wp\/v2\/pages"}],"about":[{"href":"https:\/\/www.griffbereit-rucksack.de\/it\/wp-json\/wp\/v2\/types\/page"}],"author":[{"embeddable":true,"href":"https:\/\/www.griffbereit-rucksack.de\/it\/wp-json\/wp\/v2\/users\/1"}],"replies":[{"embeddable":true,"href":"https:\/\/www.griffbereit-rucksack.de\/it\/wp-json\/wp\/v2\/comments?post=538"}],"version-history":[{"count":0,"href":"https:\/\/www.griffbereit-rucksack.de\/it\/wp-json\/wp\/v2\/pages\/538\/revisions"}],"up":[{"embeddable":true,"href":"https:\/\/www.griffbereit-rucksack.de\/it\/wp-json\/wp\/v2\/pages\/530"}],"wp:attachment":[{"href":"https:\/\/www.griffbereit-rucksack.de\/it\/wp-json\/wp\/v2\/media?parent=538"}],"curies":[{"name":"wp","href":"https:\/\/api.w.org\/{rel}","templated":true}]}}