{"id":535,"date":"2019-09-06T14:38:03","date_gmt":"2019-09-06T12:38:03","guid":{"rendered":"https:\/\/www.griffbereit-rucksack.de\/?page_id=535"},"modified":"2023-07-17T16:27:11","modified_gmt":"2023-07-17T14:27:11","slug":"zielgruppen-griffbereit","status":"publish","type":"page","link":"https:\/\/www.griffbereit-rucksack.de\/it\/zielgruppen-griffbereit\/","title":{"rendered":"Gruppi target Griffbereit"},"content":{"rendered":"<h2>\n\t\tA chi si rivolge Griffbereit?\n\t<\/h2>\n\t<p>Il programma <em>Griffbereit<\/em> comprende i seguenti gruppi target:<\/p>\n<p><strong>Genitori e famiglie come esperti<\/strong><\/p>\n<p>Sulla base dei loro punti di forza, i genitori\/familiari agiscono come esperti nella promozione della\/e lingua\/e familiare\/i. Inoltre, le esperienze, i metodi e i suggerimenti trasmessi nei gruppi danno sicurezza ai genitori\/famiglie e rafforzano la loro fiducia nelle proprie competenze. La comunicazione strutturata del contenuto del programma offre anche ai genitori\/famiglie l'opportunit\u00e0 di concentrarsi sullo sviluppo dei loro figli. Questo pu\u00f2 anche potenzialmente rafforzare il loro rapporto reciproco e la loro stessa identit\u00e0.<\/p>\n<p><strong>I bambini come beneficiari dell'istruzione<\/strong><\/p>\n<p>Il linguaggio \u00e8 una delle competenze chiave pi\u00f9 importanti. L'educazione linguistica precoce e il sostegno alle competenze linguistiche da parte di genitori\/famiglie e insegnanti sono di importanza cruciale, soprattutto per i bambini che crescono multilingue e quindi hanno il potenziale per il multilinguismo e sono all'inizio del loro sviluppo linguistico.<\/p>\n<p><strong>Il rafforzamento dello sviluppo del linguaggio \u00e8 quindi giustamente uno dei compiti educativi centrali nella prima infanzia e nella scuola materna (livello elementare).<\/strong><\/p>\n<p>Le nuove scoperte scientifiche e l'esperienza pratica dimostrano che - oltre al rafforzamento dell'identit\u00e0 e allo sviluppo generale del bambino (abilit\u00e0 motorie, ecc.) - \u00e8 soprattutto l'educazione linguistica sistematica integrata nella vita quotidiana a promuovere lo sviluppo linguistico dei bambini.<\/p>\n<p><strong>I consulenti per i genitori come collegamento<\/strong><\/p>\n<p>I consulenti per i genitori svolgono un ruolo cruciale. Guidano il <em>Griffbereit<\/em>-gruppo di genitori. Se possibile, una persona multilingue con una storia familiare internazionale - idealmente dell'istituto scolastico stesso (specialista pedagogico in congedo) - o in alternativa uno specialista esterno (studente, specialista in congedo parentale, operatore di supporto linguistico, genitore\/familiare, ecc.<\/p>\n<p><strong>I vantaggi sono evidenti: le persone con una situazione familiare simile e che parlano la stessa lingua vengono riconosciute pi\u00f9 rapidamente come confidenti.<\/strong><\/p>\n<p>Sie k\u00f6nnen somit leichter eine vermittelnde Rolle bzw. \u201eBr\u00fcckenfunktion&#8220; zwischen Bildungsinstitutionen und Familien einnehmen. Die Elternbegleiter*innen selbst werden von sogenannten Anleiter*innen (Koordinator*innen)<a href=\"#_ftn1\" name=\"_ftnref1\">[1]<\/a> accompagnati e qualificati.<\/p>\n\t\t\t<a href=\"https:\/\/www.griffbereit-rucksack.de\/it\/qualifizierung-zur-elternbegleiterin-fuer-griffbereit\/\" target=\"_self\" role=\"button\" rel=\"noopener\">\n\t\t\t\t\t\t\tQualifica di consulente genitoriale\n\t\t\t<\/a>\n\t<p><a href=\"#_ftnref1\" name=\"_ftn1\">[1]<\/a> Gli istruttori sono professionisti pre-qualificati in pedagogia e sensibili alla migrazione, con competenze nella teoria e nel lavoro pratico del multilinguismo ed esperienza nel contesto della diversit\u00e0 e del multilinguismo.<\/p>\n\t<p><strong>Professionisti dell'educazione come fulcro<\/strong><\/p>\n<p>I compiti dei professionisti dell'educazione sono pi\u00f9 complessi e diversificati che mai. Oltre alla cura dei bambini, all'istruzione, all'educazione e al supporto olistico, sta diventando sempre pi\u00f9 importante la capacit\u00e0 di riconoscere e comprendere gli ambienti di vita e la diversit\u00e0 e di promuovere l'inclusione. \u00c8 anche importante creare partenariati educativi con i genitori e gli assistenti, sostenere le transizioni, sviluppare le istituzioni e i team e collaborare in rete.<a href=\"#_ftn1\" name=\"_ftnref1\">[1]<\/a>.<\/p>\n<p>Processi impegnativi in cui gli insegnanti possono avere bisogno di supporto - come nel caso dell'educazione (multilingue) di bambini integrati nella vita quotidiana.<\/p>\n<p><strong>\u00c8 proprio qui che il <em>Griffbereit<\/em>principi di educazione e di istruzione attenti alla diversit\u00e0, che contrastano attivamente i pregiudizi e l'emarginazione.<\/strong><\/p>\n<p>Lavorare con <em>Griffbereit<\/em> offre alle istituzioni (educative) in generale e ai professionisti della formazione in particolare una grande opportunit\u00e0. Se necessario, sono consigliati e supportati dai coordinatori del programma e sono in costante contatto sia con i facilitatori del gruppo che con il coordinatore o istruttore del programma.<\/p>\n<p><strong>Le istituzioni educative come moltiplicatori<\/strong><\/p>\n<p><em>Griffbereit<\/em> \u00e8 un programma che si svolge negli istituti scolastici. Si tratta di una grande opportunit\u00e0, perch\u00e9 permette loro di aprirsi in termini di diversit\u00e0 e multilinguismo.<\/p>\n<p><strong>Questa apertura pu\u00f2 avviare processi che possono portare a cambiamenti importanti nell'istituto scolastico stesso, nel quartiere o addirittura nella citt\u00e0 o nel distretto.<\/strong><\/p>\n<p><a href=\"#_ftnref1\" name=\"_ftn1\">[1]<\/a> Cfr. il curriculum transnazionale per insegnanti di scuola materna:<\/p>\n<p><a href=\"http:\/\/www.berufsbildung.nrw.de\/cms\/upload\/fs\/download\/sozial\/laenderuebergr-lp-erzieher.pdf\">http:\/\/www.berufsbildung.nrw.de\/cms\/upload\/fs\/download\/sozial\/laenderuebergr-lp-erzieher.pdf<\/a> (al 30\/07\/2019).<\/p>","protected":false},"excerpt":{"rendered":"<div class=\"entry-summary\">\n<div class=\"entry-summary\">\nI genitori\/familiari vengono indirizzati come esperti nella promozione della lingua (o delle lingue) d'origine\/familiare, orientata ai loro punti di forza.\n<\/div>\n<div class=\"link-more\"><a href=\"https:\/\/www.griffbereit-rucksack.de\/it\/zielgruppen-griffbereit\/\" class=\"more-link\">Continua a leggere<span class=\"screen-reader-text\"> &ldquo;Zielgruppen Griffbereit&rdquo;<\/span>...<\/a><\/div>\n<\/div>\n<div class=\"link-more\"><a href=\"https:\/\/www.griffbereit-rucksack.de\/it\/zielgruppen-griffbereit\/\" class=\"more-link\">Continua a leggere<span class=\"screen-reader-text\"> &ldquo;Zielgruppen Griffbereit&rdquo;<\/span>...<\/a><\/div>","protected":false},"author":1,"featured_media":0,"parent":0,"menu_order":0,"comment_status":"closed","ping_status":"closed","template":"","meta":{"_acf_changed":false,"footnotes":""},"class_list":["post-535","page","type-page","status-publish","hentry","entry"],"acf":[],"_links":{"self":[{"href":"https:\/\/www.griffbereit-rucksack.de\/it\/wp-json\/wp\/v2\/pages\/535","targetHints":{"allow":["GET"]}}],"collection":[{"href":"https:\/\/www.griffbereit-rucksack.de\/it\/wp-json\/wp\/v2\/pages"}],"about":[{"href":"https:\/\/www.griffbereit-rucksack.de\/it\/wp-json\/wp\/v2\/types\/page"}],"author":[{"embeddable":true,"href":"https:\/\/www.griffbereit-rucksack.de\/it\/wp-json\/wp\/v2\/users\/1"}],"replies":[{"embeddable":true,"href":"https:\/\/www.griffbereit-rucksack.de\/it\/wp-json\/wp\/v2\/comments?post=535"}],"version-history":[{"count":0,"href":"https:\/\/www.griffbereit-rucksack.de\/it\/wp-json\/wp\/v2\/pages\/535\/revisions"}],"wp:attachment":[{"href":"https:\/\/www.griffbereit-rucksack.de\/it\/wp-json\/wp\/v2\/media?parent=535"}],"curies":[{"name":"wp","href":"https:\/\/api.w.org\/{rel}","templated":true}]}}