{"id":5161,"date":"2021-11-05T16:43:57","date_gmt":"2021-11-05T15:43:57","guid":{"rendered":"https:\/\/www.griffbereit-rucksack.de\/?page_id=5161"},"modified":"2021-11-05T16:47:45","modified_gmt":"2021-11-05T15:47:45","slug":"empowerment-2","status":"publish","type":"page","link":"https:\/\/www.griffbereit-rucksack.de\/it\/empowerment-2\/","title":{"rendered":"Potenziamento"},"content":{"rendered":"<p>Il termine empowerment pu\u00f2 essere inteso come il rafforzamento delle proprie possibilit\u00e0 di azione attraverso forme di riconoscimento basate sulla solidariet\u00e0. In contrasto con concetti come aiutare le persone ad aiutarsi, l'empowerment si riferisce all'acquisizione indipendente di potere e si distanzia quindi dall'eteronomia e dall'orientamento al deficit.<\/p>\n<p>Die Programme Griffbereit und Rucksack KiTa erkennen die Akteur*innen &#8211; also die Kinder und Familien, Elternbegleiter*innen und p\u00e4dagogischen Fachkr\u00e4fte &#8211; mit ihrer jeweiligen Expertise an. Im Rahmen der Programme begegnen sich also Expert*innen f\u00fcr Erziehung, Aufwachsen und Entwicklung, institutionelle Bildung, f\u00fcr Familienkultur und Familiensprache(n) auf einer Grundlage flacher Hierarchien.[1]\n[1] In flachen Hierarchien werden alle Beteiligten in Kommunikation und Entscheidungsprozesse eingebunden &#8211; so lebt diese Organisationsform von der Mitgestaltung aller Beteiligten.<\/p>\n\t<p>In questo senso, l'empowerment pu\u00f2 essere inteso come un incoraggiamento ad essere visibili, udibili e presenti e, ad esempio, a svolgere un ruolo attivo nel dare forma all'attuazione del programma. I programmi Griffbereit e Rucksack KiTa offrono un elevato potenziale di identificazione, nonch\u00e9 opportunit\u00e0 di scambio e di rete, soprattutto per i genitori mentori e i genitori. Altri effetti di potenziamento possono includere un aumento della consapevolezza delle questioni genitoriali, un incoraggiamento nel proprio ruolo di genitori e di individui, o l'esperienza di ampliare e trasmettere le proprie conoscenze.<\/p>\n<p>Griffbereit e Rucksack KiTa rafforzano anche il concetto di multilinguismo delle istituzioni educative. Questo aumenta la rappresentazione del multilinguismo nella vita quotidiana delle persone e trasmette apprezzamento.<\/p>\n<p>Per una discussione pi\u00f9 dettagliata sul termine empowerment e per ulteriori suggerimenti di lettura, vada a <a href=\"https:\/\/www.griffbereit-rucksack.de\/it\/empowerment\/\">in questo modo<\/a>!<\/p>","protected":false},"excerpt":{"rendered":"<div class=\"entry-summary\">\n<div class=\"entry-summary\">\nUnter dem Begriff Empowerment kann das Best\u00e4rken der eigenen Handlungsm\u00f6glichkeiten durch solidarische Formen der Anerkennung verstanden werden. Im&hellip;\n<\/div>\n<div class=\"link-more\"><a href=\"https:\/\/www.griffbereit-rucksack.de\/it\/empowerment-2\/\" class=\"more-link\">Continua a leggere<span class=\"screen-reader-text\"> &ldquo;Empowerment&rdquo;<\/span>...<\/a><\/div>\n<\/div>\n<div class=\"link-more\"><a href=\"https:\/\/www.griffbereit-rucksack.de\/it\/empowerment-2\/\" class=\"more-link\">Continua a leggere<span class=\"screen-reader-text\"> &ldquo;Empowerment&rdquo;<\/span>...<\/a><\/div>","protected":false},"author":273,"featured_media":0,"parent":0,"menu_order":0,"comment_status":"closed","ping_status":"closed","template":"","meta":{"_acf_changed":false,"footnotes":""},"class_list":["post-5161","page","type-page","status-publish","hentry","entry"],"acf":[],"_links":{"self":[{"href":"https:\/\/www.griffbereit-rucksack.de\/it\/wp-json\/wp\/v2\/pages\/5161","targetHints":{"allow":["GET"]}}],"collection":[{"href":"https:\/\/www.griffbereit-rucksack.de\/it\/wp-json\/wp\/v2\/pages"}],"about":[{"href":"https:\/\/www.griffbereit-rucksack.de\/it\/wp-json\/wp\/v2\/types\/page"}],"author":[{"embeddable":true,"href":"https:\/\/www.griffbereit-rucksack.de\/it\/wp-json\/wp\/v2\/users\/273"}],"replies":[{"embeddable":true,"href":"https:\/\/www.griffbereit-rucksack.de\/it\/wp-json\/wp\/v2\/comments?post=5161"}],"version-history":[{"count":0,"href":"https:\/\/www.griffbereit-rucksack.de\/it\/wp-json\/wp\/v2\/pages\/5161\/revisions"}],"wp:attachment":[{"href":"https:\/\/www.griffbereit-rucksack.de\/it\/wp-json\/wp\/v2\/media?parent=5161"}],"curies":[{"name":"wp","href":"https:\/\/api.w.org\/{rel}","templated":true}]}}