{"id":5157,"date":"2021-11-05T16:35:06","date_gmt":"2021-11-05T15:35:06","guid":{"rendered":"https:\/\/www.griffbereit-rucksack.de\/?page_id=5157"},"modified":"2021-11-05T16:40:35","modified_gmt":"2021-11-05T15:40:35","slug":"diversitaet-2","status":"publish","type":"page","link":"https:\/\/www.griffbereit-rucksack.de\/it\/diversitaet-2\/","title":{"rendered":"Diversit\u00e0"},"content":{"rendered":"<p>La diversit\u00e0 pu\u00f2 essere tradotta come differenza o variet\u00e0 e riassume una caratteristica centrale della realt\u00e0 della societ\u00e0 migratoria. Il concetto pedagogico alla base si riferisce al fatto che le diverse identit\u00e0 di gruppo e le diverse normalit\u00e0 del mondo della vita giocano un ruolo importante nell'interazione sociale - indipendentemente dal fatto che questi gruppi esistano oggettivamente o che si tratti di un senso soggettivo di appartenenza. Dando un nome alla diversit\u00e0, si focalizza l'attenzione su questa realt\u00e0. Solo allora \u00e8 possibile sviluppare un approccio consapevole per affrontarla e radicarla nella vita quotidiana. Impegnarsi attivamente con la diversit\u00e0 significa ampliare la propria capacit\u00e0 pedagogica di agire e riflettere. Ad esempio, \u00e8 importante riflettere sulla questione di quali idee di normalit\u00e0 sono incorporate nella propria percezione della diversit\u00e0 sociale.<\/p>\n\t<p>La caratteristica dell'approccio alla diversit\u00e0, come perseguito nei programmi Griffbereit e Rucksack KiTa, \u00e8 l'atteggiamento di apprezzamento verso il fatto che le esperienze delle persone sono diverse, ma normali per loro. La diversit\u00e0 non \u00e8 quindi concepita come una descrizione eufemistica dell'estraneit\u00e0 o dell'alterit\u00e0, per poi essere problematizzata come una sfida o una difficolt\u00e0 pedagogica. Al contrario, il termine viene utilizzato per adottare una prospettiva che riconosce che la diversit\u00e0 pu\u00f2 essere trovata ovunque le persone si incontrino. Questo approccio pedagogico si allontana quindi dal focalizzarsi su presunti deficit.<\/p>\n<p>Per stabilire e sviluppare ulteriormente un approccio pedagogico sensibile alla diversit\u00e0 nel lavoro educativo, sono necessari approcci pratici concreti. I programmi Griffbereit e Rucksack KiTa non mirano solo alla diversit\u00e0 linguistica, ma riconoscono anche la diversit\u00e0 come base naturale per crescere in una societ\u00e0 migratoria.<\/p>\n<p>Una discussione pi\u00f9 dettagliata sulla diversit\u00e0, che include domande per la riflessione e suggerimenti per la letteratura, \u00e8 disponibile su <a href=\"https:\/\/www.griffbereit-rucksack.de\/it\/diversitaet\/\">da trovare qui<\/a>!<\/p>\n<p>&nbsp;<\/p>","protected":false},"excerpt":{"rendered":"<div class=\"entry-summary\">\n<div class=\"entry-summary\">\nDiversit\u00e4t, international auch Diversity (engl.), kann mit Verschiedenheit oder Vielfalt \u00fcbersetzt werden und bringt ein zentrales Merkmal der&hellip;\n<\/div>\n<div class=\"link-more\"><a href=\"https:\/\/www.griffbereit-rucksack.de\/it\/diversitaet-2\/\" class=\"more-link\">Continua a leggere<span class=\"screen-reader-text\"> &ldquo;Diversit\u00e4t&rdquo;<\/span>...<\/a><\/div>\n<\/div>\n<div class=\"link-more\"><a href=\"https:\/\/www.griffbereit-rucksack.de\/it\/diversitaet-2\/\" class=\"more-link\">Continua a leggere<span class=\"screen-reader-text\"> &ldquo;Diversit\u00e4t&rdquo;<\/span>...<\/a><\/div>","protected":false},"author":273,"featured_media":0,"parent":0,"menu_order":0,"comment_status":"closed","ping_status":"closed","template":"","meta":{"_acf_changed":false,"footnotes":""},"class_list":["post-5157","page","type-page","status-publish","hentry","entry"],"acf":[],"_links":{"self":[{"href":"https:\/\/www.griffbereit-rucksack.de\/it\/wp-json\/wp\/v2\/pages\/5157","targetHints":{"allow":["GET"]}}],"collection":[{"href":"https:\/\/www.griffbereit-rucksack.de\/it\/wp-json\/wp\/v2\/pages"}],"about":[{"href":"https:\/\/www.griffbereit-rucksack.de\/it\/wp-json\/wp\/v2\/types\/page"}],"author":[{"embeddable":true,"href":"https:\/\/www.griffbereit-rucksack.de\/it\/wp-json\/wp\/v2\/users\/273"}],"replies":[{"embeddable":true,"href":"https:\/\/www.griffbereit-rucksack.de\/it\/wp-json\/wp\/v2\/comments?post=5157"}],"version-history":[{"count":0,"href":"https:\/\/www.griffbereit-rucksack.de\/it\/wp-json\/wp\/v2\/pages\/5157\/revisions"}],"wp:attachment":[{"href":"https:\/\/www.griffbereit-rucksack.de\/it\/wp-json\/wp\/v2\/media?parent=5157"}],"curies":[{"name":"wp","href":"https:\/\/api.w.org\/{rel}","templated":true}]}}