{"id":5152,"date":"2021-11-05T16:21:59","date_gmt":"2021-11-05T15:21:59","guid":{"rendered":"https:\/\/www.griffbereit-rucksack.de\/?page_id=5152"},"modified":"2021-11-05T16:48:40","modified_gmt":"2021-11-05T15:48:40","slug":"mehrsprachigkeit-2","status":"publish","type":"page","link":"https:\/\/www.griffbereit-rucksack.de\/it\/mehrsprachigkeit-2\/","title":{"rendered":"Multilinguismo"},"content":{"rendered":"<p>A livello globale, pi\u00f9 della met\u00e0 delle persone sono multilingue e il multilinguismo non \u00e8 un fenomeno nuovo nemmeno in Germania. Ad esempio, le persone che acquisiscono diverse lingue fin dalla nascita e dalla prima infanzia sono considerate multilingue, cos\u00ec come le persone che imparano altre lingue dopo la loro prima lingua nell'adolescenza o nell'et\u00e0 adulta.<\/p>\n<p>Ci sono ancora molti miti che circondano il multilinguismo - cio\u00e8 credenze o affermazioni di fatto senza giustificazione empirica, che sono stati o devono ancora essere sfatati scientificamente. Ad esempio, \u00e8 diffusa la convinzione che crescere multilingue sia una sfida eccessiva per i bambini. In realt\u00e0, per\u00f2, il plurilinguismo non \u00e8 la causa dei disturbi dello sviluppo del linguaggio, n\u00e9 rappresenta un ostacolo quando i bambini sono affetti da disturbi dello sviluppo del linguaggio, autismo o trisomia 21, per esempio.[1] In generale, si pu\u00f2 affermare che il plurilinguismo ha un effetto positivo sullo sviluppo cognitivo dei bambini.<\/p>\n[1] Nachzulesen in Chilla, S.\/Niebuhr-Siebert, S. (2017): Mehrsprachigkeit in der KiTa. Grundlagen &#8211; Konzepte &#8211; Bildung. Stuttgart: Kohlhammer, S. 79.<\/p>\n\t<p>I programmi Griffbereit e Rucksack KiTa incoraggiano e sostengono l'interazione genitori-figli per rafforzare lo sviluppo multilingue. Se i genitori parlano molto con i loro figli nella lingua con cui si identificano di pi\u00f9 o che parlano meglio, questo ha un effetto fondamentalmente benefico sull'acquisizione del linguaggio e sullo sviluppo socio-emotivo.<\/p>\n<p>Un approccio apprezzabile al multilinguismo consente di vivere la diversit\u00e0 e promuove la coesione sociale. Per utilizzare il multilinguismo come risorsa educativa, le istituzioni educative devono offrire opportunit\u00e0 di sviluppo multilingue. I programmi Griffbereit e Rucksack KiTa combinano l'approccio dell'educazione multilingue con il concetto di educazione dei genitori consapevole della diversit\u00e0.<\/p>\n<p>Per informazioni pi\u00f9 dettagliate sulla crescita multilingue e per ulteriori letture, vada a <a href=\"https:\/\/www.griffbereit-rucksack.de\/it\/mehrsprachigkeit\/\">in questo modo<\/a>!<\/p>\n<p>&nbsp;<\/p>","protected":false},"excerpt":{"rendered":"<div class=\"entry-summary\">\n<div class=\"entry-summary\">\nWeltweit betrachtet ist mehr als die H\u00e4lfte aller Menschen mehrsprachig und auch in Deutschland ist Mehrsprachigkeit kein neues&hellip;\n<\/div>\n<div class=\"link-more\"><a href=\"https:\/\/www.griffbereit-rucksack.de\/it\/mehrsprachigkeit-2\/\" class=\"more-link\">Continua a leggere<span class=\"screen-reader-text\"> &ldquo;Mehrsprachigkeit&rdquo;<\/span>...<\/a><\/div>\n<\/div>\n<div class=\"link-more\"><a href=\"https:\/\/www.griffbereit-rucksack.de\/it\/mehrsprachigkeit-2\/\" class=\"more-link\">Continua a leggere<span class=\"screen-reader-text\"> &ldquo;Mehrsprachigkeit&rdquo;<\/span>...<\/a><\/div>","protected":false},"author":1,"featured_media":0,"parent":0,"menu_order":0,"comment_status":"closed","ping_status":"closed","template":"","meta":{"_acf_changed":false,"footnotes":""},"class_list":["post-5152","page","type-page","status-publish","hentry","entry"],"acf":[],"_links":{"self":[{"href":"https:\/\/www.griffbereit-rucksack.de\/it\/wp-json\/wp\/v2\/pages\/5152","targetHints":{"allow":["GET"]}}],"collection":[{"href":"https:\/\/www.griffbereit-rucksack.de\/it\/wp-json\/wp\/v2\/pages"}],"about":[{"href":"https:\/\/www.griffbereit-rucksack.de\/it\/wp-json\/wp\/v2\/types\/page"}],"author":[{"embeddable":true,"href":"https:\/\/www.griffbereit-rucksack.de\/it\/wp-json\/wp\/v2\/users\/1"}],"replies":[{"embeddable":true,"href":"https:\/\/www.griffbereit-rucksack.de\/it\/wp-json\/wp\/v2\/comments?post=5152"}],"version-history":[{"count":0,"href":"https:\/\/www.griffbereit-rucksack.de\/it\/wp-json\/wp\/v2\/pages\/5152\/revisions"}],"wp:attachment":[{"href":"https:\/\/www.griffbereit-rucksack.de\/it\/wp-json\/wp\/v2\/media?parent=5152"}],"curies":[{"name":"wp","href":"https:\/\/api.w.org\/{rel}","templated":true}]}}