{"id":2757,"date":"2020-08-17T16:30:22","date_gmt":"2020-08-17T14:30:22","guid":{"rendered":"https:\/\/www.griffbereit-rucksack.de\/?page_id=2757"},"modified":"2023-07-17T16:09:52","modified_gmt":"2023-07-17T14:09:52","slug":"qualifizierung-zur-elternbegleiterin-fuer-rucksack-kita","status":"publish","type":"page","link":"https:\/\/www.griffbereit-rucksack.de\/it\/qualifizierung-zur-elternbegleiterin-fuer-rucksack-kita\/","title":{"rendered":"Qualifica di consulente per i genitori per Rucksack KiTa"},"content":{"rendered":"<h2>\n\t\tQualifizierung &#038; Weiterbildungen f\u00fcr Elternbegleiter*innen\n\t<\/h2>\n\t<p>I genitori tutor vengono preparati per le loro attivit\u00e0 dai coordinatori responsabili prima dell'inizio del programma. Per garantire un'elevata qualit\u00e0 di attuazione del programma <em>Rucksack KiTa<\/em>-Per garantire il futuro del gruppo di sostegno ai genitori, sono stati progettati ulteriori corsi di formazione per i consulenti dei genitori, che vengono offerti in modo continuativo.<\/p>\n<ol>\n<li><strong> Il <em>Rucksack KiTa<\/em>-Corsi di formazione<\/strong><br \/>\nsono molto diversi e dipendono fortemente dalle rispettive esigenze locali. Di norma, le qualifiche vengono offerte sui seguenti argomenti, ad esempio:<\/li>\n<\/ol>\n<ul>\n<li>Introduzione al programma e ai suoi materiali<\/li>\n<li>Introduzione al ruolo di consulente genitoriale (competenza del ruolo, performance del ruolo, riflessione sul ruolo).\n<ul>\n<li>Tecniche di moderazione e presentazione<\/li>\n<li>Condurre le discussioni nel gruppo<\/li>\n<li>Didattica e metodologia dell'educazione degli adulti<\/li>\n<\/ul>\n<\/li>\n<li>Sensibilizzazione alla migrazione\/azione consapevole della diversit\u00e0 nell'educazione e nell'istruzione<\/li>\n<li>Sviluppo del linguaggio e multilinguismo<\/li>\n<li>Cooperazione con le famiglie<\/li>\n<li>Educazione all'alfabetizzazione<\/li>\n<li>Psicologia dello sviluppo dell'infanzia<\/li>\n<li>Salute<\/li>\n<li>Educazione sessuale<\/li>\n<li>Educazione ai media<\/li>\n<\/ul>\n\t<p><strong>2) Altri argomenti che influenzano il lavoro nella <em>Rucksack KiTa<\/em>-Gruppo:<\/strong><\/p>\n<ul>\n<li>Responsabilizzazione e partecipazione<\/li>\n<li>Linguaggio e movimento<\/li>\n<li>Educazione multilingue<\/li>\n<li>Concetti e stili educativi<\/li>\n<li>Tecniche di lettura ad alta voce<\/li>\n<li>L'importanza dell'attaccamento per lo sviluppo del bambino<\/li>\n<li>Lo sviluppo dei bambini piccoli e\/o in et\u00e0 prescolare<\/li>\n<li>Promozione delle competenze preliminari (ad esempio, nelle scienze naturali).<\/li>\n<li>Attivit\u00e0 e giochi<\/li>\n<li>Osservare e motivare i bambini<\/li>\n<li>Dialogo interreligioso<\/li>\n<li>Argomenti derivanti dalle domande dei genitori\/famiglie<\/li>\n<\/ul>\n<p><strong>\u00a0<\/strong><\/p>","protected":false},"excerpt":{"rendered":"<div class=\"entry-summary\">\n<div class=\"entry-summary\">\nQualifizierung &#038; Weiterbildungen f\u00fcr Elternbegleiter*innen Die Elternbegleiter*innen werden vor Programmbeginn von den zust\u00e4ndigen Koordinator*innen auf ihre T\u00e4tigkeiten vorbereitet.&hellip;\n<\/div>\n<div class=\"link-more\"><a href=\"https:\/\/www.griffbereit-rucksack.de\/it\/qualifizierung-zur-elternbegleiterin-fuer-rucksack-kita\/\" class=\"more-link\">Continua a leggere<span class=\"screen-reader-text\"> &ldquo;Qualifizierung zur Elternbegleiter*in f\u00fcr Rucksack KiTa&rdquo;<\/span>...<\/a><\/div>\n<\/div>\n<div class=\"link-more\"><a href=\"https:\/\/www.griffbereit-rucksack.de\/it\/qualifizierung-zur-elternbegleiterin-fuer-rucksack-kita\/\" class=\"more-link\">Continua a leggere<span class=\"screen-reader-text\"> &ldquo;Qualifizierung zur Elternbegleiter*in f\u00fcr Rucksack KiTa&rdquo;<\/span>...<\/a><\/div>","protected":false},"author":1,"featured_media":0,"parent":0,"menu_order":0,"comment_status":"closed","ping_status":"closed","template":"","meta":{"_acf_changed":false,"footnotes":""},"class_list":["post-2757","page","type-page","status-publish","hentry","entry"],"acf":[],"_links":{"self":[{"href":"https:\/\/www.griffbereit-rucksack.de\/it\/wp-json\/wp\/v2\/pages\/2757","targetHints":{"allow":["GET"]}}],"collection":[{"href":"https:\/\/www.griffbereit-rucksack.de\/it\/wp-json\/wp\/v2\/pages"}],"about":[{"href":"https:\/\/www.griffbereit-rucksack.de\/it\/wp-json\/wp\/v2\/types\/page"}],"author":[{"embeddable":true,"href":"https:\/\/www.griffbereit-rucksack.de\/it\/wp-json\/wp\/v2\/users\/1"}],"replies":[{"embeddable":true,"href":"https:\/\/www.griffbereit-rucksack.de\/it\/wp-json\/wp\/v2\/comments?post=2757"}],"version-history":[{"count":0,"href":"https:\/\/www.griffbereit-rucksack.de\/it\/wp-json\/wp\/v2\/pages\/2757\/revisions"}],"wp:attachment":[{"href":"https:\/\/www.griffbereit-rucksack.de\/it\/wp-json\/wp\/v2\/media?parent=2757"}],"curies":[{"name":"wp","href":"https:\/\/api.w.org\/{rel}","templated":true}]}}