{"id":2752,"date":"2020-08-17T16:14:14","date_gmt":"2020-08-17T14:14:14","guid":{"rendered":"https:\/\/www.griffbereit-rucksack.de\/?page_id=2752"},"modified":"2023-07-17T16:12:40","modified_gmt":"2023-07-17T14:12:40","slug":"zielgruppen-rucksack-kita","status":"publish","type":"page","link":"https:\/\/www.griffbereit-rucksack.de\/it\/zielgruppen-rucksack-kita\/","title":{"rendered":"Gruppi target Rucksack KiTa"},"content":{"rendered":"<h2>\n\t\tA chi si rivolge Rucksack KiTa?\n\t<\/h2>\n<h5>\n\t\tIl programma Rucksack KiTa copre i seguenti gruppi target:\n\t<\/h5>\n\t<p><strong>Genitori e famiglie come esperti<\/strong><\/p>\n<p>Sulla base dei loro punti di forza, i genitori\/familiari agiscono come esperti nella promozione della\/e lingua\/e familiare\/i. Inoltre, le esperienze, i metodi e i suggerimenti trasmessi nei gruppi danno sicurezza ai genitori\/famiglie e rafforzano la loro fiducia nelle proprie competenze. La comunicazione strutturata del contenuto del programma offre anche ai genitori\/famiglie l'opportunit\u00e0 di concentrarsi sullo sviluppo dei loro figli. Questo pu\u00f2 anche potenzialmente rafforzare il loro rapporto reciproco e la loro stessa identit\u00e0.<\/p>\n<p>Inoltre, potenzialmente hanno a disposizione molto pi\u00f9 tempo di consultazione per il loro bambino rispetto al professionista educativo del centro. <em>Rucksack KiTa<\/em> pu\u00f2 moltiplicare rapidamente il tempo di attenzione, in quanto i genitori\/famiglie sono incoraggiati a leggere ai loro figli in modo interattivo, ad esempio, il che pu\u00f2 incoraggiare i bambini a riflettere, discutere e raccontare una storia.<\/p>\n<p>Se i genitori\/famiglie incoraggiano anche il bambino a parlare ogni giorno delle sue esperienze all'asilo nido, questo ha un effetto molto positivo sullo sviluppo generale del linguaggio.<\/p>\n<p>&nbsp;<\/p>\n<p><strong>I bambini come beneficiari dell'istruzione<\/strong><\/p>\n<p>Il linguaggio \u00e8 una delle competenze chiave pi\u00f9 importanti. L'educazione linguistica precoce e il sostegno alle competenze linguistiche da parte di genitori\/famiglie e insegnanti sono di importanza cruciale, soprattutto per i bambini che crescono multilingue e quindi hanno il potenziale per il multilinguismo e sono all'inizio del loro sviluppo linguistico.<\/p>\n<p><strong>La promozione dello sviluppo del linguaggio \u00e8 quindi giustamente uno dei compiti educativi centrali dell'istruzione primaria.<\/strong><\/p>\n<p>Le nuove scoperte scientifiche e l'esperienza pratica dimostrano che - oltre al rafforzamento dell'identit\u00e0 e allo sviluppo generale del bambino (abilit\u00e0 motorie, ecc.) - \u00e8 soprattutto l'educazione linguistica sistematica integrata nella vita quotidiana a promuovere lo sviluppo linguistico dei bambini.<\/p>\n<p>&nbsp;<\/p>\n<p><strong>I consulenti per i genitori come collegamento<\/strong><\/p>\n<p>I consulenti per i genitori svolgono un ruolo cruciale. Guidano il <em>Rucksack KiTa<\/em>-gruppo di genitori. Se possibile, una persona multilingue con una storia familiare internazionale - idealmente dell'istituto scolastico stesso (specialista pedagogico in congedo) - o in alternativa uno specialista esterno (studente, specialista in congedo parentale, operatore di supporto linguistico, genitore\/familiare, ecc.<\/p>\n<p><strong>I vantaggi sono evidenti: le persone con una situazione familiare simile e che parlano la stessa lingua vengono riconosciute pi\u00f9 rapidamente come confidenti.<\/strong><\/p>\n<p>Possono quindi assumere pi\u00f9 facilmente un ruolo di mediazione o una \"funzione di ponte\" tra le istituzioni educative e le famiglie e garantire un uso coerente e affidabile del multilinguismo nel gruppo.<\/p>\n<p>Il multilinguismo, la cooperazione sensibile alla migrazione e la cooperazione aperta sono caratteristiche che i consulenti genitoriali esemplificano - anche nei confronti dei genitori\/famiglie. L'impulso fornito dai consulenti per i genitori attraverso la progettazione del progetto di <em>Rucksack KiTa<\/em> I gruppi con attivit\u00e0 ludiche, canzoni e suggerimenti danno ai genitori\/famiglie nuove idee e sicurezza per impegnarsi con i loro figli e rafforzare il rapporto all'interno della famiglia.<\/p>\n<p>Gli stessi consulenti per i genitori sono formati dagli istruttori responsabili (coordinatori).<a href=\"#_ftn1\" name=\"_ftnref1\">[1]<\/a> accompagnati e qualificati.<\/p>\n\t\t\t<a href=\"https:\/\/www.griffbereit-rucksack.de\/it\/qualifizierung-zur-elternbegleiterin-fuer-rucksack-kita\/\" target=\"_self\" role=\"button\" rel=\"noopener\">\n\t\t\t\t\t\t\tQualifica di consulente genitoriale\n\t\t\t<\/a>\n\t<p><a href=\"#_ftnref1\" name=\"_ftn1\">[1]<\/a> Gli istruttori sono professionisti pre-qualificati in pedagogia e sensibili alla migrazione, con competenze nella teoria e nel lavoro pratico del multilinguismo ed esperienza nel contesto della diversit\u00e0 e del multilinguismo.<\/p>\n\t<p><strong>Professionisti dell'educazione come fulcro<\/strong><\/p>\n<p>I compiti dei professionisti dell'educazione sono pi\u00f9 complessi e diversificati che mai. Oltre alla cura dei bambini, all'istruzione, all'educazione e al supporto olistico, sta diventando sempre pi\u00f9 importante la capacit\u00e0 di riconoscere e comprendere gli ambienti di vita e la diversit\u00e0 e di promuovere l'inclusione. \u00c8 anche importante creare partenariati educativi con i genitori e gli assistenti, sostenere le transizioni, sviluppare le istituzioni e i team e collaborare in rete.<a href=\"#_ftn1\" name=\"_ftnref1\">[1]<\/a>.<\/p>\n<p>Processi impegnativi in cui gli insegnanti possono avere bisogno di supporto - come nel caso dell'educazione (multilingue) di bambini integrati nella vita quotidiana.<\/p>\n<p><strong>\u00c8 proprio qui che il <em>Rucksack KiTa<\/em>principi di educazione e di istruzione attenti alla diversit\u00e0, che contrastano attivamente i pregiudizi e l'emarginazione.<\/strong><\/p>\n<p>Lavorare con <em>Rucksack KiTa<\/em> Pertanto, offre agli asili nido in generale e ai professionisti dell'educazione in particolare una grande opportunit\u00e0. Ricevono consigli, supporto e formazione dai coordinatori del programma e sono in costante contatto sia con i genitori mentori che con il coordinatore o istruttore del programma.<\/p>\n<p>&nbsp;<\/p>\n<p><strong>Le istituzioni educative come moltiplicatori<\/strong><\/p>\n<p><em>Rucksack KiTa<\/em> \u00e8 un programma che si svolge negli istituti scolastici. Si tratta di una grande opportunit\u00e0, perch\u00e9 permette loro di aprirsi in termini di diversit\u00e0 e multilinguismo.<\/p>\n<p><strong>Questa apertura pu\u00f2 avviare processi che possono portare a cambiamenti importanti nell'istituto scolastico stesso, nel quartiere o addirittura nella citt\u00e0 o nel distretto.<\/strong><\/p>\n<p>L'istituto scolastico \u00e8 coinvolto responsabilmente nella promozione parallela della lingua tedesca - tenendo conto delle lingue familiari. L'asilo nido coordina il programma per i genitori\/famiglie con il suo concetto di educazione linguistica integrata nella vita quotidiana. I genitori\/famiglie hanno l'opportunit\u00e0 di concentrarsi sullo sviluppo dei loro figli attraverso una comunicazione strutturata dei contenuti del programma.<\/p>\n<p>Per quanto riguarda la parallelizzazione dell'educazione linguistica (genitori \u2194 istituzione), il collegamento del programma <em>Rucksack KiTa<\/em> all'asilo nido \u00e8 indispensabile.<\/p>\n<p><a href=\"#_ftnref1\" name=\"_ftn1\">[1]<\/a> Cfr. il curriculum transnazionale per insegnanti di scuola materna:<\/p>\n<p><a href=\"http:\/\/www.berufsbildung.nrw.de\/cms\/upload\/fs\/download\/sozial\/laenderuebergr-lp-erzieher.pdf\">http:\/\/www.berufsbildung.nrw.de\/cms\/upload\/fs\/download\/sozial\/laenderuebergr-lp-erzieher.pdf<\/a> (al 30\/07\/2019).<\/p>","protected":false},"excerpt":{"rendered":"<div class=\"entry-summary\">\n<div class=\"entry-summary\">\nAn wen richtet sich Rucksack KiTa? Das Programm Rucksack KiTa umfasst folgende Zielgruppen: Eltern bzw. Familien als Experten&hellip;\n<\/div>\n<div class=\"link-more\"><a href=\"https:\/\/www.griffbereit-rucksack.de\/it\/zielgruppen-rucksack-kita\/\" class=\"more-link\">Continua a leggere<span class=\"screen-reader-text\"> &ldquo;Zielgruppen Rucksack KiTa&rdquo;<\/span>...<\/a><\/div>\n<\/div>\n<div class=\"link-more\"><a href=\"https:\/\/www.griffbereit-rucksack.de\/it\/zielgruppen-rucksack-kita\/\" class=\"more-link\">Continua a leggere<span class=\"screen-reader-text\"> &ldquo;Zielgruppen Rucksack KiTa&rdquo;<\/span>...<\/a><\/div>","protected":false},"author":1,"featured_media":0,"parent":0,"menu_order":0,"comment_status":"closed","ping_status":"closed","template":"","meta":{"_acf_changed":false,"footnotes":""},"class_list":["post-2752","page","type-page","status-publish","hentry","entry"],"acf":[],"_links":{"self":[{"href":"https:\/\/www.griffbereit-rucksack.de\/it\/wp-json\/wp\/v2\/pages\/2752","targetHints":{"allow":["GET"]}}],"collection":[{"href":"https:\/\/www.griffbereit-rucksack.de\/it\/wp-json\/wp\/v2\/pages"}],"about":[{"href":"https:\/\/www.griffbereit-rucksack.de\/it\/wp-json\/wp\/v2\/types\/page"}],"author":[{"embeddable":true,"href":"https:\/\/www.griffbereit-rucksack.de\/it\/wp-json\/wp\/v2\/users\/1"}],"replies":[{"embeddable":true,"href":"https:\/\/www.griffbereit-rucksack.de\/it\/wp-json\/wp\/v2\/comments?post=2752"}],"version-history":[{"count":0,"href":"https:\/\/www.griffbereit-rucksack.de\/it\/wp-json\/wp\/v2\/pages\/2752\/revisions"}],"wp:attachment":[{"href":"https:\/\/www.griffbereit-rucksack.de\/it\/wp-json\/wp\/v2\/media?parent=2752"}],"curies":[{"name":"wp","href":"https:\/\/api.w.org\/{rel}","templated":true}]}}