{"id":2705,"date":"2020-08-13T14:11:09","date_gmt":"2020-08-13T12:11:09","guid":{"rendered":"https:\/\/www.griffbereit-rucksack.de\/?page_id=2705"},"modified":"2023-07-17T16:14:20","modified_gmt":"2023-07-17T14:14:20","slug":"organisatorisches-griffbereit","status":"publish","type":"page","link":"https:\/\/www.griffbereit-rucksack.de\/it\/organisatorisches-griffbereit\/","title":{"rendered":"Questioni organizzative Griffbereit"},"content":{"rendered":"<p><strong>Punti chiave <em>Griffbereit<\/em>-Gruppo:<\/strong><\/p>\n<ul>\n<li>Tipo di evento: attivit\u00e0 multilingue genitori-bambini<\/li>\n<li>Et\u00e0 dei bambini: tra 1 e 3 anni<\/li>\n<li>Numero di partecipanti: fino a 8 genitori\/famiglie per gruppo.<\/li>\n<li>Frequenza: regolarmente una volta alla settimana (pu\u00f2 anche svolgersi pi\u00f9 frequentemente se c'\u00e8 un'esigenza tra le famiglie).<\/li>\n<li>Durata: circa 1 anno<\/li>\n<li>Gestione: idealmente 2, ma almeno 1 persona nel ruolo di consulente per i genitori.<\/li>\n<\/ul>\n<strong><br \/>\nRuolo dei consulenti per i genitori:<\/strong>\n<p>\u00c8 importante prestare attenzione alle competenze linguistiche dei consulenti genitoriali al momento della loro selezione. In caso di doppio personale, uno dei due assistenti genitori pu\u00f2 essere monolingue tedesco se il secondo leader \u00e8 multilingue e ha una buona padronanza del tedesco come seconda lingua. In questo modo, i consulenti genitori assicurano anche l'uso coerente e affidabile del multilinguismo nel gruppo.<\/p>\n<p>Il multilinguismo, la cooperazione sensibile alla migrazione e la cooperazione aperta sono caratteristiche che i consulenti genitoriali esemplificano - anche nei confronti dei genitori\/famiglie. L'impulso fornito dai consulenti per i genitori attraverso la progettazione del progetto di <em>Griffbereit-<\/em>I gruppi con attivit\u00e0 ludiche, canzoni e suggerimenti danno ai genitori\/famiglie nuove idee e sicurezza per impegnarsi con i loro figli e rafforzare il rapporto all'interno della famiglia.<\/p>\n\t<strong>Qualifica dei consulenti genitoriali:<br \/>\n<\/strong>I genitori mentori vengono preparati per le loro attivit\u00e0 prima dell'inizio del programma (concetto, obiettivi e contenuto del programma). <em>Griffbereit<\/em>-Programma<a href=\"#_ftn1\" name=\"_ftnref1\">[1]<\/a>). Per garantire un'alta qualit\u00e0 nella realizzazione del progetto <em>Griffbereit<\/em>-Per garantire il successo del gruppo, ai consulenti genitoriali deve essere offerta una gamma continua di corsi di formazione.\n\t\t\t<a href=\"https:\/\/www.griffbereit-rucksack.de\/it\/qualifizierung-zur-elternbegleiterin-fuer-griffbereit\/\" target=\"_self\" role=\"button\" rel=\"noopener\">\n\t\t\t\t\t\t\tQualifica di consulente genitoriale\n\t\t\t<\/a>\n\t<strong>Organizzazione di genitori mentori:<\/strong><br \/>\nOltre all'ulteriore formazione, \u00e8 necessario un supporto e una consulenza regolare dei genitori mentori per lo scambio, la riflessione, la valutazione, nonch\u00e9 la preparazione e il follow-up del lavoro di gruppo. La guida e la formazione che accompagnano il programma sono adattate alle esigenze dei genitori mentori. Dopo l'introduzione del programma, dovrebbero svolgersi incontri regolari di scambio e riflessione con tutti i partecipanti (circa ogni 6 settimane).\n<strong>Organizzazione Coordinatore del programma:<\/strong><br \/>\nL'istruttore \u00e8 responsabile dell'introduzione al programma, dell'assistenza all'approccio e alla composizione di un <em>Griffbereit<\/em>-gruppo, contattando e prendendo accordi con il personale educativo del centro, se necessario, istruendo gli assistenti genitoriali e fornendo ulteriore formazione agli assistenti genitoriali e al personale educativo.\n\t<p><a href=\"#_ftnref1\" name=\"_ftn1\">[1]<\/a> Altri punti focali sono: Il ruolo di consulente per i genitori, la <em>Griffbereit<\/em>-materiali, realizzazione pratica, riflessione, temi educativi, organizzazione di serate per i genitori, ecc.<\/p>","protected":false},"excerpt":{"rendered":"<div class=\"entry-summary\">\n<div class=\"entry-summary\">\nEckpunkte Griffbereit-Gruppe: Art der Veranstaltung: mehrsprachige Eltern-Kind-Aktivit\u00e4ten Alter der Kinder: zwischen 1 und 3 Jahren Teilnehmer(innen)zahl: bis zu&hellip;\n<\/div>\n<div class=\"link-more\"><a href=\"https:\/\/www.griffbereit-rucksack.de\/it\/organisatorisches-griffbereit\/\" class=\"more-link\">Continua a leggere<span class=\"screen-reader-text\"> &ldquo;Organisatorisches Griffbereit&rdquo;<\/span>...<\/a><\/div>\n<\/div>\n<div class=\"link-more\"><a href=\"https:\/\/www.griffbereit-rucksack.de\/it\/organisatorisches-griffbereit\/\" class=\"more-link\">Continua a leggere<span class=\"screen-reader-text\"> &ldquo;Organisatorisches Griffbereit&rdquo;<\/span>...<\/a><\/div>","protected":false},"author":1,"featured_media":0,"parent":0,"menu_order":0,"comment_status":"closed","ping_status":"closed","template":"","meta":{"_acf_changed":false,"footnotes":""},"class_list":["post-2705","page","type-page","status-publish","hentry","entry"],"acf":[],"_links":{"self":[{"href":"https:\/\/www.griffbereit-rucksack.de\/it\/wp-json\/wp\/v2\/pages\/2705","targetHints":{"allow":["GET"]}}],"collection":[{"href":"https:\/\/www.griffbereit-rucksack.de\/it\/wp-json\/wp\/v2\/pages"}],"about":[{"href":"https:\/\/www.griffbereit-rucksack.de\/it\/wp-json\/wp\/v2\/types\/page"}],"author":[{"embeddable":true,"href":"https:\/\/www.griffbereit-rucksack.de\/it\/wp-json\/wp\/v2\/users\/1"}],"replies":[{"embeddable":true,"href":"https:\/\/www.griffbereit-rucksack.de\/it\/wp-json\/wp\/v2\/comments?post=2705"}],"version-history":[{"count":0,"href":"https:\/\/www.griffbereit-rucksack.de\/it\/wp-json\/wp\/v2\/pages\/2705\/revisions"}],"wp:attachment":[{"href":"https:\/\/www.griffbereit-rucksack.de\/it\/wp-json\/wp\/v2\/media?parent=2705"}],"curies":[{"name":"wp","href":"https:\/\/api.w.org\/{rel}","templated":true}]}}