{"id":2700,"date":"2020-08-13T13:05:34","date_gmt":"2020-08-13T11:05:34","guid":{"rendered":"https:\/\/www.griffbereit-rucksack.de\/?page_id=2700"},"modified":"2020-08-17T17:00:32","modified_gmt":"2020-08-17T15:00:32","slug":"griffbereit-material","status":"publish","type":"page","link":"https:\/\/www.griffbereit-rucksack.de\/it\/griffbereit-material\/","title":{"rendered":"Materiale Griffbereit"},"content":{"rendered":"<h2>\n\t\tI materiali Griffbereit in sintesi\n\t<\/h2>\n\t<p>Il pacchetto completo comprende:<\/p>\n<ul>\n<li><strong><em>Griffbereit<\/em><\/strong><strong>-Materiali per i genitori:<\/strong> 64 blocchi di costruzione (sotto forma di attivit\u00e0 e suggerimenti di gioco adatti all'et\u00e0 e allo sviluppo) per i genitori\/famiglie, per lavorare con i loro figli nelle varie lingue familiari nel gruppo e a casa. I materiali per i genitori sono disponibili in albanese, arabo, bulgaro, dari, tedesco, inglese, farsi, francese, greco, ebraico, italiano, croato, curdo, olandese, pashto, polacco, rom, rumeno, russo, serbo, spagnolo, ceceno, turco e vietnamita.<\/li>\n<li><strong>Manuale per i consulenti genitoriali:<\/strong> Il manuale del <em>Griffbereit<\/em>-Il programma di formazione serve come base per la preparazione e l'introduzione al lavoro con il <em>Griffbereit<\/em>-programma. Fornisce informazioni sull'attuazione pratica, spiega il ruolo dei consulenti per i genitori, fornisce materiali con condizioni di attuazione e per il lavoro di pubbliche relazioni, ecc. Fornisce esempi di come organizzare un <em>Griffbereit<\/em>-Fornisce inoltre informazioni sulle serate di riflessione e a tema per i genitori nelle rispettive strutture.<\/li>\n<\/ul>\n\t<ul>\n<li><strong>Materiale supplementare<\/strong> per la pianificazione e la preparazione mirata di un lavoro multilingue nella <em>Griffbereit<\/em>-Gruppo.<\/li>\n<\/ul>\n<p>I materiali sono progettati per un periodo di 64 settimane, in cui i blocchi di costruzione 1-31 sono rivolti pi\u00f9 ai bambini pi\u00f9 piccoli fino a circa due anni di et\u00e0 e i blocchi di costruzione 32-64 sono rivolti pi\u00f9 ai bambini a partire dai due anni di et\u00e0. I materiali vengono costantemente sviluppati e vengono aggiunte ulteriori traduzioni in linea con gli sviluppi della societ\u00e0 della migrazione e della diversit\u00e0.<\/p>\n<p><strong>Nonostante i suggerimenti tematici, il programma \u00e8 aperto e flessibile. L'attuazione del programma \u00e8 compatibile con diversi concetti educativi e con l'educazione linguistica integrata di tutti i giorni.<\/strong>.<\/p>","protected":false},"excerpt":{"rendered":"<div class=\"entry-summary\">\n<div class=\"entry-summary\">\nDie Griffbereit-Materialien im \u00dcberblick Das Gesamtpaket besteht aus: Griffbereit-Elternmaterialien: 64 Bausteine (in Form von alters- sowie entwicklungsgerechten Aktivit\u00e4ten&hellip;\n<\/div>\n<div class=\"link-more\"><a href=\"https:\/\/www.griffbereit-rucksack.de\/it\/griffbereit-material\/\" class=\"more-link\">Continua a leggere<span class=\"screen-reader-text\"> &ldquo;Griffbereit-Material&rdquo;<\/span>...<\/a><\/div>\n<\/div>\n<div class=\"link-more\"><a href=\"https:\/\/www.griffbereit-rucksack.de\/it\/griffbereit-material\/\" class=\"more-link\">Continua a leggere<span class=\"screen-reader-text\"> &ldquo;Griffbereit-Material&rdquo;<\/span>...<\/a><\/div>","protected":false},"author":1,"featured_media":0,"parent":0,"menu_order":0,"comment_status":"closed","ping_status":"closed","template":"","meta":{"_acf_changed":false,"footnotes":""},"class_list":["post-2700","page","type-page","status-publish","hentry","entry"],"acf":[],"_links":{"self":[{"href":"https:\/\/www.griffbereit-rucksack.de\/it\/wp-json\/wp\/v2\/pages\/2700","targetHints":{"allow":["GET"]}}],"collection":[{"href":"https:\/\/www.griffbereit-rucksack.de\/it\/wp-json\/wp\/v2\/pages"}],"about":[{"href":"https:\/\/www.griffbereit-rucksack.de\/it\/wp-json\/wp\/v2\/types\/page"}],"author":[{"embeddable":true,"href":"https:\/\/www.griffbereit-rucksack.de\/it\/wp-json\/wp\/v2\/users\/1"}],"replies":[{"embeddable":true,"href":"https:\/\/www.griffbereit-rucksack.de\/it\/wp-json\/wp\/v2\/comments?post=2700"}],"version-history":[{"count":0,"href":"https:\/\/www.griffbereit-rucksack.de\/it\/wp-json\/wp\/v2\/pages\/2700\/revisions"}],"wp:attachment":[{"href":"https:\/\/www.griffbereit-rucksack.de\/it\/wp-json\/wp\/v2\/media?parent=2700"}],"curies":[{"name":"wp","href":"https:\/\/api.w.org\/{rel}","templated":true}]}}