{"id":2658,"date":"2020-08-12T14:02:49","date_gmt":"2020-08-12T12:02:49","guid":{"rendered":"https:\/\/www.griffbereit-rucksack.de\/?page_id=2658"},"modified":"2021-07-06T12:45:07","modified_gmt":"2021-07-06T10:45:07","slug":"angebot-griffbereit","status":"publish","type":"page","link":"https:\/\/www.griffbereit-rucksack.de\/it\/angebot-griffbereit\/","title":{"rendered":"Offerta Griffbereit"},"content":{"rendered":"<h2>\n\t\tCosa fa Griffbereit?\n\t<\/h2>\n\t<p><em>Griffbereit<\/em> promuove lo sviluppo della prima infanzia attraverso attivit\u00e0 adatte ai bambini con i genitori\/famiglie, come giocare, cantare o colorare insieme nelle lingue della famiglia e in tedesco. Questo crea una base importante per l'acquisizione delle competenze linguistiche.<\/p>\n<p><strong>Il programma d\u00e0 ai genitori\/famiglie la possibilit\u00e0 di essere loro stessi attori, in quanto sono i primi modelli di ruolo linguistico e hanno il rapporto pi\u00f9 stretto con i loro figli nella vita quotidiana.<\/strong><\/p>\n\t<p>Nei cosiddetti <em>Griffbereit<\/em>-I genitori, in gruppi, imparano come rafforzare lo sviluppo generale e linguistico dei loro figli. Sono supportati da consulenti genitoriali formati, per lo pi\u00f9 multilingue.<\/p>\n<p>I bambini piccoli, con e senza una storia familiare internazionale, entrano in contatto con il tedesco e altre lingue in et\u00e0 molto precoce. Questo offre <em>Griffbereit<\/em> la possibilit\u00e0 di <a href=\"https:\/\/www.griffbereit-rucksack.de\/it\/mehrsprachigkeit\/\"><strong>Multilinguismo<\/strong><strong> come il potenziale dei bambini<\/strong><\/a> per prendere in mano la situazione.<\/p>\n<p>&nbsp;<\/p>","protected":false},"excerpt":{"rendered":"<div class=\"entry-summary\">\n<div class=\"entry-summary\">\nWas leistet Griffbereit? Griffbereit f\u00f6rdert die fr\u00fchkindliche Entwicklung durch kleinkindgerechte Aktivit\u00e4ten mit den Eltern\/Familien, wie z.B. gemeinsames Spielen,&hellip;\n<\/div>\n<div class=\"link-more\"><a href=\"https:\/\/www.griffbereit-rucksack.de\/it\/angebot-griffbereit\/\" class=\"more-link\">Continua a leggere<span class=\"screen-reader-text\"> &ldquo;Angebot Griffbereit&rdquo;<\/span>...<\/a><\/div>\n<\/div>\n<div class=\"link-more\"><a href=\"https:\/\/www.griffbereit-rucksack.de\/it\/angebot-griffbereit\/\" class=\"more-link\">Continua a leggere<span class=\"screen-reader-text\"> &ldquo;Angebot Griffbereit&rdquo;<\/span>...<\/a><\/div>","protected":false},"author":1,"featured_media":0,"parent":0,"menu_order":0,"comment_status":"closed","ping_status":"closed","template":"","meta":{"_acf_changed":false,"footnotes":""},"class_list":["post-2658","page","type-page","status-publish","hentry","entry"],"acf":[],"_links":{"self":[{"href":"https:\/\/www.griffbereit-rucksack.de\/it\/wp-json\/wp\/v2\/pages\/2658","targetHints":{"allow":["GET"]}}],"collection":[{"href":"https:\/\/www.griffbereit-rucksack.de\/it\/wp-json\/wp\/v2\/pages"}],"about":[{"href":"https:\/\/www.griffbereit-rucksack.de\/it\/wp-json\/wp\/v2\/types\/page"}],"author":[{"embeddable":true,"href":"https:\/\/www.griffbereit-rucksack.de\/it\/wp-json\/wp\/v2\/users\/1"}],"replies":[{"embeddable":true,"href":"https:\/\/www.griffbereit-rucksack.de\/it\/wp-json\/wp\/v2\/comments?post=2658"}],"version-history":[{"count":0,"href":"https:\/\/www.griffbereit-rucksack.de\/it\/wp-json\/wp\/v2\/pages\/2658\/revisions"}],"wp:attachment":[{"href":"https:\/\/www.griffbereit-rucksack.de\/it\/wp-json\/wp\/v2\/media?parent=2658"}],"curies":[{"name":"wp","href":"https:\/\/api.w.org\/{rel}","templated":true}]}}