{"id":2366,"date":"2020-03-02T13:32:29","date_gmt":"2020-03-02T12:32:29","guid":{"rendered":"https:\/\/www.griffbereit-rucksack.de\/?page_id=2366"},"modified":"2023-07-17T16:16:56","modified_gmt":"2023-07-17T14:16:56","slug":"mitmachen","status":"publish","type":"page","link":"https:\/\/www.griffbereit-rucksack.de\/it\/mitmachen\/","title":{"rendered":"Partecipa"},"content":{"rendered":"<h3><strong><u>Istituzione (educativa)<\/u><\/strong><\/h3>\n<p><em>Perch\u00e9 dovrei partecipare? <\/em><\/p>\n<p><em>Griffbereit<\/em> e <em>Rucksack KiTa<\/em> sono programmi che si svolgono nelle istituzioni (scolastiche). Si tratta di una grande opportunit\u00e0: da un lato, pu\u00f2 rafforzare il partenariato educativo tra le famiglie e le istituzioni (educative), nel senso di partenariati di competenze da cui entrambe le parti possono trarre beneficio a lungo termine. Dall'altro lato, le istituzioni (educative) possono anche aprirsi nel contesto della diversit\u00e0 e del multilinguismo. Questa apertura pu\u00f2 dare il via a processi che possono anche portare a cambiamenti importanti nella sua istituzione educativa.<\/p>\n<p><strong>Desidera partecipare come istituzione (educativa) e <em>Griffbereit o Rucksack KiTa <\/em>farlo da solo?<\/strong><\/p>\n<p>Il Trova centri di coordinamento la aiuter\u00e0.<\/p>\n<p>Per facilitare a lei, in qualit\u00e0 di istituzione (educativa) interessata, il contatto con il centro di coordinamento responsabile, abbiamo creato la seguente funzione di ricerca.<\/p>\n<p>So einfach geht&#8217;s:<\/p>\n<p>Basta inserire il codice postale del comune del suo istituto scolastico per trovare il centro di coordinamento competente per lei.<\/p>\n        <form class=\"bs_search-form\" action=\"\/it\/state\/\" method=\"get\" data-trp-original-action=\"\/state\/\">\n            <select required class=\"bs_state_field\" name=\"bss\">\n                <option value>Stato federale<\/option>\n                <option value='1'>Baden-W\u00fcrttemberg<\/option><option value='2'>Baviera<\/option><option value='3'>Berlino<\/option><option value='4'>Brandeburgo<\/option><option value='5'>Brema<\/option><option value='6'>Amburgo<\/option><option value='7'>Assia<\/option><option value='8'>Meclemburgo-Pomerania Occidentale<\/option><option value='9'>Bassa Sassonia<\/option><option value='10'>Nord Reno-Westfalia<\/option><option value='11'>Renania-Palatinato<\/option><option value='12'>Saarland<\/option><option value='13'>Sassonia<\/option><option value='14'>Sassonia-Anhalt<\/option><option value='15'>Schleswig-Holstein<\/option><option value='16'>Turingia<\/option>            <\/select>\n            <select required class=\"bs_program_field\" name=\"bsp\">\n                <option value>Programma<\/option>\n                <option value='206'>griffbereitMINI<\/option><option value='121'>Griffbereit<\/option><option value='122'>Rucksack KiTa<\/option>            <\/select>\n            <input type=\"hidden\" name=\"bsg\" class=\"bs_searchgroup\" value=\"2\">\n            <input type=\"submit\" value=\"Trova\">\n        <input type=\"hidden\" name=\"trp-form-language\" value=\"it\"\/><\/form>\n        \n\t<h3><strong><u>Genitori\/famiglie<\/u><\/strong><\/h3>\n<p><em>Perch\u00e9 dovrei partecipare? <\/em><\/p>\n<p>In dialogo con altri genitori\/famiglie e con il personale educativo dell'asilo, imparer\u00e0 come rafforzare in modo giocoso lo sviluppo linguistico e generale dei suoi figli. L'attenzione particolare \u00e8 rivolta alla promozione del multilinguismo. Ci\u00f2 include il rafforzamento della\/e lingua\/e familiare\/i e la conoscenza di altre lingue.<\/p>\n<p><strong>Dove posso trovare un gruppo Griffbereit o Rucksack KiTa?<\/strong><\/p>\n<p><strong>Desiderate partecipare come famiglia e state cercando un <em>Gruppo Griffbereit o Rucksack KiTa<\/em>?<\/strong><\/p>\n<p>Il TrovaGruppo la aiuter\u00e0.<\/p>\n<p>Con pochi clic, l'offerta online le fornisce informazioni sulla <em>Griffbereit<\/em> e\/o <em>Rucksack KiTa<\/em> istituzioni educative della sua zona.<\/p>\n<p>So einfach geht&#8217;s:<\/p>\n<p>Clicchi sulla struttura desiderata nell'elenco o sulla mappa per visualizzare le informazioni dettagliate.<\/p>\n        <form class=\"bs_search-form\" action=\"\/it\/state\/\" method=\"get\" data-trp-original-action=\"\/state\/\">\n            <select required class=\"bs_state_field\" name=\"bss\">\n                <option value>Stato federale<\/option>\n                <option value='1'>Baden-W\u00fcrttemberg<\/option><option value='2'>Baviera<\/option><option value='3'>Berlino<\/option><option value='4'>Brandeburgo<\/option><option value='5'>Brema<\/option><option value='6'>Amburgo<\/option><option value='7'>Assia<\/option><option value='8'>Meclemburgo-Pomerania Occidentale<\/option><option value='9'>Bassa Sassonia<\/option><option value='10'>Nord Reno-Westfalia<\/option><option value='11'>Renania-Palatinato<\/option><option value='12'>Saarland<\/option><option value='13'>Sassonia<\/option><option value='14'>Sassonia-Anhalt<\/option><option value='15'>Schleswig-Holstein<\/option><option value='16'>Turingia<\/option>            <\/select>\n            <select required class=\"bs_program_field\" name=\"bsp\">\n                <option value>Programma<\/option>\n                <option value='206'>griffbereitMINI<\/option><option value='121'>Griffbereit<\/option><option value='122'>Rucksack KiTa<\/option>            <\/select>\n            <input type=\"hidden\" name=\"bsg\" class=\"bs_searchgroup\" value=\"1\">\n            <input type=\"submit\" value=\"Trova\">\n        <input type=\"hidden\" name=\"trp-form-language\" value=\"it\"\/><\/form>\n        \n\t<h3><strong><u>Comune<\/u><\/strong><\/h3>\n<p><em>Perch\u00e9 dovrei partecipare? <\/em><\/p>\n<p>I programmi <em>Griffbereit<\/em> e <em>Rucksack KiTa<\/em> sono programmi innovativi e di successo a livello nazionale che si concentrano in modo specifico sulla promozione dell'educazione linguistica e dell'educazione familiare, aprendo allo stesso tempo le istituzioni (educative) alla diversit\u00e0 e alla migrazione. I bambini vengono preparati e sostenuti al meglio per il loro futuro percorso educativo, in un'ottica di pari opportunit\u00e0 per tutti i bambini in materia di istruzione. Allo stesso tempo, i genitori\/famiglie vengono mobilitati su questo percorso comune.<\/p>\n<p>Inoltre, i programmi hanno un forte orientamento socio-spaziale (networking nello spazio sociale), sono differenziati in base al gruppo target e sono stati monitorati, valutati e certificati professionalmente da scienziati riconosciuti. I programmi vengono continuamente sviluppati e adattati in linea con le realt\u00e0 sociali. In questo modo, i programmi mirano ad avviare processi di cambiamento verso una societ\u00e0 in cui l'educazione precoce e il partenariato educativo tra le istituzioni (educative) e le famiglie sia naturalmente attento alla diversit\u00e0, multilingue, culturalmente sensibile e aperto alla societ\u00e0 della migrazione.<\/p>\n<p><strong>Desidera partecipare come Comune e <em>Griffbereit o Rucksack KiTa <\/em>in collaborazione con le sue istituzioni educative?<\/strong><\/p>\n<p>Il Trova centro di coordinamento statale la aiuter\u00e0.<\/p>\n<p>Abbiamo creato la seguente funzione di ricerca per facilitare a lei, in quanto autorit\u00e0 locale interessata, il contatto con il centro di coordinamento statale competente per lei.<\/p>\n<p>So einfach geht&#8217;s:<\/p>\n<p>Basta inserire il codice postale del suo comune per trovare il centro di coordinamento regionale competente per lei.<\/p>\n        <form class=\"bs_search-form\" action=\"\/it\/state\/\" method=\"get\" data-trp-original-action=\"\/state\/\">\n            <select required class=\"bs_state_field\" name=\"bss\">\n                <option value>Stato federale<\/option>\n                <option value='1'>Baden-W\u00fcrttemberg<\/option><option value='2'>Baviera<\/option><option value='3'>Berlino<\/option><option value='4'>Brandeburgo<\/option><option value='5'>Brema<\/option><option value='6'>Amburgo<\/option><option value='7'>Assia<\/option><option value='8'>Meclemburgo-Pomerania Occidentale<\/option><option value='9'>Bassa Sassonia<\/option><option value='10'>Nord Reno-Westfalia<\/option><option value='11'>Renania-Palatinato<\/option><option value='12'>Saarland<\/option><option value='13'>Sassonia<\/option><option value='14'>Sassonia-Anhalt<\/option><option value='15'>Schleswig-Holstein<\/option><option value='16'>Turingia<\/option>            <\/select>\n            <select required class=\"bs_program_field\" name=\"bsp\">\n                <option value>Programma<\/option>\n                <option value='206'>griffbereitMINI<\/option><option value='121'>Griffbereit<\/option><option value='122'>Rucksack KiTa<\/option>            <\/select>\n            <input type=\"hidden\" name=\"bsg\" class=\"bs_searchgroup\" value=\"2\">\n            <input type=\"submit\" value=\"Trova\">\n        <input type=\"hidden\" name=\"trp-form-language\" value=\"it\"\/><\/form>\n        \n\t<h3><strong><u>Consulente per i genitori<\/u><\/strong><\/h3>\n<p>Perch\u00e9 dovrei partecipare?<\/p>\n<p>I consulenti per i genitori sono stati coinvolti nella <em>Griffbereit <\/em>e <em>Rucksack KiTa<\/em> svolgono un ruolo decisivo. Guidano i gruppi Griffbereit e Rucksack KiTa e garantiscono l'uso coerente e affidabile del multilinguismo nel gruppo.<\/p>\n<p>Il multilinguismo, la cooperazione orientata alla diversit\u00e0 e la collaborazione aperta sono qualit\u00e0 che lei, in qualit\u00e0 di genitore mentore - anche nei confronti dei genitori\/famiglie - dovrebbe esemplificare.  L'impulso che lei fornisce organizzando il <em>Griffbereit<\/em> resp. <em>Rucksack KiTa<\/em>-Creando gruppi di gioco con attivit\u00e0 ludiche, canzoni e suggerimenti, i genitori\/famiglie acquisiscono nuove idee e fiducia per impegnarsi con i loro figli e rafforzare il rapporto all'interno della famiglia.<\/p>\n<p>Diese T\u00e4tigkeit kann auch ein Einstieg in das p\u00e4dagogische Arbeitsfeld sein&#8230;<\/p>\n<p><strong>Vorrebbe partecipare come consulente per genitori e <em>Griffbereit o Rucksack KiTa <\/em>portare a termine?<\/strong><\/p>\n<p>Il Trova centri di coordinamento la aiuter\u00e0.<\/p>\n<p>Per facilitare a lei, in qualit\u00e0 di genitore mentore interessato, il contatto con il centro di coordinamento competente per lei, abbiamo creato la seguente funzione di ricerca.<\/p>\n<p>So einfach geht&#8217;s:<\/p>\n<p>Basta inserire il codice postale del comune in cui vive per trovare il centro di coordinamento competente per lei.<\/p>\n        <form class=\"bs_search-form\" action=\"\/it\/state\/\" method=\"get\" data-trp-original-action=\"\/state\/\">\n            <select required class=\"bs_state_field\" name=\"bss\">\n                <option value>Stato federale<\/option>\n                <option value='1'>Baden-W\u00fcrttemberg<\/option><option value='2'>Baviera<\/option><option value='3'>Berlino<\/option><option value='4'>Brandeburgo<\/option><option value='5'>Brema<\/option><option value='6'>Amburgo<\/option><option value='7'>Assia<\/option><option value='8'>Meclemburgo-Pomerania Occidentale<\/option><option value='9'>Bassa Sassonia<\/option><option value='10'>Nord Reno-Westfalia<\/option><option value='11'>Renania-Palatinato<\/option><option value='12'>Saarland<\/option><option value='13'>Sassonia<\/option><option value='14'>Sassonia-Anhalt<\/option><option value='15'>Schleswig-Holstein<\/option><option value='16'>Turingia<\/option>            <\/select>\n            <select required class=\"bs_program_field\" name=\"bsp\">\n                <option value>Programma<\/option>\n                <option value='206'>griffbereitMINI<\/option><option value='121'>Griffbereit<\/option><option value='122'>Rucksack KiTa<\/option>            <\/select>\n            <input type=\"hidden\" name=\"bsg\" class=\"bs_searchgroup\" value=\"2\">\n            <input type=\"submit\" value=\"Trova\">\n        <input type=\"hidden\" name=\"trp-form-language\" value=\"it\"\/><\/form>","protected":false},"excerpt":{"rendered":"<div class=\"entry-summary\">\n<div class=\"entry-summary\">\n(Bildungs-) Institution Warum soll ich mitmachen? Griffbereit und Rucksack KiTa sind Programme, die in (Bildungs-) Institutionen stattfinden. Das&hellip;\n<\/div>\n<div class=\"link-more\"><a href=\"https:\/\/www.griffbereit-rucksack.de\/it\/mitmachen\/\" class=\"more-link\">Continua a leggere<span class=\"screen-reader-text\"> &ldquo;Mitmachen&rdquo;<\/span>...<\/a><\/div>\n<\/div>\n<div class=\"link-more\"><a href=\"https:\/\/www.griffbereit-rucksack.de\/it\/mitmachen\/\" class=\"more-link\">Continua a leggere<span class=\"screen-reader-text\"> &ldquo;Mitmachen&rdquo;<\/span>...<\/a><\/div>","protected":false},"author":1,"featured_media":0,"parent":0,"menu_order":0,"comment_status":"closed","ping_status":"closed","template":"","meta":{"_acf_changed":false,"footnotes":""},"class_list":["post-2366","page","type-page","status-publish","hentry","entry"],"acf":[],"_links":{"self":[{"href":"https:\/\/www.griffbereit-rucksack.de\/it\/wp-json\/wp\/v2\/pages\/2366","targetHints":{"allow":["GET"]}}],"collection":[{"href":"https:\/\/www.griffbereit-rucksack.de\/it\/wp-json\/wp\/v2\/pages"}],"about":[{"href":"https:\/\/www.griffbereit-rucksack.de\/it\/wp-json\/wp\/v2\/types\/page"}],"author":[{"embeddable":true,"href":"https:\/\/www.griffbereit-rucksack.de\/it\/wp-json\/wp\/v2\/users\/1"}],"replies":[{"embeddable":true,"href":"https:\/\/www.griffbereit-rucksack.de\/it\/wp-json\/wp\/v2\/comments?post=2366"}],"version-history":[{"count":0,"href":"https:\/\/www.griffbereit-rucksack.de\/it\/wp-json\/wp\/v2\/pages\/2366\/revisions"}],"wp:attachment":[{"href":"https:\/\/www.griffbereit-rucksack.de\/it\/wp-json\/wp\/v2\/media?parent=2366"}],"curies":[{"name":"wp","href":"https:\/\/api.w.org\/{rel}","templated":true}]}}