{"id":2345,"date":"2020-02-28T13:24:25","date_gmt":"2020-02-28T12:24:25","guid":{"rendered":"https:\/\/www.griffbereit-rucksack.de\/?page_id=2345"},"modified":"2020-11-25T12:22:09","modified_gmt":"2020-11-25T11:22:09","slug":"mehrsprachigkeit","status":"publish","type":"page","link":"https:\/\/www.griffbereit-rucksack.de\/it\/mehrsprachigkeit\/","title":{"rendered":"Multilinguismo"},"content":{"rendered":"<h3><\/h3>\t\t\n\t\t\t<p>In questa pagina vorremmo fornirle alcuni fatti sulla crescita multilingue, rispondere alle domande aperte e sfatare i miti.<\/p>\n\t\t<h3><\/h3>\t\t\n\t\t\tIn molte parti del mondo (circa 70%), le lingue multiple sono una realt\u00e0 della societ\u00e0. Ci\u00f2 significa che a livello globale, il multilinguismo \u00e8 la norma e il monolinguismo \u00e8 l'eccezione. Anche in Germania, il rapporto sull'istruzione del 2016 mostra che circa un quarto della popolazione tedesca non \u00e8 monolingue in tedesco.\n\t\t<h3><\/h3>\t\t\n\t\t\t<p>Tuttavia, questa affermazione solleva immediatamente la questione di cosa significhi esattamente multilinguismo e quali persone contino o meno come multilingue. Tuttavia, non esiste una definizione universalmente valida, perch\u00e9 il costrutto di crescere con pi\u00f9 lingue \u00e8 cos\u00ec vario e sfaccettato che non \u00e8 cos\u00ec facile da definire. Come sottolinea la signora Hofbauer (2018) nel suo libro \"Sprachen und Kulturen im Kita-Alltag\" (Lingue e culture nell'asilo quotidiano), la questione \u00e8 sempre da quale prospettiva guardiamo al multilinguismo. Alcune definizioni, ad esempio, prendono come punto di partenza il livello linguistico e considerano multilingue solo le persone che parlano diverse lingue con la stessa fluidit\u00e0 delle persone monolingue (Bloomfield, 1992). In altre definizioni, \u00e8 sufficiente essere in grado di capire, leggere, parlare o scrivere un'altra lingua (MacNamara, 1967). Nella prospettiva di concentrarsi sull'uso delle lingue, esistono anche altre definizioni che, ad esempio, descrivono le persone come multilingue non appena utilizzano regolarmente diverse lingue nelle conversazioni quotidiane (Grosjean, 1982) o semplicemente persone che si sentono a proprio agio in diverse lingue (Kielh\u00f6fer e Jonekeit, 2002). Nel contesto accademico e sociale, la seconda prospettiva viene sempre pi\u00f9 utilizzata come definizione di base e anche noi aderiamo a questa visione. Riehl (2014, p.9) aggiunge che per lingue non si intendono solo le lingue nazionali ufficiali, \"ma anche le lingue regionali, minoritarie e dei segni e persino le variet\u00e0 linguistiche come i dialetti\". Vorremmo anche aggiungere a questo elenco il linguaggio quotidiano e il linguaggio educativo.<\/p>\n<p>Esperimento di pensiero: cosa significa per lei \"essere multilingue\"? Rifletta brevemente sul significato che ha per lei e sulle aspettative che ha nei confronti delle persone multilingue. Le seguenti idee possono aiutarla.<\/p>\n<ul>\n<li>Quale\/i lingua\/e parlo?<\/li>\n<li>In quali situazioni uso quale lingua\/e?<\/li>\n<li>Quale\/i lingua\/e conosco della mia famiglia?<\/li>\n<li>Mi considero multilingue? Perch\u00e9 (non)?<\/li>\n<li>Voglio essere multilingue? Voglio che i miei figli siano multilingue?<\/li>\n<li>Parlo un dialetto? Anche questa \u00e8 una \"lingua diversa\"?<\/li>\n<li>Cosa penso e cosa mi aspetto quando una persona mi dice che sta \"crescendo multilingue\"?<\/li>\n<li>Trovo che crescere con, ad esempio, l'inglese sia \"meglio\" che con l'arabo? Perch\u00e9 (non)?<\/li>\n<li>Cambio automaticamente la mia lingua quando mi rendo conto che il mio interlocutore \u00e8 multilingue? Perch\u00e9 (non)?<\/li>\n<\/ul>\n<p>Rosemarie Tracy (2008) riassume la difficolt\u00e0 nel suo libro \"Come i bambini imparano le lingue\" come segue: \"Non \u00e8 realistico aspettarsi che una persona bilingue sia in grado o disposta a conversare con uguale scioltezza e fluidit\u00e0 retorica in tutte le sue lingue con qualsiasi interlocutore su tutti i possibili argomenti\" (S.51). (S.51). E se siamo completamente onesti, questo \u00e8 anche il caso delle persone monolingui - non possiamo parlare in modo fluente e retoricamente abile su ogni argomento con ogni interlocutore. Rosemarie Tracy sottolinea anche che qualsiasi differenza o mancanza di conoscenza tra monolingui e plurilingui \u00e8 spesso attribuita alla situazione di vita plurilingue durante la crescita.<\/p>\n\t\t<h3><\/h3>\t\t\n\t\t\tTuttavia, i bambini multilingue si sviluppano allo stesso modo dei bambini monolingue. Alcuni hanno pi\u00f9 sfide nel loro sviluppo linguistico, altri ne hanno meno. I bambini multilingue possono essere forti dal punto di vista linguistico o avere i loro punti di forza in altre aree dell'istruzione, proprio come avviene per i bambini monolingui.\n\t\t<h3><\/h3>\t\t\n\t\t\tIl multilinguismo o, in stretta connessione con questo termine, il background migratorio non \u00e8 quindi un fattore negativo di per s\u00e9, ma le diverse influenze e situazioni di vita possono avere effetti diversi (cfr. Chilla, Niebuhr-Siebert, 2017). Possiamo quindi concludere che il multilinguismo rappresenta un'opportunit\u00e0 per i bambini e le famiglie, ma non \u00e8 una richiesta eccessiva.\n\t\t<h3><\/h3>\t\t\n\t\t\t<p>Quali sono le opportunit\u00e0 che lei ha come caregiver, che sia un genitore\/famiglia, un professionista dell'educazione o un genitore assistente, per sostenere i bambini nell'acquisizione del linguaggio?<\/p>\n\t\t<h3><\/h3>\t\t\n\t\t\tChilla e Fox Boyer (2016) affermano nel loro libro \"Zweisprachigkeit\/Bilingualit\u00e4t. Una guida per i genitori\": \"Per tutti i bambini, indipendentemente dal fatto che crescano multilingue o monolingue, lo sviluppo linguistico \u00e8 molto individuale e dipende dalla quantit\u00e0 e dalla qualit\u00e0 della lingua disponibile, dalle opportunit\u00e0 individuali e dalla motivazione interna ed esterna\".\n\t\t<h3><\/h3>\t\t\n\t\t\t\u00c8 importante che ci sia un contatto regolare ed esteso con tutte le lingue e che le situazioni di comunicazione possano essere vissute in tutte le lingue (questo include il gioco, la lettura insieme, le canzoni\/musica e le conversazioni). \u00c8 anche utile che venga esercitata la funzione di modello, ossia che i bambini sperimentino che anche i loro assistenti utilizzano i media, i libri, ecc. in tutte le lingue nella vita quotidiana. Per i bambini \u00e8 utile anche un atteggiamento fondamentalmente apprezzativo, che permetta loro di usare le loro lingue nelle conversazioni e di vedersi rappresentati nella loro realt\u00e0 multilingue nelle istituzioni educative.\n\t\t<h3><\/h3>\t\t\n\t\t\tL'importanza della lingua familiare come fattore di influenza non deve essere sottovalutata. \u00c8 particolarmente rilevante per lo sviluppo dell'identit\u00e0, perch\u00e9 con essa i bambini iniziano a scoprire il mondo e hanno le prime opportunit\u00e0 di esprimere bisogni, desideri e sentimenti, formando cos\u00ec un'immagine di s\u00e9.\n\t\t<h3><\/h3>\t\t\n\t\t\tInoltre, il linguaggio familiare modella la conoscenza che i bambini hanno del linguaggio, anche se naturalmente non sono in grado di esprimerla in termini concreti. Tuttavia, ne attingono nel loro apprendimento successivo. Anche il modo in cui la societ\u00e0 o, su scala pi\u00f9 piccola, i caregiver valutano una lingua (si pensi al prestigio dell'inglese o, al contrario, dell'arabo) e, di conseguenza, l'atteggiamento che viene trasmesso nei confronti dei parlanti di questa lingua, determina il successo dell'acquisizione di un'altra lingua. (Scharff Rethfeldt, 2013)\n\t\t<h3><\/h3>\t\t\n\t\t\tEsiste anche un'opinione spesso controversa sulla questione se le miscele linguistiche siano dannose. Poich\u00e9 \u00e8 scientificamente provato che la separazione tra le lingue che un bambino acquisisce avviene molto presto, l'argomentazione secondo cui la mescolanza linguistica \u00e8 un segno di acquisizione multilingue incompleta o errata \u00e8 invalidata. Al contrario, ci sono molte prove che la mescolanza linguistica fa parte della comunicazione e dell'identit\u00e0 naturale nelle famiglie multilingue ed \u00e8 quindi un segno di un comportamento linguistico competente. Come assistenti, possiamo quindi semplicemente sederci e ammirare i bambini per le loro competenze nell'acquisizione multilingue e concentrarci sulle loro affermazioni relative ai contenuti, per imparare di pi\u00f9 sulla loro visione del mondo. (Panagiotopoulou, 2016; Chilla &amp; Fox-Boyer, 2016)\n\t\t<h3><\/h3>\t\t\n\t\t\t<p>Infine, un'ultima sezione sui divieti linguistici talvolta prevalenti nelle istituzioni educative.<\/p>\n<p>Basandoci su un esercizio tratto dal libro della signora Hofbauer (pag. 46, 2018), vorremmo innanzitutto invitarla a partecipare a un altro esperimento mentale:<\/p>\n<p>Immagini di partecipare a un corso di lingua intensivo all'estero. Durante la pausa pranzo, incontra un'altra persona di lingua tedesca e scambia una chiacchierata informale. Mentre il responsabile del corso le passa accanto, le dice: \"Ma qui non parlano tedesco\". Come si sente? Perch\u00e9? Che effetto potrebbe avere questa affermazione sulla sua conversazione?<\/p>\n<p>Cosa significa questo per i bambini?<\/p>\n<p>Ecco una breve panoramica sulla motivazione dei bambini ad apprendere. Spesso imparano in base a due motivazioni diverse. Da un lato, perch\u00e9 qualcosa \u00e8 interessante e affascinante o, dall'altro, per una necessit\u00e0 urgente, ad esempio per soddisfare i propri bisogni. Se si considerano questi due prerequisiti per l'apprendimento, diventa chiaro che un divieto linguistico non avr\u00e0 necessariamente l'effetto positivo atteso sull'acquisizione del tedesco. Soprattutto se questo divieto esiste senza una ragione ovvia e comprensibile alla base. Un altro punto molto importante a questo punto \u00e8 che le buone relazioni hanno un'influenza positiva sull'apprendimento. Naturalmente, questo vale anche per l'apprendimento delle lingue - quindi la costruzione di una relazione buona e sostenibile dovrebbe svolgere un ruolo importante.<\/p>\n<p>Inoltre, per\u00f2, \u00e8 compito dei professionisti dell'educazione nelle istituzioni educative osservare i bambini e il loro comportamento linguistico e poi riflettere se e in che misura i bambini hanno l'opportunit\u00e0 di parlare tedesco e se possono essere necessari cambiamenti nella struttura, nell'offerta o nell'approccio per aumentare l'apporto qualitativo.<\/p>\n\t<p><strong>Fonti e riferimenti:<\/strong><\/p>\n<ul>\n<li>Bloomfield, L. (1992). Il linguaggio. Quarta edizione. Chicago: University of Chicago Press<\/li>\n<li>Chilla, S. &amp; Niebuhr-Siebert, S. (2017). Il multilinguismo nell'asilo nido. Basi-concetti-educazione. Stoccarda: Kohlhammer.<\/li>\n<li>Chilla, S. &amp; Fox Boyer, A. (2016). Bilinguismo\/ bilinguismo. Una guida per i genitori. 2\u00aa edizione rivista. Idstein: Schulz Kirchner.<\/li>\n<li>Grosjean, F. (1982). La vita con due lingue. Cambridge, Mass.: Harvard University Press<\/li>\n<li>Hofbauer, Ch. (2018). Lingue e culture nell'assistenza diurna quotidiana. Friburgo: Herder.<\/li>\n<li>Kielh\u00f6fer, B. &amp; Jonekeit, S. (2002). Educazione bilingue del bambino. 11\u00aa edizione. T\u00fcbingen: Stauffenburg.<\/li>\n<li>MacNamara, J. (1967). Le prestazioni linguistiche del bilingue: una panoramica psicologica. Journal of Social Issues 23, pagg. 59-77.<\/li>\n<li>Panagiotopoulou, A. (2016). Il multilinguismo nell'infanzia. Prospettive per la pratica dell'educazione della prima infanzia. Iniziativa di formazione continua per i professionisti dell'educazione della prima infanzia, WiFF-Expertises, Volume 46, Monaco di Baviera. Online: <a href=\"https:\/\/www.nifbe.de\/images\/nifbe\/Fachbeitr%C3%A4ge\/2017\/Exp_Panagiotopoulou_web.pdf\">Al PDF<\/a><\/li>\n<li>Riehl, C. (2014). Il multilinguismo. Un'introduzione. Darmstadt: WBG<\/li>\n<li>Scharff Rethfeldt, W. (2013). Multilinguismo infantile. Principi e pratica dell'intervento logopedico. Stoccarda: Thieme.<\/li>\n<li>Tracy, R. (2008). Come i bambini imparano le lingue e come possiamo sostenerli. T\u00fcbingen: Francke Verlag.<\/li>\n<\/ul>","protected":false},"excerpt":{"rendered":"<div class=\"entry-summary\">\n<div class=\"entry-summary\">\nWir m\u00f6chten Ihnen auf dieser Seite ein paar Fakten zum mehrSprachigen Aufwachsen geben, offene Fragen beantworten und mit&hellip;\n<\/div>\n<div class=\"link-more\"><a href=\"https:\/\/www.griffbereit-rucksack.de\/it\/mehrsprachigkeit\/\" class=\"more-link\">Continua a leggere<span class=\"screen-reader-text\"> &ldquo;Mehrsprachigkeit&rdquo;<\/span>...<\/a><\/div>\n<\/div>\n<div class=\"link-more\"><a href=\"https:\/\/www.griffbereit-rucksack.de\/it\/mehrsprachigkeit\/\" class=\"more-link\">Continua a leggere<span class=\"screen-reader-text\"> &ldquo;Mehrsprachigkeit&rdquo;<\/span>...<\/a><\/div>","protected":false},"author":1,"featured_media":0,"parent":0,"menu_order":0,"comment_status":"closed","ping_status":"closed","template":"","meta":{"_acf_changed":false,"footnotes":""},"class_list":["post-2345","page","type-page","status-publish","hentry","entry"],"acf":[],"_links":{"self":[{"href":"https:\/\/www.griffbereit-rucksack.de\/it\/wp-json\/wp\/v2\/pages\/2345","targetHints":{"allow":["GET"]}}],"collection":[{"href":"https:\/\/www.griffbereit-rucksack.de\/it\/wp-json\/wp\/v2\/pages"}],"about":[{"href":"https:\/\/www.griffbereit-rucksack.de\/it\/wp-json\/wp\/v2\/types\/page"}],"author":[{"embeddable":true,"href":"https:\/\/www.griffbereit-rucksack.de\/it\/wp-json\/wp\/v2\/users\/1"}],"replies":[{"embeddable":true,"href":"https:\/\/www.griffbereit-rucksack.de\/it\/wp-json\/wp\/v2\/comments?post=2345"}],"version-history":[{"count":0,"href":"https:\/\/www.griffbereit-rucksack.de\/it\/wp-json\/wp\/v2\/pages\/2345\/revisions"}],"wp:attachment":[{"href":"https:\/\/www.griffbereit-rucksack.de\/it\/wp-json\/wp\/v2\/media?parent=2345"}],"curies":[{"name":"wp","href":"https:\/\/api.w.org\/{rel}","templated":true}]}}