{"id":2281,"date":"2020-01-31T19:42:49","date_gmt":"2020-01-31T18:42:49","guid":{"rendered":"https:\/\/www.griffbereit-rucksack.de\/?page_id=2281"},"modified":"2024-05-07T09:27:53","modified_gmt":"2024-05-07T07:27:53","slug":"impressum","status":"publish","type":"page","link":"https:\/\/www.griffbereit-rucksack.de\/it\/impressum\/","title":{"rendered":"Impronta"},"content":{"rendered":"<p><strong>Informazioni ai sensi del \u00a7 5 TMG<\/strong><\/p>\nEditore di questo sito web:<br \/>\nFondazione Centro Studi Turchi e Ricerca sull'Integrazione<br \/>\nAltendorfer Str. 3<br \/>\n45127 Essen\nVertreten durch:<br \/>\nSerap G\u00fcler, Andreas Bl\u00e4tte, Dirk Halm\n<strong>Ci contatti<\/strong><br \/>\nTelefono: +49 (0) 201 31 98-0<br \/>\nFax: +49 (0) 201 31 98-333<br \/>\nE-mail: zfti@zfti.de\n<strong>Registro e numero di registro<\/strong><br \/>\nRegistro della Fondazione, numero di registro 21.13-St.934<br \/>\nCodice fiscale delle vendite:<br \/>\nNumero di identificazione dell'imposta sul valore aggiunto ai sensi del \u00a727 a della Legge sull'imposta sul valore aggiunto:<br \/>\nIT 223459103<br \/>\nAutorit\u00e0 di vigilanza:<br \/>\nGoverno distrettuale di D\u00fcsseldorf<br \/>\nResponsabile del contenuto ai sensi del \u00a7 55 Abs. 2 RStV:<br \/>\nCentro di studi turchi e ricerca sull'integrazione della Fondazione Hac\u0131 Halil Uslucan<br \/>\nAltendorfer Str. 3<br \/>\n45127 Essen\n<strong>Coordinamento e manutenzione del sito web<\/strong><br \/>\nFondazione Centro Studi Turchi e Ricerca sull'Integrazione<br \/>\nVia Altendorfer 3<br \/>\n45127 Essen<br \/>\nGermania<br \/>\nTel.: 0201-3198-0<br \/>\nE-mail: zfti@zfti.de<br \/>\nSito web: www. zfti.de\n<p>&nbsp;<\/p>\n<p><strong>Esclusione di responsabilit\u00e0<\/strong><\/p>\n<p>Responsabilit\u00e0 per i contenuti<\/p>\n<p>I contenuti delle nostre pagine sono stati creati con la massima cura. Tuttavia, non possiamo assumerci alcuna responsabilit\u00e0 per l'accuratezza, la completezza e l'attualit\u00e0 dei contenuti. In qualit\u00e0 di fornitore di servizi, siamo responsabili dei nostri contenuti su queste pagine, in conformit\u00e0 con il \u00a7 7 para.1 TMG (Legge Tedesca sui Telemedia) e le leggi generali. Ai sensi dei \u00a7\u00a7 8-10 TMG, tuttavia, non siamo obbligati, in qualit\u00e0 di fornitore di servizi, a monitorare le informazioni trasmesse o memorizzate da terzi o a indagare su circostanze che indicano un'attivit\u00e0 illegale. Gli obblighi di rimuovere o bloccare l'uso delle informazioni in conformit\u00e0 alla legislazione generale rimangono inalterati. Tuttavia, la responsabilit\u00e0 in questo senso \u00e8 possibile solo a partire dal momento in cui si viene a conoscenza di una specifica violazione. Non appena verremo a conoscenza di tali violazioni, rimuoveremo immediatamente il contenuto.<\/p>\n<p>Responsabilit\u00e0 per i link<\/p>\n<p>Il nostro sito web contiene link a siti web esterni di terzi, sul cui contenuto non abbiamo alcuna influenza. Pertanto, non possiamo assumerci alcuna responsabilit\u00e0 per questi contenuti di terzi. Il rispettivo fornitore o gestore delle pagine \u00e8 sempre responsabile del contenuto delle pagine collegate. Le pagine collegate sono state controllate per verificare eventuali violazioni legali al momento del collegamento. I contenuti illegali non erano riconoscibili al momento del collegamento. Tuttavia, il monitoraggio permanente del contenuto delle pagine collegate non \u00e8 ragionevole in assenza di prove concrete di una violazione. Se veniamo a conoscenza di violazioni legali, rimuoveremo immediatamente tali link.<\/p>\n<p>Copyright<\/p>\n<p>I contenuti e le opere create dagli operatori del sito in queste pagine sono soggetti alla legge tedesca sul copyright. La riproduzione, la modifica, la distribuzione e qualsiasi tipo di utilizzo al di fuori dei limiti della legge sul copyright richiedono il consenso scritto del rispettivo autore o creatore. I download e le copie di questo sito sono consentiti solo per uso privato e non commerciale. Nella misura in cui i contenuti di questo sito non sono stati creati dall'operatore, vengono rispettati i diritti d'autore di terzi. In particolare, i contenuti di terzi sono contrassegnati come tali. Se tuttavia dovesse venire a conoscenza di una violazione del copyright, la preghiamo di informarci di conseguenza. Se veniamo a conoscenza di violazioni, rimuoveremo immediatamente tali contenuti.<\/p>\n<p>Comunicazione via e-mail e modulo di contatto<\/p>\nDesideriamo sottolineare che la trasmissione dei dati su Internet (ad esempio, durante la comunicazione via e-mail e tramite il modulo di contatto) pu\u00f2 presentare lacune nella sicurezza, nonostante la crittografia SSL. Non \u00e8 possibile proteggere completamente i dati dall'accesso di terzi. Se riceviamo un'e-mail o un messaggio da lei tramite il modulo di contatto, presumiamo di essere autorizzati a rispondere via e-mail. In caso contrario, dobbiamo espressamente rimandarla a un'altra forma di comunicazione.<br \/>\nCon la presente vietiamo espressamente l'utilizzo dei dati di contatto pubblicati nell'ambito dell'obbligo di imprinting da parte di terzi per l'invio di materiale pubblicitario e informativo non richiesto. Gli operatori di questo sito web si riservano espressamente il diritto di intraprendere azioni legali in caso di invio non richiesto di informazioni pubblicitarie, come ad esempio e-mail di spam.\n<p>&nbsp;<\/p>","protected":false},"excerpt":{"rendered":"<div class=\"entry-summary\">\n<div class=\"entry-summary\">\nAngaben gem\u00e4\u00df \u00a7 5 TMG Herausgeber dieser Webseiten: Stiftung Zentrum f\u00fcr T\u00fcrkeistudien und Integrationsforschung Altendorfer Str. 3 45127&hellip;\n<\/div>\n<div class=\"link-more\"><a href=\"https:\/\/www.griffbereit-rucksack.de\/it\/impressum\/\" class=\"more-link\">Continua a leggere<span class=\"screen-reader-text\"> &ldquo;Impressum&rdquo;<\/span>...<\/a><\/div>\n<\/div>\n<div class=\"link-more\"><a href=\"https:\/\/www.griffbereit-rucksack.de\/it\/impressum\/\" class=\"more-link\">Continua a leggere<span class=\"screen-reader-text\"> &ldquo;Impressum&rdquo;<\/span>...<\/a><\/div>","protected":false},"author":1,"featured_media":0,"parent":0,"menu_order":0,"comment_status":"closed","ping_status":"closed","template":"","meta":{"_acf_changed":false,"footnotes":""},"class_list":["post-2281","page","type-page","status-publish","hentry","entry"],"acf":[],"_links":{"self":[{"href":"https:\/\/www.griffbereit-rucksack.de\/it\/wp-json\/wp\/v2\/pages\/2281","targetHints":{"allow":["GET"]}}],"collection":[{"href":"https:\/\/www.griffbereit-rucksack.de\/it\/wp-json\/wp\/v2\/pages"}],"about":[{"href":"https:\/\/www.griffbereit-rucksack.de\/it\/wp-json\/wp\/v2\/types\/page"}],"author":[{"embeddable":true,"href":"https:\/\/www.griffbereit-rucksack.de\/it\/wp-json\/wp\/v2\/users\/1"}],"replies":[{"embeddable":true,"href":"https:\/\/www.griffbereit-rucksack.de\/it\/wp-json\/wp\/v2\/comments?post=2281"}],"version-history":[{"count":0,"href":"https:\/\/www.griffbereit-rucksack.de\/it\/wp-json\/wp\/v2\/pages\/2281\/revisions"}],"wp:attachment":[{"href":"https:\/\/www.griffbereit-rucksack.de\/it\/wp-json\/wp\/v2\/media?parent=2281"}],"curies":[{"name":"wp","href":"https:\/\/api.w.org\/{rel}","templated":true}]}}