{"id":2251,"date":"2020-01-13T11:31:06","date_gmt":"2020-01-13T10:31:06","guid":{"rendered":"https:\/\/www.griffbereit-rucksack.de\/?page_id=2251"},"modified":"2021-04-27T12:36:37","modified_gmt":"2021-04-27T10:36:37","slug":"vision-mission","status":"publish","type":"page","link":"https:\/\/www.griffbereit-rucksack.de\/it\/ueber-uns\/vision-mission\/","title":{"rendered":"Visione e Missione"},"content":{"rendered":"<p><em>Griffbereit<\/em> e <em>Rucksack KiTa<\/em>Programmi per un'educazione precoce consapevole della diversit\u00e0 e multilingue e cooperazione con le famiglie.<\/p>\n\n<p>Con i programmi <em>Griffbereit<\/em> e <em>Rucksack KiTa<\/em> ci impegniamo per una societ\u00e0 in cui l'educazione della prima infanzia e i partenariati educativi tra le istituzioni (educative) e le famiglie siano naturalmente attenti alla diversit\u00e0, multilingue e aperti alla societ\u00e0 della migrazione.<\/p>\n\n<p>I nostri programmi sono collegati alla visione di cui sopra e agli obiettivi associati. <em>Griffbereit<\/em> e <em>Rucksack KiTa<\/em> I programmi combinano l'approccio dell'educazione plurilingue con un concetto di educazione familiare consapevole della diversit\u00e0, rafforzando cos\u00ec il partenariato educativo tra le famiglie e le istituzioni (educative) nel senso di partenariati di competenza, da cui entrambe le parti traggono beneficio a lungo termine. Inoltre, i programmi sostengono le istituzioni (educative) nella loro apertura alla diversit\u00e0 e alla migrazione sociale.<\/p>","protected":false},"excerpt":{"rendered":"<div class=\"entry-summary\">\n<div class=\"entry-summary\">\nGriffbereit und Rucksack KiTa: Programme f\u00fcr eine diversit\u00e4tsbewusste und mehrsprachige Fr\u00fche Bildung und Zusammenarbeit mit Familien. Mit den&hellip;\n<\/div>\n<div class=\"link-more\"><a href=\"https:\/\/www.griffbereit-rucksack.de\/it\/ueber-uns\/vision-mission\/\" class=\"more-link\">Continua a leggere<span class=\"screen-reader-text\"> &ldquo;Vision &#038; Mission&rdquo;<\/span>...<\/a><\/div>\n<\/div>\n<div class=\"link-more\"><a href=\"https:\/\/www.griffbereit-rucksack.de\/it\/ueber-uns\/vision-mission\/\" class=\"more-link\">Continua a leggere<span class=\"screen-reader-text\"> &ldquo;Vision &#038; Mission&rdquo;<\/span>...<\/a><\/div>","protected":false},"author":1,"featured_media":0,"parent":2249,"menu_order":0,"comment_status":"closed","ping_status":"closed","template":"","meta":{"_acf_changed":false,"footnotes":""},"class_list":["post-2251","page","type-page","status-publish","hentry","entry"],"acf":[],"_links":{"self":[{"href":"https:\/\/www.griffbereit-rucksack.de\/it\/wp-json\/wp\/v2\/pages\/2251","targetHints":{"allow":["GET"]}}],"collection":[{"href":"https:\/\/www.griffbereit-rucksack.de\/it\/wp-json\/wp\/v2\/pages"}],"about":[{"href":"https:\/\/www.griffbereit-rucksack.de\/it\/wp-json\/wp\/v2\/types\/page"}],"author":[{"embeddable":true,"href":"https:\/\/www.griffbereit-rucksack.de\/it\/wp-json\/wp\/v2\/users\/1"}],"replies":[{"embeddable":true,"href":"https:\/\/www.griffbereit-rucksack.de\/it\/wp-json\/wp\/v2\/comments?post=2251"}],"version-history":[{"count":0,"href":"https:\/\/www.griffbereit-rucksack.de\/it\/wp-json\/wp\/v2\/pages\/2251\/revisions"}],"up":[{"embeddable":true,"href":"https:\/\/www.griffbereit-rucksack.de\/it\/wp-json\/wp\/v2\/pages\/2249"}],"wp:attachment":[{"href":"https:\/\/www.griffbereit-rucksack.de\/it\/wp-json\/wp\/v2\/media?parent=2251"}],"curies":[{"name":"wp","href":"https:\/\/api.w.org\/{rel}","templated":true}]}}