{"id":14558,"date":"2024-08-13T13:59:28","date_gmt":"2024-08-13T11:59:28","guid":{"rendered":"https:\/\/www.griffbereit-rucksack.de\/?page_id=14558"},"modified":"2024-08-13T15:51:54","modified_gmt":"2024-08-13T13:51:54","slug":"qualitaetsstandards","status":"publish","type":"page","link":"https:\/\/www.griffbereit-rucksack.de\/it\/qualitaetsstandards\/","title":{"rendered":"Standard di qualit\u00e0"},"content":{"rendered":"<img decoding=\"async\" src=\"https:\/\/www.griffbereit-rucksack.de\/wp-content\/plugins\/bb-plugin\/img\/pixel.png\" alt=\"\" itemprop=\"image\" onerror=\"this.style.display='none'\"  \/>\n\t<p><img decoding=\"async\" src=\"https:\/\/www.griffbereit-rucksack.de\/wp-content\/uploads\/2024\/03\/griffbereitmini_cirlce.png\" alt=\"\" width=\"100\" height=\"100\" \/><img decoding=\"async\" src=\"https:\/\/www.griffbereit-rucksack.de\/wp-content\/uploads\/2024\/03\/griffbereit_cirlce.png\" alt=\"\" width=\"100\" height=\"100\" \/><img decoding=\"async\" src=\"https:\/\/www.griffbereit-rucksack.de\/wp-content\/uploads\/2024\/03\/rucksackkita_cirlce.png\" alt=\"\" width=\"100\" height=\"100\" \/><\/p>\n<p><strong>Standard di qualit\u00e0 <em>griffbereitMINI, Griffbereit<\/em> e <em>Rucksack KiTa<\/em><\/strong><\/p>\n<p>&nbsp;<\/p>\n<p><u>Educazione linguistica continua <\/u><\/p>\n<ul>\n<li>Multilinguismo (promozione di tutte le lingue della famiglia, compreso il tedesco)<\/li>\n<li>Competenza e orientamento alle risorse<\/li>\n<li>Sensibilizzare tutte le parti interessate ai processi di sviluppo linguistico e di educazione linguistica.<\/li>\n<li>Orientamento all'azione linguistica integrata di tutti i giorni<\/li>\n<li>Orientamento verso l'approccio situazionale<\/li>\n<\/ul>\n<p><u>Partecipazione equa, educazione e responsabilizzazione delle famiglie<\/u><\/p>\n<ul>\n<li>Partecipazione e coinvolgimento<\/li>\n<li>Orientamento alle risorse e alle competenze<\/li>\n<li>Informazioni e consulenza, qualificazione<\/li>\n<li>Partnership educative e formative<\/li>\n<\/ul>\n<p><u>Apertura alla societ\u00e0 della migrazione e sviluppo orientato alla diversit\u00e0 delle istituzioni coinvolte.<\/u><\/p>\n<ul>\n<li>Apprezzamento e riconoscimento della diversit\u00e0, delle risorse e delle competenze.<\/li>\n<li>Azione riflessiva sui pregiudizi nell'istruzione e nella formazione<\/li>\n<li>Lavoro educativo critico nei confronti della discriminazione<\/li>\n<li>Orientamento allo spazio sociale<\/li>\n<li>Apertura dell'istituzione all'interno e all'esterno<\/li>\n<\/ul>\n<p><em>I rispettivi punti per i singoli giocatori sono spiegati in modo pi\u00f9 dettagliato nei materiali di lavoro.<\/em><em> e vengono formulati obiettivi e indicatori. I programmi vengono sviluppati in vista del<\/em><em> Gli standard di qualit\u00e0 vengono valutati annualmente.<\/em><\/p>\n<em>Gli standard di qualit\u00e0 possono essere scaricati qui: <a href=\"https:\/\/www.griffbereit-rucksack.de\/wp-content\/uploads\/2024\/08\/Qualitaetsstandards_griffbereitMINI_Griffbereit_und_Rucksack_KiTa.pdf\">Standard_di_qualit\u00e0_griffbereitMINI_Griffbereit_e_pacchetto_centro_di_assistenza_giornaliera<\/a><br \/>\n<\/em>","protected":false},"excerpt":{"rendered":"<div class=\"entry-summary\">\n<div class=\"entry-summary\">\nQualit\u00e4tsstandards griffbereitMINI, Griffbereit und Rucksack KiTa &nbsp; Durchg\u00e4ngige Sprachbildung Mehrsprachigkeit (F\u00f6rderung aller Familiensprachen inklusive der deutschen Sprache) Kompetenz-&hellip;\n<\/div>\n<div class=\"link-more\"><a href=\"https:\/\/www.griffbereit-rucksack.de\/it\/qualitaetsstandards\/\" class=\"more-link\">Continua a leggere<span class=\"screen-reader-text\"> &ldquo;Qualit\u00e4tsstandards&rdquo;<\/span>...<\/a><\/div>\n<\/div>\n<div class=\"link-more\"><a href=\"https:\/\/www.griffbereit-rucksack.de\/it\/qualitaetsstandards\/\" class=\"more-link\">Continua a leggere<span class=\"screen-reader-text\"> &ldquo;Qualit\u00e4tsstandards&rdquo;<\/span>...<\/a><\/div>","protected":false},"author":272,"featured_media":0,"parent":0,"menu_order":0,"comment_status":"closed","ping_status":"closed","template":"","meta":{"_acf_changed":false,"footnotes":""},"class_list":["post-14558","page","type-page","status-publish","hentry","entry"],"acf":[],"_links":{"self":[{"href":"https:\/\/www.griffbereit-rucksack.de\/it\/wp-json\/wp\/v2\/pages\/14558","targetHints":{"allow":["GET"]}}],"collection":[{"href":"https:\/\/www.griffbereit-rucksack.de\/it\/wp-json\/wp\/v2\/pages"}],"about":[{"href":"https:\/\/www.griffbereit-rucksack.de\/it\/wp-json\/wp\/v2\/types\/page"}],"author":[{"embeddable":true,"href":"https:\/\/www.griffbereit-rucksack.de\/it\/wp-json\/wp\/v2\/users\/272"}],"replies":[{"embeddable":true,"href":"https:\/\/www.griffbereit-rucksack.de\/it\/wp-json\/wp\/v2\/comments?post=14558"}],"version-history":[{"count":0,"href":"https:\/\/www.griffbereit-rucksack.de\/it\/wp-json\/wp\/v2\/pages\/14558\/revisions"}],"wp:attachment":[{"href":"https:\/\/www.griffbereit-rucksack.de\/it\/wp-json\/wp\/v2\/media?parent=14558"}],"curies":[{"name":"wp","href":"https:\/\/api.w.org\/{rel}","templated":true}]}}