{"id":12367,"date":"2023-05-03T12:09:49","date_gmt":"2023-05-03T10:09:49","guid":{"rendered":"https:\/\/www.griffbereit-rucksack.de\/?page_id=12367"},"modified":"2023-05-11T09:22:55","modified_gmt":"2023-05-11T07:22:55","slug":"ablauf-griffbereitmini","status":"publish","type":"page","link":"https:\/\/www.griffbereit-rucksack.de\/it\/ablauf-griffbereitmini\/","title":{"rendered":"Procedura griffbereitMINI"},"content":{"rendered":"<h2>\n\t\tCome funziona griffbereitMINI?\n\t<\/h2>\n\t<p>*I genitori partecipano a questi programmi fino al compimento del primo anno di et\u00e0 dei figli.<strong> 1 volta alla settimana (pu\u00f2 anche svolgersi pi\u00f9 frequentemente se c'\u00e8 un'esigenza tra le famiglie). <\/strong>a <em>griffbereitMINI<\/em>-gruppo. Il programma viene offerto, ad esempio, negli asili nido, nei centri per le famiglie, in altre istituzioni educative e in luoghi come i consultori per le gravidanze, gli studi ostetrici, ecc. che sono punti di contatto per le famiglie.<\/p>\n<p><img decoding=\"async\" src=\"https:\/\/www.griffbereit-rucksack.de\/wp-content\/uploads\/2023\/05\/griffbereitMINI-Foto-II-744x456.png\" alt=\"\" width=\"744\" height=\"456\" \/><\/p>\n\t<p><strong>Caratteristica per <em>griffbereitMINI<\/em>-Gruppi:<\/strong><\/p>\n<ul>\n<li>L'interazione genitori-bambini (giochi, canti, ecc.) \u00e8 guidata da facilitatori di gruppo appositamente qualificati.<\/li>\n<li>Nel <em>griffbereitMINI<\/em>-Nel gruppo si parlano sempre due o pi\u00f9 lingue: Il tedesco e la lingua o le lingue familiari dei partecipanti.<\/li>\n<\/ul>\n<p>I materiali di uso quotidiano vengono utilizzati per stimolare il gioco, attraverso il quale lo sviluppo del linguaggio avviene in modo ludico. *I genitori imparano in quali situazioni possono accompagnare il bambino con il linguaggio, quali segnali di comunicazione gli d\u00e0 il bambino, ecc. Questo d\u00e0 loro suggerimenti adeguati all'et\u00e0 e allo sviluppo, che possono incorporare nella loro vita quotidiana. Inoltre, *i genitori possono parlare di tutti gli argomenti che li riguardano in un ambiente di fiducia.<\/p>","protected":false},"excerpt":{"rendered":"<div class=\"entry-summary\">\n<div class=\"entry-summary\">\nCome funziona griffbereitMINI? *I genitori partecipano a griffbereitMINI fino al compimento del primo anno di et\u00e0 dei loro figli.\n<\/div>\n<div class=\"link-more\"><a href=\"https:\/\/www.griffbereit-rucksack.de\/it\/ablauf-griffbereitmini\/\" class=\"more-link\">Continua a leggere<span class=\"screen-reader-text\"> &ldquo;Ablauf griffbereitMINI&rdquo;<\/span>...<\/a><\/div>\n<\/div>\n<div class=\"link-more\"><a href=\"https:\/\/www.griffbereit-rucksack.de\/it\/ablauf-griffbereitmini\/\" class=\"more-link\">Continua a leggere<span class=\"screen-reader-text\"> &ldquo;Ablauf griffbereitMINI&rdquo;<\/span>...<\/a><\/div>","protected":false},"author":1,"featured_media":0,"parent":0,"menu_order":0,"comment_status":"closed","ping_status":"closed","template":"","meta":{"_acf_changed":false,"footnotes":""},"class_list":["post-12367","page","type-page","status-publish","hentry","entry"],"acf":[],"_links":{"self":[{"href":"https:\/\/www.griffbereit-rucksack.de\/it\/wp-json\/wp\/v2\/pages\/12367","targetHints":{"allow":["GET"]}}],"collection":[{"href":"https:\/\/www.griffbereit-rucksack.de\/it\/wp-json\/wp\/v2\/pages"}],"about":[{"href":"https:\/\/www.griffbereit-rucksack.de\/it\/wp-json\/wp\/v2\/types\/page"}],"author":[{"embeddable":true,"href":"https:\/\/www.griffbereit-rucksack.de\/it\/wp-json\/wp\/v2\/users\/1"}],"replies":[{"embeddable":true,"href":"https:\/\/www.griffbereit-rucksack.de\/it\/wp-json\/wp\/v2\/comments?post=12367"}],"version-history":[{"count":0,"href":"https:\/\/www.griffbereit-rucksack.de\/it\/wp-json\/wp\/v2\/pages\/12367\/revisions"}],"wp:attachment":[{"href":"https:\/\/www.griffbereit-rucksack.de\/it\/wp-json\/wp\/v2\/media?parent=12367"}],"curies":[{"name":"wp","href":"https:\/\/api.w.org\/{rel}","templated":true}]}}