{"id":12020,"date":"2023-05-03T12:02:53","date_gmt":"2023-05-03T10:02:53","guid":{"rendered":"https:\/\/www.griffbereit-rucksack.de\/?page_id=12020"},"modified":"2023-07-17T16:02:54","modified_gmt":"2023-07-17T14:02:54","slug":"wirkung-griffbereitmini","status":"publish","type":"page","link":"https:\/\/www.griffbereit-rucksack.de\/it\/griffbereitmini\/wirkung-griffbereitmini\/","title":{"rendered":"Effetto di griffbereitMINI"},"content":{"rendered":"<h4><strong>Genitori\/famiglie partecipanti<\/strong><\/h4>\n<p><strong>Cosa ottengo da griffbereitMINI?<\/strong><\/p>\n<ul>\n<li>Settimanale g<em>pronto per il reefMINI<\/em>-Gruppo<\/li>\n<li>Contatto\/scambio con persone che la pensano allo stesso modo<\/li>\n<li>Suggerimenti per l'apprendimento quotidiano del linguaggio con mio figlio<\/li>\n<li>Apprezzamento della mia lingua (o delle lingue) di famiglia<\/li>\n<li>Qualifica di facilitatore di gruppo, se applicabile.<\/li>\n<\/ul>\n<p><strong>Cosa rafforza\/rinforza l'Griffbereit?<\/strong><\/p>\n<ul>\n<li>Conoscenze e competenze in materia di educazione linguistica, educazione, salute, ecc.<\/li>\n<li>Interazione genitore-bambino<\/li>\n<li>Fiducia in se stesso, concentrandosi sui propri punti di forza.<\/li>\n<li>Disponibilit\u00e0 al dialogo e competenza ad agire all'interno dell'istituzione.<\/li>\n<li>Motivazione per rafforzare i propri figli (ad esempio, il linguaggio)<\/li>\n<li>Partecipazione alla vita sociale e alla vita dell'istituto educativo<\/li>\n<li>Motivazione ad approfondire e condividere le proprie abilit\u00e0 e competenze linguistiche, ad esempio come consulente genitoriale.<\/li>\n<\/ul>\n<p><strong>Come cambia il modo in cui lavoriamo insieme?<\/strong><\/p>\n<ul>\n<li>I genitori\/famiglie sono integrati e coinvolti attivamente nella vita sociale e nei centri educativi.<\/li>\n<li>Potenziale der Familien werden anerkannt &#8211; f\u00fcr echte gesellschaftliche Teilhabe<\/li>\n<li>Potenziale und Chancen kultureller Vielfalt werden sichtbar &#8211; f\u00fcr echten Wandel<\/li>\n<li>Rafforzare la partecipazione e il networking<\/li>\n<li>Autentici partenariati educativi tra i genitori\/famiglie e l'istituto.<\/li>\n<\/ul>\n<p>&nbsp;<\/p>\n\t<h4><strong>Bambini partecipanti<br \/>\n<\/strong><\/h4>\n<p><strong>Cosa ottengo da griffbereitMINI?<\/strong><\/p>\n<ul>\n<li>Gruppo settimanale griffbereitMINI<\/li>\n<li>Contatto\/interazione con i coetanei<\/li>\n<li>Stimoli per il linguaggio e lo sviluppo<\/li>\n<li>Occupazione\/esperienza con materiali adatti all'et\u00e0<\/li>\n<\/ul>\n<p><strong>Cosa rafforza\/rinforza l'Griffbereit?<\/strong><\/p>\n<ul>\n<li>Rafforzamento delle competenze linguistiche nella lingua o nelle lingue della famiglia e in tedesco.<\/li>\n<li>Competenza linguistica generale, ad esempio un vocabolario pi\u00f9 ampio.<\/li>\n<li>Sviluppo generale positivo (ad esempio, emotivo, motorio, ecc.).<\/li>\n<li>Interazione genitore-bambino pi\u00f9 familiare e intensa<\/li>\n<li>Piacere del materiale\/fare<\/li>\n<li>In seguito, il passaggio all'istituto scolastico successivo o, ad esempio, al programma Griffbereit sar\u00e0 pi\u00f9 facile.<\/li>\n<li>Opportunit\u00e0 di partecipare con successo all'istruzione<\/li>\n<\/ul>\n<p><strong>Come cambia il modo in cui lavoriamo insieme?<\/strong><\/p>\n<ul>\n<li>Pi\u00f9 pari opportunit\u00e0 per tutti i bambini per quanto riguarda l'istruzione<\/li>\n<li>Accettazione sociale del multilinguismo come risorsa e potenziale per i bambini<\/li>\n<\/ul>\n<p>&nbsp;<\/p>\n\t<h4><strong>Facilitatori di gruppo leader<\/strong><\/h4>\n<p><strong>Cosa ottengo da griffbereitMINI?<\/strong><\/p>\n<ul>\n<li><em>griffbereitMINI<\/em>-Formazione, supporto e riflessione<\/li>\n<li>Materiale del programma (multilingue)<\/li>\n<li>Fornitura del g<em>pronto per il reefMINI<\/em>-Concetto con raccomandazioni per l'azione e idee\/suggerimenti per la pratica.<\/li>\n<li>Libert\u00e0 di pianificazione autonoma<\/li>\n<li>Elevata flessibilit\u00e0 all'interno delle condizioni quadro<\/li>\n<li>Lavorare e interagire con le famiglie e i bambini molto piccoli<\/li>\n<\/ul>\n<p><strong>Cosa rafforza\/rinforza Griffbereit<\/strong><\/p>\n<ul>\n<li>Conoscenze nelle aree dell'educazione degli adulti e dello sviluppo infantile, nonch\u00e9 del multilinguismo e della diversit\u00e0.<\/li>\n<li>Responsabilit\u00e0 e indipendenza come mediatore tra la famiglia e l'istituzione.<\/li>\n<li>Fiducia in se stessi, indipendenza<\/li>\n<li>Motivazione ad ampliare il proprio campo di attivit\u00e0 o a perseguire in modo proattivo un'ulteriore formazione.<\/li>\n<\/ul>\n<p><strong>Come cambia il modo in cui lavoriamo insieme?<\/strong><\/p>\n<ul>\n<li>Primi passi nel campo del lavoro pedagogico<\/li>\n<li>Bildungsinstitutionen entwickeln sich weiter &#8211; hin zu mehr migrationssensiblen Leben, Handeln und Arbeiten<br \/>\n(orientato alla diversit\u00e0)<\/li>\n<\/ul>\n\t<h4><strong>Professionisti dell'educazione<br \/>\n<\/strong><\/h4>\n<p><strong>Cosa ottengo da griffbereitMINI?<\/strong><\/p>\n<ul>\n<li><em>griffbereitMINI<\/em>-Formazione, supporto e riflessione<\/li>\n<\/ul>\n<p><strong>Cosa rafforza\/rinforza griffbereitMINI<\/strong><\/p>\n<ul>\n<li>Leitmotiv \u201eErziehungs- und Bildungspartnerschaft&#8220;<\/li>\n<li>Conoscenza e maggiore consapevolezza del comportamento consapevole della diversit\u00e0 e del multilinguismo.<\/li>\n<li>Motivazione a utilizzare l'educazione e l'assistenza linguistica in modo mirato.<\/li>\n<li>Meno stress, pi\u00f9 fiducia in se stessi nella vita lavorativa di tutti i giorni<\/li>\n<\/ul>\n<p><strong>Come cambia il modo in cui lavoriamo insieme?<\/strong><\/p>\n<ul>\n<li>Stanno emergendo nuovi concetti educativi: orientati alla diversit\u00e0 e alla promozione del multilinguismo.<\/li>\n<li>L'istruzione \u00e8 sensibile alla migrazione, attenta alla diversit\u00e0 e promuove il multilinguismo.<\/li>\n<li>Questa educazione diventa un modello sociale e porta a una societ\u00e0 aperta e diversificata a tutti i livelli.<\/li>\n<\/ul>\n<p>&nbsp;<\/p>\n\t<h4><strong>Istituzione educativa partecipante<br \/>\n<\/strong><\/h4>\n<p><strong>Cosa ottengo da griffbereitMINI?<\/strong><\/p>\n<ul>\n<li>Settimanale g<em>pronto per il reefMINI<\/em>-Gruppo<\/li>\n<li>Facilitatori di gruppo qualificati<\/li>\n<li>Formazione, supporto, riflessione<\/li>\n<li>Equipaggiare la struttura, ad esempio con materiali di gioco, libri e immagini attenti alla diversit\u00e0, nonch\u00e9 idee e suggerimenti per un ambiente stimolante dal punto di vista linguistico e dell'apprendimento in tutte le lingue a disposizione dei bambini.<\/li>\n<\/ul>\n<p><strong>Cosa rafforza\/rinforza l'griffbereitMINI?<\/strong><\/p>\n<ul>\n<li>Conoscenza pratica degli approcci attenti alla diversit\u00e0 e della loro implementazione consolidata.<\/li>\n<li>Apertura ai contributi delle famiglie con una storia internazionale per la vita quotidiana del centro.<\/li>\n<li>Interazione con i genitori con una storia familiare internazionale<\/li>\n<li>Akzeptanz Eltern = \u201eErziehungsexpert*innen&#8220;<\/li>\n<li>Realizzare il potenziale del multilinguismo<\/li>\n<li>Migliore preparazione all'istruzione superiore, migliori opportunit\u00e0 educative per i bambini.<\/li>\n<\/ul>\n<p><strong>Come cambia il modo in cui lavoriamo insieme?<\/strong><\/p>\n<ul>\n<li>\n<ul>\n<li>Rafforzare il partenariato educativo con i genitori\/famiglie lungo la catena educativa.<\/li>\n<li>Le istituzioni educative si aprono in modo sensibile alla migrazione e orientato alla diversit\u00e0 fin dalla pi\u00f9 tenera et\u00e0.<a href=\"#_ftn1\" name=\"_ftnref1\">[1]<\/a><\/li>\n<\/ul>\n<\/li>\n<\/ul>\n<p>&nbsp;<\/p>\n<p><a href=\"#_ftnref1\" name=\"_ftn1\">[1]<\/a> <a href=\"http:\/\/publi.lvr.de\/publi\/PDF\/750-Gemeinsam-Verschieden.pdf\">http:\/\/publi.lvr.de\/publi\/PDF\/750-Gemeinsam-Verschieden.pdf<\/a>, pag. 9 (al 04\/05\/2016).<\/p>","protected":false},"excerpt":{"rendered":"<div class=\"entry-summary\">\n<div class=\"entry-summary\">\nQui trover\u00e0 l'impatto sui seguenti gruppi target: Genitori\/famiglie, consulenti genitoriali, professionisti dell'educazione, bambini e istituzioni educative.\n<\/div>\n<div class=\"link-more\"><a href=\"https:\/\/www.griffbereit-rucksack.de\/it\/griffbereitmini\/wirkung-griffbereitmini\/\" class=\"more-link\">Continua a leggere<span class=\"screen-reader-text\"> &ldquo;Wirkung von griffbereitMINI&rdquo;<\/span>...<\/a><\/div>\n<\/div>\n<div class=\"link-more\"><a href=\"https:\/\/www.griffbereit-rucksack.de\/it\/griffbereitmini\/wirkung-griffbereitmini\/\" class=\"more-link\">Continua a leggere<span class=\"screen-reader-text\"> &ldquo;Wirkung von griffbereitMINI&rdquo;<\/span>...<\/a><\/div>","protected":false},"author":1,"featured_media":0,"parent":12016,"menu_order":0,"comment_status":"closed","ping_status":"closed","template":"","meta":{"_acf_changed":false,"footnotes":""},"class_list":["post-12020","page","type-page","status-publish","hentry","entry"],"acf":[],"_links":{"self":[{"href":"https:\/\/www.griffbereit-rucksack.de\/it\/wp-json\/wp\/v2\/pages\/12020","targetHints":{"allow":["GET"]}}],"collection":[{"href":"https:\/\/www.griffbereit-rucksack.de\/it\/wp-json\/wp\/v2\/pages"}],"about":[{"href":"https:\/\/www.griffbereit-rucksack.de\/it\/wp-json\/wp\/v2\/types\/page"}],"author":[{"embeddable":true,"href":"https:\/\/www.griffbereit-rucksack.de\/it\/wp-json\/wp\/v2\/users\/1"}],"replies":[{"embeddable":true,"href":"https:\/\/www.griffbereit-rucksack.de\/it\/wp-json\/wp\/v2\/comments?post=12020"}],"version-history":[{"count":0,"href":"https:\/\/www.griffbereit-rucksack.de\/it\/wp-json\/wp\/v2\/pages\/12020\/revisions"}],"up":[{"embeddable":true,"href":"https:\/\/www.griffbereit-rucksack.de\/it\/wp-json\/wp\/v2\/pages\/12016"}],"wp:attachment":[{"href":"https:\/\/www.griffbereit-rucksack.de\/it\/wp-json\/wp\/v2\/media?parent=12020"}],"curies":[{"name":"wp","href":"https:\/\/api.w.org\/{rel}","templated":true}]}}