{"id":642,"date":"2019-09-12T15:16:08","date_gmt":"2019-09-12T13:16:08","guid":{"rendered":"https:\/\/www.griffbereit-rucksack.de\/?page_id=642"},"modified":"2021-07-08T12:50:24","modified_gmt":"2021-07-08T10:50:24","slug":"umsetzung-rucksack-kita","status":"publish","type":"page","link":"https:\/\/www.griffbereit-rucksack.de\/fr\/rucksack-kita\/umsetzung-rucksack-kita\/","title":{"rendered":"Conversion Rucksack KiTa"},"content":{"rendered":"<h2>\n\t\tConversion Rucksack KiTa\n\t<\/h2>\n\t\n\t<p>La mise en \u0153uvre de <em>Rucksack KiTa<\/em> est pilot\u00e9 et suivi en Rh\u00e9nanie-du-Nord-Westphalie depuis 2013 par le centre de coordination r\u00e9gional (LaKo).<\/p>\n<p>Depuis 2017, la <em>LaKo<\/em> \u00e9galement le transfert \u00e0 l'\u00e9chelle nationale, qui est soutenu par la fondation Auridis. Aujourd'hui, l'Allemagne compte d\u00e9j\u00e0 plus de <strong>750 <em>Rucksack KiTa<\/em>-groupes<\/strong>. Le programme est \u00e9galement mis en \u0153uvre avec succ\u00e8s dans d'autres pays europ\u00e9ens.<\/p>\n<strong>Conditions g\u00e9n\u00e9rales<br>\n<\/strong>S'il n'existe pas encore de centre de coordination r\u00e9gional dans le Land ou de centre de coordination local, les organismes int\u00e9ress\u00e9s (promoteurs du programme) concluent un accord de coop\u00e9ration avec la<em> LaKo<\/em> NRW, en Allemagne. Ils re\u00e7oivent ensuite le <em>Rucksack KiTa<\/em>-Vous pouvez t\u00e9l\u00e9charger gratuitement le kit de ressources au format PDF.\n\t\t\t<a href=\"https:\/\/www.griffbereit-rucksack.de\/fr\/rucksack-kita-material\/\" target=\"_self\" role=\"button\" rel=\"noopener\">\n\t\t\t\t\t\t\tAper\u00e7u du mat\u00e9riel Rucksack-KiTa\n\t\t\t<\/a>\n\t<p>Par cet accord, tous les promoteurs du programme s'engagent \u00e0 respecter les normes de qualit\u00e9 du programme et \u00e0 les garantir \u00e0 tous les niveaux. L'organisme local finance la mise en \u0153uvre du programme ainsi que la formation, les honoraires et l'encadrement des accompagnateurs parentaux.<\/p>\n<p>L'\u00e9quipe de transfert f\u00e9d\u00e9ral, bas\u00e9e au ZfTI, coordonne et\/ou accompagne le programme dans toute l'Allemagne, \u00e9galement en coop\u00e9ration avec d'autres agences et organismes, et propose des s\u00e9ances d'information et des formations. L'\u00e9quipe f\u00e9d\u00e9rale de transfert est \u00e9galement responsable de l'accompagnement technique continu. L'objectif est de mettre en place des bureaux de coordination dans chaque Land o\u00f9 le programme est appliqu\u00e9, afin de garantir un suivi cibl\u00e9 du travail sur place.<\/p>\n\t\t\t<a href=\"https:\/\/www.griffbereit-rucksack.de\/fr\/organisatorisches-rucksack-kita\/\" target=\"_self\" role=\"button\" rel=\"noopener\">\n\t\t\t\t\t\t\tAper\u00e7u de l'organisation\n\t\t\t<\/a>","protected":false},"excerpt":{"rendered":"<div class=\"entry-summary\">\n<div class=\"entry-summary\">\nPour mettre en \u0153uvre le Rucksack KiTa, les organismes int\u00e9ress\u00e9s doivent conclure un accord de coop\u00e9ration avec le centre de coordination national (LaKo) de Rh\u00e9nanie-du-Nord-Westphalie, s'il n'existe pas encore de centre de coordination national dans le Land.\n<\/div>\n<div class=\"link-more\"><a href=\"https:\/\/www.griffbereit-rucksack.de\/fr\/rucksack-kita\/umsetzung-rucksack-kita\/\" class=\"more-link\">Continuer la lecture<span class=\"screen-reader-text\"> &ldquo;Umsetzung Rucksack KiTa&rdquo;<\/span>...<\/a><\/div>\n<\/div>\n<div class=\"link-more\"><a href=\"https:\/\/www.griffbereit-rucksack.de\/fr\/rucksack-kita\/umsetzung-rucksack-kita\/\" class=\"more-link\">Continuer la lecture<span class=\"screen-reader-text\"> &ldquo;Umsetzung Rucksack KiTa&rdquo;<\/span>...<\/a><\/div>","protected":false},"author":1,"featured_media":0,"parent":623,"menu_order":0,"comment_status":"closed","ping_status":"closed","template":"","meta":{"_acf_changed":false,"footnotes":""},"class_list":["post-642","page","type-page","status-publish","hentry","entry"],"acf":[],"_links":{"self":[{"href":"https:\/\/www.griffbereit-rucksack.de\/fr\/wp-json\/wp\/v2\/pages\/642","targetHints":{"allow":["GET"]}}],"collection":[{"href":"https:\/\/www.griffbereit-rucksack.de\/fr\/wp-json\/wp\/v2\/pages"}],"about":[{"href":"https:\/\/www.griffbereit-rucksack.de\/fr\/wp-json\/wp\/v2\/types\/page"}],"author":[{"embeddable":true,"href":"https:\/\/www.griffbereit-rucksack.de\/fr\/wp-json\/wp\/v2\/users\/1"}],"replies":[{"embeddable":true,"href":"https:\/\/www.griffbereit-rucksack.de\/fr\/wp-json\/wp\/v2\/comments?post=642"}],"version-history":[{"count":0,"href":"https:\/\/www.griffbereit-rucksack.de\/fr\/wp-json\/wp\/v2\/pages\/642\/revisions"}],"up":[{"embeddable":true,"href":"https:\/\/www.griffbereit-rucksack.de\/fr\/wp-json\/wp\/v2\/pages\/623"}],"wp:attachment":[{"href":"https:\/\/www.griffbereit-rucksack.de\/fr\/wp-json\/wp\/v2\/media?parent=642"}],"curies":[{"name":"wp","href":"https:\/\/api.w.org\/{rel}","templated":true}]}}