{"id":637,"date":"2019-09-12T15:06:35","date_gmt":"2019-09-12T13:06:35","guid":{"rendered":"https:\/\/www.griffbereit-rucksack.de\/?page_id=637"},"modified":"2021-04-27T12:28:57","modified_gmt":"2021-04-27T10:28:57","slug":"bildungsansaetze-rucksack-kita","status":"publish","type":"page","link":"https:\/\/www.griffbereit-rucksack.de\/fr\/rucksack-kita\/bildungsansaetze-rucksack-kita\/","title":{"rendered":"Approches \u00e9ducatives Rucksack KiTa"},"content":{"rendered":"<h2>\n\t\t\u201eBildung ist das h\u00f6chste Gut, dass wir unseren Kindern schenken k\u00f6nnen.&#8220; (Cat Stevens)\n\t<\/h2>\n\t<p>Objectif de <em>Rucksack KiTa <\/em>est une formation linguistique pour les enfants - g\u00e9n\u00e9rale et multilingue, toujours syst\u00e9matique et int\u00e9gr\u00e9e \u00e0 la vie quotidienne. En effet, cela favorise tout particuli\u00e8rement le d\u00e9veloppement linguistique des enfants.<\/p>\n\n<ul>\n<li>la promotion du d\u00e9veloppement global de l'enfant<\/li>\n<li>le renforcement de la participation des parents\/familles<\/li>\n<li>la mise en place et le d\u00e9veloppement d'un partenariat en mati\u00e8re de formation et d'\u00e9ducation<\/li>\n<li>l'ouverture de l'institution \u00e9ducative \u00e0 la diversit\u00e9 et \u00e0 la soci\u00e9t\u00e9 d'immigration<\/li>\n<\/ul>\n<p>Le programme est bas\u00e9 sur l'id\u00e9e de participation et de responsabilisation (empowerment) : Tous les acteurs agissent en tant qu'experts dans \"leur propre domaine\". Ils re\u00e7oivent du mat\u00e9riel, des formations, des informations, des offres, etc. sp\u00e9cialement adapt\u00e9s \u00e0 leurs besoins et \u00e0 leurs comp\u00e9tences, qu'ils mettent en \u0153uvre eux-m\u00eames activement et de mani\u00e8re autonome dans leur vie quotidienne et dans leurs langues.<\/p>\n\t<p>Dans l'esprit du partenariat \u00e9ducatif mis en place, l'\u00e9cole fonctionne comme suit <em>Rucksack KiTa<\/em> seulement multidimensionnelle : les parents\/familles exp\u00e9rimentent dans leur groupe des th\u00e8mes et des activit\u00e9s qu'ils approfondissent avec les enfants \u00e0 la maison dans les langues familiales. Parall\u00e8lement, la cr\u00e8che soutient la formation linguistique (multilingue) des enfants par des offres int\u00e9gr\u00e9es dans la vie quotidienne. Un potentiel pr\u00e9cieux, car<\/p>\n\n<em>Rucksack KiTa<\/em> \u00ae bien plus qu'une simple formation linguistique !<br \/>\nLe programme associe l'\u00e9ducation linguistique des enfants \u00e0 un concept d'\u00e9ducation familiale et soutient le d\u00e9veloppement de l'institution \u00e9ducative ax\u00e9 sur la diversit\u00e9 et la soci\u00e9t\u00e9 migratoire : un investissement \u00e0 long terme contre l'in\u00e9galit\u00e9 des chances dans le syst\u00e8me \u00e9ducatif, l'exclusion et les pr\u00e9jug\u00e9s.","protected":false},"excerpt":{"rendered":"<div class=\"entry-summary\">\n<div class=\"entry-summary\">\nRucksack KiTa est bas\u00e9 sur l'id\u00e9e de participation et d'autonomisation. Tous les acteurs sont consid\u00e9r\u00e9s et sollicit\u00e9s comme des experts dans leur \"propre domaine\".\n<\/div>\n<div class=\"link-more\"><a href=\"https:\/\/www.griffbereit-rucksack.de\/fr\/rucksack-kita\/bildungsansaetze-rucksack-kita\/\" class=\"more-link\">Continuer la lecture<span class=\"screen-reader-text\"> &ldquo;Bildungsans\u00e4tze Rucksack KiTa&rdquo;<\/span>...<\/a><\/div>\n<\/div>\n<div class=\"link-more\"><a href=\"https:\/\/www.griffbereit-rucksack.de\/fr\/rucksack-kita\/bildungsansaetze-rucksack-kita\/\" class=\"more-link\">Continuer la lecture<span class=\"screen-reader-text\"> &ldquo;Bildungsans\u00e4tze Rucksack KiTa&rdquo;<\/span>...<\/a><\/div>","protected":false},"author":1,"featured_media":0,"parent":623,"menu_order":3,"comment_status":"closed","ping_status":"closed","template":"","meta":{"_acf_changed":false,"footnotes":""},"class_list":["post-637","page","type-page","status-publish","hentry","entry"],"acf":[],"_links":{"self":[{"href":"https:\/\/www.griffbereit-rucksack.de\/fr\/wp-json\/wp\/v2\/pages\/637","targetHints":{"allow":["GET"]}}],"collection":[{"href":"https:\/\/www.griffbereit-rucksack.de\/fr\/wp-json\/wp\/v2\/pages"}],"about":[{"href":"https:\/\/www.griffbereit-rucksack.de\/fr\/wp-json\/wp\/v2\/types\/page"}],"author":[{"embeddable":true,"href":"https:\/\/www.griffbereit-rucksack.de\/fr\/wp-json\/wp\/v2\/users\/1"}],"replies":[{"embeddable":true,"href":"https:\/\/www.griffbereit-rucksack.de\/fr\/wp-json\/wp\/v2\/comments?post=637"}],"version-history":[{"count":0,"href":"https:\/\/www.griffbereit-rucksack.de\/fr\/wp-json\/wp\/v2\/pages\/637\/revisions"}],"up":[{"embeddable":true,"href":"https:\/\/www.griffbereit-rucksack.de\/fr\/wp-json\/wp\/v2\/pages\/623"}],"wp:attachment":[{"href":"https:\/\/www.griffbereit-rucksack.de\/fr\/wp-json\/wp\/v2\/media?parent=637"}],"curies":[{"name":"wp","href":"https:\/\/api.w.org\/{rel}","templated":true}]}}