{"id":629,"date":"2019-09-12T14:56:35","date_gmt":"2019-09-12T12:56:35","guid":{"rendered":"https:\/\/www.griffbereit-rucksack.de\/?page_id=629"},"modified":"2023-07-17T16:23:49","modified_gmt":"2023-07-17T14:23:49","slug":"rucksack-kita-zielgruppen","status":"publish","type":"page","link":"https:\/\/www.griffbereit-rucksack.de\/fr\/rucksack-kita-zielgruppen\/","title":{"rendered":"Groupes cibles Rucksack KiTa"},"content":{"rendered":"<p><strong>Parents ou familles<\/strong><\/p>\n<p>Les parents\/familles sont sollicit\u00e9s en tant qu'experts de la promotion de la\/des langue(s) d'origine\/familiale(s), en fonction de leurs points forts. En outre, ils ont potentiellement beaucoup plus de temps \u00e0 consacrer \u00e0 leurs enfants que le personnel \u00e9ducatif de l'\u00e9tablissement. Si les parents\/familles ont appris \u00e0 lire de mani\u00e8re interactive et incitent leur enfant \u00e0 r\u00e9fl\u00e9chir et \u00e0 parler d'une telle histoire, par exemple, ou l'encouragent \u00e0 raconter les histoires \u00e0 d'autres, le temps d'attention peut rapidement se multiplier et l'enfant peut parler beaucoup plus en une semaine dans ce contexte que dans le cadre de la cr\u00e8che. Si, en plus, l'enfant est invit\u00e9 \u00e0 raconter quotidiennement des exp\u00e9riences v\u00e9cues \u00e0 la cr\u00e8che, cela aura un effet tr\u00e8s positif sur le d\u00e9veloppement de sa premi\u00e8re langue.<\/p>\n<p><strong>Enfants<\/strong><\/p>\n<p>La langue est l'une des comp\u00e9tences cl\u00e9s les plus importantes pour l'apprentissage tout au long de la vie et la r\u00e9ussite future dans les institutions \u00e9ducatives. L'apprentissage pr\u00e9coce du langage et le soutien des comp\u00e9tences linguistiques par les parents\/familles et les \u00e9ducateurs sont particuli\u00e8rement importants pour les enfants au d\u00e9but de leur d\u00e9veloppement linguistique et pour les enfants qui grandissent dans un environnement multilingue. La promotion du d\u00e9veloppement linguistique occupe donc \u00e0 juste titre une place importante dans l'enseignement pr\u00e9primaire en tant que t\u00e2che \u00e9ducative centrale. Les nouvelles connaissances scientifiques et les exp\u00e9riences pratiques acquises au cours des derni\u00e8res ann\u00e9es montrent que c'est avant tout une \u00e9ducation linguistique syst\u00e9matique int\u00e9gr\u00e9e dans la vie quotidienne qui favorise le d\u00e9veloppement linguistique des enfants.<\/p>\n<p><strong>Accompagnateurs de parents*.<\/strong><\/p>\n<p>Les accompagnateurs de parents* dirigent les <em>Groupe sac \u00e0 dos<\/em> des parents\/familles. Dans la mesure du possible, il doit s'agir d'une personne multilingue avec un pass\u00e9 familial international de la cr\u00e8che elle-m\u00eame ou la t\u00e2che est confi\u00e9e \u00e0 un professionnel avec un pass\u00e9 familial international (\u00e9tudiants, professionnels en cong\u00e9 parental, personnel de soutien linguistique, etc.<\/p>\n<p>Les avantages sont \u00e9vidents : les personnes dont la situation familiale est en partie similaire et qui parlent la m\u00eame langue sont plus rapidement consid\u00e9r\u00e9es comme des personnes de confiance et peuvent donc plus facilement jouer un r\u00f4le de m\u00e9diateur, de \"passerelle\" entre l'institution \u00e9ducative et le foyer familial. Cette personne doit avoir une bonne connaissance de la\/des premi\u00e8re(s) langue(s) ou langue(s) familiale(s) des participants* ainsi que de l'allemand. En r\u00e8gle g\u00e9n\u00e9rale, l'accompagnement parental est assur\u00e9 par des b\u00e9n\u00e9voles ou par du personnel p\u00e9dagogique d\u00e9tach\u00e9 des \u00e9tablissements. Ils sont accompagn\u00e9s par des animateurs (coordinateurs).<a href=\"#_ftn1\" name=\"_ftnref1\">[1]<\/a> form\u00e9s et accompagn\u00e9s. Des formations qualifiantes sont pr\u00e9vues \u00e0 cet effet et portent sur des sujets tr\u00e8s larges. Ces formations sont bien entendu adapt\u00e9es aux besoins locaux. En r\u00e8gle g\u00e9n\u00e9rale, des qualifications sont propos\u00e9es sur les th\u00e8mes suivants :<\/p>\n<ul>\n<li>Sensibilisation \u00e0 la migration\/action sensible \u00e0 la diversit\u00e9 dans l'\u00e9ducation et la formation<\/li>\n<li>Communication et gestion des conflits<\/li>\n<li>M\u00e9thodes d'animation de groupe et d'entretien<\/li>\n<li>Mise en \u0153uvre pratique du programme <em>Rucksack KiTa<\/em><\/li>\n<li>Conception du groupe<\/li>\n<li>Activit\u00e9s et jeux<\/li>\n<li>Observer et motiver les enfants<\/li>\n<li>Autoformation des parents ou aide \u00e0 l'autonomie<\/li>\n<li>\u00c9ducation linguistique, d\u00e9veloppement et acquisition du langage<\/li>\n<li>Multilinguisme<\/li>\n<li>Promotion des comp\u00e9tences math\u00e9matiques pr\u00e9alables<\/li>\n<li>\u00c9ducation \u00e0 la litt\u00e9ratie<\/li>\n<li>L'importance de l'attachement pour le d\u00e9veloppement de l'enfant<\/li>\n<li>Le d\u00e9veloppement des jeunes enfants et\/ou des enfants d'\u00e2ge pr\u00e9scolaire<\/li>\n<li>Sant\u00e9<\/li>\n<li>\u00c9ducation aux m\u00e9dias<\/li>\n<li>Dialogue interreligieux<\/li>\n<\/ul>\n<p><a href=\"#_ftnref1\" name=\"_ftn1\">[1]<\/a> Les animateurs* sont des professionnels qui ont une qualification pr\u00e9alable en mati\u00e8re d'\u00e9ducation et de diversit\u00e9, des comp\u00e9tences dans la th\u00e9orie et le travail pratique du multilinguisme et une exp\u00e9rience et des connaissances dans le travail avec des personnes ayant une histoire familiale internationale.<\/p>\n\t<p><strong>Personnel \u00e9ducatif<\/strong><\/p>\n<p>En plus de leurs t\u00e2ches principales telles que la garde, la formation, l'\u00e9ducation et l'encouragement global des enfants, les professionnels de l'\u00e9ducation doivent \u00e9galement percevoir et comprendre les environnements de vie et la diversit\u00e9 et promouvoir l'inclusion, cr\u00e9er des partenariats d'\u00e9ducation et de formation avec les parents\/familles et les personnes de r\u00e9f\u00e9rence et soutenir les transitions, d\u00e9velopper l'institution et l'\u00e9quipe et coop\u00e9rer au sein de r\u00e9seaux.<a href=\"#_ftn2\" name=\"_ftnref2\">[2]<\/a>. En particulier, ces t\u00e2ches correspondent aux <em>Sac \u00e0 dos<\/em>-Les principes de l'\u00e9ducation sensible \u00e0 la diversit\u00e9, qui luttent activement contre l'unilat\u00e9ralit\u00e9 et l'exclusion. Les professionnels de l'\u00e9ducation se voient offrir un soutien cibl\u00e9 dans ces processus, ainsi que pour l'\u00e9ducation (multilingue) int\u00e9gr\u00e9e au quotidien des enfants. Dans ce processus exigeant, les professionnels de l'\u00e9ducation sont soutenus dans le cadre de <em>Rucksack KiTa<\/em> sont conseill\u00e9s et accompagn\u00e9s par les animateurs de programme*. Ils sont toujours en contact avec les autres participants.<\/p>\n<p><strong>Institutions d'enseignement<\/strong><\/p>\n<p><em>Rucksack KiTa<\/em> est un programme qui se d\u00e9roule dans les \u00e9tablissements d'enseignement, de sorte qu'ils puissent \u00e9galement s'ouvrir \u00e0 la soci\u00e9t\u00e9 d'immigration et initier des processus susceptibles d'entra\u00eener de grands changements dans l'\u00e9tablissement d'enseignement lui-m\u00eame, mais aussi dans le quartier, voire dans la ville ou le comt\u00e9. L'\u00e9tablissement d'enseignement est impliqu\u00e9 de mani\u00e8re responsable dans la promotion parall\u00e8le de la deuxi\u00e8me langue. L'institution de garde d'enfants coordonne le programme des m\u00e8res\/p\u00e8res avec son concept de formation linguistique int\u00e9gr\u00e9e au quotidien. Les parents\/familles sont aid\u00e9s \u00e0 se concentrer sur le d\u00e9veloppement de leurs enfants gr\u00e2ce \u00e0 une transmission structur\u00e9e du programme. <em>Rucksack KiTa<\/em> est particuli\u00e8rement adapt\u00e9 aux cr\u00e8ches ou aux centres familiaux, qui sont g\u00e9n\u00e9ralement un point de contact pour les parents\/familles ayant une histoire familiale internationale.<\/p>\n<p><a href=\"#_ftnref2\" name=\"_ftn2\">[2]<\/a>\u00a0\u00a0 Cf. programme d'\u00e9tudes transnational \u00c9ducateur\/\u00c9ducatrice :<\/p>\n<p>http:\/\/www.berufsbildung.nrw.de\/cms\/upload\/fs\/download\/sozial\/laenderuebergr-lp-erzieher.pdf (au 30 juillet 2019).<\/p>","protected":false},"excerpt":{"rendered":"<div class=\"entry-summary\">\n<div class=\"entry-summary\">\nZielgruppen sind Eltern\/Familien, Eltern-begleiter*innen, P\u00e4dagogische Fachkr\u00e4fte, Kinder und Bildungseinrichtungen.\n<\/div>\n<div class=\"link-more\"><a href=\"https:\/\/www.griffbereit-rucksack.de\/fr\/rucksack-kita-zielgruppen\/\" class=\"more-link\">Continuer la lecture<span class=\"screen-reader-text\"> &ldquo;Zielgruppen Rucksack KiTa&rdquo;<\/span>...<\/a><\/div>\n<\/div>\n<div class=\"link-more\"><a href=\"https:\/\/www.griffbereit-rucksack.de\/fr\/rucksack-kita-zielgruppen\/\" class=\"more-link\">Continuer la lecture<span class=\"screen-reader-text\"> &ldquo;Zielgruppen Rucksack KiTa&rdquo;<\/span>...<\/a><\/div>","protected":false},"author":1,"featured_media":0,"parent":0,"menu_order":4,"comment_status":"closed","ping_status":"closed","template":"","meta":{"_acf_changed":false,"footnotes":""},"class_list":["post-629","page","type-page","status-publish","hentry","entry"],"acf":[],"_links":{"self":[{"href":"https:\/\/www.griffbereit-rucksack.de\/fr\/wp-json\/wp\/v2\/pages\/629","targetHints":{"allow":["GET"]}}],"collection":[{"href":"https:\/\/www.griffbereit-rucksack.de\/fr\/wp-json\/wp\/v2\/pages"}],"about":[{"href":"https:\/\/www.griffbereit-rucksack.de\/fr\/wp-json\/wp\/v2\/types\/page"}],"author":[{"embeddable":true,"href":"https:\/\/www.griffbereit-rucksack.de\/fr\/wp-json\/wp\/v2\/users\/1"}],"replies":[{"embeddable":true,"href":"https:\/\/www.griffbereit-rucksack.de\/fr\/wp-json\/wp\/v2\/comments?post=629"}],"version-history":[{"count":0,"href":"https:\/\/www.griffbereit-rucksack.de\/fr\/wp-json\/wp\/v2\/pages\/629\/revisions"}],"wp:attachment":[{"href":"https:\/\/www.griffbereit-rucksack.de\/fr\/wp-json\/wp\/v2\/media?parent=629"}],"curies":[{"name":"wp","href":"https:\/\/api.w.org\/{rel}","templated":true}]}}